{"id":73,"date":"2017-02-17T20:00:18","date_gmt":"2017-02-17T19:00:18","guid":{"rendered":"http:\/\/www.anjela.org\/oberenn\/?page_id=73"},"modified":"2018-10-15T19:29:34","modified_gmt":"2018-10-15T17:29:34","slug":"autres-documents","status":"publish","type":"page","link":"https:\/\/www.anjela.org\/oberenn\/autres-documents\/","title":{"rendered":"Audiovisuel"},"content":{"rendered":"<p><a href=\"http:\/\/www.anjela.org\/oberenn\/documents-video\/\"><img fetchpriority=\"high\" decoding=\"async\" class=\"size-medium wp-image-4542 alignleft\" src=\"http:\/\/www.anjela.org\/oberenn\/wp-content\/uploads\/2018\/06\/conteurs-vers-youtube-300x170.png\" alt=\"\" width=\"300\" height=\"170\" srcset=\"https:\/\/www.anjela.org\/oberenn\/wp-content\/uploads\/2018\/06\/conteurs-vers-youtube-300x170.png 300w, https:\/\/www.anjela.org\/oberenn\/wp-content\/uploads\/2018\/06\/conteurs-vers-youtube.png 561w\" sizes=\"(max-width: 300px) 100vw, 300px\" \/><\/a>Sur la page des \u00ab\u00a0<a href=\"http:\/\/www.anjela.org\/oberenn\/documents-video\/\">Vid\u00e9os\u00a0\u00bb<\/a> sont regroup\u00e9s des documentaires o\u00f9 appara\u00eet Anjela Duval \u2013 notamment, en lien, la vid\u00e9o de l&rsquo;\u00e9mission d&rsquo;Andr\u00e9 Voisin, \u00ab\u00a0Les Conteurs\u00a0\u00bb, diffus\u00e9e par l&rsquo;ORTF en 1971 et qui la fit conna\u00eetre au grand public, mais \u00e9galement d&rsquo;autres documentaires moins connus.<br \/>\nS&rsquo;y trouvent aussi les liens vers des vid\u00e9os disponibles sur le web, o\u00f9 des interpr\u00e8tes tr\u00e8s divers disent ou chantent la po\u00e9sie d&rsquo;Anjela Duval.<\/p>\n<p><a href=\"http:\/\/www.anjela.org\/oberenn\/documents_audio\/\"><img decoding=\"async\" class=\"wp-image-4526 alignleft\" src=\"http:\/\/www.anjela.org\/oberenn\/wp-content\/uploads\/2018\/06\/cropped-anjela-300x300.jpg\" alt=\"\" width=\"209\" height=\"209\" srcset=\"https:\/\/www.anjela.org\/oberenn\/wp-content\/uploads\/2018\/06\/cropped-anjela-300x300.jpg 300w, https:\/\/www.anjela.org\/oberenn\/wp-content\/uploads\/2018\/06\/cropped-anjela-150x150.jpg 150w, https:\/\/www.anjela.org\/oberenn\/wp-content\/uploads\/2018\/06\/cropped-anjela-270x270.jpg 270w, https:\/\/www.anjela.org\/oberenn\/wp-content\/uploads\/2018\/06\/cropped-anjela-192x192.jpg 192w, https:\/\/www.anjela.org\/oberenn\/wp-content\/uploads\/2018\/06\/cropped-anjela-180x180.jpg 180w, https:\/\/www.anjela.org\/oberenn\/wp-content\/uploads\/2018\/06\/cropped-anjela-32x32.jpg 32w, https:\/\/www.anjela.org\/oberenn\/wp-content\/uploads\/2018\/06\/cropped-anjela.jpg 512w\" sizes=\"(max-width: 209px) 100vw, 209px\" \/><\/a><\/p>\n<p>&nbsp;<\/p>\n<p>&nbsp;<\/p>\n<p><a href=\"http:\/\/www.anjela.org\/oberenn\/documents_audio\/\">\u00ab\u00a0Po\u00e8mes lus\u00a0\u00bb<\/a> offre \u00e0 l&rsquo;\u00e9coute la lecture de po\u00e8mes d&rsquo;Anjela Duval, dits par elle-m\u00eame ou par d&rsquo;autres lecteurs et lectrices. Ces po\u00e8mes sont accessibles par lecteur\u00b7lectrice, ou par liste alphab\u00e9tique des po\u00e8mes.<\/p>\n<p>&nbsp;<\/p>\n<p><a href=\"http:\/\/www.anjela.org\/oberenn\/extraits\/\"><img decoding=\"async\" class=\"size-medium wp-image-4703 alignright\" src=\"http:\/\/www.anjela.org\/oberenn\/wp-content\/uploads\/2017\/02\/stourm-a-ran-300x216.png\" alt=\"Stourm a ran war bep tachenn\" width=\"300\" height=\"216\" srcset=\"https:\/\/www.anjela.org\/oberenn\/wp-content\/uploads\/2017\/02\/stourm-a-ran-300x216.png 300w, https:\/\/www.anjela.org\/oberenn\/wp-content\/uploads\/2017\/02\/stourm-a-ran-768x553.png 768w, https:\/\/www.anjela.org\/oberenn\/wp-content\/uploads\/2017\/02\/stourm-a-ran-1024x737.png 1024w, https:\/\/www.anjela.org\/oberenn\/wp-content\/uploads\/2017\/02\/stourm-a-ran-750x540.png 750w, https:\/\/www.anjela.org\/oberenn\/wp-content\/uploads\/2017\/02\/stourm-a-ran.png 1411w\" sizes=\"(max-width: 300px) 100vw, 300px\" \/><\/a><\/p>\n<p>&nbsp;<\/p>\n<p>&nbsp;<\/p>\n<p><a href=\"http:\/\/www.anjela.org\/oberenn\/extraits\/\">\u00ab\u00a0Extraits\u00a0\u00bb<\/a> propose de tr\u00e8s courts extraits du film d&rsquo;Andr\u00e9 Voisin, chacun sur un th\u00e8me particuli\u00e8rement cher au c\u0153ur de la po\u00e9tesse.<\/p>\n","protected":false},"excerpt":{"rendered":"<p>Sur la page des \u00ab\u00a0Vid\u00e9os\u00a0\u00bb sont regroup\u00e9s des documentaires o\u00f9 appara\u00eet Anjela Duval \u2013 notamment, en lien, la vid\u00e9o de l&rsquo;\u00e9mission d&rsquo;Andr\u00e9 [&hellip;]<\/p>\n","protected":false},"author":1,"featured_media":0,"parent":0,"menu_order":0,"comment_status":"closed","ping_status":"closed","template":"","meta":{"_acf_changed":false,"ngg_post_thumbnail":0,"footnotes":""},"class_list":["post-73","page","type-page","status-publish","hentry"],"acf":[],"yoast_head":"<!-- This site is optimized with the Yoast SEO plugin v27.5 - https:\/\/yoast.com\/product\/yoast-seo-wordpress\/ -->\n<title>Audiovisuel - Anjela Duval<\/title>\n<meta name=\"robots\" content=\"index, follow, max-snippet:-1, max-image-preview:large, max-video-preview:-1\" \/>\n<link rel=\"canonical\" href=\"https:\/\/www.anjela.org\/oberenn\/autres-documents\/\" \/>\n<meta property=\"og:locale\" content=\"fr_FR\" \/>\n<meta property=\"og:type\" content=\"article\" \/>\n<meta property=\"og:title\" content=\"Audiovisuel - Anjela Duval\" \/>\n<meta property=\"og:description\" content=\"Sur la page des \u00ab\u00a0Vid\u00e9os\u00a0\u00bb sont regroup\u00e9s des documentaires o\u00f9 appara\u00eet Anjela Duval \u2013 notamment, en lien, la vid\u00e9o de l&rsquo;\u00e9mission d&rsquo;Andr\u00e9 [&hellip;]\" \/>\n<meta property=\"og:url\" content=\"https:\/\/www.anjela.org\/oberenn\/autres-documents\/\" \/>\n<meta property=\"og:site_name\" content=\"Anjela Duval\" \/>\n<meta property=\"article:modified_time\" content=\"2018-10-15T17:29:34+00:00\" \/>\n<meta property=\"og:image\" content=\"http:\/\/www.anjela.org\/oberenn\/wp-content\/uploads\/2018\/06\/conteurs-vers-youtube-300x170.png\" \/>\n<meta name=\"twitter:card\" content=\"summary_large_image\" \/>\n<meta name=\"twitter:label1\" content=\"Dur\u00e9e de lecture estim\u00e9e\" \/>\n\t<meta name=\"twitter:data1\" content=\"1 minute\" \/>\n<script type=\"application\/ld+json\" class=\"yoast-schema-graph\">{\"@context\":\"https:\\\/\\\/schema.org\",\"@graph\":[{\"@type\":\"WebPage\",\"@id\":\"https:\\\/\\\/www.anjela.org\\\/oberenn\\\/autres-documents\\\/\",\"url\":\"https:\\\/\\\/www.anjela.org\\\/oberenn\\\/autres-documents\\\/\",\"name\":\"Audiovisuel - Anjela Duval\",\"isPartOf\":{\"@id\":\"https:\\\/\\\/www.anjela.org\\\/oberenn\\\/#website\"},\"primaryImageOfPage\":{\"@id\":\"https:\\\/\\\/www.anjela.org\\\/oberenn\\\/autres-documents\\\/#primaryimage\"},\"image\":{\"@id\":\"https:\\\/\\\/www.anjela.org\\\/oberenn\\\/autres-documents\\\/#primaryimage\"},\"thumbnailUrl\":\"http:\\\/\\\/www.anjela.org\\\/oberenn\\\/wp-content\\\/uploads\\\/2018\\\/06\\\/conteurs-vers-youtube-300x170.png\",\"datePublished\":\"2017-02-17T19:00:18+00:00\",\"dateModified\":\"2018-10-15T17:29:34+00:00\",\"breadcrumb\":{\"@id\":\"https:\\\/\\\/www.anjela.org\\\/oberenn\\\/autres-documents\\\/#breadcrumb\"},\"inLanguage\":\"fr-FR\",\"potentialAction\":[{\"@type\":\"ReadAction\",\"target\":[\"https:\\\/\\\/www.anjela.org\\\/oberenn\\\/autres-documents\\\/\"]}]},{\"@type\":\"ImageObject\",\"inLanguage\":\"fr-FR\",\"@id\":\"https:\\\/\\\/www.anjela.org\\\/oberenn\\\/autres-documents\\\/#primaryimage\",\"url\":\"https:\\\/\\\/www.anjela.org\\\/oberenn\\\/wp-content\\\/uploads\\\/2018\\\/06\\\/conteurs-vers-youtube.png\",\"contentUrl\":\"https:\\\/\\\/www.anjela.org\\\/oberenn\\\/wp-content\\\/uploads\\\/2018\\\/06\\\/conteurs-vers-youtube.png\",\"width\":561,\"height\":318},{\"@type\":\"BreadcrumbList\",\"@id\":\"https:\\\/\\\/www.anjela.org\\\/oberenn\\\/autres-documents\\\/#breadcrumb\",\"itemListElement\":[{\"@type\":\"ListItem\",\"position\":1,\"name\":\"Accueil\",\"item\":\"https:\\\/\\\/www.anjela.org\\\/oberenn\\\/\"},{\"@type\":\"ListItem\",\"position\":2,\"name\":\"Audiovisuel\"}]},{\"@type\":\"WebSite\",\"@id\":\"https:\\\/\\\/www.anjela.org\\\/oberenn\\\/#website\",\"url\":\"https:\\\/\\\/www.anjela.org\\\/oberenn\\\/\",\"name\":\"Anjela Duval\",\"description\":\"\",\"publisher\":{\"@id\":\"https:\\\/\\\/www.anjela.org\\\/oberenn\\\/#organization\"},\"potentialAction\":[{\"@type\":\"SearchAction\",\"target\":{\"@type\":\"EntryPoint\",\"urlTemplate\":\"https:\\\/\\\/www.anjela.org\\\/oberenn\\\/?s={search_term_string}\"},\"query-input\":{\"@type\":\"PropertyValueSpecification\",\"valueRequired\":true,\"valueName\":\"search_term_string\"}}],\"inLanguage\":\"fr-FR\"},{\"@type\":\"Organization\",\"@id\":\"https:\\\/\\\/www.anjela.org\\\/oberenn\\\/#organization\",\"name\":\"Mignoned Anjela\",\"url\":\"https:\\\/\\\/www.anjela.org\\\/oberenn\\\/\",\"logo\":{\"@type\":\"ImageObject\",\"inLanguage\":\"fr-FR\",\"@id\":\"https:\\\/\\\/www.anjela.org\\\/oberenn\\\/#\\\/schema\\\/logo\\\/image\\\/\",\"url\":\"https:\\\/\\\/www.anjela.org\\\/oberenn\\\/wp-content\\\/uploads\\\/2019\\\/11\\\/logo-mignoned-angela.png\",\"contentUrl\":\"https:\\\/\\\/www.anjela.org\\\/oberenn\\\/wp-content\\\/uploads\\\/2019\\\/11\\\/logo-mignoned-angela.png\",\"width\":248,\"height\":147,\"caption\":\"Mignoned Anjela\"},\"image\":{\"@id\":\"https:\\\/\\\/www.anjela.org\\\/oberenn\\\/#\\\/schema\\\/logo\\\/image\\\/\"}}]}<\/script>\n<!-- \/ Yoast SEO plugin. -->","yoast_head_json":{"title":"Audiovisuel - Anjela Duval","robots":{"index":"index","follow":"follow","max-snippet":"max-snippet:-1","max-image-preview":"max-image-preview:large","max-video-preview":"max-video-preview:-1"},"canonical":"https:\/\/www.anjela.org\/oberenn\/autres-documents\/","og_locale":"fr_FR","og_type":"article","og_title":"Audiovisuel - Anjela Duval","og_description":"Sur la page des \u00ab\u00a0Vid\u00e9os\u00a0\u00bb sont regroup\u00e9s des documentaires o\u00f9 appara\u00eet Anjela Duval \u2013 notamment, en lien, la vid\u00e9o de l&rsquo;\u00e9mission d&rsquo;Andr\u00e9 [&hellip;]","og_url":"https:\/\/www.anjela.org\/oberenn\/autres-documents\/","og_site_name":"Anjela Duval","article_modified_time":"2018-10-15T17:29:34+00:00","og_image":[{"url":"http:\/\/www.anjela.org\/oberenn\/wp-content\/uploads\/2018\/06\/conteurs-vers-youtube-300x170.png","type":"","width":"","height":""}],"twitter_card":"summary_large_image","twitter_misc":{"Dur\u00e9e de lecture estim\u00e9e":"1 minute"},"schema":{"@context":"https:\/\/schema.org","@graph":[{"@type":"WebPage","@id":"https:\/\/www.anjela.org\/oberenn\/autres-documents\/","url":"https:\/\/www.anjela.org\/oberenn\/autres-documents\/","name":"Audiovisuel - Anjela Duval","isPartOf":{"@id":"https:\/\/www.anjela.org\/oberenn\/#website"},"primaryImageOfPage":{"@id":"https:\/\/www.anjela.org\/oberenn\/autres-documents\/#primaryimage"},"image":{"@id":"https:\/\/www.anjela.org\/oberenn\/autres-documents\/#primaryimage"},"thumbnailUrl":"http:\/\/www.anjela.org\/oberenn\/wp-content\/uploads\/2018\/06\/conteurs-vers-youtube-300x170.png","datePublished":"2017-02-17T19:00:18+00:00","dateModified":"2018-10-15T17:29:34+00:00","breadcrumb":{"@id":"https:\/\/www.anjela.org\/oberenn\/autres-documents\/#breadcrumb"},"inLanguage":"fr-FR","potentialAction":[{"@type":"ReadAction","target":["https:\/\/www.anjela.org\/oberenn\/autres-documents\/"]}]},{"@type":"ImageObject","inLanguage":"fr-FR","@id":"https:\/\/www.anjela.org\/oberenn\/autres-documents\/#primaryimage","url":"https:\/\/www.anjela.org\/oberenn\/wp-content\/uploads\/2018\/06\/conteurs-vers-youtube.png","contentUrl":"https:\/\/www.anjela.org\/oberenn\/wp-content\/uploads\/2018\/06\/conteurs-vers-youtube.png","width":561,"height":318},{"@type":"BreadcrumbList","@id":"https:\/\/www.anjela.org\/oberenn\/autres-documents\/#breadcrumb","itemListElement":[{"@type":"ListItem","position":1,"name":"Accueil","item":"https:\/\/www.anjela.org\/oberenn\/"},{"@type":"ListItem","position":2,"name":"Audiovisuel"}]},{"@type":"WebSite","@id":"https:\/\/www.anjela.org\/oberenn\/#website","url":"https:\/\/www.anjela.org\/oberenn\/","name":"Anjela Duval","description":"","publisher":{"@id":"https:\/\/www.anjela.org\/oberenn\/#organization"},"potentialAction":[{"@type":"SearchAction","target":{"@type":"EntryPoint","urlTemplate":"https:\/\/www.anjela.org\/oberenn\/?s={search_term_string}"},"query-input":{"@type":"PropertyValueSpecification","valueRequired":true,"valueName":"search_term_string"}}],"inLanguage":"fr-FR"},{"@type":"Organization","@id":"https:\/\/www.anjela.org\/oberenn\/#organization","name":"Mignoned Anjela","url":"https:\/\/www.anjela.org\/oberenn\/","logo":{"@type":"ImageObject","inLanguage":"fr-FR","@id":"https:\/\/www.anjela.org\/oberenn\/#\/schema\/logo\/image\/","url":"https:\/\/www.anjela.org\/oberenn\/wp-content\/uploads\/2019\/11\/logo-mignoned-angela.png","contentUrl":"https:\/\/www.anjela.org\/oberenn\/wp-content\/uploads\/2019\/11\/logo-mignoned-angela.png","width":248,"height":147,"caption":"Mignoned Anjela"},"image":{"@id":"https:\/\/www.anjela.org\/oberenn\/#\/schema\/logo\/image\/"}}]}},"_links":{"self":[{"href":"https:\/\/www.anjela.org\/oberenn\/wp-json\/wp\/v2\/pages\/73","targetHints":{"allow":["GET"]}}],"collection":[{"href":"https:\/\/www.anjela.org\/oberenn\/wp-json\/wp\/v2\/pages"}],"about":[{"href":"https:\/\/www.anjela.org\/oberenn\/wp-json\/wp\/v2\/types\/page"}],"author":[{"embeddable":true,"href":"https:\/\/www.anjela.org\/oberenn\/wp-json\/wp\/v2\/users\/1"}],"replies":[{"embeddable":true,"href":"https:\/\/www.anjela.org\/oberenn\/wp-json\/wp\/v2\/comments?post=73"}],"version-history":[{"count":0,"href":"https:\/\/www.anjela.org\/oberenn\/wp-json\/wp\/v2\/pages\/73\/revisions"}],"wp:attachment":[{"href":"https:\/\/www.anjela.org\/oberenn\/wp-json\/wp\/v2\/media?parent=73"}],"curies":[{"name":"wp","href":"https:\/\/api.w.org\/{rel}","templated":true}]}}