{"id":5701,"date":"2018-11-24T16:17:46","date_gmt":"2018-11-24T15:17:46","guid":{"rendered":"http:\/\/www.anjela.org\/oberenn\/?page_id=5701"},"modified":"2025-08-13T15:23:52","modified_gmt":"2025-08-13T13:23:52","slug":"paper-paperou-ha-paperouigou-anjela-soaz-an-tieg","status":"publish","type":"page","link":"https:\/\/www.anjela.org\/oberenn\/bz\/paper-paperou-ha-paperouigou-anjela-soaz-an-tieg\/","title":{"rendered":"Paper, papero\u00f9 ha papero\u00f9igo\u00f9 Anjela \u2013 Soaz an Tieg"},"content":{"rendered":"<p>Kement tamm paper mat da veza\u00f1 skrivet warna\u00f1 a veze arboellet gant Anjela. N\u2019eo ket hi a vije bet gwelet o teurel un tamm bara kuit ha kenkoulz all an diste- ra\u00f1 paper gwenn a dalveze bara evit he skritur. Er skol e tape ar vugale ar pleg da espern paper ha kaiero\u00f9. Kaiero\u00f9 brouilho\u00f1s a veze roet deomp goude beza\u00f1 bet desket skriva\u00f1 war un ardoazenn. Ha war ar c\u2019haiero\u00f9-se e rankemp skriva\u00f1 gant ur c\u2019hreion du betek war ar varzenn ha goude-se adskriva\u00f1 gant ur bluenn e liv violet un eil gwech ken e veze toullet ar paper a-wecho\u00f9&nbsp;! Hag echu ganeoc\u2019h ho kaier e oa ret e ziskouez d\u2019ar seurez. Evit deski\u00f1 gwriat e oa he\u00f1vel, ret \u2019oa implij an distera\u00f1 tamm neud div pe deir gwech ken e vezec\u2019h dalc\u2019hmat o lakaat an neudenn e toull an nadoz.<\/p>\n<p>Brouilho\u00f1s Anjela \u2019oa n\u2019eus forzh petore tamm paper, gouleier lizhiri peurvuia\u00f1. Levr <em>Tad-Kozh Roperz-Huon <\/em>a zo bet skrivet war eizh kaier skol. Skriva\u00f1 a rae war ar bajenn deho\u00f9 o lezel ar bajenn gleiz e gwenn, mat evit peurglokaat he skrid diouzh an ezhomm, pe diouzh ret evit difazia\u00f1. Met ar pep brava\u00f1 graet gant Anjela e oa kas heto\u00f9 d\u2019he mignoned war follenno\u00f9 paper pleget e pevar alies ha peget warne raden, bleunio\u00f9 pe delio\u00f9 bet kutuilhet ganti. Papero\u00f9 all a veze c\u2019hoazh e ti Anjela&nbsp;: papero\u00f9 bruderezh \u2019oa ar re-se. Hinienno\u00f9 a veze peget pe staget war ar speurenn goad a veze e pep ti war ar maez o tispartia\u00f1 ar pezh annez. Gwelet a raed evel-se \u00ab&nbsp;beva\u00f1 ha labourat er vro&nbsp;\u00bb, Breuriezh Sant Erwan o kinnig adkempenn ur chapel, KEAV evit deski\u00f1 ar yezh, Diwan, Skol Ober, \u00ab&nbsp;hep brezhoneg Breizh ebet&nbsp;\u00bb ha meur a dra all\u2026<\/p>\n<p>Un deiz bennak, Anjela aet faezh hag og gant al \u00ab&nbsp;laeron-amzer&nbsp;\u00bb hag ar \u00ab&nbsp;saverien o fri&nbsp;\u00bb, em eus lennet en ur vont tre en ti : <em>\u00ab N\u2019entrez pas, ici virus autonomiste&nbsp;\u00bb.<\/em> Un Dregeriadez e oa, c\u2019hwi \u2019oar mat\u2026<\/p>\n<p><em>Lannuon, d\u2019an 12 a viz Gouere 1999<\/em><\/p>\n","protected":false},"excerpt":{"rendered":"<p>Kement tamm paper mat da veza\u00f1 skrivet warna\u00f1 a veze arboellet gant Anjela. N\u2019eo ket hi a vije bet gwelet o teurel [&hellip;]<\/p>\n","protected":false},"author":2,"featured_media":0,"parent":0,"menu_order":0,"comment_status":"closed","ping_status":"closed","template":"","meta":{"_acf_changed":false,"ngg_post_thumbnail":0,"footnotes":""},"class_list":["post-5701","page","type-page","status-publish","hentry"],"acf":[],"yoast_head":"<!-- This site is optimized with the Yoast SEO plugin v27.5 - https:\/\/yoast.com\/product\/yoast-seo-wordpress\/ -->\n<title>Paper, papero\u00f9 ha papero\u00f9igo\u00f9 Anjela \u2013 Soaz an Tieg - Anjela Duval<\/title>\n<meta name=\"robots\" content=\"index, follow, max-snippet:-1, max-image-preview:large, max-video-preview:-1\" \/>\n<link rel=\"canonical\" href=\"https:\/\/www.anjela.org\/oberenn\/bz\/paper-paperou-ha-paperouigou-anjela-soaz-an-tieg\/\" \/>\n<meta property=\"og:locale\" content=\"fr_FR\" \/>\n<meta property=\"og:type\" content=\"article\" \/>\n<meta property=\"og:title\" content=\"Paper, papero\u00f9 ha papero\u00f9igo\u00f9 Anjela \u2013 Soaz an Tieg - Anjela Duval\" \/>\n<meta property=\"og:description\" content=\"Kement tamm paper mat da veza\u00f1 skrivet warna\u00f1 a veze arboellet gant Anjela. N\u2019eo ket hi a vije bet gwelet o teurel [&hellip;]\" \/>\n<meta property=\"og:url\" content=\"https:\/\/www.anjela.org\/oberenn\/bz\/paper-paperou-ha-paperouigou-anjela-soaz-an-tieg\/\" \/>\n<meta property=\"og:site_name\" content=\"Anjela Duval\" \/>\n<meta property=\"article:modified_time\" content=\"2025-08-13T13:23:52+00:00\" \/>\n<meta name=\"twitter:card\" content=\"summary_large_image\" \/>\n<meta name=\"twitter:label1\" content=\"Dur\u00e9e de lecture estim\u00e9e\" \/>\n\t<meta name=\"twitter:data1\" content=\"2 minutes\" \/>\n<script type=\"application\/ld+json\" class=\"yoast-schema-graph\">{\"@context\":\"https:\\\/\\\/schema.org\",\"@graph\":[{\"@type\":\"WebPage\",\"@id\":\"https:\\\/\\\/www.anjela.org\\\/oberenn\\\/bz\\\/paper-paperou-ha-paperouigou-anjela-soaz-an-tieg\\\/\",\"url\":\"https:\\\/\\\/www.anjela.org\\\/oberenn\\\/bz\\\/paper-paperou-ha-paperouigou-anjela-soaz-an-tieg\\\/\",\"name\":\"Paper, papero\u00f9 ha papero\u00f9igo\u00f9 Anjela \u2013 Soaz an Tieg - Anjela Duval\",\"isPartOf\":{\"@id\":\"https:\\\/\\\/www.anjela.org\\\/oberenn\\\/#website\"},\"datePublished\":\"2018-11-24T15:17:46+00:00\",\"dateModified\":\"2025-08-13T13:23:52+00:00\",\"breadcrumb\":{\"@id\":\"https:\\\/\\\/www.anjela.org\\\/oberenn\\\/bz\\\/paper-paperou-ha-paperouigou-anjela-soaz-an-tieg\\\/#breadcrumb\"},\"inLanguage\":\"fr-FR\",\"potentialAction\":[{\"@type\":\"ReadAction\",\"target\":[\"https:\\\/\\\/www.anjela.org\\\/oberenn\\\/bz\\\/paper-paperou-ha-paperouigou-anjela-soaz-an-tieg\\\/\"]}]},{\"@type\":\"BreadcrumbList\",\"@id\":\"https:\\\/\\\/www.anjela.org\\\/oberenn\\\/bz\\\/paper-paperou-ha-paperouigou-anjela-soaz-an-tieg\\\/#breadcrumb\",\"itemListElement\":[{\"@type\":\"ListItem\",\"position\":1,\"name\":\"Accueil\",\"item\":\"https:\\\/\\\/www.anjela.org\\\/oberenn\\\/\"},{\"@type\":\"ListItem\",\"position\":2,\"name\":\"Paper, papero\u00f9 ha papero\u00f9igo\u00f9 Anjela \u2013 Soaz an Tieg\"}]},{\"@type\":\"WebSite\",\"@id\":\"https:\\\/\\\/www.anjela.org\\\/oberenn\\\/#website\",\"url\":\"https:\\\/\\\/www.anjela.org\\\/oberenn\\\/\",\"name\":\"Anjela Duval\",\"description\":\"\",\"publisher\":{\"@id\":\"https:\\\/\\\/www.anjela.org\\\/oberenn\\\/#organization\"},\"potentialAction\":[{\"@type\":\"SearchAction\",\"target\":{\"@type\":\"EntryPoint\",\"urlTemplate\":\"https:\\\/\\\/www.anjela.org\\\/oberenn\\\/?s={search_term_string}\"},\"query-input\":{\"@type\":\"PropertyValueSpecification\",\"valueRequired\":true,\"valueName\":\"search_term_string\"}}],\"inLanguage\":\"fr-FR\"},{\"@type\":\"Organization\",\"@id\":\"https:\\\/\\\/www.anjela.org\\\/oberenn\\\/#organization\",\"name\":\"Mignoned Anjela\",\"url\":\"https:\\\/\\\/www.anjela.org\\\/oberenn\\\/\",\"logo\":{\"@type\":\"ImageObject\",\"inLanguage\":\"fr-FR\",\"@id\":\"https:\\\/\\\/www.anjela.org\\\/oberenn\\\/#\\\/schema\\\/logo\\\/image\\\/\",\"url\":\"https:\\\/\\\/www.anjela.org\\\/oberenn\\\/wp-content\\\/uploads\\\/2019\\\/11\\\/logo-mignoned-angela.png\",\"contentUrl\":\"https:\\\/\\\/www.anjela.org\\\/oberenn\\\/wp-content\\\/uploads\\\/2019\\\/11\\\/logo-mignoned-angela.png\",\"width\":248,\"height\":147,\"caption\":\"Mignoned Anjela\"},\"image\":{\"@id\":\"https:\\\/\\\/www.anjela.org\\\/oberenn\\\/#\\\/schema\\\/logo\\\/image\\\/\"}}]}<\/script>\n<!-- \/ Yoast SEO plugin. -->","yoast_head_json":{"title":"Paper, papero\u00f9 ha papero\u00f9igo\u00f9 Anjela \u2013 Soaz an Tieg - Anjela Duval","robots":{"index":"index","follow":"follow","max-snippet":"max-snippet:-1","max-image-preview":"max-image-preview:large","max-video-preview":"max-video-preview:-1"},"canonical":"https:\/\/www.anjela.org\/oberenn\/bz\/paper-paperou-ha-paperouigou-anjela-soaz-an-tieg\/","og_locale":"fr_FR","og_type":"article","og_title":"Paper, papero\u00f9 ha papero\u00f9igo\u00f9 Anjela \u2013 Soaz an Tieg - Anjela Duval","og_description":"Kement tamm paper mat da veza\u00f1 skrivet warna\u00f1 a veze arboellet gant Anjela. N\u2019eo ket hi a vije bet gwelet o teurel [&hellip;]","og_url":"https:\/\/www.anjela.org\/oberenn\/bz\/paper-paperou-ha-paperouigou-anjela-soaz-an-tieg\/","og_site_name":"Anjela Duval","article_modified_time":"2025-08-13T13:23:52+00:00","twitter_card":"summary_large_image","twitter_misc":{"Dur\u00e9e de lecture estim\u00e9e":"2 minutes"},"schema":{"@context":"https:\/\/schema.org","@graph":[{"@type":"WebPage","@id":"https:\/\/www.anjela.org\/oberenn\/bz\/paper-paperou-ha-paperouigou-anjela-soaz-an-tieg\/","url":"https:\/\/www.anjela.org\/oberenn\/bz\/paper-paperou-ha-paperouigou-anjela-soaz-an-tieg\/","name":"Paper, papero\u00f9 ha papero\u00f9igo\u00f9 Anjela \u2013 Soaz an Tieg - Anjela Duval","isPartOf":{"@id":"https:\/\/www.anjela.org\/oberenn\/#website"},"datePublished":"2018-11-24T15:17:46+00:00","dateModified":"2025-08-13T13:23:52+00:00","breadcrumb":{"@id":"https:\/\/www.anjela.org\/oberenn\/bz\/paper-paperou-ha-paperouigou-anjela-soaz-an-tieg\/#breadcrumb"},"inLanguage":"fr-FR","potentialAction":[{"@type":"ReadAction","target":["https:\/\/www.anjela.org\/oberenn\/bz\/paper-paperou-ha-paperouigou-anjela-soaz-an-tieg\/"]}]},{"@type":"BreadcrumbList","@id":"https:\/\/www.anjela.org\/oberenn\/bz\/paper-paperou-ha-paperouigou-anjela-soaz-an-tieg\/#breadcrumb","itemListElement":[{"@type":"ListItem","position":1,"name":"Accueil","item":"https:\/\/www.anjela.org\/oberenn\/"},{"@type":"ListItem","position":2,"name":"Paper, papero\u00f9 ha papero\u00f9igo\u00f9 Anjela \u2013 Soaz an Tieg"}]},{"@type":"WebSite","@id":"https:\/\/www.anjela.org\/oberenn\/#website","url":"https:\/\/www.anjela.org\/oberenn\/","name":"Anjela Duval","description":"","publisher":{"@id":"https:\/\/www.anjela.org\/oberenn\/#organization"},"potentialAction":[{"@type":"SearchAction","target":{"@type":"EntryPoint","urlTemplate":"https:\/\/www.anjela.org\/oberenn\/?s={search_term_string}"},"query-input":{"@type":"PropertyValueSpecification","valueRequired":true,"valueName":"search_term_string"}}],"inLanguage":"fr-FR"},{"@type":"Organization","@id":"https:\/\/www.anjela.org\/oberenn\/#organization","name":"Mignoned Anjela","url":"https:\/\/www.anjela.org\/oberenn\/","logo":{"@type":"ImageObject","inLanguage":"fr-FR","@id":"https:\/\/www.anjela.org\/oberenn\/#\/schema\/logo\/image\/","url":"https:\/\/www.anjela.org\/oberenn\/wp-content\/uploads\/2019\/11\/logo-mignoned-angela.png","contentUrl":"https:\/\/www.anjela.org\/oberenn\/wp-content\/uploads\/2019\/11\/logo-mignoned-angela.png","width":248,"height":147,"caption":"Mignoned Anjela"},"image":{"@id":"https:\/\/www.anjela.org\/oberenn\/#\/schema\/logo\/image\/"}}]}},"_links":{"self":[{"href":"https:\/\/www.anjela.org\/oberenn\/wp-json\/wp\/v2\/pages\/5701","targetHints":{"allow":["GET"]}}],"collection":[{"href":"https:\/\/www.anjela.org\/oberenn\/wp-json\/wp\/v2\/pages"}],"about":[{"href":"https:\/\/www.anjela.org\/oberenn\/wp-json\/wp\/v2\/types\/page"}],"author":[{"embeddable":true,"href":"https:\/\/www.anjela.org\/oberenn\/wp-json\/wp\/v2\/users\/2"}],"replies":[{"embeddable":true,"href":"https:\/\/www.anjela.org\/oberenn\/wp-json\/wp\/v2\/comments?post=5701"}],"version-history":[{"count":0,"href":"https:\/\/www.anjela.org\/oberenn\/wp-json\/wp\/v2\/pages\/5701\/revisions"}],"wp:attachment":[{"href":"https:\/\/www.anjela.org\/oberenn\/wp-json\/wp\/v2\/media?parent=5701"}],"curies":[{"name":"wp","href":"https:\/\/api.w.org\/{rel}","templated":true}]}}