{"id":5507,"date":"2018-10-15T19:37:59","date_gmt":"2018-10-15T17:37:59","guid":{"rendered":"http:\/\/www.anjela.org\/oberenn\/?page_id=5507"},"modified":"2025-08-13T15:20:32","modified_gmt":"2025-08-13T13:20:32","slug":"galiseg","status":"publish","type":"page","link":"https:\/\/www.anjela.org\/oberenn\/bz\/galiseg\/","title":{"rendered":"Barzhonego\u00f9 troet e galiseg"},"content":{"rendered":"<table style=\"width: 101.919%; border-collapse: collapse;\" cellspacing=\"30\" border=\"0\">\n<tbody>\n<tr>\n<td style=\"width: 48.7754%;\">\n<p><img fetchpriority=\"high\" decoding=\"async\" class=\"aligncenter  wp-image-5510\" src=\"http:\/\/www.anjela.org\/oberenn\/wp-content\/uploads\/2018\/10\/M030-292x300.jpg\" alt=\"\" data-id=\"5510\" width=\"476\" height=\"489\" srcset=\"https:\/\/www.anjela.org\/oberenn\/wp-content\/uploads\/2018\/10\/M030-292x300.jpg 292w, https:\/\/www.anjela.org\/oberenn\/wp-content\/uploads\/2018\/10\/M030.jpg 625w\" sizes=\"(max-width: 476px) 100vw, 476px\" \/><\/p>\n<p>&nbsp;<\/p>\n<p><strong>Noite pl\u00e1cida<br \/>\n<\/strong>(Noz sioul)<\/p>\n<p>\u00c9 noite pecha<br \/>\nCalou todo ru\u00eddo<br \/>\nTodo fragor<br \/>\nTodo rumor<br \/>\nCalou o vento<br \/>\nCalou o reise\u00f1or da fraga<br \/>\nE calou o grilo da landa.<br \/>\nVela\u00ed o val adurmi\u00f1ado<br \/>\nSen arrolo<br \/>\nSen canci\u00f3n<br \/>\nPlacidamente.<br \/>\nNing\u00fan movemento en ningures<br \/>\nEn paz est\u00e1 a noite<br \/>\nAg\u00e1s al\u00f3, ao lonxe, apenas audible<br \/>\nO pl\u00e1cido murmurio da auga na revolta do val:<br \/>\nA noite que so\u00f1a.<\/p>\n<p><em>14 de maio 1964<\/em><\/p>\n<p>&nbsp;<\/p>\n<p><strong>A chave de ouro<br \/>\n<\/strong>(An alc&rsquo;houez aour)<\/p>\n<p>&nbsp;&nbsp;&nbsp;&nbsp;&nbsp;&nbsp;&nbsp;&nbsp;&nbsp;&nbsp;&nbsp;&nbsp;&nbsp;&nbsp;&nbsp;&nbsp;&nbsp;&nbsp;&nbsp; I<\/p>\n<p>Sei dun castelo<br \/>\nLevantado no coraz\u00f3n das fragas<br \/>\nQue esconde na s\u00faa torre<br \/>\nOs m\u00e1is fermosos tesouros&#8230;<\/p>\n<p>&nbsp;&nbsp;&nbsp;&nbsp;&nbsp;&nbsp;&nbsp;&nbsp;&nbsp;&nbsp;&nbsp;&nbsp;&nbsp;&nbsp;&nbsp;&nbsp;&nbsp;&nbsp;&nbsp; II<\/p>\n<p>Pechada est\u00e1 a s\u00faa porta:<br \/>\nA chave de ouro perdida.<br \/>\nGuind\u00e1rona ao mar<br \/>\nXentes insensatas&#8230;<\/p>\n<p>&nbsp;&nbsp;&nbsp;&nbsp;&nbsp;&nbsp;&nbsp;&nbsp;&nbsp;&nbsp;&nbsp;&nbsp;&nbsp;&nbsp;&nbsp;&nbsp;&nbsp;&nbsp;&nbsp; III<\/p>\n<p>Con outra chave<br \/>\nIntentamos abrila<br \/>\nPechada permaneceu<br \/>\nNecesit\u00e1base a chave de ouro&#8230;<\/p>\n<p>&nbsp;&nbsp;&nbsp;&nbsp;&nbsp;&nbsp;&nbsp;&nbsp;&nbsp;&nbsp;&nbsp;&nbsp;&nbsp;&nbsp;&nbsp;&nbsp;&nbsp;&nbsp;&nbsp; IV<\/p>\n<p>Tesouro, enxe\u00f1o de noso<br \/>\nPoes\u00eda e literatura<br \/>\nOcultas para sempre<br \/>\nXa que a chave se perdeu&#8230;<\/p>\n<p>&nbsp;&nbsp;&nbsp;&nbsp;&nbsp;&nbsp;&nbsp;&nbsp;&nbsp;&nbsp;&nbsp;&nbsp;&nbsp;&nbsp;&nbsp;&nbsp;&nbsp;&nbsp;&nbsp; V<\/p>\n<p>Celtas valentes e rexos<br \/>\nMergull\u00e1ronse no mar<br \/>\nAtoparon a fermosa chave:<br \/>\nAccederon ao tesouro&#8230;<\/p>\n<p>&nbsp;&nbsp;&nbsp;&nbsp;&nbsp;&nbsp;&nbsp;&nbsp;&nbsp;&nbsp;&nbsp;&nbsp;&nbsp;&nbsp;&nbsp;&nbsp;&nbsp;&nbsp;&nbsp; VI<\/p>\n<p>E todos os tesouros de Breta\u00f1a<br \/>\nM\u00f3stranse no castelo<br \/>\nA chave de ouro da lingua<br \/>\nAbre a porta da torre&#8230;<\/p>\n<p><em>20 de xu\u00f1o 1964<\/em><\/p>\n<p>&nbsp;<\/p>\n<p><strong>Escuridade<\/strong> (Te\u00f1valded)<\/p>\n<p>&nbsp;&nbsp;&nbsp;&nbsp;&nbsp;&nbsp;&nbsp;&nbsp;&nbsp; Nin l\u00faa nin estrela<br \/>\n&nbsp;&nbsp;&nbsp;&nbsp;&nbsp;&nbsp;&nbsp;&nbsp;&nbsp; Sen\u00f3n nubes cincentas<br \/>\n&nbsp;&nbsp;&nbsp;&nbsp;&nbsp;&nbsp;&nbsp;&nbsp;&nbsp; Te\u00f1o fr\u00edo na noite negra<br \/>\n&nbsp;&nbsp;&nbsp;&nbsp;&nbsp;&nbsp;&nbsp;&nbsp;&nbsp; Chamo a mi\u00f1a estrela<br \/>\n&nbsp;&nbsp;&nbsp;&nbsp;&nbsp;&nbsp;&nbsp;&nbsp;&nbsp; como un ser exiliado<br \/>\n&nbsp;&nbsp;&nbsp;&nbsp;&nbsp;&nbsp;&nbsp;&nbsp;&nbsp; \u2013na s\u00faa alma turbado\u2013<br \/>\n&nbsp;&nbsp;&nbsp;&nbsp;&nbsp;&nbsp;&nbsp;&nbsp;&nbsp; Chora o meu pa\u00eds,<br \/>\nCando regresar\u00e1 a mi\u00f1a estrela?<\/p>\n<p><em>Novembro 1970<\/em><\/p>\n<p>&nbsp;<\/p>\n<p>&nbsp;<\/p>\n<p>&nbsp;<\/p>\n<p>&nbsp;<\/p>\n<\/td>\n<td style=\"width: 53.1445%; vertical-align: top;\">\n<p><strong>Quen?<\/strong><br \/>\n(Piv ?)<\/p>\n<p>Se tivese fillos<br \/>\nArmar\u00edaos<br \/>\nFar\u00edaos cabaleiros<br \/>\nCabaleiros da terra<br \/>\nArmar\u00edaos<br \/>\nCoas mi\u00f1as propias armas<br \/>\nAquelas coas que loitei<br \/>\nToda a mi\u00f1a vida&#8230;<br \/>\nA loita contra as silvas<br \/>\nA loita contra os espi\u00f1os<br \/>\nContra os estalotes e os cardos<br \/>\nContra os fentos invasores<br \/>\nA avea louca e a grama<br \/>\nA herba da fame&#8230; e todas as malas herbas<br \/>\nAs que afogan as colleitas<br \/>\n\u2013As que afogan as conciencias\u2013<br \/>\nSempre fiel \u00e1 mi\u00f1a divisa:<br \/>\n\u2013Loito en todos os eidos\u2013<br \/>\nA mi\u00f1a vida foi unha loita<br \/>\nE ao cabo do meu tempo<br \/>\nAo cabo das mi\u00f1as forzas<\/p>\n<p>&nbsp;&nbsp;&nbsp;&nbsp;&nbsp;&nbsp;&nbsp;&nbsp;&nbsp; Salouco<br \/>\nQuen recoller\u00e1 a mi\u00f1a divisa<br \/>\n&nbsp;&nbsp;&nbsp;&nbsp;&nbsp;&nbsp;&nbsp;&nbsp;&nbsp; No meu lugar?<br \/>\nQuen as mi\u00f1as armas<br \/>\n&nbsp;&nbsp;&nbsp;&nbsp;&nbsp;&nbsp;&nbsp;&nbsp;&nbsp; Cando se me caian das mans?<\/p>\n<p>Se fillos non te\u00f1o&#8230;<\/p>\n<p><em>9 de outubro 1978<\/em><\/p>\n<p>&nbsp;<\/p>\n<p><strong>Poemas de noite \u2013 Poemas de d\u00eda<br \/>\n<\/strong>(Barzhonego\u00f9-noz \u2013 Barzhonego\u00f9-deiz)<\/p>\n<p>Se escribo \u00e1 sombra da mi\u00f1a l\u00e1mpada<br \/>\nVersos mal aviados e baleiros<br \/>\nCun lapis inseguro na man fatigada<br \/>\nSe escribo \u00e1 noite no reverso dos sobres<br \/>\nPoemas cativos: quincalla<br \/>\nNa que hai tan s\u00f3 flores silvestres&#8230;<br \/>\nE unha migalla de amor.<br \/>\n\u00c9 porque son para quen amo.<\/p>\n<p>Escribo, por\u00e9n, outros poemas<br \/>\nMais non \u00e1 sombra da l\u00e1mpada<br \/>\nSen\u00f3n \u00e1 luz do sol<br \/>\nNon no reverso dos sobres<br \/>\nSen\u00f3n no peito nu de quen amo<br \/>\nNa pel n\u00faa do pa\u00eds que amo<br \/>\nNon escribo cun lapis<br \/>\nSen\u00f3n con \u00fatiles de aceiro<br \/>\n\u2014Non pensedes en lanza ou en espada<br \/>\nOs meus \u00fatiles son o sosego e a rotaci\u00f3n dos cultivos<\/p>\n<p>Non escribo versos de doce pes<br \/>\nContando cos dedos<br \/>\nSen\u00f3n de vinte veces doce pes&#8230; e m\u00e1is a\u00ednda<br \/>\nEscribo os meus versos co aceiro afiado da fouce<br \/>\nFeixe a feixe na cabeleira loira do meu pa\u00eds<br \/>\nO sol conv\u00e9rteos en poemas recendentes<br \/>\nQue as mi\u00f1as vacas rumian nas noites de inverno<\/p>\n<p>Escribo os meus versos coa rella do arado<br \/>\nNa carne viva do meu pa\u00eds bret\u00f3n, rego a rego<br \/>\n\u2014Neles agacho grans de ouro\u2014<br \/>\nA primavera faraos poemas:<br \/>\nMares esmeralda ondeando no vento<br \/>\nO ver\u00e1n faraos fermosos lagos de espigas<br \/>\nO vento de agosto traer\u00e1 a m\u00fasica<br \/>\nE a debulladora cantar\u00e1 para min<br \/>\nNas xornadas ardentes do octavo mes<br \/>\nNas xornadas de dor, de po e de suor.<br \/>\nOs meus poemas sagrados e&#8230; menosprezados!<\/p>\n<p><em>Xaneiro 1966<\/em><\/p>\n<\/td>\n<\/tr>\n<\/tbody>\n<\/table>\n","protected":false},"excerpt":{"rendered":"<p>&nbsp; Noite pl\u00e1cida (Noz sioul) \u00c9 noite pecha Calou todo ru\u00eddo Todo fragor Todo rumor Calou o vento Calou o reise\u00f1or da [&hellip;]<\/p>\n","protected":false},"author":2,"featured_media":0,"parent":0,"menu_order":0,"comment_status":"closed","ping_status":"closed","template":"","meta":{"_acf_changed":false,"ngg_post_thumbnail":0,"footnotes":""},"class_list":["post-5507","page","type-page","status-publish","hentry"],"acf":[],"yoast_head":"<!-- This site is optimized with the Yoast SEO plugin v27.4 - https:\/\/yoast.com\/product\/yoast-seo-wordpress\/ -->\n<title>Barzhonego\u00f9 troet e galiseg - Anjela Duval<\/title>\n<meta name=\"robots\" content=\"index, follow, max-snippet:-1, max-image-preview:large, max-video-preview:-1\" \/>\n<link rel=\"canonical\" href=\"https:\/\/www.anjela.org\/oberenn\/bz\/galiseg\/\" \/>\n<meta property=\"og:locale\" content=\"fr_FR\" \/>\n<meta property=\"og:type\" content=\"article\" \/>\n<meta property=\"og:title\" content=\"Barzhonego\u00f9 troet e galiseg - Anjela Duval\" \/>\n<meta property=\"og:description\" content=\"&nbsp; Noite pl\u00e1cida (Noz sioul) \u00c9 noite pecha Calou todo ru\u00eddo Todo fragor Todo rumor Calou o vento Calou o reise\u00f1or da [&hellip;]\" \/>\n<meta property=\"og:url\" content=\"https:\/\/www.anjela.org\/oberenn\/bz\/galiseg\/\" \/>\n<meta property=\"og:site_name\" content=\"Anjela Duval\" \/>\n<meta property=\"article:modified_time\" content=\"2025-08-13T13:20:32+00:00\" \/>\n<meta property=\"og:image\" content=\"https:\/\/www.anjela.org\/oberenn\/wp-content\/uploads\/2018\/10\/M030.jpg\" \/>\n\t<meta property=\"og:image:width\" content=\"625\" \/>\n\t<meta property=\"og:image:height\" content=\"643\" \/>\n\t<meta property=\"og:image:type\" content=\"image\/jpeg\" \/>\n<meta name=\"twitter:card\" content=\"summary_large_image\" \/>\n<meta name=\"twitter:label1\" content=\"Dur\u00e9e de lecture estim\u00e9e\" \/>\n\t<meta name=\"twitter:data1\" content=\"4 minutes\" \/>\n<script type=\"application\/ld+json\" class=\"yoast-schema-graph\">{\"@context\":\"https:\\\/\\\/schema.org\",\"@graph\":[{\"@type\":\"WebPage\",\"@id\":\"https:\\\/\\\/www.anjela.org\\\/oberenn\\\/bz\\\/galiseg\\\/\",\"url\":\"https:\\\/\\\/www.anjela.org\\\/oberenn\\\/bz\\\/galiseg\\\/\",\"name\":\"Barzhonego\u00f9 troet e galiseg - Anjela Duval\",\"isPartOf\":{\"@id\":\"https:\\\/\\\/www.anjela.org\\\/oberenn\\\/#website\"},\"primaryImageOfPage\":{\"@id\":\"https:\\\/\\\/www.anjela.org\\\/oberenn\\\/bz\\\/galiseg\\\/#primaryimage\"},\"image\":{\"@id\":\"https:\\\/\\\/www.anjela.org\\\/oberenn\\\/bz\\\/galiseg\\\/#primaryimage\"},\"thumbnailUrl\":\"http:\\\/\\\/www.anjela.org\\\/oberenn\\\/wp-content\\\/uploads\\\/2018\\\/10\\\/M030-292x300.jpg\",\"datePublished\":\"2018-10-15T17:37:59+00:00\",\"dateModified\":\"2025-08-13T13:20:32+00:00\",\"breadcrumb\":{\"@id\":\"https:\\\/\\\/www.anjela.org\\\/oberenn\\\/bz\\\/galiseg\\\/#breadcrumb\"},\"inLanguage\":\"fr-FR\",\"potentialAction\":[{\"@type\":\"ReadAction\",\"target\":[\"https:\\\/\\\/www.anjela.org\\\/oberenn\\\/bz\\\/galiseg\\\/\"]}]},{\"@type\":\"ImageObject\",\"inLanguage\":\"fr-FR\",\"@id\":\"https:\\\/\\\/www.anjela.org\\\/oberenn\\\/bz\\\/galiseg\\\/#primaryimage\",\"url\":\"https:\\\/\\\/www.anjela.org\\\/oberenn\\\/wp-content\\\/uploads\\\/2018\\\/10\\\/M030.jpg\",\"contentUrl\":\"https:\\\/\\\/www.anjela.org\\\/oberenn\\\/wp-content\\\/uploads\\\/2018\\\/10\\\/M030.jpg\",\"width\":625,\"height\":643},{\"@type\":\"BreadcrumbList\",\"@id\":\"https:\\\/\\\/www.anjela.org\\\/oberenn\\\/bz\\\/galiseg\\\/#breadcrumb\",\"itemListElement\":[{\"@type\":\"ListItem\",\"position\":1,\"name\":\"Accueil\",\"item\":\"https:\\\/\\\/www.anjela.org\\\/oberenn\\\/\"},{\"@type\":\"ListItem\",\"position\":2,\"name\":\"Barzhonego\u00f9 troet e galiseg\"}]},{\"@type\":\"WebSite\",\"@id\":\"https:\\\/\\\/www.anjela.org\\\/oberenn\\\/#website\",\"url\":\"https:\\\/\\\/www.anjela.org\\\/oberenn\\\/\",\"name\":\"Anjela Duval\",\"description\":\"\",\"publisher\":{\"@id\":\"https:\\\/\\\/www.anjela.org\\\/oberenn\\\/#organization\"},\"potentialAction\":[{\"@type\":\"SearchAction\",\"target\":{\"@type\":\"EntryPoint\",\"urlTemplate\":\"https:\\\/\\\/www.anjela.org\\\/oberenn\\\/?s={search_term_string}\"},\"query-input\":{\"@type\":\"PropertyValueSpecification\",\"valueRequired\":true,\"valueName\":\"search_term_string\"}}],\"inLanguage\":\"fr-FR\"},{\"@type\":\"Organization\",\"@id\":\"https:\\\/\\\/www.anjela.org\\\/oberenn\\\/#organization\",\"name\":\"Mignoned Anjela\",\"url\":\"https:\\\/\\\/www.anjela.org\\\/oberenn\\\/\",\"logo\":{\"@type\":\"ImageObject\",\"inLanguage\":\"fr-FR\",\"@id\":\"https:\\\/\\\/www.anjela.org\\\/oberenn\\\/#\\\/schema\\\/logo\\\/image\\\/\",\"url\":\"https:\\\/\\\/www.anjela.org\\\/oberenn\\\/wp-content\\\/uploads\\\/2019\\\/11\\\/logo-mignoned-angela.png\",\"contentUrl\":\"https:\\\/\\\/www.anjela.org\\\/oberenn\\\/wp-content\\\/uploads\\\/2019\\\/11\\\/logo-mignoned-angela.png\",\"width\":248,\"height\":147,\"caption\":\"Mignoned Anjela\"},\"image\":{\"@id\":\"https:\\\/\\\/www.anjela.org\\\/oberenn\\\/#\\\/schema\\\/logo\\\/image\\\/\"}}]}<\/script>\n<!-- \/ Yoast SEO plugin. -->","yoast_head_json":{"title":"Barzhonego\u00f9 troet e galiseg - Anjela Duval","robots":{"index":"index","follow":"follow","max-snippet":"max-snippet:-1","max-image-preview":"max-image-preview:large","max-video-preview":"max-video-preview:-1"},"canonical":"https:\/\/www.anjela.org\/oberenn\/bz\/galiseg\/","og_locale":"fr_FR","og_type":"article","og_title":"Barzhonego\u00f9 troet e galiseg - Anjela Duval","og_description":"&nbsp; Noite pl\u00e1cida (Noz sioul) \u00c9 noite pecha Calou todo ru\u00eddo Todo fragor Todo rumor Calou o vento Calou o reise\u00f1or da [&hellip;]","og_url":"https:\/\/www.anjela.org\/oberenn\/bz\/galiseg\/","og_site_name":"Anjela Duval","article_modified_time":"2025-08-13T13:20:32+00:00","og_image":[{"width":625,"height":643,"url":"https:\/\/www.anjela.org\/oberenn\/wp-content\/uploads\/2018\/10\/M030.jpg","type":"image\/jpeg"}],"twitter_card":"summary_large_image","twitter_misc":{"Dur\u00e9e de lecture estim\u00e9e":"4 minutes"},"schema":{"@context":"https:\/\/schema.org","@graph":[{"@type":"WebPage","@id":"https:\/\/www.anjela.org\/oberenn\/bz\/galiseg\/","url":"https:\/\/www.anjela.org\/oberenn\/bz\/galiseg\/","name":"Barzhonego\u00f9 troet e galiseg - Anjela Duval","isPartOf":{"@id":"https:\/\/www.anjela.org\/oberenn\/#website"},"primaryImageOfPage":{"@id":"https:\/\/www.anjela.org\/oberenn\/bz\/galiseg\/#primaryimage"},"image":{"@id":"https:\/\/www.anjela.org\/oberenn\/bz\/galiseg\/#primaryimage"},"thumbnailUrl":"http:\/\/www.anjela.org\/oberenn\/wp-content\/uploads\/2018\/10\/M030-292x300.jpg","datePublished":"2018-10-15T17:37:59+00:00","dateModified":"2025-08-13T13:20:32+00:00","breadcrumb":{"@id":"https:\/\/www.anjela.org\/oberenn\/bz\/galiseg\/#breadcrumb"},"inLanguage":"fr-FR","potentialAction":[{"@type":"ReadAction","target":["https:\/\/www.anjela.org\/oberenn\/bz\/galiseg\/"]}]},{"@type":"ImageObject","inLanguage":"fr-FR","@id":"https:\/\/www.anjela.org\/oberenn\/bz\/galiseg\/#primaryimage","url":"https:\/\/www.anjela.org\/oberenn\/wp-content\/uploads\/2018\/10\/M030.jpg","contentUrl":"https:\/\/www.anjela.org\/oberenn\/wp-content\/uploads\/2018\/10\/M030.jpg","width":625,"height":643},{"@type":"BreadcrumbList","@id":"https:\/\/www.anjela.org\/oberenn\/bz\/galiseg\/#breadcrumb","itemListElement":[{"@type":"ListItem","position":1,"name":"Accueil","item":"https:\/\/www.anjela.org\/oberenn\/"},{"@type":"ListItem","position":2,"name":"Barzhonego\u00f9 troet e galiseg"}]},{"@type":"WebSite","@id":"https:\/\/www.anjela.org\/oberenn\/#website","url":"https:\/\/www.anjela.org\/oberenn\/","name":"Anjela Duval","description":"","publisher":{"@id":"https:\/\/www.anjela.org\/oberenn\/#organization"},"potentialAction":[{"@type":"SearchAction","target":{"@type":"EntryPoint","urlTemplate":"https:\/\/www.anjela.org\/oberenn\/?s={search_term_string}"},"query-input":{"@type":"PropertyValueSpecification","valueRequired":true,"valueName":"search_term_string"}}],"inLanguage":"fr-FR"},{"@type":"Organization","@id":"https:\/\/www.anjela.org\/oberenn\/#organization","name":"Mignoned Anjela","url":"https:\/\/www.anjela.org\/oberenn\/","logo":{"@type":"ImageObject","inLanguage":"fr-FR","@id":"https:\/\/www.anjela.org\/oberenn\/#\/schema\/logo\/image\/","url":"https:\/\/www.anjela.org\/oberenn\/wp-content\/uploads\/2019\/11\/logo-mignoned-angela.png","contentUrl":"https:\/\/www.anjela.org\/oberenn\/wp-content\/uploads\/2019\/11\/logo-mignoned-angela.png","width":248,"height":147,"caption":"Mignoned Anjela"},"image":{"@id":"https:\/\/www.anjela.org\/oberenn\/#\/schema\/logo\/image\/"}}]}},"_links":{"self":[{"href":"https:\/\/www.anjela.org\/oberenn\/wp-json\/wp\/v2\/pages\/5507","targetHints":{"allow":["GET"]}}],"collection":[{"href":"https:\/\/www.anjela.org\/oberenn\/wp-json\/wp\/v2\/pages"}],"about":[{"href":"https:\/\/www.anjela.org\/oberenn\/wp-json\/wp\/v2\/types\/page"}],"author":[{"embeddable":true,"href":"https:\/\/www.anjela.org\/oberenn\/wp-json\/wp\/v2\/users\/2"}],"replies":[{"embeddable":true,"href":"https:\/\/www.anjela.org\/oberenn\/wp-json\/wp\/v2\/comments?post=5507"}],"version-history":[{"count":0,"href":"https:\/\/www.anjela.org\/oberenn\/wp-json\/wp\/v2\/pages\/5507\/revisions"}],"wp:attachment":[{"href":"https:\/\/www.anjela.org\/oberenn\/wp-json\/wp\/v2\/media?parent=5507"}],"curies":[{"name":"wp","href":"https:\/\/api.w.org\/{rel}","templated":true}]}}