{"id":4537,"date":"2018-06-10T18:17:41","date_gmt":"2018-06-10T16:17:41","guid":{"rendered":"http:\/\/www.anjela.org\/oberenn\/orin-ar-poltriji\/"},"modified":"2020-06-09T12:02:22","modified_gmt":"2020-06-09T10:02:22","slug":"credits_photographiques","status":"publish","type":"page","link":"https:\/\/www.anjela.org\/oberenn\/credits_photographiques\/","title":{"rendered":"Cr\u00e9dits photographiques"},"content":{"rendered":"<p><strong><em>Articles en fran\u00e7ais<\/em><\/strong><br \/>\n<span style=\"font-size: 10pt;\">R. Le Coadic : <a href=\"https:\/\/univ-rennes2.academia.edu\/RonanLECOADIC\">lec&rsquo;hienn orin<\/a><\/span><br \/>\n<span style=\"font-size: 10pt;\">Nathalie Caradec : <a href=\"https:\/\/www.letelegramme.fr\/finistere\/berrien\/autre-rive-les-minorites-en-debat-06-05-2014-10155057.php\">Le T\u00e9l\u00e9gramme<\/a><\/span><\/p>\n<p><strong><em>Documents audio<\/em><\/strong><br \/>\n<span style=\"font-size: 10pt;\">A. Auffret : <a href=\"https:\/\/www.ouest-france.fr\/bretagne\/rostrenen-22110\/anne-auffret-donnera-des-cours-de-kan-ha-diskan-4147044\">Ouest-France<\/a><\/span><br \/>\n<span style=\"font-size: 10pt;\">A. Ebrel : <a href=\"https:\/\/actu.fr\/loisirs-culture\/causerie-animee-par-annie-ebrel-a-quimper-vendredi-21-fevrier_4349085.html\">Actu<\/a><\/span><br \/>\n<span style=\"font-size: 10pt;\">D. Siberil : <a href=\"https:\/\/www.letelegramme.fr\/local\/finistere-nord\/morlaix\/ville\/signaletique-en-breton-le-collectif-aita-a-la-poste-20-11-2011-1505253.php\">Le T\u00e9l\u00e9gramme<\/a><\/span><br \/>\n<span style=\"font-size: 10pt;\">G. Le Buh\u00e9 : <a href=\"https:\/\/www.letelegramme.fr\/ar\/imgproxy.php\/images\/2017\/12\/18\/gildas-le-buhe-aux-cotes-d-alain-larrive-directeur-de-la_3743403_409x330p.jpg?v=1\">Le T\u00e9l\u00e9gramme<\/a><\/span><br \/>\n<span style=\"font-size: 10pt;\">G. Latimier : <a href=\"https:\/\/www.letelegramme.fr\/ig\/generales\/regions\/bretagne\/poesie-les-oeuvres-d-anjela-duval-en-ligne-09-06-2012-1731382.php\">Le T\u00e9l\u00e9gramme<\/a><\/span><br \/>\n<span style=\"font-size: 10pt;\">L. Catalan : <a href=\"http:\/\/eosttelgruc.canalblog.com\/archives\/2016\/03\/19\/33535049.html\">blog<\/a><\/span><br \/>\n<span style=\"font-size: 10pt;\">N. Kervella : <a href=\"http:\/\/www.bretagne.bzh\/jcms\/prod_188149\/fr\/naig-kervella\">@ Charles Cri\u00e9<\/a><\/span><br \/>\n<span style=\"font-size: 10pt;\">N. Latimier : @ Corinne ar Mero<\/span><br \/>\n<span style=\"font-size: 10pt;\">R. Le Coadic : <a href=\"https:\/\/univ-rennes2.academia.edu\/RonanLECOADIC\">lec&rsquo;hienn orin ; <\/a>voir aussi <a href=\"https:\/\/lecoadic.net\">son site<\/a><\/span><br \/>\n<span style=\"font-size: 10pt;\">S. Moal : <a href=\"https:\/\/www.letelegramme.fr\/bretagne\/spered-ar-vro\/peseurt-plas-evit-ar-brezhoneg-er-mediaou-02-11-2017-11725109.php\">Le T\u00e9l\u00e9gramme<\/a><\/span><br \/>\n<span style=\"font-size: 10pt;\">Y.-B. Piriou : <a href=\"https:\/\/www.letelegramme.fr\/cotes-darmor\/ploumilliau\/causerie-anatole-le-braz-et-le-breton-15-06-2015-10666444.php\">Le T\u00e9l\u00e9gramme<\/a><\/span><br \/>\n<span style=\"font-size: 10pt;\">Y.-F. Kemener : <a href=\"http:\/\/yfkemener.com\">lec&rsquo;hienn Yann-Fa\u00f1ch Kemener<\/a><\/span><\/p>\n","protected":false},"excerpt":{"rendered":"<p>Articles en fran\u00e7ais R. Le Coadic : lec&rsquo;hienn orin Nathalie Caradec : Le T\u00e9l\u00e9gramme Documents audio A. Auffret : Ouest-France A. Ebrel [&hellip;]<\/p>\n","protected":false},"author":2,"featured_media":0,"parent":0,"menu_order":0,"comment_status":"closed","ping_status":"closed","template":"","meta":{"_acf_changed":false,"ngg_post_thumbnail":0,"footnotes":""},"class_list":["post-4537","page","type-page","status-publish","hentry"],"acf":[],"yoast_head":"<!-- This site is optimized with the Yoast SEO plugin v27.4 - https:\/\/yoast.com\/product\/yoast-seo-wordpress\/ -->\n<title>Cr\u00e9dits photographiques - Anjela Duval<\/title>\n<meta name=\"robots\" content=\"index, follow, max-snippet:-1, max-image-preview:large, max-video-preview:-1\" \/>\n<link rel=\"canonical\" href=\"https:\/\/www.anjela.org\/oberenn\/credits_photographiques\/\" \/>\n<meta property=\"og:locale\" content=\"fr_FR\" \/>\n<meta property=\"og:type\" content=\"article\" \/>\n<meta property=\"og:title\" content=\"Cr\u00e9dits photographiques - Anjela Duval\" \/>\n<meta property=\"og:description\" content=\"Articles en fran\u00e7ais R. Le Coadic : lec&rsquo;hienn orin Nathalie Caradec : Le T\u00e9l\u00e9gramme Documents audio A. Auffret : Ouest-France A. Ebrel [&hellip;]\" \/>\n<meta property=\"og:url\" content=\"https:\/\/www.anjela.org\/oberenn\/credits_photographiques\/\" \/>\n<meta property=\"og:site_name\" content=\"Anjela Duval\" \/>\n<meta property=\"article:modified_time\" content=\"2020-06-09T10:02:22+00:00\" \/>\n<meta name=\"twitter:card\" content=\"summary_large_image\" \/>\n<script type=\"application\/ld+json\" class=\"yoast-schema-graph\">{\"@context\":\"https:\\\/\\\/schema.org\",\"@graph\":[{\"@type\":\"WebPage\",\"@id\":\"https:\\\/\\\/www.anjela.org\\\/oberenn\\\/credits_photographiques\\\/\",\"url\":\"https:\\\/\\\/www.anjela.org\\\/oberenn\\\/credits_photographiques\\\/\",\"name\":\"Cr\u00e9dits photographiques - Anjela Duval\",\"isPartOf\":{\"@id\":\"https:\\\/\\\/www.anjela.org\\\/oberenn\\\/#website\"},\"datePublished\":\"2018-06-10T16:17:41+00:00\",\"dateModified\":\"2020-06-09T10:02:22+00:00\",\"breadcrumb\":{\"@id\":\"https:\\\/\\\/www.anjela.org\\\/oberenn\\\/credits_photographiques\\\/#breadcrumb\"},\"inLanguage\":\"fr-FR\",\"potentialAction\":[{\"@type\":\"ReadAction\",\"target\":[\"https:\\\/\\\/www.anjela.org\\\/oberenn\\\/credits_photographiques\\\/\"]}]},{\"@type\":\"BreadcrumbList\",\"@id\":\"https:\\\/\\\/www.anjela.org\\\/oberenn\\\/credits_photographiques\\\/#breadcrumb\",\"itemListElement\":[{\"@type\":\"ListItem\",\"position\":1,\"name\":\"Accueil\",\"item\":\"https:\\\/\\\/www.anjela.org\\\/oberenn\\\/\"},{\"@type\":\"ListItem\",\"position\":2,\"name\":\"Cr\u00e9dits photographiques\"}]},{\"@type\":\"WebSite\",\"@id\":\"https:\\\/\\\/www.anjela.org\\\/oberenn\\\/#website\",\"url\":\"https:\\\/\\\/www.anjela.org\\\/oberenn\\\/\",\"name\":\"Anjela Duval\",\"description\":\"\",\"publisher\":{\"@id\":\"https:\\\/\\\/www.anjela.org\\\/oberenn\\\/#organization\"},\"potentialAction\":[{\"@type\":\"SearchAction\",\"target\":{\"@type\":\"EntryPoint\",\"urlTemplate\":\"https:\\\/\\\/www.anjela.org\\\/oberenn\\\/?s={search_term_string}\"},\"query-input\":{\"@type\":\"PropertyValueSpecification\",\"valueRequired\":true,\"valueName\":\"search_term_string\"}}],\"inLanguage\":\"fr-FR\"},{\"@type\":\"Organization\",\"@id\":\"https:\\\/\\\/www.anjela.org\\\/oberenn\\\/#organization\",\"name\":\"Mignoned Anjela\",\"url\":\"https:\\\/\\\/www.anjela.org\\\/oberenn\\\/\",\"logo\":{\"@type\":\"ImageObject\",\"inLanguage\":\"fr-FR\",\"@id\":\"https:\\\/\\\/www.anjela.org\\\/oberenn\\\/#\\\/schema\\\/logo\\\/image\\\/\",\"url\":\"https:\\\/\\\/www.anjela.org\\\/oberenn\\\/wp-content\\\/uploads\\\/2019\\\/11\\\/logo-mignoned-angela.png\",\"contentUrl\":\"https:\\\/\\\/www.anjela.org\\\/oberenn\\\/wp-content\\\/uploads\\\/2019\\\/11\\\/logo-mignoned-angela.png\",\"width\":248,\"height\":147,\"caption\":\"Mignoned Anjela\"},\"image\":{\"@id\":\"https:\\\/\\\/www.anjela.org\\\/oberenn\\\/#\\\/schema\\\/logo\\\/image\\\/\"}}]}<\/script>\n<!-- \/ Yoast SEO plugin. -->","yoast_head_json":{"title":"Cr\u00e9dits photographiques - Anjela Duval","robots":{"index":"index","follow":"follow","max-snippet":"max-snippet:-1","max-image-preview":"max-image-preview:large","max-video-preview":"max-video-preview:-1"},"canonical":"https:\/\/www.anjela.org\/oberenn\/credits_photographiques\/","og_locale":"fr_FR","og_type":"article","og_title":"Cr\u00e9dits photographiques - Anjela Duval","og_description":"Articles en fran\u00e7ais R. Le Coadic : lec&rsquo;hienn orin Nathalie Caradec : Le T\u00e9l\u00e9gramme Documents audio A. Auffret : Ouest-France A. Ebrel [&hellip;]","og_url":"https:\/\/www.anjela.org\/oberenn\/credits_photographiques\/","og_site_name":"Anjela Duval","article_modified_time":"2020-06-09T10:02:22+00:00","twitter_card":"summary_large_image","schema":{"@context":"https:\/\/schema.org","@graph":[{"@type":"WebPage","@id":"https:\/\/www.anjela.org\/oberenn\/credits_photographiques\/","url":"https:\/\/www.anjela.org\/oberenn\/credits_photographiques\/","name":"Cr\u00e9dits photographiques - Anjela Duval","isPartOf":{"@id":"https:\/\/www.anjela.org\/oberenn\/#website"},"datePublished":"2018-06-10T16:17:41+00:00","dateModified":"2020-06-09T10:02:22+00:00","breadcrumb":{"@id":"https:\/\/www.anjela.org\/oberenn\/credits_photographiques\/#breadcrumb"},"inLanguage":"fr-FR","potentialAction":[{"@type":"ReadAction","target":["https:\/\/www.anjela.org\/oberenn\/credits_photographiques\/"]}]},{"@type":"BreadcrumbList","@id":"https:\/\/www.anjela.org\/oberenn\/credits_photographiques\/#breadcrumb","itemListElement":[{"@type":"ListItem","position":1,"name":"Accueil","item":"https:\/\/www.anjela.org\/oberenn\/"},{"@type":"ListItem","position":2,"name":"Cr\u00e9dits photographiques"}]},{"@type":"WebSite","@id":"https:\/\/www.anjela.org\/oberenn\/#website","url":"https:\/\/www.anjela.org\/oberenn\/","name":"Anjela Duval","description":"","publisher":{"@id":"https:\/\/www.anjela.org\/oberenn\/#organization"},"potentialAction":[{"@type":"SearchAction","target":{"@type":"EntryPoint","urlTemplate":"https:\/\/www.anjela.org\/oberenn\/?s={search_term_string}"},"query-input":{"@type":"PropertyValueSpecification","valueRequired":true,"valueName":"search_term_string"}}],"inLanguage":"fr-FR"},{"@type":"Organization","@id":"https:\/\/www.anjela.org\/oberenn\/#organization","name":"Mignoned Anjela","url":"https:\/\/www.anjela.org\/oberenn\/","logo":{"@type":"ImageObject","inLanguage":"fr-FR","@id":"https:\/\/www.anjela.org\/oberenn\/#\/schema\/logo\/image\/","url":"https:\/\/www.anjela.org\/oberenn\/wp-content\/uploads\/2019\/11\/logo-mignoned-angela.png","contentUrl":"https:\/\/www.anjela.org\/oberenn\/wp-content\/uploads\/2019\/11\/logo-mignoned-angela.png","width":248,"height":147,"caption":"Mignoned Anjela"},"image":{"@id":"https:\/\/www.anjela.org\/oberenn\/#\/schema\/logo\/image\/"}}]}},"_links":{"self":[{"href":"https:\/\/www.anjela.org\/oberenn\/wp-json\/wp\/v2\/pages\/4537","targetHints":{"allow":["GET"]}}],"collection":[{"href":"https:\/\/www.anjela.org\/oberenn\/wp-json\/wp\/v2\/pages"}],"about":[{"href":"https:\/\/www.anjela.org\/oberenn\/wp-json\/wp\/v2\/types\/page"}],"author":[{"embeddable":true,"href":"https:\/\/www.anjela.org\/oberenn\/wp-json\/wp\/v2\/users\/2"}],"replies":[{"embeddable":true,"href":"https:\/\/www.anjela.org\/oberenn\/wp-json\/wp\/v2\/comments?post=4537"}],"version-history":[{"count":0,"href":"https:\/\/www.anjela.org\/oberenn\/wp-json\/wp\/v2\/pages\/4537\/revisions"}],"wp:attachment":[{"href":"https:\/\/www.anjela.org\/oberenn\/wp-json\/wp\/v2\/media?parent=4537"}],"curies":[{"name":"wp","href":"https:\/\/api.w.org\/{rel}","templated":true}]}}