{"id":4417,"date":"2018-06-10T16:17:26","date_gmt":"2018-06-10T14:17:26","guid":{"rendered":"http:\/\/www.anjela.org\/oberenn\/?page_id=4417"},"modified":"2025-08-13T15:24:45","modified_gmt":"2025-08-13T13:24:45","slug":"roll-ar-barzhonegou","status":"publish","type":"page","link":"https:\/\/www.anjela.org\/oberenn\/bz\/roll-ar-barzhonegou\/","title":{"rendered":"Roll ar barzhonego\u00f9"},"content":{"rendered":"<table style=\"height: 551px; width: 69.1831%; border-style: hidden;\">\n<tbody>\n<tr>\n<td style=\"width: 45.0597%; border-style: hidden; text-align: center;\">\n<p><img fetchpriority=\"high\" decoding=\"async\" class=\"aligncenter size-medium wp-image-4747\" src=\"http:\/\/www.anjela.org\/oberenn\/wp-content\/uploads\/2018\/06\/K023-190x300.jpg\" alt=\"Anjela Duval\" width=\"190\" height=\"300\" srcset=\"https:\/\/www.anjela.org\/oberenn\/wp-content\/uploads\/2018\/06\/K023-190x300.jpg 190w, https:\/\/www.anjela.org\/oberenn\/wp-content\/uploads\/2018\/06\/K023.jpg 634w\" sizes=\"(max-width: 190px) 100vw, 190px\" \/><\/p>\n<p>&nbsp;<\/p>\n<p>&nbsp;<\/p>\n<p><a href=\"http:\/\/www.anjela.org\/oberenn\/notennou-diwar-benn-ar-barzhonegou\/?lang=bz\" target=\"_blank\" rel=\"noopener noreferrer\"><em>Notenno\u00f9 diwar-benn ar barzhonego\u00f9<\/em><\/a><\/p>\n<\/td>\n<td style=\"width: 49.6907%; border-style: hidden;\">\n\n<\/td>\n<\/tr>\n<\/tbody>\n<\/table>\n<p>&nbsp;<\/p>\n","protected":false},"excerpt":{"rendered":"<p>&nbsp; &nbsp; Notenno\u00f9 diwar-benn ar barzhonego\u00f9 &nbsp;<\/p>\n","protected":false},"author":2,"featured_media":0,"parent":0,"menu_order":0,"comment_status":"closed","ping_status":"closed","template":"","meta":{"_acf_changed":false,"ngg_post_thumbnail":0,"footnotes":""},"class_list":["post-4417","page","type-page","status-publish","hentry"],"acf":[],"yoast_head":"<!-- This site is optimized with the Yoast SEO plugin v27.5 - https:\/\/yoast.com\/product\/yoast-seo-wordpress\/ -->\n<title>Roll ar barzhonego\u00f9 - Anjela Duval<\/title>\n<meta name=\"robots\" content=\"index, follow, max-snippet:-1, max-image-preview:large, max-video-preview:-1\" \/>\n<link rel=\"canonical\" href=\"https:\/\/www.anjela.org\/oberenn\/bz\/roll-ar-barzhonegou\/\" \/>\n<meta property=\"og:locale\" content=\"fr_FR\" \/>\n<meta property=\"og:type\" content=\"article\" \/>\n<meta property=\"og:title\" content=\"Roll ar barzhonego\u00f9 - Anjela Duval\" \/>\n<meta property=\"og:description\" content=\"&nbsp; &nbsp; Notenno\u00f9 diwar-benn ar barzhonego\u00f9 &nbsp;\" \/>\n<meta property=\"og:url\" content=\"https:\/\/www.anjela.org\/oberenn\/bz\/roll-ar-barzhonegou\/\" \/>\n<meta property=\"og:site_name\" content=\"Anjela Duval\" \/>\n<meta property=\"article:modified_time\" content=\"2025-08-13T13:24:45+00:00\" \/>\n<meta property=\"og:image\" content=\"https:\/\/www.anjela.org\/oberenn\/wp-content\/uploads\/2018\/06\/K023.jpg\" \/>\n\t<meta property=\"og:image:width\" content=\"634\" \/>\n\t<meta property=\"og:image:height\" content=\"1000\" \/>\n\t<meta property=\"og:image:type\" content=\"image\/jpeg\" \/>\n<meta name=\"twitter:card\" content=\"summary_large_image\" \/>\n<script type=\"application\/ld+json\" class=\"yoast-schema-graph\">{\"@context\":\"https:\\\/\\\/schema.org\",\"@graph\":[{\"@type\":\"WebPage\",\"@id\":\"https:\\\/\\\/www.anjela.org\\\/oberenn\\\/bz\\\/roll-ar-barzhonegou\\\/\",\"url\":\"https:\\\/\\\/www.anjela.org\\\/oberenn\\\/bz\\\/roll-ar-barzhonegou\\\/\",\"name\":\"Roll ar barzhonego\u00f9 - Anjela Duval\",\"isPartOf\":{\"@id\":\"https:\\\/\\\/www.anjela.org\\\/oberenn\\\/#website\"},\"primaryImageOfPage\":{\"@id\":\"https:\\\/\\\/www.anjela.org\\\/oberenn\\\/bz\\\/roll-ar-barzhonegou\\\/#primaryimage\"},\"image\":{\"@id\":\"https:\\\/\\\/www.anjela.org\\\/oberenn\\\/bz\\\/roll-ar-barzhonegou\\\/#primaryimage\"},\"thumbnailUrl\":\"http:\\\/\\\/www.anjela.org\\\/oberenn\\\/wp-content\\\/uploads\\\/2018\\\/06\\\/K023-190x300.jpg\",\"datePublished\":\"2018-06-10T14:17:26+00:00\",\"dateModified\":\"2025-08-13T13:24:45+00:00\",\"breadcrumb\":{\"@id\":\"https:\\\/\\\/www.anjela.org\\\/oberenn\\\/bz\\\/roll-ar-barzhonegou\\\/#breadcrumb\"},\"inLanguage\":\"fr-FR\",\"potentialAction\":[{\"@type\":\"ReadAction\",\"target\":[\"https:\\\/\\\/www.anjela.org\\\/oberenn\\\/bz\\\/roll-ar-barzhonegou\\\/\"]}]},{\"@type\":\"ImageObject\",\"inLanguage\":\"fr-FR\",\"@id\":\"https:\\\/\\\/www.anjela.org\\\/oberenn\\\/bz\\\/roll-ar-barzhonegou\\\/#primaryimage\",\"url\":\"https:\\\/\\\/www.anjela.org\\\/oberenn\\\/wp-content\\\/uploads\\\/2018\\\/06\\\/K023.jpg\",\"contentUrl\":\"https:\\\/\\\/www.anjela.org\\\/oberenn\\\/wp-content\\\/uploads\\\/2018\\\/06\\\/K023.jpg\",\"width\":634,\"height\":1000,\"caption\":\"Anjela Duval\"},{\"@type\":\"BreadcrumbList\",\"@id\":\"https:\\\/\\\/www.anjela.org\\\/oberenn\\\/bz\\\/roll-ar-barzhonegou\\\/#breadcrumb\",\"itemListElement\":[{\"@type\":\"ListItem\",\"position\":1,\"name\":\"Accueil\",\"item\":\"https:\\\/\\\/www.anjela.org\\\/oberenn\\\/\"},{\"@type\":\"ListItem\",\"position\":2,\"name\":\"Roll ar barzhonego\u00f9\"}]},{\"@type\":\"WebSite\",\"@id\":\"https:\\\/\\\/www.anjela.org\\\/oberenn\\\/#website\",\"url\":\"https:\\\/\\\/www.anjela.org\\\/oberenn\\\/\",\"name\":\"Anjela Duval\",\"description\":\"\",\"publisher\":{\"@id\":\"https:\\\/\\\/www.anjela.org\\\/oberenn\\\/#organization\"},\"potentialAction\":[{\"@type\":\"SearchAction\",\"target\":{\"@type\":\"EntryPoint\",\"urlTemplate\":\"https:\\\/\\\/www.anjela.org\\\/oberenn\\\/?s={search_term_string}\"},\"query-input\":{\"@type\":\"PropertyValueSpecification\",\"valueRequired\":true,\"valueName\":\"search_term_string\"}}],\"inLanguage\":\"fr-FR\"},{\"@type\":\"Organization\",\"@id\":\"https:\\\/\\\/www.anjela.org\\\/oberenn\\\/#organization\",\"name\":\"Mignoned Anjela\",\"url\":\"https:\\\/\\\/www.anjela.org\\\/oberenn\\\/\",\"logo\":{\"@type\":\"ImageObject\",\"inLanguage\":\"fr-FR\",\"@id\":\"https:\\\/\\\/www.anjela.org\\\/oberenn\\\/#\\\/schema\\\/logo\\\/image\\\/\",\"url\":\"https:\\\/\\\/www.anjela.org\\\/oberenn\\\/wp-content\\\/uploads\\\/2019\\\/11\\\/logo-mignoned-angela.png\",\"contentUrl\":\"https:\\\/\\\/www.anjela.org\\\/oberenn\\\/wp-content\\\/uploads\\\/2019\\\/11\\\/logo-mignoned-angela.png\",\"width\":248,\"height\":147,\"caption\":\"Mignoned Anjela\"},\"image\":{\"@id\":\"https:\\\/\\\/www.anjela.org\\\/oberenn\\\/#\\\/schema\\\/logo\\\/image\\\/\"}}]}<\/script>\n<!-- \/ Yoast SEO plugin. -->","yoast_head_json":{"title":"Roll ar barzhonego\u00f9 - Anjela Duval","robots":{"index":"index","follow":"follow","max-snippet":"max-snippet:-1","max-image-preview":"max-image-preview:large","max-video-preview":"max-video-preview:-1"},"canonical":"https:\/\/www.anjela.org\/oberenn\/bz\/roll-ar-barzhonegou\/","og_locale":"fr_FR","og_type":"article","og_title":"Roll ar barzhonego\u00f9 - Anjela Duval","og_description":"&nbsp; &nbsp; Notenno\u00f9 diwar-benn ar barzhonego\u00f9 &nbsp;","og_url":"https:\/\/www.anjela.org\/oberenn\/bz\/roll-ar-barzhonegou\/","og_site_name":"Anjela Duval","article_modified_time":"2025-08-13T13:24:45+00:00","og_image":[{"width":634,"height":1000,"url":"https:\/\/www.anjela.org\/oberenn\/wp-content\/uploads\/2018\/06\/K023.jpg","type":"image\/jpeg"}],"twitter_card":"summary_large_image","schema":{"@context":"https:\/\/schema.org","@graph":[{"@type":"WebPage","@id":"https:\/\/www.anjela.org\/oberenn\/bz\/roll-ar-barzhonegou\/","url":"https:\/\/www.anjela.org\/oberenn\/bz\/roll-ar-barzhonegou\/","name":"Roll ar barzhonego\u00f9 - Anjela Duval","isPartOf":{"@id":"https:\/\/www.anjela.org\/oberenn\/#website"},"primaryImageOfPage":{"@id":"https:\/\/www.anjela.org\/oberenn\/bz\/roll-ar-barzhonegou\/#primaryimage"},"image":{"@id":"https:\/\/www.anjela.org\/oberenn\/bz\/roll-ar-barzhonegou\/#primaryimage"},"thumbnailUrl":"http:\/\/www.anjela.org\/oberenn\/wp-content\/uploads\/2018\/06\/K023-190x300.jpg","datePublished":"2018-06-10T14:17:26+00:00","dateModified":"2025-08-13T13:24:45+00:00","breadcrumb":{"@id":"https:\/\/www.anjela.org\/oberenn\/bz\/roll-ar-barzhonegou\/#breadcrumb"},"inLanguage":"fr-FR","potentialAction":[{"@type":"ReadAction","target":["https:\/\/www.anjela.org\/oberenn\/bz\/roll-ar-barzhonegou\/"]}]},{"@type":"ImageObject","inLanguage":"fr-FR","@id":"https:\/\/www.anjela.org\/oberenn\/bz\/roll-ar-barzhonegou\/#primaryimage","url":"https:\/\/www.anjela.org\/oberenn\/wp-content\/uploads\/2018\/06\/K023.jpg","contentUrl":"https:\/\/www.anjela.org\/oberenn\/wp-content\/uploads\/2018\/06\/K023.jpg","width":634,"height":1000,"caption":"Anjela Duval"},{"@type":"BreadcrumbList","@id":"https:\/\/www.anjela.org\/oberenn\/bz\/roll-ar-barzhonegou\/#breadcrumb","itemListElement":[{"@type":"ListItem","position":1,"name":"Accueil","item":"https:\/\/www.anjela.org\/oberenn\/"},{"@type":"ListItem","position":2,"name":"Roll ar barzhonego\u00f9"}]},{"@type":"WebSite","@id":"https:\/\/www.anjela.org\/oberenn\/#website","url":"https:\/\/www.anjela.org\/oberenn\/","name":"Anjela Duval","description":"","publisher":{"@id":"https:\/\/www.anjela.org\/oberenn\/#organization"},"potentialAction":[{"@type":"SearchAction","target":{"@type":"EntryPoint","urlTemplate":"https:\/\/www.anjela.org\/oberenn\/?s={search_term_string}"},"query-input":{"@type":"PropertyValueSpecification","valueRequired":true,"valueName":"search_term_string"}}],"inLanguage":"fr-FR"},{"@type":"Organization","@id":"https:\/\/www.anjela.org\/oberenn\/#organization","name":"Mignoned Anjela","url":"https:\/\/www.anjela.org\/oberenn\/","logo":{"@type":"ImageObject","inLanguage":"fr-FR","@id":"https:\/\/www.anjela.org\/oberenn\/#\/schema\/logo\/image\/","url":"https:\/\/www.anjela.org\/oberenn\/wp-content\/uploads\/2019\/11\/logo-mignoned-angela.png","contentUrl":"https:\/\/www.anjela.org\/oberenn\/wp-content\/uploads\/2019\/11\/logo-mignoned-angela.png","width":248,"height":147,"caption":"Mignoned Anjela"},"image":{"@id":"https:\/\/www.anjela.org\/oberenn\/#\/schema\/logo\/image\/"}}]}},"_links":{"self":[{"href":"https:\/\/www.anjela.org\/oberenn\/wp-json\/wp\/v2\/pages\/4417","targetHints":{"allow":["GET"]}}],"collection":[{"href":"https:\/\/www.anjela.org\/oberenn\/wp-json\/wp\/v2\/pages"}],"about":[{"href":"https:\/\/www.anjela.org\/oberenn\/wp-json\/wp\/v2\/types\/page"}],"author":[{"embeddable":true,"href":"https:\/\/www.anjela.org\/oberenn\/wp-json\/wp\/v2\/users\/2"}],"replies":[{"embeddable":true,"href":"https:\/\/www.anjela.org\/oberenn\/wp-json\/wp\/v2\/comments?post=4417"}],"version-history":[{"count":0,"href":"https:\/\/www.anjela.org\/oberenn\/wp-json\/wp\/v2\/pages\/4417\/revisions"}],"wp:attachment":[{"href":"https:\/\/www.anjela.org\/oberenn\/wp-json\/wp\/v2\/media?parent=4417"}],"curies":[{"name":"wp","href":"https:\/\/api.w.org\/{rel}","templated":true}]}}