{"id":4388,"date":"2018-06-10T12:11:26","date_gmt":"2018-06-10T10:11:26","guid":{"rendered":"http:\/\/www.anjela.org\/oberenn\/?page_id=4388"},"modified":"2025-08-13T15:24:44","modified_gmt":"2025-08-13T13:24:44","slug":"piv-omp","status":"publish","type":"page","link":"https:\/\/www.anjela.org\/oberenn\/bz\/piv-omp\/","title":{"rendered":"Piv omp ?"},"content":{"rendered":"<p><span style=\"font-size: 14pt;\"><strong>1998-2018&nbsp;: 20 vloaz eo Mignoned Anjela !<br \/>\n <\/strong><\/span><\/p>\n<p>Gwarezi\u00f1, skigna\u00f1 ha bruda\u00f1 oberenn Anjela Duval (1905-1981) eo pal penna\u00f1 ar gevredigezh Mignoned Anjela, hi hag a oa ur beizantez deus Bro-Dreger hag ur varzhez veur, tomm-berv he c&rsquo;halon ouzh douar he hendado\u00f9, ar vuhez war ar maez, he yezh-vamm ha Breizh he bro.<\/p>\n<p> En 1998 e oa bet savet Mignoned Anjela gant Ronan Koadig, <a href=\"https:\/\/perso.univ-rennes2.fr\/ronan.lecoadic\">kelenner ar skolio\u00f9-meur<\/a>, hag ur skipailh tud plijet ken-ken gant ar varzhez. Kerkent hag er bloaz-se e oa bet embannet gante an dastumad barzhonego\u00f9&nbsp; <a href=\"http:\/\/www.anjela.org\/oberenn\/stourm-a-ran-war-bep-tachenn\/?lang=bz\"><em>Stourm a ran war bep tachenn<\/em><\/a>.<\/p>\n<p>&nbsp;<\/p>\n<table style=\"width: 747px;\">\n<tbody>\n<tr>\n<td style=\"width: 359.833px; text-align: center; vertical-align: middle;\">\n<figure id=\"attachment_4760\" aria-describedby=\"caption-attachment-4760\" style=\"width: 300px\" class=\"wp-caption aligncenter\"><img fetchpriority=\"high\" decoding=\"async\" class=\"wp-image-4760 size-medium\" src=\"http:\/\/www.anjela.org\/oberenn\/wp-content\/uploads\/2017\/02\/K00502-300x169.jpg\" alt=\"Mignoned Anjela\" width=\"300\" height=\"169\" srcset=\"https:\/\/www.anjela.org\/oberenn\/wp-content\/uploads\/2017\/02\/K00502-300x169.jpg 300w, https:\/\/www.anjela.org\/oberenn\/wp-content\/uploads\/2017\/02\/K00502-768x434.jpg 768w, https:\/\/www.anjela.org\/oberenn\/wp-content\/uploads\/2017\/02\/K00502-1024x578.jpg 1024w, https:\/\/www.anjela.org\/oberenn\/wp-content\/uploads\/2017\/02\/K00502-750x424.jpg 750w, https:\/\/www.anjela.org\/oberenn\/wp-content\/uploads\/2017\/02\/K00502.jpg 1112w\" sizes=\"(max-width: 300px) 100vw, 300px\" \/><figcaption id=\"caption-attachment-4760\" class=\"wp-caption-text\"><span style=\"font-size: 10pt;\"><em>1998 : an dud bet savet Mignoned Anjela gante o tibab dornskrido\u00f9 Anjela Duval, bet fiziet e Ronan Koadig gant Ivona Martin.<\/em><\/span><\/figcaption><\/figure><\/p>\n<p><img decoding=\"async\" class=\"aligncenter size-medium wp-image-4762\" src=\"http:\/\/www.anjela.org\/oberenn\/wp-content\/uploads\/2017\/02\/K-005-01-300x194.jpg\" alt=\"Mignoned Anjela\" width=\"300\" height=\"194\" srcset=\"https:\/\/www.anjela.org\/oberenn\/wp-content\/uploads\/2017\/02\/K-005-01-300x194.jpg 300w, https:\/\/www.anjela.org\/oberenn\/wp-content\/uploads\/2017\/02\/K-005-01-768x498.jpg 768w, https:\/\/www.anjela.org\/oberenn\/wp-content\/uploads\/2017\/02\/K-005-01-1024x664.jpg 1024w, https:\/\/www.anjela.org\/oberenn\/wp-content\/uploads\/2017\/02\/K-005-01-750x486.jpg 750w, https:\/\/www.anjela.org\/oberenn\/wp-content\/uploads\/2017\/02\/K-005-01.jpg 1057w\" sizes=\"(max-width: 300px) 100vw, 300px\" \/><\/p>\n<\/td>\n<td style=\"width: 386.167px; text-align: center; vertical-align: middle;\">\n<p><img decoding=\"async\" class=\"aligncenter  wp-image-4776\" src=\"http:\/\/www.anjela.org\/oberenn\/wp-content\/uploads\/2017\/02\/2001-Mignoned-Anjela-Brezhoneger-ar-bloaz-300x194.jpg\" alt=\"2001 Mignoned Anjela \u2013 Brezhoneger ar bloaz\" width=\"399\" height=\"258\" srcset=\"https:\/\/www.anjela.org\/oberenn\/wp-content\/uploads\/2017\/02\/2001-Mignoned-Anjela-Brezhoneger-ar-bloaz-300x194.jpg 300w, https:\/\/www.anjela.org\/oberenn\/wp-content\/uploads\/2017\/02\/2001-Mignoned-Anjela-Brezhoneger-ar-bloaz.jpg 576w\" sizes=\"(max-width: 399px) 100vw, 399px\" \/><\/p>\n<p><span style=\"font-size: 10pt;\"><em>Priz F3 \u00ab\u00a0Brezhoneger ar bloaz\u00a0\u00bb 2000<br \/>\n aet gant Mignoned Anjela evit labour<br \/>\n embann an <\/em>Oberenn glok.<em><br \/>\n <\/em><\/span><span style=\"font-size: 8pt;\"><em>(A g. da z. : Corinne ar Mero, Anne Colin, Yann Celton,<br \/>\n Ronan Koadig, Gentas er Vuh\u00e9, Jean-Pierre Le Foll)<\/em><\/span><\/p>\n<\/td>\n<\/tr>\n<\/tbody>\n<\/table>\n<p>Ouzhpenn beza\u00f1 lakaet enlinenn ul lec&rsquo;hienn holl destenno\u00f9 Anjela Duval warni e oa bet embannet <a href=\"http:\/\/www.anjela.org\/oberenn\/quatre-poires\/?lang=bz\"><em>Quatre Poires,<\/em><\/a> un dastumad divyezhek barzhonego\u00f9 choazet ha troet en galleg gant Paol Keineg. Embannet e oa bet ivez un DVD warni ar film bet savet en 1971 gant Andre Voisin evit e rummad <a href=\"https:\/\/www.ina.fr\/video\/CPF86627104\">\u00ab Les Conteurs \u00bb<\/a>, en doa roet brud da Anjela e Breizh hag e Bro-C&rsquo;hall.<\/p>\n<p><span style=\"font-size: 14pt;\"><strong><img loading=\"lazy\" decoding=\"async\" class=\"size-medium wp-image-4359 alignleft\" src=\"http:\/\/www.anjela.org\/oberenn\/wp-content\/uploads\/2018\/06\/thumb-oberenn-glok-300x262.png\" alt=\"Oberenn glok Anjela Duval\" width=\"300\" height=\"262\" srcset=\"https:\/\/www.anjela.org\/oberenn\/wp-content\/uploads\/2018\/06\/thumb-oberenn-glok-300x262.png 300w, https:\/\/www.anjela.org\/oberenn\/wp-content\/uploads\/2018\/06\/thumb-oberenn-glok-768x671.png 768w, https:\/\/www.anjela.org\/oberenn\/wp-content\/uploads\/2018\/06\/thumb-oberenn-glok-1024x895.png 1024w, https:\/\/www.anjela.org\/oberenn\/wp-content\/uploads\/2018\/06\/thumb-oberenn-glok-750x655.png 750w, https:\/\/www.anjela.org\/oberenn\/wp-content\/uploads\/2018\/06\/thumb-oberenn-glok.png 1772w\" sizes=\"(max-width: 300px) 100vw, 300px\" \/><\/strong><\/span>Padal eo gant ar pezh mell <a href=\"http:\/\/www.anjela.org\/oberenn\/adembannadur-oberenn-glok-anjela-duval\/?lang=bz\"><em>Oberenn glok Anjela Duval<\/em><\/a>, embannet en 2000, adembannet en 2005 goude ma oa bet peurwerzhet, e oa aet ar gevredigezh Mignoned Anjela da vammenn ditouri\u00f1 penna\u00f1, anvezet gant an holl, pa vez kaoz deus oberenn barzhez-peizantez Trao\u00f1-an-Dour, bev-mat he levezon hirie c&rsquo;hoazh.<\/p>\n<p>Gant Mignoned Anjela, o kenlabourat gant Skol-veur Roazhon 2 ha Kuzul rannvro Breizh, e oa bet lakaet ivez <a href=\"http:\/\/bibnum.univ-rennes2.fr\/collections\/show\/15\">dornskrido\u00f9 Anjela Duval<\/a> da veza\u00f1 niverelaet hag embannet enlinenn.<\/p>\n<p>Da ge\u00f1ver ugentvet bloavezh Mignoned Anjela ec&rsquo;h eo bet adframmet al lec&rsquo;hienn web : warni emaoc&rsquo;h ! En ur vale a bajenn da bajenn ho po tro da lenn pe da adlenn oberenn Anjela Duval. Gwelet a c&rsquo;hallfet dornskrido\u00f9 zo e-tal-kichen ar <a href=\"http:\/\/www.anjela.org\/oberenn\/barzhonegou\/?lang=bz\">barzhonego\u00f9,<\/a> pe selaou <a href=\"http:\/\/www.anjela.org\/oberenn\/klevet_anjela\/?lang=bz\">tud o lenn<\/a> barzhonego\u00f9 zo ivez, pe c&rsquo;hoazh sellet ouzh <a href=\"http:\/\/www.anjela.org\/oberenn\/petits-clips-video\/\">videoio\u00f9<\/a> enlinenn, gant Anjela pe a denn diouti.<\/p>\n<p><img loading=\"lazy\" decoding=\"async\" class=\"size-medium wp-image-4379 alignright\" src=\"http:\/\/www.anjela.org\/oberenn\/wp-content\/uploads\/2017\/03\/golo-Anjela-300x218.png\" alt=\"\" width=\"300\" height=\"218\" srcset=\"https:\/\/www.anjela.org\/oberenn\/wp-content\/uploads\/2017\/03\/golo-Anjela-300x218.png 300w, https:\/\/www.anjela.org\/oberenn\/wp-content\/uploads\/2017\/03\/golo-Anjela.png 590w\" sizes=\"(max-width: 300px) 100vw, 300px\" \/><\/p>\n<p>&nbsp;<\/p>\n<p><strong>Darvoud penna\u00f1 ugentvet bloavezh ar gevredigezh avat eo embann ur romant treset, <em>Anjela,<\/em> a vo kavet er stalio\u00f9-levrio\u00f9 en diskar-amzer 2018 : bezit so\u00f1j e c&rsquo;hallit <a href=\"http:\/\/www.anjela.org\/oberenn\/wp-content\/uploads\/2018\/06\/ANJELA-rakpren-WEB.pdf\">gourc&rsquo;hemenn anezha\u00f1<\/a> diouzhtu en a-raok, a-benn kaout anezha\u00f1 kerkent ha ma vo embannet hag a-raok ma vefe kavet er stalio\u00f9-levrio\u00f9 memes !<\/strong><\/p>\n<p>&nbsp;<\/p>\n","protected":false},"excerpt":{"rendered":"<p>1998-2018&nbsp;: 20 vloaz eo Mignoned Anjela ! Gwarezi\u00f1, skigna\u00f1 ha bruda\u00f1 oberenn Anjela Duval (1905-1981) eo pal penna\u00f1 ar gevredigezh Mignoned Anjela, [&hellip;]<\/p>\n","protected":false},"author":2,"featured_media":0,"parent":0,"menu_order":0,"comment_status":"closed","ping_status":"closed","template":"","meta":{"_acf_changed":false,"ngg_post_thumbnail":0,"footnotes":""},"class_list":["post-4388","page","type-page","status-publish","hentry"],"acf":[],"yoast_head":"<!-- This site is optimized with the Yoast SEO plugin v27.4 - https:\/\/yoast.com\/product\/yoast-seo-wordpress\/ -->\n<title>Piv omp ? - Anjela Duval<\/title>\n<meta name=\"robots\" content=\"index, follow, max-snippet:-1, max-image-preview:large, max-video-preview:-1\" \/>\n<link rel=\"canonical\" href=\"https:\/\/www.anjela.org\/oberenn\/bz\/piv-omp\/\" \/>\n<meta property=\"og:locale\" content=\"fr_FR\" \/>\n<meta property=\"og:type\" content=\"article\" \/>\n<meta property=\"og:title\" content=\"Piv omp ? - Anjela Duval\" \/>\n<meta property=\"og:description\" content=\"1998-2018&nbsp;: 20 vloaz eo Mignoned Anjela ! Gwarezi\u00f1, skigna\u00f1 ha bruda\u00f1 oberenn Anjela Duval (1905-1981) eo pal penna\u00f1 ar gevredigezh Mignoned Anjela, [&hellip;]\" \/>\n<meta property=\"og:url\" content=\"https:\/\/www.anjela.org\/oberenn\/bz\/piv-omp\/\" \/>\n<meta property=\"og:site_name\" content=\"Anjela Duval\" \/>\n<meta property=\"article:modified_time\" content=\"2025-08-13T13:24:44+00:00\" \/>\n<meta property=\"og:image\" content=\"https:\/\/www.anjela.org\/oberenn\/wp-content\/uploads\/2017\/02\/K00502.jpg\" \/>\n\t<meta property=\"og:image:width\" content=\"1112\" \/>\n\t<meta property=\"og:image:height\" content=\"628\" \/>\n\t<meta property=\"og:image:type\" content=\"image\/jpeg\" \/>\n<meta name=\"twitter:card\" content=\"summary_large_image\" \/>\n<meta name=\"twitter:label1\" content=\"Dur\u00e9e de lecture estim\u00e9e\" \/>\n\t<meta name=\"twitter:data1\" content=\"2 minutes\" \/>\n<script type=\"application\/ld+json\" class=\"yoast-schema-graph\">{\"@context\":\"https:\\\/\\\/schema.org\",\"@graph\":[{\"@type\":\"WebPage\",\"@id\":\"https:\\\/\\\/www.anjela.org\\\/oberenn\\\/bz\\\/piv-omp\\\/\",\"url\":\"https:\\\/\\\/www.anjela.org\\\/oberenn\\\/bz\\\/piv-omp\\\/\",\"name\":\"Piv omp ? - Anjela Duval\",\"isPartOf\":{\"@id\":\"https:\\\/\\\/www.anjela.org\\\/oberenn\\\/#website\"},\"primaryImageOfPage\":{\"@id\":\"https:\\\/\\\/www.anjela.org\\\/oberenn\\\/bz\\\/piv-omp\\\/#primaryimage\"},\"image\":{\"@id\":\"https:\\\/\\\/www.anjela.org\\\/oberenn\\\/bz\\\/piv-omp\\\/#primaryimage\"},\"thumbnailUrl\":\"http:\\\/\\\/www.anjela.org\\\/oberenn\\\/wp-content\\\/uploads\\\/2017\\\/02\\\/K00502-300x169.jpg\",\"datePublished\":\"2018-06-10T10:11:26+00:00\",\"dateModified\":\"2025-08-13T13:24:44+00:00\",\"breadcrumb\":{\"@id\":\"https:\\\/\\\/www.anjela.org\\\/oberenn\\\/bz\\\/piv-omp\\\/#breadcrumb\"},\"inLanguage\":\"fr-FR\",\"potentialAction\":[{\"@type\":\"ReadAction\",\"target\":[\"https:\\\/\\\/www.anjela.org\\\/oberenn\\\/bz\\\/piv-omp\\\/\"]}]},{\"@type\":\"ImageObject\",\"inLanguage\":\"fr-FR\",\"@id\":\"https:\\\/\\\/www.anjela.org\\\/oberenn\\\/bz\\\/piv-omp\\\/#primaryimage\",\"url\":\"https:\\\/\\\/www.anjela.org\\\/oberenn\\\/wp-content\\\/uploads\\\/2017\\\/02\\\/K00502.jpg\",\"contentUrl\":\"https:\\\/\\\/www.anjela.org\\\/oberenn\\\/wp-content\\\/uploads\\\/2017\\\/02\\\/K00502.jpg\",\"width\":1112,\"height\":628,\"caption\":\"Mignoned Anjela\"},{\"@type\":\"BreadcrumbList\",\"@id\":\"https:\\\/\\\/www.anjela.org\\\/oberenn\\\/bz\\\/piv-omp\\\/#breadcrumb\",\"itemListElement\":[{\"@type\":\"ListItem\",\"position\":1,\"name\":\"Accueil\",\"item\":\"https:\\\/\\\/www.anjela.org\\\/oberenn\\\/\"},{\"@type\":\"ListItem\",\"position\":2,\"name\":\"Piv omp ?\"}]},{\"@type\":\"WebSite\",\"@id\":\"https:\\\/\\\/www.anjela.org\\\/oberenn\\\/#website\",\"url\":\"https:\\\/\\\/www.anjela.org\\\/oberenn\\\/\",\"name\":\"Anjela Duval\",\"description\":\"\",\"publisher\":{\"@id\":\"https:\\\/\\\/www.anjela.org\\\/oberenn\\\/#organization\"},\"potentialAction\":[{\"@type\":\"SearchAction\",\"target\":{\"@type\":\"EntryPoint\",\"urlTemplate\":\"https:\\\/\\\/www.anjela.org\\\/oberenn\\\/?s={search_term_string}\"},\"query-input\":{\"@type\":\"PropertyValueSpecification\",\"valueRequired\":true,\"valueName\":\"search_term_string\"}}],\"inLanguage\":\"fr-FR\"},{\"@type\":\"Organization\",\"@id\":\"https:\\\/\\\/www.anjela.org\\\/oberenn\\\/#organization\",\"name\":\"Mignoned Anjela\",\"url\":\"https:\\\/\\\/www.anjela.org\\\/oberenn\\\/\",\"logo\":{\"@type\":\"ImageObject\",\"inLanguage\":\"fr-FR\",\"@id\":\"https:\\\/\\\/www.anjela.org\\\/oberenn\\\/#\\\/schema\\\/logo\\\/image\\\/\",\"url\":\"https:\\\/\\\/www.anjela.org\\\/oberenn\\\/wp-content\\\/uploads\\\/2019\\\/11\\\/logo-mignoned-angela.png\",\"contentUrl\":\"https:\\\/\\\/www.anjela.org\\\/oberenn\\\/wp-content\\\/uploads\\\/2019\\\/11\\\/logo-mignoned-angela.png\",\"width\":248,\"height\":147,\"caption\":\"Mignoned Anjela\"},\"image\":{\"@id\":\"https:\\\/\\\/www.anjela.org\\\/oberenn\\\/#\\\/schema\\\/logo\\\/image\\\/\"}}]}<\/script>\n<!-- \/ Yoast SEO plugin. -->","yoast_head_json":{"title":"Piv omp ? - Anjela Duval","robots":{"index":"index","follow":"follow","max-snippet":"max-snippet:-1","max-image-preview":"max-image-preview:large","max-video-preview":"max-video-preview:-1"},"canonical":"https:\/\/www.anjela.org\/oberenn\/bz\/piv-omp\/","og_locale":"fr_FR","og_type":"article","og_title":"Piv omp ? - Anjela Duval","og_description":"1998-2018&nbsp;: 20 vloaz eo Mignoned Anjela ! Gwarezi\u00f1, skigna\u00f1 ha bruda\u00f1 oberenn Anjela Duval (1905-1981) eo pal penna\u00f1 ar gevredigezh Mignoned Anjela, [&hellip;]","og_url":"https:\/\/www.anjela.org\/oberenn\/bz\/piv-omp\/","og_site_name":"Anjela Duval","article_modified_time":"2025-08-13T13:24:44+00:00","og_image":[{"width":1112,"height":628,"url":"https:\/\/www.anjela.org\/oberenn\/wp-content\/uploads\/2017\/02\/K00502.jpg","type":"image\/jpeg"}],"twitter_card":"summary_large_image","twitter_misc":{"Dur\u00e9e de lecture estim\u00e9e":"2 minutes"},"schema":{"@context":"https:\/\/schema.org","@graph":[{"@type":"WebPage","@id":"https:\/\/www.anjela.org\/oberenn\/bz\/piv-omp\/","url":"https:\/\/www.anjela.org\/oberenn\/bz\/piv-omp\/","name":"Piv omp ? - Anjela Duval","isPartOf":{"@id":"https:\/\/www.anjela.org\/oberenn\/#website"},"primaryImageOfPage":{"@id":"https:\/\/www.anjela.org\/oberenn\/bz\/piv-omp\/#primaryimage"},"image":{"@id":"https:\/\/www.anjela.org\/oberenn\/bz\/piv-omp\/#primaryimage"},"thumbnailUrl":"http:\/\/www.anjela.org\/oberenn\/wp-content\/uploads\/2017\/02\/K00502-300x169.jpg","datePublished":"2018-06-10T10:11:26+00:00","dateModified":"2025-08-13T13:24:44+00:00","breadcrumb":{"@id":"https:\/\/www.anjela.org\/oberenn\/bz\/piv-omp\/#breadcrumb"},"inLanguage":"fr-FR","potentialAction":[{"@type":"ReadAction","target":["https:\/\/www.anjela.org\/oberenn\/bz\/piv-omp\/"]}]},{"@type":"ImageObject","inLanguage":"fr-FR","@id":"https:\/\/www.anjela.org\/oberenn\/bz\/piv-omp\/#primaryimage","url":"https:\/\/www.anjela.org\/oberenn\/wp-content\/uploads\/2017\/02\/K00502.jpg","contentUrl":"https:\/\/www.anjela.org\/oberenn\/wp-content\/uploads\/2017\/02\/K00502.jpg","width":1112,"height":628,"caption":"Mignoned Anjela"},{"@type":"BreadcrumbList","@id":"https:\/\/www.anjela.org\/oberenn\/bz\/piv-omp\/#breadcrumb","itemListElement":[{"@type":"ListItem","position":1,"name":"Accueil","item":"https:\/\/www.anjela.org\/oberenn\/"},{"@type":"ListItem","position":2,"name":"Piv omp ?"}]},{"@type":"WebSite","@id":"https:\/\/www.anjela.org\/oberenn\/#website","url":"https:\/\/www.anjela.org\/oberenn\/","name":"Anjela Duval","description":"","publisher":{"@id":"https:\/\/www.anjela.org\/oberenn\/#organization"},"potentialAction":[{"@type":"SearchAction","target":{"@type":"EntryPoint","urlTemplate":"https:\/\/www.anjela.org\/oberenn\/?s={search_term_string}"},"query-input":{"@type":"PropertyValueSpecification","valueRequired":true,"valueName":"search_term_string"}}],"inLanguage":"fr-FR"},{"@type":"Organization","@id":"https:\/\/www.anjela.org\/oberenn\/#organization","name":"Mignoned Anjela","url":"https:\/\/www.anjela.org\/oberenn\/","logo":{"@type":"ImageObject","inLanguage":"fr-FR","@id":"https:\/\/www.anjela.org\/oberenn\/#\/schema\/logo\/image\/","url":"https:\/\/www.anjela.org\/oberenn\/wp-content\/uploads\/2019\/11\/logo-mignoned-angela.png","contentUrl":"https:\/\/www.anjela.org\/oberenn\/wp-content\/uploads\/2019\/11\/logo-mignoned-angela.png","width":248,"height":147,"caption":"Mignoned Anjela"},"image":{"@id":"https:\/\/www.anjela.org\/oberenn\/#\/schema\/logo\/image\/"}}]}},"_links":{"self":[{"href":"https:\/\/www.anjela.org\/oberenn\/wp-json\/wp\/v2\/pages\/4388","targetHints":{"allow":["GET"]}}],"collection":[{"href":"https:\/\/www.anjela.org\/oberenn\/wp-json\/wp\/v2\/pages"}],"about":[{"href":"https:\/\/www.anjela.org\/oberenn\/wp-json\/wp\/v2\/types\/page"}],"author":[{"embeddable":true,"href":"https:\/\/www.anjela.org\/oberenn\/wp-json\/wp\/v2\/users\/2"}],"replies":[{"embeddable":true,"href":"https:\/\/www.anjela.org\/oberenn\/wp-json\/wp\/v2\/comments?post=4388"}],"version-history":[{"count":0,"href":"https:\/\/www.anjela.org\/oberenn\/wp-json\/wp\/v2\/pages\/4388\/revisions"}],"wp:attachment":[{"href":"https:\/\/www.anjela.org\/oberenn\/wp-json\/wp\/v2\/media?parent=4388"}],"curies":[{"name":"wp","href":"https:\/\/api.w.org\/{rel}","templated":true}]}}