{"id":2568,"date":"2017-10-18T00:17:08","date_gmt":"2017-10-17T22:17:08","guid":{"rendered":"http:\/\/www.anjela.org\/oberenn\/?page_id=2568"},"modified":"2025-08-13T15:24:45","modified_gmt":"2025-08-13T13:24:45","slug":"rimostellou-ha-kanaouennou-rimostellou","status":"publish","type":"page","link":"https:\/\/www.anjela.org\/oberenn\/bz\/rimostellou-ha-kanaouennou-rimostellou\/","title":{"rendered":"Rimostello\u00f9 ha kanaouenno\u00f9 &#8211; Rimostello\u00f9"},"content":{"rendered":"<h2>Da dripal ar poupigo\u00f9<\/h2>\n<p>Hu ! hu ! marc&rsquo;hig gwenn <br \/>\n Da Lannuon penn-da-benn<\/p>\n<p>Toup a Loriette, toup a Loria <br \/>\n Sell ar marc&rsquo;hig bihan<br \/>\n Pegen buan ec&rsquo;h a<\/p>\n<p>Ha va c&rsquo;hi zo o neza\u00f1 gloan <br \/>\n D&rsquo;ober ur loero\u00f9 da Varjan<\/p>\n<p>Hei ! hei ! Trikotin<br \/>\n Da Lannuon davit gwin <br \/>\n Davit gwin ha bara mat <br \/>\n Da Jobig a zo paotr mat <br \/>\n Hag Ifig a zo paotr drouk<br \/>\n &lsquo;Chomo &lsquo;r g\u00ear da glouka\u00f1 soub.<\/p>\n<h3>Rimostello\u00f9 micherio\u00f9<\/h3>\n<h4>Ar c&rsquo;hemener<\/h4>\n<p>Fliw, fliw va sizailh<br \/>\n Diwall da vankout war da dailh <br \/>\n Ha te va beskenn<br \/>\n Bount an nadoz penn-da-benn !<\/p>\n<p>Dour er soubenn ! Erru eo ar gemenerien !<\/p>\n<p>Ar c&rsquo;hemener na n&rsquo;eo ket un den<br \/>\n Nemet kemener n&rsquo;eo ken <br \/>\n Ar c&rsquo;hemener na virit ket<br \/>\n Beza\u00f1 interret en douar binniget <br \/>\n Beza\u00f1 interret &lsquo;kreiz ur parkad kerc&rsquo;h <br \/>\n Holl chas ar barrouz war e lerc&rsquo;h<\/p>\n<h4>Ar miliner<\/h4>\n<p>Milin g-Kernafreg<br \/>\n Pa vez dour ne vez ket a ed<br \/>\n Pa vez ed ne vez ket a zour<br \/>\n Ha pa vez an eil seurt hag egile <br \/>\n &lsquo;vez ar vilin war he c&rsquo;hostez<br \/>\n Pe ar miliner en e wele<\/p>\n<h4>Ar marichal<\/h4>\n<p>Marichal du baribolett<br \/>\n Skei\u00f1 war an tomm &lsquo;korf e roched<\/p>\n<h4>Ar gwiader<\/h4>\n<p>Bet an o&rsquo;ac&rsquo;h ha bet ar wreg <br \/>\n Ha gwerzh-butun n&rsquo;eus ket bet <br \/>\n Bet ar wreg hag aet en hent <br \/>\n Greomp lien evelkent<br \/>\n Taol ha taol, taol ha taol <br \/>\n Taol ha taol, taol ha taol<\/p>\n<h4>Ar ramoner<\/h4>\n<p>Ramonesi ! Ramonesa !<br \/>\n Pemp kwenneg hag e damm bara !<\/p>\n<h4>Ar marc&rsquo;hadour higolenno\u00f9<\/h4>\n<p>Mein-lemma\u00f1 ! Mein da lemma\u00f1 ! Mein a Lombardi !<\/p>\n<h4>Ar falc&rsquo;her o lemma\u00f1. An higolenn a gomz d&rsquo;ar falc&rsquo;h :<\/h4>\n<p>Da zremm &lsquo;vo lemm <br \/>\n Da zremm &lsquo;vo lemm !<\/p>\n<h4>Ar gontell &lsquo;vez frotet war ur maen evit he lemma\u00f1 :<\/h4>\n<p>Truez, truez, truez, truez !<\/p>\n<p>&nbsp;<\/p>\n<h3><a name=\"_TOC_250005\"><\/a>Rimostello\u00f9 all<\/h3>\n<p>Ro\u00f1gn ha ro\u00f1gn Pipi vihan <br \/>\n Un askorn bras ha kig bihan<br \/>\n Soubenn galz ha soub nebeut<br \/>\n Ha tanfoeltr tamm ma vez gallet<\/p>\n<p>Bimbalao\u00f1ig Kaouenneg <br \/>\n Marv eo Jegou Lorgenneg<br \/>\n Ar c&rsquo;hleier bihan o son ka\u00f1vo(\u00f9) <br \/>\n Dre holl dezha\u00f1 &lsquo;baoe eo marv <br \/>\n Kloc&rsquo;h Kemperven, kloc&rsquo;h Langoad <br \/>\n Kloc&rsquo;h Koadreven hag Hengoad <br \/>\n Kloc&rsquo;h ar Roc&rsquo;h, ar Vinic&rsquo;hi<br \/>\n Sant-Jili ha Trogeri<br \/>\n Kemper-Gwezhenneg hag ar Faoued <br \/>\n Hag an iliz kaer a Bloueg<\/p>\n<h4>Mari-Job<\/h4>\n<p>Pa gouezh a ra \u00ab strop \u00bb, <br \/>\n Pa sav a ra \u00ab hop ! \u00bb<br \/>\n A-vimpi Mari-Job.<\/p>\n<p>Ma &lsquo;m bije ken alies a vuoc&rsquo;h laezh <br \/>\n &lsquo;Vel a dogan zo war ar maez,<br \/>\n Me &lsquo;raje kaouled ha laezh-tro <br \/>\n Da holl doganed ma bro.<\/p>\n<p>Ma &lsquo;m bije ken alies a vuoc&rsquo;h laezh <br \/>\n &lsquo;Vel a dogan zo war ar maez,<br \/>\n Me &lsquo;savje ur foar war dosenn Bre <br \/>\n Kalz kaeroc&rsquo;h &lsquo;vit ar foar nevez.<\/p>\n<h4>Pater ar charretour<\/h4>\n<p>Pater, Ave hag adarre<br \/>\n Doue, c&rsquo;hwi &lsquo;oar ar wirionez<br \/>\n Me zo skuizh, me &lsquo;ya d&rsquo;am gwele<\/p>\n<h4>Rimostello\u00f9 Pauline ar Gwenn<\/h4>\n<p>Mari drapez, Yann gaoc&rsquo;h saout <br \/>\n Deus dre ama\u00f1 gant da saout <br \/>\n An hent all a zo stoufet<br \/>\n Gant an de\u00f1ved o kac&rsquo;het<\/p>\n<p>Herve bihan zo paotr mat <br \/>\n Ez ay da vale gant e dad&nbsp; <br \/>\n En devo per, en devo krao\u00f1 <br \/>\n En devo tout ar madigo\u00f9 H<br \/>\n ag ur paiplu ruz<br \/>\n Hag un turlututu<\/p>\n<p>Herve bihan a blij din <br \/>\n Kalz a labour a ra din<br \/>\n Gorro &lsquo;r saout, o c&rsquo;has er-maez <br \/>\n Hag ober kaouled gant o laezh <br \/>\n Mont d&rsquo;ar c&rsquo;hav da gerc&rsquo;hat gwin <br \/>\n Poz ar voutailh war ar min <sub>36<\/sub><\/p>\n<p>Mont d&rsquo;ar c&rsquo;hostez da droc&rsquo;ha\u00f1 kig <br \/>\nHag en poazhat magnifik<\/p>\n<p>Kazel ha kazel va dimezell<br \/>\nToupenn ha toupenn va c&rsquo;hasketenn <br \/>\nTapet eo Janed en diretenn<\/p>\n<p>Pater noster lost al leue<br \/>\nMe &lsquo;oar va fater koulz ha te <br \/>\nMa breur bihan &lsquo;oar ivez <br \/>\nP&rsquo;an deus desket d&rsquo;ar c&rsquo;hure <br \/>\nAr c&rsquo;hure diwar e dron<\/p>\n<p>En deus desket d&rsquo;an Itron <br \/>\nAn Itron diwar he revr<br \/>\nHe deus desket d&rsquo;ar c&rsquo;hwil-derv<\/p>\n<p>Dominus vobiscum<br \/>\nAet eo ar person da Rom<br \/>\nDa zebri\u00f1 krampouezh tomm<br \/>\nAn Aotrou kure zo chomet er-g\u00ear <br \/>\nDa dorcha\u00f1 e voto\u00f9 l\u00ear<br \/>\nDa vont &lsquo;benn arc&rsquo;hoazh da bardon P\u00ear <br \/>\nDa zebri\u00f1 krampouezh berr<br \/>\nMa n&rsquo;on ket dimezet Ma karjen e oan<br \/>\nBet zo eus va goulenn <br \/>\nKalz a baotred koant <br \/>\nBet eo paotr ar saout <br \/>\nBet eo paotr ar moc&rsquo;h <br \/>\nBet eo frot e gein<br \/>\nBet eo skrab e gof <br \/>\nPilhenn ha truilhenn<br \/>\nZo bet ouzh va goulenn<\/p>\n<h4>Melanie Diouris<\/h4>\n<p>Do-do kocheri<br \/>\nPaotr bihan e vamm <br \/>\nPaotr mat eo din<\/p>\n<h4>Marie Boulanger<\/h4>\n<p>Warc&rsquo;hoazh ar beure, beure mat <br \/>\nMe &lsquo;yelo da chaseal ar c&rsquo;had<br \/>\nAr c&rsquo;had a yelo da lanneg veg <br \/>\nHa me war-lerc&rsquo;h ar c&rsquo;hefeleg. <br \/>\nAr c&rsquo;hefeleg a yel d&rsquo;e glud<br \/>\nHa me war-lerc&rsquo;h an dud <br \/>\nAn dud a yel d&rsquo;o gweleo\u00f9 <br \/>\nHa me war-lerc&rsquo;h al leueo\u00f9<br \/>\nLeueo\u00f9 &lsquo;yel d&rsquo;o frad<br \/>\nHa me war-lerc&rsquo;h an houad <br \/>\nAn houad a yel d&rsquo;al lenn<br \/>\n\u2026<br \/>\n\u2026 d&rsquo;an ti<br \/>\nHa me war-lerc&rsquo;h e gi<br \/>\nE gi &lsquo;oa kavet &lsquo;kichen Kastell-Paol <br \/>\nO tebri\u00f1 kig ha kaol<br \/>\nHa bara-amann disholen<\/p>\n","protected":false},"excerpt":{"rendered":"<p>Da dripal ar poupigo\u00f9 Hu ! hu ! marc&rsquo;hig gwenn Da Lannuon penn-da-benn Toup a Loriette, toup a Loria Sell ar marc&rsquo;hig [&hellip;]<\/p>\n","protected":false},"author":1,"featured_media":0,"parent":0,"menu_order":0,"comment_status":"closed","ping_status":"closed","template":"","meta":{"_acf_changed":false,"ngg_post_thumbnail":0,"footnotes":""},"class_list":["post-2568","page","type-page","status-publish","hentry"],"acf":[],"yoast_head":"<!-- This site is optimized with the Yoast SEO plugin v27.5 - https:\/\/yoast.com\/product\/yoast-seo-wordpress\/ -->\n<title>Rimostello\u00f9 ha kanaouenno\u00f9 - Rimostello\u00f9 - Anjela Duval<\/title>\n<meta name=\"robots\" content=\"index, follow, max-snippet:-1, max-image-preview:large, max-video-preview:-1\" \/>\n<link rel=\"canonical\" href=\"https:\/\/www.anjela.org\/oberenn\/bz\/rimostellou-ha-kanaouennou-rimostellou\/\" \/>\n<meta property=\"og:locale\" content=\"fr_FR\" \/>\n<meta property=\"og:type\" content=\"article\" \/>\n<meta property=\"og:title\" content=\"Rimostello\u00f9 ha kanaouenno\u00f9 - Rimostello\u00f9 - Anjela Duval\" \/>\n<meta property=\"og:description\" content=\"Da dripal ar poupigo\u00f9 Hu ! hu ! marc&rsquo;hig gwenn Da Lannuon penn-da-benn Toup a Loriette, toup a Loria Sell ar marc&rsquo;hig [&hellip;]\" \/>\n<meta property=\"og:url\" content=\"https:\/\/www.anjela.org\/oberenn\/bz\/rimostellou-ha-kanaouennou-rimostellou\/\" \/>\n<meta property=\"og:site_name\" content=\"Anjela Duval\" \/>\n<meta property=\"article:modified_time\" content=\"2025-08-13T13:24:45+00:00\" \/>\n<meta name=\"twitter:card\" content=\"summary_large_image\" \/>\n<meta name=\"twitter:label1\" content=\"Dur\u00e9e de lecture estim\u00e9e\" \/>\n\t<meta name=\"twitter:data1\" content=\"4 minutes\" \/>\n<script type=\"application\/ld+json\" class=\"yoast-schema-graph\">{\"@context\":\"https:\\\/\\\/schema.org\",\"@graph\":[{\"@type\":\"WebPage\",\"@id\":\"https:\\\/\\\/www.anjela.org\\\/oberenn\\\/bz\\\/rimostellou-ha-kanaouennou-rimostellou\\\/\",\"url\":\"https:\\\/\\\/www.anjela.org\\\/oberenn\\\/bz\\\/rimostellou-ha-kanaouennou-rimostellou\\\/\",\"name\":\"Rimostello\u00f9 ha kanaouenno\u00f9 - Rimostello\u00f9 - Anjela Duval\",\"isPartOf\":{\"@id\":\"https:\\\/\\\/www.anjela.org\\\/oberenn\\\/#website\"},\"datePublished\":\"2017-10-17T22:17:08+00:00\",\"dateModified\":\"2025-08-13T13:24:45+00:00\",\"breadcrumb\":{\"@id\":\"https:\\\/\\\/www.anjela.org\\\/oberenn\\\/bz\\\/rimostellou-ha-kanaouennou-rimostellou\\\/#breadcrumb\"},\"inLanguage\":\"fr-FR\",\"potentialAction\":[{\"@type\":\"ReadAction\",\"target\":[\"https:\\\/\\\/www.anjela.org\\\/oberenn\\\/bz\\\/rimostellou-ha-kanaouennou-rimostellou\\\/\"]}]},{\"@type\":\"BreadcrumbList\",\"@id\":\"https:\\\/\\\/www.anjela.org\\\/oberenn\\\/bz\\\/rimostellou-ha-kanaouennou-rimostellou\\\/#breadcrumb\",\"itemListElement\":[{\"@type\":\"ListItem\",\"position\":1,\"name\":\"Accueil\",\"item\":\"https:\\\/\\\/www.anjela.org\\\/oberenn\\\/\"},{\"@type\":\"ListItem\",\"position\":2,\"name\":\"Rimostello\u00f9 ha kanaouenno\u00f9 &#8211; Rimostello\u00f9\"}]},{\"@type\":\"WebSite\",\"@id\":\"https:\\\/\\\/www.anjela.org\\\/oberenn\\\/#website\",\"url\":\"https:\\\/\\\/www.anjela.org\\\/oberenn\\\/\",\"name\":\"Anjela Duval\",\"description\":\"\",\"publisher\":{\"@id\":\"https:\\\/\\\/www.anjela.org\\\/oberenn\\\/#organization\"},\"potentialAction\":[{\"@type\":\"SearchAction\",\"target\":{\"@type\":\"EntryPoint\",\"urlTemplate\":\"https:\\\/\\\/www.anjela.org\\\/oberenn\\\/?s={search_term_string}\"},\"query-input\":{\"@type\":\"PropertyValueSpecification\",\"valueRequired\":true,\"valueName\":\"search_term_string\"}}],\"inLanguage\":\"fr-FR\"},{\"@type\":\"Organization\",\"@id\":\"https:\\\/\\\/www.anjela.org\\\/oberenn\\\/#organization\",\"name\":\"Mignoned Anjela\",\"url\":\"https:\\\/\\\/www.anjela.org\\\/oberenn\\\/\",\"logo\":{\"@type\":\"ImageObject\",\"inLanguage\":\"fr-FR\",\"@id\":\"https:\\\/\\\/www.anjela.org\\\/oberenn\\\/#\\\/schema\\\/logo\\\/image\\\/\",\"url\":\"https:\\\/\\\/www.anjela.org\\\/oberenn\\\/wp-content\\\/uploads\\\/2019\\\/11\\\/logo-mignoned-angela.png\",\"contentUrl\":\"https:\\\/\\\/www.anjela.org\\\/oberenn\\\/wp-content\\\/uploads\\\/2019\\\/11\\\/logo-mignoned-angela.png\",\"width\":248,\"height\":147,\"caption\":\"Mignoned Anjela\"},\"image\":{\"@id\":\"https:\\\/\\\/www.anjela.org\\\/oberenn\\\/#\\\/schema\\\/logo\\\/image\\\/\"}}]}<\/script>\n<!-- \/ Yoast SEO plugin. -->","yoast_head_json":{"title":"Rimostello\u00f9 ha kanaouenno\u00f9 - Rimostello\u00f9 - Anjela Duval","robots":{"index":"index","follow":"follow","max-snippet":"max-snippet:-1","max-image-preview":"max-image-preview:large","max-video-preview":"max-video-preview:-1"},"canonical":"https:\/\/www.anjela.org\/oberenn\/bz\/rimostellou-ha-kanaouennou-rimostellou\/","og_locale":"fr_FR","og_type":"article","og_title":"Rimostello\u00f9 ha kanaouenno\u00f9 - Rimostello\u00f9 - Anjela Duval","og_description":"Da dripal ar poupigo\u00f9 Hu ! hu ! marc&rsquo;hig gwenn Da Lannuon penn-da-benn Toup a Loriette, toup a Loria Sell ar marc&rsquo;hig [&hellip;]","og_url":"https:\/\/www.anjela.org\/oberenn\/bz\/rimostellou-ha-kanaouennou-rimostellou\/","og_site_name":"Anjela Duval","article_modified_time":"2025-08-13T13:24:45+00:00","twitter_card":"summary_large_image","twitter_misc":{"Dur\u00e9e de lecture estim\u00e9e":"4 minutes"},"schema":{"@context":"https:\/\/schema.org","@graph":[{"@type":"WebPage","@id":"https:\/\/www.anjela.org\/oberenn\/bz\/rimostellou-ha-kanaouennou-rimostellou\/","url":"https:\/\/www.anjela.org\/oberenn\/bz\/rimostellou-ha-kanaouennou-rimostellou\/","name":"Rimostello\u00f9 ha kanaouenno\u00f9 - Rimostello\u00f9 - Anjela Duval","isPartOf":{"@id":"https:\/\/www.anjela.org\/oberenn\/#website"},"datePublished":"2017-10-17T22:17:08+00:00","dateModified":"2025-08-13T13:24:45+00:00","breadcrumb":{"@id":"https:\/\/www.anjela.org\/oberenn\/bz\/rimostellou-ha-kanaouennou-rimostellou\/#breadcrumb"},"inLanguage":"fr-FR","potentialAction":[{"@type":"ReadAction","target":["https:\/\/www.anjela.org\/oberenn\/bz\/rimostellou-ha-kanaouennou-rimostellou\/"]}]},{"@type":"BreadcrumbList","@id":"https:\/\/www.anjela.org\/oberenn\/bz\/rimostellou-ha-kanaouennou-rimostellou\/#breadcrumb","itemListElement":[{"@type":"ListItem","position":1,"name":"Accueil","item":"https:\/\/www.anjela.org\/oberenn\/"},{"@type":"ListItem","position":2,"name":"Rimostello\u00f9 ha kanaouenno\u00f9 &#8211; Rimostello\u00f9"}]},{"@type":"WebSite","@id":"https:\/\/www.anjela.org\/oberenn\/#website","url":"https:\/\/www.anjela.org\/oberenn\/","name":"Anjela Duval","description":"","publisher":{"@id":"https:\/\/www.anjela.org\/oberenn\/#organization"},"potentialAction":[{"@type":"SearchAction","target":{"@type":"EntryPoint","urlTemplate":"https:\/\/www.anjela.org\/oberenn\/?s={search_term_string}"},"query-input":{"@type":"PropertyValueSpecification","valueRequired":true,"valueName":"search_term_string"}}],"inLanguage":"fr-FR"},{"@type":"Organization","@id":"https:\/\/www.anjela.org\/oberenn\/#organization","name":"Mignoned Anjela","url":"https:\/\/www.anjela.org\/oberenn\/","logo":{"@type":"ImageObject","inLanguage":"fr-FR","@id":"https:\/\/www.anjela.org\/oberenn\/#\/schema\/logo\/image\/","url":"https:\/\/www.anjela.org\/oberenn\/wp-content\/uploads\/2019\/11\/logo-mignoned-angela.png","contentUrl":"https:\/\/www.anjela.org\/oberenn\/wp-content\/uploads\/2019\/11\/logo-mignoned-angela.png","width":248,"height":147,"caption":"Mignoned Anjela"},"image":{"@id":"https:\/\/www.anjela.org\/oberenn\/#\/schema\/logo\/image\/"}}]}},"_links":{"self":[{"href":"https:\/\/www.anjela.org\/oberenn\/wp-json\/wp\/v2\/pages\/2568","targetHints":{"allow":["GET"]}}],"collection":[{"href":"https:\/\/www.anjela.org\/oberenn\/wp-json\/wp\/v2\/pages"}],"about":[{"href":"https:\/\/www.anjela.org\/oberenn\/wp-json\/wp\/v2\/types\/page"}],"author":[{"embeddable":true,"href":"https:\/\/www.anjela.org\/oberenn\/wp-json\/wp\/v2\/users\/1"}],"replies":[{"embeddable":true,"href":"https:\/\/www.anjela.org\/oberenn\/wp-json\/wp\/v2\/comments?post=2568"}],"version-history":[{"count":0,"href":"https:\/\/www.anjela.org\/oberenn\/wp-json\/wp\/v2\/pages\/2568\/revisions"}],"wp:attachment":[{"href":"https:\/\/www.anjela.org\/oberenn\/wp-json\/wp\/v2\/media?parent=2568"}],"curies":[{"name":"wp","href":"https:\/\/api.w.org\/{rel}","templated":true}]}}