{"id":2498,"date":"2017-10-15T22:53:55","date_gmt":"2017-10-15T20:53:55","guid":{"rendered":"http:\/\/www.anjela.org\/oberenn\/?page_id=2498"},"modified":"2025-08-13T15:18:25","modified_gmt":"2025-08-13T13:18:25","slug":"an-aviz","status":"publish","type":"page","link":"https:\/\/www.anjela.org\/oberenn\/bz\/an-aviz\/","title":{"rendered":"An aviz"},"content":{"rendered":"<p style=\"text-align: justify;\">Foar Ouel Yann &lsquo;oa en Lannuon. Herri en devoa un dra bennak o tresa\u00f1 en k\u00ear. Sa\u00f1set &lsquo;oa lavaret dezha\u00f1 a-benn ar foar e vije fichet. Met pa erruas da glask e dra n&rsquo;oa ket prest a-walc&rsquo;h. Ret e oa gortoz ur pennad.<\/p>\n<p style=\"text-align: justify;\">Setu Herri oc&rsquo;h ober un tamm tro war ar Marc&rsquo;hallac&rsquo;h, war ar Foarlac&rsquo;h, da welet ha da glevet priz an trao\u00f9 hag al loened. Kaout a rae hema\u00f1, hennont, tud eus e anaoudegezh, hag un tamm kaozeadenn gant pep hini&nbsp;!\u2026 Keja\u00f1 &lsquo;reas gant ur mignon kozh o tont, emeza\u00f1, eus ti un alvokad, bet o c&rsquo;houlenn un aviz.<\/p>\n<p style=\"text-align: justify;\">Herri ne oa bet biskoazh e dreid en ti alvokad ebet. Klevet komz outo evel eus tud mat-hardizh o geno\u00f9, gwidre\u00fcs ha desket-bras en devoa graet avat. Setu ma oa krog e damm spered da labourat. Un ali pe un aviz, eme Herri, se &lsquo;dle beza\u00f1 ar memes tra. Ha daoust pegement e koust an dra-se ? Ma karfe beza\u00f1 goulennet digant Fa\u00f1ch !\u2026 Ma feiz, pa rankan gortoz ha pa &lsquo;c&rsquo;h on ama\u00f1 o treina\u00f1 ar c&rsquo;hi a-bouez e lost ez an da antren da c&rsquo;houlenn me ivez un aviz ! Un ali mat zo mat na pa vez digant ur sod, hervez &lsquo;lavare ar re gozh. Ret eo din gwelet petore ka\u00f1farded eo an aotrounez-ma\u00f1, eme Herri, &lsquo;n ur vont en ti.<\/p>\n<p style=\"text-align: justify;\">P&rsquo;erruas e dro da vont er burev e c&rsquo;houlennas an aotrou diganta\u00f1 :<\/p>\n<p style=\"text-align: justify;\">\u00ab&nbsp;Ha c&rsquo;hwi, ma den mat, petra eo hoc&rsquo;h afer ?<br \/>\n\u2013&nbsp;O, eme Herri, me n&rsquo;am eus afer ebet avat.<br \/>\n\u2013&nbsp;Petra zo neuze &lsquo;vit ho servij ?<br \/>\n\u2013&nbsp;Deut &lsquo;oan da c&rsquo;houlenn un aviz diganeoc&rsquo;h\u2026 rak klevet em eus ordinal penaos un aviz mat zo mat bepred ha pa ve&rsquo; digant ur sod &lsquo;vefe&nbsp;; hogen, un aviz digant un alvokad am eus ar gredenn e tle kaout talvoudegezh. \u00bb<\/p>\n<p style=\"text-align: justify;\">Sellet &lsquo;rae un tamm a-gorn an aotrou ouzh Herri. Daoust, a so\u00f1je moarvat, petra eo ar pichon-ma\u00f1&nbsp;?<\/p>\n<p style=\"text-align: justify;\">\u00ab&nbsp;Boen, emeza\u00f1, va den mat. Setu ama\u00f1 gwella\u00f1 aviz a c&rsquo;hellan rei\u00f1 deoc&rsquo;h, selaouit mat&nbsp;: na lezit ket da ober ac&rsquo;hann da arc&rsquo;hoazh ar pezh a c&rsquo;hellit ober hiziv\u2026 Kompren a rit&nbsp;?<br \/>\n\u2013&nbsp;Ya, ya, eme Herri (war an taol ne gomprenas ket kalz tra &lsquo;vat). Boen, pegement eo o kont neuze, aotrou&nbsp;?<br \/>\n\u2013&nbsp;Eizh real, va den mat. \u00bb (Pell zo abaoe, triwec&rsquo;h real, a lavare va zad-kozh, &lsquo;oa arc&rsquo;hant kerc&rsquo;h d&rsquo;an amzer-se.)<\/p>\n<p style=\"text-align: justify;\">Ha Herri a-raok &lsquo;n ur saludi\u00f1.<\/p>\n<p style=\"text-align: justify;\">War hent ar g\u00ear avat ne baoueze ket da so\u00f1jal en aviz an alvokad. Trei\u00f1 ha dizrei\u00f1 a rae ar mennoz-se &lsquo;n e spered : na lezit ket ac&rsquo;hann da arc&rsquo;hoazh ar pezh &lsquo;c&rsquo;hellit ober hiziv. Daoust petra &lsquo;c&rsquo;hellfen ober hiziv &lsquo;ta&nbsp;? Marteze, ma ve&rsquo; sec&rsquo;h a-walc&rsquo;h ar foenn &lsquo;c&rsquo;hellfen tapout ur garg bennak brema\u00f1-souden\u2026<\/p>\n<p style=\"text-align: justify;\">E foenn a oa a-stlabez. Lavaret en doa d&rsquo;ar vugale trei\u00f1 ha bernia\u00f1 bepred &lsquo;vit gellout a-benn an deiz war-lerc&rsquo;h mont d&rsquo;ober un dro da Ouel Yann Lannuon. Erru &lsquo;oant tud yaouank en tailh dont da bardona\u00f1.<\/p>\n<p style=\"text-align: justify;\">Hasta\u00f1 a rae Herri. Sellet a rae eus an amzer. \u00ab&nbsp;Korboni\u00f1 &lsquo;ra, emeza\u00f1, &lsquo;vo ket pell ken hep glav, ha mat ar foenn da charreat\u2026 Hastomp ! \u00bb<\/p>\n<p style=\"text-align: justify;\">Erru er g\u00ear, e lavaras d&rsquo;ar baotred staga\u00f1 diouzhtu. \u00ab&nbsp;A-benn ho po kerc&rsquo;het ur garg am bezo debret un tamm ha che\u00f1chet va dilhad.&nbsp;\u00bb<\/p>\n<p style=\"text-align: justify;\">&lsquo;Oa ket stad er vugale o klevet-se. Kaout &lsquo;rae dezho beza\u00f1 graet labour a-walc&rsquo;h o trei\u00f1 hag o vernia\u00f1 foenn dindan an tommder bras hag erru &lsquo;oa an abardaez.<\/p>\n<p style=\"text-align: justify;\">N&rsquo;eus forzh ! Gant &lsquo;n em sikour ha derc&rsquo;hel tenn &lsquo;oa deut ar foenn d&rsquo;ar g\u00ear a-raok ar glav. Krog &lsquo;oa kurun da strakal &lsquo;benn &lsquo;oa echu da vernia\u00f1 pe da berchenni\u00f1 ar foenn. &lsquo;Oa ket debret abred koan avat, met kontant &lsquo;oa Herri o veza\u00f1 bet o klevet un aviz digant an alvokad rak dour-bil a reas en noz-se hag e foenn a oa erru er g\u00ear en savete.<\/p>\n<p style=\"text-align: justify;\">&nbsp;<\/p>\n","protected":false},"excerpt":{"rendered":"<p>Foar Ouel Yann &lsquo;oa en Lannuon. Herri en devoa un dra bennak o tresa\u00f1 en k\u00ear. Sa\u00f1set &lsquo;oa lavaret dezha\u00f1 a-benn ar [&hellip;]<\/p>\n","protected":false},"author":1,"featured_media":0,"parent":0,"menu_order":0,"comment_status":"closed","ping_status":"closed","template":"","meta":{"_acf_changed":false,"ngg_post_thumbnail":0,"footnotes":""},"class_list":["post-2498","page","type-page","status-publish","hentry"],"acf":[],"yoast_head":"<!-- This site is optimized with the Yoast SEO plugin v27.5 - https:\/\/yoast.com\/product\/yoast-seo-wordpress\/ -->\n<title>An aviz - Anjela Duval<\/title>\n<meta name=\"robots\" content=\"index, follow, max-snippet:-1, max-image-preview:large, max-video-preview:-1\" \/>\n<link rel=\"canonical\" href=\"https:\/\/www.anjela.org\/oberenn\/bz\/an-aviz\/\" \/>\n<meta property=\"og:locale\" content=\"fr_FR\" \/>\n<meta property=\"og:type\" content=\"article\" \/>\n<meta property=\"og:title\" content=\"An aviz - Anjela Duval\" \/>\n<meta property=\"og:description\" content=\"Foar Ouel Yann &lsquo;oa en Lannuon. Herri en devoa un dra bennak o tresa\u00f1 en k\u00ear. Sa\u00f1set &lsquo;oa lavaret dezha\u00f1 a-benn ar [&hellip;]\" \/>\n<meta property=\"og:url\" content=\"https:\/\/www.anjela.org\/oberenn\/bz\/an-aviz\/\" \/>\n<meta property=\"og:site_name\" content=\"Anjela Duval\" \/>\n<meta property=\"article:modified_time\" content=\"2025-08-13T13:18:25+00:00\" \/>\n<meta name=\"twitter:card\" content=\"summary_large_image\" \/>\n<meta name=\"twitter:label1\" content=\"Dur\u00e9e de lecture estim\u00e9e\" \/>\n\t<meta name=\"twitter:data1\" content=\"3 minutes\" \/>\n<script type=\"application\/ld+json\" class=\"yoast-schema-graph\">{\"@context\":\"https:\\\/\\\/schema.org\",\"@graph\":[{\"@type\":\"WebPage\",\"@id\":\"https:\\\/\\\/www.anjela.org\\\/oberenn\\\/bz\\\/an-aviz\\\/\",\"url\":\"https:\\\/\\\/www.anjela.org\\\/oberenn\\\/bz\\\/an-aviz\\\/\",\"name\":\"An aviz - Anjela Duval\",\"isPartOf\":{\"@id\":\"https:\\\/\\\/www.anjela.org\\\/oberenn\\\/#website\"},\"datePublished\":\"2017-10-15T20:53:55+00:00\",\"dateModified\":\"2025-08-13T13:18:25+00:00\",\"breadcrumb\":{\"@id\":\"https:\\\/\\\/www.anjela.org\\\/oberenn\\\/bz\\\/an-aviz\\\/#breadcrumb\"},\"inLanguage\":\"fr-FR\",\"potentialAction\":[{\"@type\":\"ReadAction\",\"target\":[\"https:\\\/\\\/www.anjela.org\\\/oberenn\\\/bz\\\/an-aviz\\\/\"]}]},{\"@type\":\"BreadcrumbList\",\"@id\":\"https:\\\/\\\/www.anjela.org\\\/oberenn\\\/bz\\\/an-aviz\\\/#breadcrumb\",\"itemListElement\":[{\"@type\":\"ListItem\",\"position\":1,\"name\":\"Accueil\",\"item\":\"https:\\\/\\\/www.anjela.org\\\/oberenn\\\/\"},{\"@type\":\"ListItem\",\"position\":2,\"name\":\"An aviz\"}]},{\"@type\":\"WebSite\",\"@id\":\"https:\\\/\\\/www.anjela.org\\\/oberenn\\\/#website\",\"url\":\"https:\\\/\\\/www.anjela.org\\\/oberenn\\\/\",\"name\":\"Anjela Duval\",\"description\":\"\",\"publisher\":{\"@id\":\"https:\\\/\\\/www.anjela.org\\\/oberenn\\\/#organization\"},\"potentialAction\":[{\"@type\":\"SearchAction\",\"target\":{\"@type\":\"EntryPoint\",\"urlTemplate\":\"https:\\\/\\\/www.anjela.org\\\/oberenn\\\/?s={search_term_string}\"},\"query-input\":{\"@type\":\"PropertyValueSpecification\",\"valueRequired\":true,\"valueName\":\"search_term_string\"}}],\"inLanguage\":\"fr-FR\"},{\"@type\":\"Organization\",\"@id\":\"https:\\\/\\\/www.anjela.org\\\/oberenn\\\/#organization\",\"name\":\"Mignoned Anjela\",\"url\":\"https:\\\/\\\/www.anjela.org\\\/oberenn\\\/\",\"logo\":{\"@type\":\"ImageObject\",\"inLanguage\":\"fr-FR\",\"@id\":\"https:\\\/\\\/www.anjela.org\\\/oberenn\\\/#\\\/schema\\\/logo\\\/image\\\/\",\"url\":\"https:\\\/\\\/www.anjela.org\\\/oberenn\\\/wp-content\\\/uploads\\\/2019\\\/11\\\/logo-mignoned-angela.png\",\"contentUrl\":\"https:\\\/\\\/www.anjela.org\\\/oberenn\\\/wp-content\\\/uploads\\\/2019\\\/11\\\/logo-mignoned-angela.png\",\"width\":248,\"height\":147,\"caption\":\"Mignoned Anjela\"},\"image\":{\"@id\":\"https:\\\/\\\/www.anjela.org\\\/oberenn\\\/#\\\/schema\\\/logo\\\/image\\\/\"}}]}<\/script>\n<!-- \/ Yoast SEO plugin. -->","yoast_head_json":{"title":"An aviz - Anjela Duval","robots":{"index":"index","follow":"follow","max-snippet":"max-snippet:-1","max-image-preview":"max-image-preview:large","max-video-preview":"max-video-preview:-1"},"canonical":"https:\/\/www.anjela.org\/oberenn\/bz\/an-aviz\/","og_locale":"fr_FR","og_type":"article","og_title":"An aviz - Anjela Duval","og_description":"Foar Ouel Yann &lsquo;oa en Lannuon. Herri en devoa un dra bennak o tresa\u00f1 en k\u00ear. Sa\u00f1set &lsquo;oa lavaret dezha\u00f1 a-benn ar [&hellip;]","og_url":"https:\/\/www.anjela.org\/oberenn\/bz\/an-aviz\/","og_site_name":"Anjela Duval","article_modified_time":"2025-08-13T13:18:25+00:00","twitter_card":"summary_large_image","twitter_misc":{"Dur\u00e9e de lecture estim\u00e9e":"3 minutes"},"schema":{"@context":"https:\/\/schema.org","@graph":[{"@type":"WebPage","@id":"https:\/\/www.anjela.org\/oberenn\/bz\/an-aviz\/","url":"https:\/\/www.anjela.org\/oberenn\/bz\/an-aviz\/","name":"An aviz - Anjela Duval","isPartOf":{"@id":"https:\/\/www.anjela.org\/oberenn\/#website"},"datePublished":"2017-10-15T20:53:55+00:00","dateModified":"2025-08-13T13:18:25+00:00","breadcrumb":{"@id":"https:\/\/www.anjela.org\/oberenn\/bz\/an-aviz\/#breadcrumb"},"inLanguage":"fr-FR","potentialAction":[{"@type":"ReadAction","target":["https:\/\/www.anjela.org\/oberenn\/bz\/an-aviz\/"]}]},{"@type":"BreadcrumbList","@id":"https:\/\/www.anjela.org\/oberenn\/bz\/an-aviz\/#breadcrumb","itemListElement":[{"@type":"ListItem","position":1,"name":"Accueil","item":"https:\/\/www.anjela.org\/oberenn\/"},{"@type":"ListItem","position":2,"name":"An aviz"}]},{"@type":"WebSite","@id":"https:\/\/www.anjela.org\/oberenn\/#website","url":"https:\/\/www.anjela.org\/oberenn\/","name":"Anjela Duval","description":"","publisher":{"@id":"https:\/\/www.anjela.org\/oberenn\/#organization"},"potentialAction":[{"@type":"SearchAction","target":{"@type":"EntryPoint","urlTemplate":"https:\/\/www.anjela.org\/oberenn\/?s={search_term_string}"},"query-input":{"@type":"PropertyValueSpecification","valueRequired":true,"valueName":"search_term_string"}}],"inLanguage":"fr-FR"},{"@type":"Organization","@id":"https:\/\/www.anjela.org\/oberenn\/#organization","name":"Mignoned Anjela","url":"https:\/\/www.anjela.org\/oberenn\/","logo":{"@type":"ImageObject","inLanguage":"fr-FR","@id":"https:\/\/www.anjela.org\/oberenn\/#\/schema\/logo\/image\/","url":"https:\/\/www.anjela.org\/oberenn\/wp-content\/uploads\/2019\/11\/logo-mignoned-angela.png","contentUrl":"https:\/\/www.anjela.org\/oberenn\/wp-content\/uploads\/2019\/11\/logo-mignoned-angela.png","width":248,"height":147,"caption":"Mignoned Anjela"},"image":{"@id":"https:\/\/www.anjela.org\/oberenn\/#\/schema\/logo\/image\/"}}]}},"_links":{"self":[{"href":"https:\/\/www.anjela.org\/oberenn\/wp-json\/wp\/v2\/pages\/2498","targetHints":{"allow":["GET"]}}],"collection":[{"href":"https:\/\/www.anjela.org\/oberenn\/wp-json\/wp\/v2\/pages"}],"about":[{"href":"https:\/\/www.anjela.org\/oberenn\/wp-json\/wp\/v2\/types\/page"}],"author":[{"embeddable":true,"href":"https:\/\/www.anjela.org\/oberenn\/wp-json\/wp\/v2\/users\/1"}],"replies":[{"embeddable":true,"href":"https:\/\/www.anjela.org\/oberenn\/wp-json\/wp\/v2\/comments?post=2498"}],"version-history":[{"count":0,"href":"https:\/\/www.anjela.org\/oberenn\/wp-json\/wp\/v2\/pages\/2498\/revisions"}],"wp:attachment":[{"href":"https:\/\/www.anjela.org\/oberenn\/wp-json\/wp\/v2\/media?parent=2498"}],"curies":[{"name":"wp","href":"https:\/\/api.w.org\/{rel}","templated":true}]}}