{"id":2460,"date":"2017-10-15T22:29:19","date_gmt":"2017-10-15T20:29:19","guid":{"rendered":"http:\/\/www.anjela.org\/oberenn\/?page_id=2460"},"modified":"2025-08-13T15:20:00","modified_gmt":"2025-08-13T13:20:00","slug":"ar-balan","status":"publish","type":"page","link":"https:\/\/www.anjela.org\/oberenn\/bz\/ar-balan\/","title":{"rendered":"Ar balan"},"content":{"rendered":"<p><img fetchpriority=\"high\" decoding=\"async\" class=\"aligncenter size-full wp-image-5585\" src=\"http:\/\/www.anjela.org\/oberenn\/wp-content\/uploads\/2018\/11\/balan.jpg\" alt=\"\" data-id=\"5585\" width=\"1280\" height=\"960\"><\/p>\n<p style=\"text-align: justify;\">Balanegi burzhudus va bed bugel ma tira\u00f1sen diouzhoc&rsquo;h an aour a-varlennado\u00f9. Ar bleu\u00f1v trellus ma tastumemp a sac&rsquo;hado\u00f9, ni bugale ar skol, evit Sul ar Sakramant&nbsp;! Pelec&rsquo;h int tremenet&nbsp;? Drouklazhet evel inosanted santel gant ar mekaniko\u00f9 diaoulek\u2026 Drouklazhet evel kement tra n&rsquo;eo ket profitus, eme an deknokrated. Evit an aotrounez-se avat, eo \u00ab&nbsp;profitus&nbsp;\u00bb ar seurt dismantro\u00f9.<\/p>\n<p style=\"text-align: justify;\">Balanegi madelezhus a roas bod ha repu d&rsquo;ar Chouanted gwechall. Balanegi benniget a roe ken brokus danvez d&rsquo;an dudigo\u00f9 d&rsquo;ober toenno\u00f9 war o lojeiz, tiez ha krevier loened. A roe danvez tan d&rsquo;an terouero\u00f9 paour ma save enno nebeut a goad. A roe danvez skubellenno\u00f9 d&rsquo;an dud diwar ar maez ha zoken da dud ar bourko\u00f9 ha da zarn eus k\u00ear. Rak mont a rae, hervez klevet, ar beizanted da werzha\u00f1 skubellenno\u00f9 bezv ha balan en k\u00ear ha d&rsquo;ar sitreado\u00f9 na daolent ket a valan. Istimet e oa ar balan evel gor gant ar fornierien ha dreist-holl gant ar wastellerien er c&rsquo;h\u00eario\u00f9 evel Lannuon, da skouer \u2014&nbsp;ar bezv ivez, hervez. N&rsquo;ouzon ket re vat evit pe abeg.<\/p>\n<p style=\"text-align: justify;\">Em yaouankiz &lsquo;oa stank ar balanegi. E pep menaj, dre ama\u00f1, e veze dalc&rsquo;hmat ul lodenn douar dindan balan, an douaro\u00f9 ska\u00f1v ha diaes da zarempredi\u00f1. Ret-mat &lsquo;oa kaout balan evit an toenno\u00f9. Na bade ket keit un doenn-valan hag un doenn-blouz. Met re vihan &lsquo;veze ar plouz alies er feurmio\u00f9 bihan evit diouerout a-walc&rsquo;h da dei\u00f1. En glas pe hanter-we\u00f1vet &lsquo;veze implijet ar balan-to. Graet am eus alies ar vicher krenna\u00f1 balan d&rsquo;an toer. Gant ar falz da zrailha\u00f1 keuneud war ar pigos &lsquo;veze troc&rsquo;het ar bego\u00f9, bod ha bod, ha graet fagodenno\u00f9 kempenn anezho. An treu\u00f1cho\u00f9 &lsquo;veze adamarret ivez ha berniet evit beza\u00f1 devet dre bep ma veze ezhomm. Tan nerzhus-kena\u00f1 a ra ar balan. Met arabat eo dezho beza\u00f1 louet pe na bader ket gant c&rsquo;hwezh kre\u00f1v ar moged. Ha koulskoude &lsquo;veze graet implij evel louzo\u00f9 gant moged balan glas evit ober d&rsquo;ar saout koe\u00f1vet glaourenni\u00f1 ha poursat, ar pezh o sikoure da zigoe\u00f1vi\u00f1.<\/p>\n<p style=\"text-align: justify;\">Merzet am eus ivez ez eo sot-nay ar c&rsquo;hezeg kozh gant ar balan dreist-holl pa vez bleu\u00f1v enne. Pa dremenont a-rez ur bod balan e trammont ur c&rsquo;henaoued en ur dira\u00f1sa\u00f1 ar bleu\u00f1v pa c&rsquo;hellont. O anien&nbsp;! Gouzout a ra al loened gwelloc&rsquo;h eget an dud petra a zo mat evit o yec&rsquo;hed. Ha setu&nbsp;: er balan zo un dourenn anvet \u00ab&nbsp;spartein \u00bb hag a vez implijet evit kle\u00f1vedo\u00f9 ar galon.<\/p>\n<p style=\"text-align: justify;\">Ar gwenan avat n&rsquo;eont morse war ar bleu\u00f1v balan. N&rsquo;int ket mat d&rsquo;ober mel. D&rsquo;al lapined eo mat rei\u00f1 ur wech an amzer bodo\u00f9 balan da grignat. Ar c&rsquo;honikled gouez a grign kalz ar balan bihan.<\/p>\n<p style=\"text-align: justify;\">Daoust ha bez&rsquo; zo un nerzh hud bennak ivez er balan&nbsp;? Perak e touge an dud a soursie eus dimezio\u00f9, ur vazh-valan&nbsp;? Perak eo gant ur bod-balan &lsquo;veze foetet ar peur- liesa\u00f1 ar vugale&nbsp;? Perak &lsquo;veze plantet bodo\u00f9 balan glas e-touez ar c&rsquo;haol-pome pa&nbsp; zeue chapelouzed warne&nbsp;? Ha perak ivez &lsquo;veze foetet delwenn santez Radegond gant ur bod-balan pa na zegase ket ar pare d&rsquo;ar c&rsquo;hla\u00f1vour a &lsquo;n em erbede outi&nbsp;? Anavezet &lsquo;m eus em yaouankiz un amezeg deomp a yae da Radegonda da c&rsquo;houlenn ar pare d&rsquo;e wreg gouliet. Klevet &lsquo;m eus bet anezha\u00f1 o konta\u00f1 d&rsquo;am mamm e kasfe ganta\u00f1, emeza\u00f1, ur bod balan da foeta\u00f1 ar santez. Me hag a oa desket din ez-vihanik kaout un douja\u00f1s vras evit ar sent a veze gwall estonet ha droukskoueriet end-eeun gant ur seurt prepoz\u2026 Ar pezh on sur ne oa ket talvezet d&rsquo;an Teo foeta\u00f1 Radegonda. Marvet &lsquo;oa e wreg, Doue d&rsquo;o fardono tout brema\u00f1.<\/p>\n<p style=\"text-align: justify;\">Met evit distrei\u00f1 war ar balanegi, setu penaos e c&rsquo;hoarveze. Ar balan &lsquo;veze tennet gant un tra\u00f1ch-displanta\u00f1, ledet ur pennad amzer da we\u00f1vi\u00f1. Amarret neuze gant kevreo\u00f9 dibabet e-touez ar bodo\u00f9 munut hir ha gwevn. Graet am eus alies ar jeu- se. Savadellet &lsquo;veze neuze ar fagod pa vezent reutaet un tamm &lsquo;n ur we\u00f1vin.<\/p>\n<p style=\"text-align: justify;\">War-lerc&rsquo;h ar balan &lsquo;veze hadet ed-du ar bloaz kenta\u00f1 war gozh, sa\u00f1set. An eil bloaz, segal en distro-gozh, d&rsquo;an trede, kerc&rsquo;h. Ha goude &lsquo;veze lezet adarre ar park da rei\u00f1 balan, a save o-unan e-touez an ed (dre natur an douar, a lavare ar re gozh). Ral &lsquo;oa lakaat trao\u00f9 ha\u00f1v na foenn er balanegi. Ur red-ed ha balan a bep eil.<\/p>\n<p style=\"text-align: justify;\">Pa eo bet dilezet ar produi\u00f1 balan, dre m&rsquo;en doa kollet ar balan o abeg beza\u00f1, ret eo bet traezha\u00f1 ha temzi\u00f1 solut ar balanegi ha pell eo bet dalc&rsquo;het ar balan bihan da ziwan en trevado\u00f9 hadet. Pell-amzer a vir an had-balan o galloud kellida\u00f1.<\/p>\n<p style=\"text-align: justify;\">Ur wech all, mar plij gant Doue, e kontin deoc&rsquo;h un istorig fentus, \u00ab&nbsp;Istor ar balan gwenn&nbsp;\u00bb. Re ziwezhat on fenoz rak div nadoz va orolaj a zo o krapat etrezek an hanternoz.<\/p>\n<p style=\"text-align: justify;\">&nbsp;<\/p>\n<p style=\"text-align: justify;\"><em>23 a viz Gouere 1973<\/em><\/p>\n","protected":false},"excerpt":{"rendered":"<p>Balanegi burzhudus va bed bugel ma tira\u00f1sen diouzhoc&rsquo;h an aour a-varlennado\u00f9. Ar bleu\u00f1v trellus ma tastumemp a sac&rsquo;hado\u00f9, ni bugale ar skol, [&hellip;]<\/p>\n","protected":false},"author":1,"featured_media":0,"parent":0,"menu_order":0,"comment_status":"closed","ping_status":"closed","template":"","meta":{"_acf_changed":false,"ngg_post_thumbnail":0,"footnotes":""},"class_list":["post-2460","page","type-page","status-publish","hentry"],"acf":[],"yoast_head":"<!-- This site is optimized with the Yoast SEO plugin v27.5 - https:\/\/yoast.com\/product\/yoast-seo-wordpress\/ -->\n<title>Ar balan - Anjela Duval<\/title>\n<meta name=\"robots\" content=\"index, follow, max-snippet:-1, max-image-preview:large, max-video-preview:-1\" \/>\n<link rel=\"canonical\" href=\"https:\/\/www.anjela.org\/oberenn\/bz\/ar-balan\/\" \/>\n<meta property=\"og:locale\" content=\"fr_FR\" \/>\n<meta property=\"og:type\" content=\"article\" \/>\n<meta property=\"og:title\" content=\"Ar balan - Anjela Duval\" \/>\n<meta property=\"og:description\" content=\"Balanegi burzhudus va bed bugel ma tira\u00f1sen diouzhoc&rsquo;h an aour a-varlennado\u00f9. Ar bleu\u00f1v trellus ma tastumemp a sac&rsquo;hado\u00f9, ni bugale ar skol, [&hellip;]\" \/>\n<meta property=\"og:url\" content=\"https:\/\/www.anjela.org\/oberenn\/bz\/ar-balan\/\" \/>\n<meta property=\"og:site_name\" content=\"Anjela Duval\" \/>\n<meta property=\"article:modified_time\" content=\"2025-08-13T13:20:00+00:00\" \/>\n<meta property=\"og:image\" content=\"https:\/\/www.anjela.org\/oberenn\/wp-content\/uploads\/2018\/11\/balan.jpg\" \/>\n\t<meta property=\"og:image:width\" content=\"1280\" \/>\n\t<meta property=\"og:image:height\" content=\"960\" \/>\n\t<meta property=\"og:image:type\" content=\"image\/jpeg\" \/>\n<meta name=\"twitter:card\" content=\"summary_large_image\" \/>\n<meta name=\"twitter:label1\" content=\"Dur\u00e9e de lecture estim\u00e9e\" \/>\n\t<meta name=\"twitter:data1\" content=\"4 minutes\" \/>\n<script type=\"application\/ld+json\" class=\"yoast-schema-graph\">{\"@context\":\"https:\\\/\\\/schema.org\",\"@graph\":[{\"@type\":\"WebPage\",\"@id\":\"https:\\\/\\\/www.anjela.org\\\/oberenn\\\/bz\\\/ar-balan\\\/\",\"url\":\"https:\\\/\\\/www.anjela.org\\\/oberenn\\\/bz\\\/ar-balan\\\/\",\"name\":\"Ar balan - Anjela Duval\",\"isPartOf\":{\"@id\":\"https:\\\/\\\/www.anjela.org\\\/oberenn\\\/#website\"},\"primaryImageOfPage\":{\"@id\":\"https:\\\/\\\/www.anjela.org\\\/oberenn\\\/bz\\\/ar-balan\\\/#primaryimage\"},\"image\":{\"@id\":\"https:\\\/\\\/www.anjela.org\\\/oberenn\\\/bz\\\/ar-balan\\\/#primaryimage\"},\"thumbnailUrl\":\"http:\\\/\\\/www.anjela.org\\\/oberenn\\\/wp-content\\\/uploads\\\/2018\\\/11\\\/balan.jpg\",\"datePublished\":\"2017-10-15T20:29:19+00:00\",\"dateModified\":\"2025-08-13T13:20:00+00:00\",\"breadcrumb\":{\"@id\":\"https:\\\/\\\/www.anjela.org\\\/oberenn\\\/bz\\\/ar-balan\\\/#breadcrumb\"},\"inLanguage\":\"fr-FR\",\"potentialAction\":[{\"@type\":\"ReadAction\",\"target\":[\"https:\\\/\\\/www.anjela.org\\\/oberenn\\\/bz\\\/ar-balan\\\/\"]}]},{\"@type\":\"ImageObject\",\"inLanguage\":\"fr-FR\",\"@id\":\"https:\\\/\\\/www.anjela.org\\\/oberenn\\\/bz\\\/ar-balan\\\/#primaryimage\",\"url\":\"https:\\\/\\\/www.anjela.org\\\/oberenn\\\/wp-content\\\/uploads\\\/2018\\\/11\\\/balan.jpg\",\"contentUrl\":\"https:\\\/\\\/www.anjela.org\\\/oberenn\\\/wp-content\\\/uploads\\\/2018\\\/11\\\/balan.jpg\",\"width\":1280,\"height\":960},{\"@type\":\"BreadcrumbList\",\"@id\":\"https:\\\/\\\/www.anjela.org\\\/oberenn\\\/bz\\\/ar-balan\\\/#breadcrumb\",\"itemListElement\":[{\"@type\":\"ListItem\",\"position\":1,\"name\":\"Accueil\",\"item\":\"https:\\\/\\\/www.anjela.org\\\/oberenn\\\/\"},{\"@type\":\"ListItem\",\"position\":2,\"name\":\"Ar balan\"}]},{\"@type\":\"WebSite\",\"@id\":\"https:\\\/\\\/www.anjela.org\\\/oberenn\\\/#website\",\"url\":\"https:\\\/\\\/www.anjela.org\\\/oberenn\\\/\",\"name\":\"Anjela Duval\",\"description\":\"\",\"publisher\":{\"@id\":\"https:\\\/\\\/www.anjela.org\\\/oberenn\\\/#organization\"},\"potentialAction\":[{\"@type\":\"SearchAction\",\"target\":{\"@type\":\"EntryPoint\",\"urlTemplate\":\"https:\\\/\\\/www.anjela.org\\\/oberenn\\\/?s={search_term_string}\"},\"query-input\":{\"@type\":\"PropertyValueSpecification\",\"valueRequired\":true,\"valueName\":\"search_term_string\"}}],\"inLanguage\":\"fr-FR\"},{\"@type\":\"Organization\",\"@id\":\"https:\\\/\\\/www.anjela.org\\\/oberenn\\\/#organization\",\"name\":\"Mignoned Anjela\",\"url\":\"https:\\\/\\\/www.anjela.org\\\/oberenn\\\/\",\"logo\":{\"@type\":\"ImageObject\",\"inLanguage\":\"fr-FR\",\"@id\":\"https:\\\/\\\/www.anjela.org\\\/oberenn\\\/#\\\/schema\\\/logo\\\/image\\\/\",\"url\":\"https:\\\/\\\/www.anjela.org\\\/oberenn\\\/wp-content\\\/uploads\\\/2019\\\/11\\\/logo-mignoned-angela.png\",\"contentUrl\":\"https:\\\/\\\/www.anjela.org\\\/oberenn\\\/wp-content\\\/uploads\\\/2019\\\/11\\\/logo-mignoned-angela.png\",\"width\":248,\"height\":147,\"caption\":\"Mignoned Anjela\"},\"image\":{\"@id\":\"https:\\\/\\\/www.anjela.org\\\/oberenn\\\/#\\\/schema\\\/logo\\\/image\\\/\"}}]}<\/script>\n<!-- \/ Yoast SEO plugin. -->","yoast_head_json":{"title":"Ar balan - Anjela Duval","robots":{"index":"index","follow":"follow","max-snippet":"max-snippet:-1","max-image-preview":"max-image-preview:large","max-video-preview":"max-video-preview:-1"},"canonical":"https:\/\/www.anjela.org\/oberenn\/bz\/ar-balan\/","og_locale":"fr_FR","og_type":"article","og_title":"Ar balan - Anjela Duval","og_description":"Balanegi burzhudus va bed bugel ma tira\u00f1sen diouzhoc&rsquo;h an aour a-varlennado\u00f9. Ar bleu\u00f1v trellus ma tastumemp a sac&rsquo;hado\u00f9, ni bugale ar skol, [&hellip;]","og_url":"https:\/\/www.anjela.org\/oberenn\/bz\/ar-balan\/","og_site_name":"Anjela Duval","article_modified_time":"2025-08-13T13:20:00+00:00","og_image":[{"width":1280,"height":960,"url":"https:\/\/www.anjela.org\/oberenn\/wp-content\/uploads\/2018\/11\/balan.jpg","type":"image\/jpeg"}],"twitter_card":"summary_large_image","twitter_misc":{"Dur\u00e9e de lecture estim\u00e9e":"4 minutes"},"schema":{"@context":"https:\/\/schema.org","@graph":[{"@type":"WebPage","@id":"https:\/\/www.anjela.org\/oberenn\/bz\/ar-balan\/","url":"https:\/\/www.anjela.org\/oberenn\/bz\/ar-balan\/","name":"Ar balan - Anjela Duval","isPartOf":{"@id":"https:\/\/www.anjela.org\/oberenn\/#website"},"primaryImageOfPage":{"@id":"https:\/\/www.anjela.org\/oberenn\/bz\/ar-balan\/#primaryimage"},"image":{"@id":"https:\/\/www.anjela.org\/oberenn\/bz\/ar-balan\/#primaryimage"},"thumbnailUrl":"http:\/\/www.anjela.org\/oberenn\/wp-content\/uploads\/2018\/11\/balan.jpg","datePublished":"2017-10-15T20:29:19+00:00","dateModified":"2025-08-13T13:20:00+00:00","breadcrumb":{"@id":"https:\/\/www.anjela.org\/oberenn\/bz\/ar-balan\/#breadcrumb"},"inLanguage":"fr-FR","potentialAction":[{"@type":"ReadAction","target":["https:\/\/www.anjela.org\/oberenn\/bz\/ar-balan\/"]}]},{"@type":"ImageObject","inLanguage":"fr-FR","@id":"https:\/\/www.anjela.org\/oberenn\/bz\/ar-balan\/#primaryimage","url":"https:\/\/www.anjela.org\/oberenn\/wp-content\/uploads\/2018\/11\/balan.jpg","contentUrl":"https:\/\/www.anjela.org\/oberenn\/wp-content\/uploads\/2018\/11\/balan.jpg","width":1280,"height":960},{"@type":"BreadcrumbList","@id":"https:\/\/www.anjela.org\/oberenn\/bz\/ar-balan\/#breadcrumb","itemListElement":[{"@type":"ListItem","position":1,"name":"Accueil","item":"https:\/\/www.anjela.org\/oberenn\/"},{"@type":"ListItem","position":2,"name":"Ar balan"}]},{"@type":"WebSite","@id":"https:\/\/www.anjela.org\/oberenn\/#website","url":"https:\/\/www.anjela.org\/oberenn\/","name":"Anjela Duval","description":"","publisher":{"@id":"https:\/\/www.anjela.org\/oberenn\/#organization"},"potentialAction":[{"@type":"SearchAction","target":{"@type":"EntryPoint","urlTemplate":"https:\/\/www.anjela.org\/oberenn\/?s={search_term_string}"},"query-input":{"@type":"PropertyValueSpecification","valueRequired":true,"valueName":"search_term_string"}}],"inLanguage":"fr-FR"},{"@type":"Organization","@id":"https:\/\/www.anjela.org\/oberenn\/#organization","name":"Mignoned Anjela","url":"https:\/\/www.anjela.org\/oberenn\/","logo":{"@type":"ImageObject","inLanguage":"fr-FR","@id":"https:\/\/www.anjela.org\/oberenn\/#\/schema\/logo\/image\/","url":"https:\/\/www.anjela.org\/oberenn\/wp-content\/uploads\/2019\/11\/logo-mignoned-angela.png","contentUrl":"https:\/\/www.anjela.org\/oberenn\/wp-content\/uploads\/2019\/11\/logo-mignoned-angela.png","width":248,"height":147,"caption":"Mignoned Anjela"},"image":{"@id":"https:\/\/www.anjela.org\/oberenn\/#\/schema\/logo\/image\/"}}]}},"_links":{"self":[{"href":"https:\/\/www.anjela.org\/oberenn\/wp-json\/wp\/v2\/pages\/2460","targetHints":{"allow":["GET"]}}],"collection":[{"href":"https:\/\/www.anjela.org\/oberenn\/wp-json\/wp\/v2\/pages"}],"about":[{"href":"https:\/\/www.anjela.org\/oberenn\/wp-json\/wp\/v2\/types\/page"}],"author":[{"embeddable":true,"href":"https:\/\/www.anjela.org\/oberenn\/wp-json\/wp\/v2\/users\/1"}],"replies":[{"embeddable":true,"href":"https:\/\/www.anjela.org\/oberenn\/wp-json\/wp\/v2\/comments?post=2460"}],"version-history":[{"count":0,"href":"https:\/\/www.anjela.org\/oberenn\/wp-json\/wp\/v2\/pages\/2460\/revisions"}],"wp:attachment":[{"href":"https:\/\/www.anjela.org\/oberenn\/wp-json\/wp\/v2\/media?parent=2460"}],"curies":[{"name":"wp","href":"https:\/\/api.w.org\/{rel}","templated":true}]}}