{"id":2425,"date":"2017-10-15T21:55:50","date_gmt":"2017-10-15T19:55:50","guid":{"rendered":"http:\/\/www.anjela.org\/oberenn\/?page_id=2425"},"modified":"2025-08-13T15:21:13","modified_gmt":"2025-08-13T13:21:13","slug":"bravo-da-gervreizh","status":"publish","type":"page","link":"https:\/\/www.anjela.org\/oberenn\/bz\/bravo-da-gervreizh\/","title":{"rendered":"Bravo da Gervreizh !"},"content":{"rendered":"<p style=\"text-align: justify;\">Gourc&rsquo;hemenno\u00f9 kalonek da yaouankiz vreizhat Pariz evit an abadenn frealzus am boa bet an eurvad da da\u00f1va da Yaou da noz 23 a viz Du. Bep noz etre 7 eur 1\/2 hag 8 eur e vez ur pennad er radio a anvont <em>\u00ab&nbsp;Hit-Parade&nbsp;\u00bb.<\/em> Kanaouenno\u00f9 dibabet gant strollado\u00f9 yaouankiz ar skolio\u00f9 bras pe oaledo\u00f9 ar re yaouank hag ar sevenadur.<\/p>\n<p>Ma&nbsp;! e koulz koan e vez an abadenn-se, hag evel ma vezan ar peurliesa\u00f1 va-unan, ha dre ma plij din kalz ar c&rsquo;hanaouenno\u00f9 e tigoran nozelenn ar voest-sonerezh. O, meur a wech avat, heuget prim-ha-prim gant ar ye-ye-o\u00f9 hag a bep seurt bl\u00eajadenno\u00f9 e yezho\u00f9 razh indezeuropat, e troan va nozelenn war an tu gin, rak dousoc&rsquo;h eo da&rsquo;m skouarn kan an tan en oaled ha kri-kri va skrilhed. Gwech ha gwech all e tap ganin evelkent ta\u00f1va ur meuz a-zoare. Setu ma kendalc&rsquo;han da veza\u00f1 war api. N&rsquo;eo ket bemdez avat e ran ur pred seurt am boa graet dec&rsquo;h da noz. Aner e vije bet goulenn diganin petore blaz &lsquo;oa war va soubenn. Hag e vije graet gant brignen merion pe neizhio\u00f9 gwennili, se &lsquo;oa ingal, ha setu perak.<\/p>\n<p>Kerkent ha digor an abadenn, sede kaoz eus Kervreizh. Hola ! en dro-ma\u00f1 eo arabat koll ur ger. Daoust petra ema\u00f1 ka\u00f1farded Pariz o vont da servijout dimp&nbsp;? Ma ne vez ket drusoc&rsquo;h ar peuri\u00f1 gante eget ne vez ar peurvuia\u00f1 gant yaouankiz k\u00eario\u00f9 Breizh, &lsquo;vo poent da unan bennak lavarout o fegement dezhe.<\/p>\n<p>Ma&nbsp;! tudo\u00f9 yaouank va Bro, harluet er g\u00earbenn, n&rsquo;eo ket ho pegement e klevot ganin fenoz, met ur ger a drugarez evit ar blijadur am boa bet ganeoc&rsquo;h, rak ganeoc&rsquo;h e oan a galon hag a spered. Biskoazh abadenn <em>Hit-Parade<\/em> ebet muioc&rsquo;h dellezek a veuleudi n&rsquo;eus bet roet war ar radio&nbsp;!<\/p>\n<p>Peder c&rsquo;hanaouenn a vroio\u00f9 kelt tramor. Div e gouezeleg Iwerzhon, unan e gouezeleg Bro-Skos, unan e kembraeg. Kanerien eus hor Bro-Vreizh gant kanaouenno\u00f9 dereat. Guy Beart&nbsp;: \u00ab&nbsp;War Bont an Naoned&nbsp;\u00bb. Alain Barri\u00e8re&nbsp;: \u00ab&nbsp;Ar Wezenn Gozh&nbsp;\u00bb. Marie Lafor\u00eat&nbsp;: \u00ab&nbsp;Tom&nbsp;\u00bb. Hugues Auffray&nbsp;: \u00ab&nbsp;Ha ma ne c&rsquo;houlan ket&nbsp;?&nbsp;\u00bb Hema\u00f1 n&rsquo;ouzon ket hag-e\u00f1 eo Breizhad. Jean Ferrat gant \u00ab Ar Menez&nbsp;\u00bb a zo bet dibabet en askont ma tenn e ganaouenn d&rsquo;an divroa\u00f1. Hag evit echui\u00f1, Glenmor gant \u00ab&nbsp;Dieu me damne&nbsp;\u00bb. Perak &lsquo;ta ur ganaouenn e galleg&nbsp;? \u00ab&nbsp;Kan-Bale Nevenoe&nbsp;\u00bb a vije bet da&rsquo;m meno, un tamm brav kaeroc&rsquo;h.<\/p>\n<p>Met ankouazh a ran lavarout ar pep brava\u00f1. Pep den yaouank karget da gemenn niverenn ha titl ar ganaouenn a salude paotr an ORTF gant ur frazenn vrezhonek yac&rsquo;h, un drugar ! Ha va feiz, G\u00e9rard a responte ur ger hegarat-tre, hag a c&rsquo;houlenne end-eeun trei\u00f1 dezha\u00f1 ar frazenn. Roet &lsquo;oa dezha\u00f1 war ar marc&rsquo;had ur gentelig vrezhoneg. Desket &lsquo;oa dezha\u00f1 distaga\u00f1 Trebeurden e-lec&rsquo;h Tr\u00e9beurdin, evel m&#8217;emaint boas da lavarout du-hont e Pariz ha zoken e Roazhon\u2026 Pinmar&nbsp;! emezo. It da glask brema\u00f1 Pennmarc&rsquo;h &lsquo;lec&rsquo;h mar kerot&nbsp;!<\/p>\n<p>En em glevout mat-tre a seblante ober an displeger ha yaouankiz Kervreizh. Ur pennad kaoz end-eeun en doa graet \u00ab&nbsp;Milig&nbsp;\u00bb hag e\u00f1. Deuet &lsquo;oa Milig er mikro da lavarout kenavo da G\u00e9rard. Edo o vont da gemer ar c&rsquo;harr-nij evit Abidjan, emeza\u00f1. Bet &lsquo;oa ivez kaoz eus kas ur voutailhad chouchenn d&rsquo;an displeger.<\/p>\n<p>Pa lavaran c&rsquo;hoazh ur wech, un abadenn eus ar plijusa\u00f1. Gourc&rsquo;hemenno\u00f9 d&rsquo;an holl Vreizhiz yaouank&nbsp;: yac&rsquo;h eo chomet o c&rsquo;halon ha leun a garantez evit ar Vro gozh ha Gouenn ar Gelted. Da heti\u00f1 eo e vefent klevet alies, ha da heti\u00f1 ivez e kemerfe skouer warno yaouankizo\u00f9 Breizh e pep lec&rsquo;h ma&rsquo;n em vodont.<\/p>\n<p style=\"text-align: justify;\"><em>Du 1967<\/em><\/p>\n","protected":false},"excerpt":{"rendered":"<p>Gourc&rsquo;hemenno\u00f9 kalonek da yaouankiz vreizhat Pariz evit an abadenn frealzus am boa bet an eurvad da da\u00f1va da Yaou da noz 23 [&hellip;]<\/p>\n","protected":false},"author":1,"featured_media":0,"parent":0,"menu_order":0,"comment_status":"closed","ping_status":"closed","template":"","meta":{"_acf_changed":false,"ngg_post_thumbnail":0,"footnotes":""},"class_list":["post-2425","page","type-page","status-publish","hentry"],"acf":[],"yoast_head":"<!-- This site is optimized with the Yoast SEO plugin v27.5 - https:\/\/yoast.com\/product\/yoast-seo-wordpress\/ -->\n<title>Bravo da Gervreizh ! - Anjela Duval<\/title>\n<meta name=\"robots\" content=\"index, follow, max-snippet:-1, max-image-preview:large, max-video-preview:-1\" \/>\n<link rel=\"canonical\" href=\"https:\/\/www.anjela.org\/oberenn\/bz\/bravo-da-gervreizh\/\" \/>\n<meta property=\"og:locale\" content=\"fr_FR\" \/>\n<meta property=\"og:type\" content=\"article\" \/>\n<meta property=\"og:title\" content=\"Bravo da Gervreizh ! - Anjela Duval\" \/>\n<meta property=\"og:description\" content=\"Gourc&rsquo;hemenno\u00f9 kalonek da yaouankiz vreizhat Pariz evit an abadenn frealzus am boa bet an eurvad da da\u00f1va da Yaou da noz 23 [&hellip;]\" \/>\n<meta property=\"og:url\" content=\"https:\/\/www.anjela.org\/oberenn\/bz\/bravo-da-gervreizh\/\" \/>\n<meta property=\"og:site_name\" content=\"Anjela Duval\" \/>\n<meta property=\"article:modified_time\" content=\"2025-08-13T13:21:13+00:00\" \/>\n<meta name=\"twitter:card\" content=\"summary_large_image\" \/>\n<meta name=\"twitter:label1\" content=\"Dur\u00e9e de lecture estim\u00e9e\" \/>\n\t<meta name=\"twitter:data1\" content=\"3 minutes\" \/>\n<script type=\"application\/ld+json\" class=\"yoast-schema-graph\">{\"@context\":\"https:\\\/\\\/schema.org\",\"@graph\":[{\"@type\":\"WebPage\",\"@id\":\"https:\\\/\\\/www.anjela.org\\\/oberenn\\\/bz\\\/bravo-da-gervreizh\\\/\",\"url\":\"https:\\\/\\\/www.anjela.org\\\/oberenn\\\/bz\\\/bravo-da-gervreizh\\\/\",\"name\":\"Bravo da Gervreizh ! - Anjela Duval\",\"isPartOf\":{\"@id\":\"https:\\\/\\\/www.anjela.org\\\/oberenn\\\/#website\"},\"datePublished\":\"2017-10-15T19:55:50+00:00\",\"dateModified\":\"2025-08-13T13:21:13+00:00\",\"breadcrumb\":{\"@id\":\"https:\\\/\\\/www.anjela.org\\\/oberenn\\\/bz\\\/bravo-da-gervreizh\\\/#breadcrumb\"},\"inLanguage\":\"fr-FR\",\"potentialAction\":[{\"@type\":\"ReadAction\",\"target\":[\"https:\\\/\\\/www.anjela.org\\\/oberenn\\\/bz\\\/bravo-da-gervreizh\\\/\"]}]},{\"@type\":\"BreadcrumbList\",\"@id\":\"https:\\\/\\\/www.anjela.org\\\/oberenn\\\/bz\\\/bravo-da-gervreizh\\\/#breadcrumb\",\"itemListElement\":[{\"@type\":\"ListItem\",\"position\":1,\"name\":\"Accueil\",\"item\":\"https:\\\/\\\/www.anjela.org\\\/oberenn\\\/\"},{\"@type\":\"ListItem\",\"position\":2,\"name\":\"Bravo da Gervreizh !\"}]},{\"@type\":\"WebSite\",\"@id\":\"https:\\\/\\\/www.anjela.org\\\/oberenn\\\/#website\",\"url\":\"https:\\\/\\\/www.anjela.org\\\/oberenn\\\/\",\"name\":\"Anjela Duval\",\"description\":\"\",\"publisher\":{\"@id\":\"https:\\\/\\\/www.anjela.org\\\/oberenn\\\/#organization\"},\"potentialAction\":[{\"@type\":\"SearchAction\",\"target\":{\"@type\":\"EntryPoint\",\"urlTemplate\":\"https:\\\/\\\/www.anjela.org\\\/oberenn\\\/?s={search_term_string}\"},\"query-input\":{\"@type\":\"PropertyValueSpecification\",\"valueRequired\":true,\"valueName\":\"search_term_string\"}}],\"inLanguage\":\"fr-FR\"},{\"@type\":\"Organization\",\"@id\":\"https:\\\/\\\/www.anjela.org\\\/oberenn\\\/#organization\",\"name\":\"Mignoned Anjela\",\"url\":\"https:\\\/\\\/www.anjela.org\\\/oberenn\\\/\",\"logo\":{\"@type\":\"ImageObject\",\"inLanguage\":\"fr-FR\",\"@id\":\"https:\\\/\\\/www.anjela.org\\\/oberenn\\\/#\\\/schema\\\/logo\\\/image\\\/\",\"url\":\"https:\\\/\\\/www.anjela.org\\\/oberenn\\\/wp-content\\\/uploads\\\/2019\\\/11\\\/logo-mignoned-angela.png\",\"contentUrl\":\"https:\\\/\\\/www.anjela.org\\\/oberenn\\\/wp-content\\\/uploads\\\/2019\\\/11\\\/logo-mignoned-angela.png\",\"width\":248,\"height\":147,\"caption\":\"Mignoned Anjela\"},\"image\":{\"@id\":\"https:\\\/\\\/www.anjela.org\\\/oberenn\\\/#\\\/schema\\\/logo\\\/image\\\/\"}}]}<\/script>\n<!-- \/ Yoast SEO plugin. -->","yoast_head_json":{"title":"Bravo da Gervreizh ! - Anjela Duval","robots":{"index":"index","follow":"follow","max-snippet":"max-snippet:-1","max-image-preview":"max-image-preview:large","max-video-preview":"max-video-preview:-1"},"canonical":"https:\/\/www.anjela.org\/oberenn\/bz\/bravo-da-gervreizh\/","og_locale":"fr_FR","og_type":"article","og_title":"Bravo da Gervreizh ! - Anjela Duval","og_description":"Gourc&rsquo;hemenno\u00f9 kalonek da yaouankiz vreizhat Pariz evit an abadenn frealzus am boa bet an eurvad da da\u00f1va da Yaou da noz 23 [&hellip;]","og_url":"https:\/\/www.anjela.org\/oberenn\/bz\/bravo-da-gervreizh\/","og_site_name":"Anjela Duval","article_modified_time":"2025-08-13T13:21:13+00:00","twitter_card":"summary_large_image","twitter_misc":{"Dur\u00e9e de lecture estim\u00e9e":"3 minutes"},"schema":{"@context":"https:\/\/schema.org","@graph":[{"@type":"WebPage","@id":"https:\/\/www.anjela.org\/oberenn\/bz\/bravo-da-gervreizh\/","url":"https:\/\/www.anjela.org\/oberenn\/bz\/bravo-da-gervreizh\/","name":"Bravo da Gervreizh ! - Anjela Duval","isPartOf":{"@id":"https:\/\/www.anjela.org\/oberenn\/#website"},"datePublished":"2017-10-15T19:55:50+00:00","dateModified":"2025-08-13T13:21:13+00:00","breadcrumb":{"@id":"https:\/\/www.anjela.org\/oberenn\/bz\/bravo-da-gervreizh\/#breadcrumb"},"inLanguage":"fr-FR","potentialAction":[{"@type":"ReadAction","target":["https:\/\/www.anjela.org\/oberenn\/bz\/bravo-da-gervreizh\/"]}]},{"@type":"BreadcrumbList","@id":"https:\/\/www.anjela.org\/oberenn\/bz\/bravo-da-gervreizh\/#breadcrumb","itemListElement":[{"@type":"ListItem","position":1,"name":"Accueil","item":"https:\/\/www.anjela.org\/oberenn\/"},{"@type":"ListItem","position":2,"name":"Bravo da Gervreizh !"}]},{"@type":"WebSite","@id":"https:\/\/www.anjela.org\/oberenn\/#website","url":"https:\/\/www.anjela.org\/oberenn\/","name":"Anjela Duval","description":"","publisher":{"@id":"https:\/\/www.anjela.org\/oberenn\/#organization"},"potentialAction":[{"@type":"SearchAction","target":{"@type":"EntryPoint","urlTemplate":"https:\/\/www.anjela.org\/oberenn\/?s={search_term_string}"},"query-input":{"@type":"PropertyValueSpecification","valueRequired":true,"valueName":"search_term_string"}}],"inLanguage":"fr-FR"},{"@type":"Organization","@id":"https:\/\/www.anjela.org\/oberenn\/#organization","name":"Mignoned Anjela","url":"https:\/\/www.anjela.org\/oberenn\/","logo":{"@type":"ImageObject","inLanguage":"fr-FR","@id":"https:\/\/www.anjela.org\/oberenn\/#\/schema\/logo\/image\/","url":"https:\/\/www.anjela.org\/oberenn\/wp-content\/uploads\/2019\/11\/logo-mignoned-angela.png","contentUrl":"https:\/\/www.anjela.org\/oberenn\/wp-content\/uploads\/2019\/11\/logo-mignoned-angela.png","width":248,"height":147,"caption":"Mignoned Anjela"},"image":{"@id":"https:\/\/www.anjela.org\/oberenn\/#\/schema\/logo\/image\/"}}]}},"_links":{"self":[{"href":"https:\/\/www.anjela.org\/oberenn\/wp-json\/wp\/v2\/pages\/2425","targetHints":{"allow":["GET"]}}],"collection":[{"href":"https:\/\/www.anjela.org\/oberenn\/wp-json\/wp\/v2\/pages"}],"about":[{"href":"https:\/\/www.anjela.org\/oberenn\/wp-json\/wp\/v2\/types\/page"}],"author":[{"embeddable":true,"href":"https:\/\/www.anjela.org\/oberenn\/wp-json\/wp\/v2\/users\/1"}],"replies":[{"embeddable":true,"href":"https:\/\/www.anjela.org\/oberenn\/wp-json\/wp\/v2\/comments?post=2425"}],"version-history":[{"count":0,"href":"https:\/\/www.anjela.org\/oberenn\/wp-json\/wp\/v2\/pages\/2425\/revisions"}],"wp:attachment":[{"href":"https:\/\/www.anjela.org\/oberenn\/wp-json\/wp\/v2\/media?parent=2425"}],"curies":[{"name":"wp","href":"https:\/\/api.w.org\/{rel}","templated":true}]}}