{"id":2419,"date":"2017-10-15T21:51:11","date_gmt":"2017-10-15T19:51:11","guid":{"rendered":"http:\/\/www.anjela.org\/oberenn\/?page_id=2419"},"modified":"2025-08-13T15:21:59","modified_gmt":"2025-08-13T13:21:59","slug":"danvez-ur-mailh-bourdarvest-evit-div-blach","status":"publish","type":"page","link":"https:\/\/www.anjela.org\/oberenn\/bz\/danvez-ur-mailh-bourdarvest-evit-div-blach\/","title":{"rendered":"Danvez ur mailh ! (Bourdarvest evit div blac\u2019h)"},"content":{"rendered":"<p>Soaz ha Mai-Jann a zeu war al leurenn unan o tont eus pep penn ha gante pep a baner.<br \/>\nSoaz \u2014 Sell &lsquo;ta. Te zo o vont da vale, Mai-Jann&nbsp;?<br \/>\nMai-Jann \u2014 Ya, o vont d&rsquo;ar bourk &lsquo;on. Te zo o retorn ? <br \/>\nSoaz \u2014 N&rsquo;on ket bet betek er bourk. E Kerivin.<br \/>\nMai-Jann \u2014 A ! Un dra bennak zo a-nevez e Kerivin&nbsp;?<br \/>\nSoaz \u2014 Evel ma l\u00e2rez, un dra bennak zo a-nevez. Kresket eo an dud gant Virjini. <br \/>\nMai-Jann \u2014 Ur c&rsquo;helo\u00f9 mat avat. Mat an trao\u00f9&nbsp;? Paotr pe blac&rsquo;h&nbsp;?<br \/>\nSoaz \u2014 Ur paotrig eo. Ha danvez ur mailh anezha\u00f1, me &lsquo;gomz dit. (Dirolla\u00f1 &lsquo;ra Soaz da c&rsquo;hoarzhin)<br \/>\nMai-Jann \u2014 Ur bugel terrup eo neuze&nbsp;? Ma ! Doue d&rsquo;en binnigo&nbsp;! Met petra ac&rsquo;h eus da c&rsquo;hoarzhin&nbsp;?<br \/>\nSoaz \u2014 A ! Plac&rsquo;h paour ! N&rsquo;ouzon ket end-eeun hag-e\u00f1 zo peadra da c&rsquo;hoarzhin gant ar pezh am eus gwelet en deiz-ma\u00f1.<br \/>\nMai-Jann \u2014 Lakaat a rez ac&rsquo;hanon souezhet.<br \/>\nSoaz \u2014 Souezhet&nbsp;? Ma ! pa ouezi ar gaoz war he hed e vi souezhetoc&rsquo;h c&rsquo;hoazh, sur&nbsp;! <br \/>\nMai-Jann \u2014 Met petra an diaoul ac&rsquo;h eus c&rsquo;hoant da l\u00e2ret &lsquo;ta &lsquo;benn ar fin&nbsp;?<br \/>\nSoaz \u2014 Te &lsquo;gomz eus an diaoul. N&rsquo;on ket re sur, me, hag-e\u00f1 n&rsquo;eus netra eus perzh an diaoul er pezh am eus gwelet avat !<br \/>\nMai-Jann \u2014 Lakaat a rez ac&rsquo;hanon da skrija\u00f1&nbsp;!<br \/>\nSoaz \u2014 Ma ! Setu ama\u00f1 un dra hag a c&rsquo;houlennan diganit mirout evel ur sekred&nbsp;: ar bugel-ma\u00f1 zo dishe\u00f1vel eus an holl vugaligo\u00f9 am eus graet war o zro betek-henn. Ha gwelet am eus meur a hini, te &lsquo;oar mat, peogwir on sa\u00f1set ur wrac&rsquo;h-an-holen. &lsquo;Keta&nbsp;?<br \/>\nMai-Jann \u2014 O, va Doue&nbsp;! N&rsquo;eo ket mac&rsquo;hagnet &lsquo;micha\u00f1s.<br \/>\nSoaz \u2014 Tamm ebet, ur paotrig koant, hag ur paotrig seder end-eeun, danvez ur mailh, me &lsquo;l\u00e2r dit.<br \/>\nMai-Jann \u2014 Arsa, dont a ray ganit ?<br \/>\nSoaz \u2014 Gouzout a rez, an holl vugaligo\u00f9 o tont er Bed-ma\u00f1 a grog da c&rsquo;harmat par ma c&rsquo;hellont. Kerkent ha deut o alan en e blas, ac&rsquo;hanta Mai-Jann gaezh, ne c&rsquo;harme ket. C&rsquo;hoarzhin&nbsp;! C&rsquo;hoarzhin kre\u00f1v, ken ma oa ur spont&nbsp;!<br \/>\nMai-Jann \u2014 O, va Jezuz. Biskoazh kemend-all&nbsp;! <br \/>\nSoaz \u2014 Marteze ne gredez ket ?<br \/>\nMai-Jann \u2014 Feiz &lsquo;vat&nbsp;! N&rsquo;ouzon ket kaer pe gredi\u00f1 pe dremen hep ober sur.<br \/>\nSoaz \u2014 Ma, Mai-Jann, gra a gari. Met ken gwir eo se evel ma on ama\u00f1. Hag ouzhpenn, astenn a rae dimp e zorn deho\u00f9 evel da ginnig un dra bennak. P&rsquo;am eus digoret dezha\u00f1 e zornig bihan koant. Petra &lsquo;gav dit &lsquo;oa e-barzh&nbsp;?<br \/>\nMai-Jann \u2014 N&rsquo;helle e gwirionez beza\u00f1 netra en e zorn o tont er bed-ma\u00f1&nbsp;&nbsp;!<br \/>\nSoaz \u2014 A gav dit ? Ac&rsquo;hanta, eo&nbsp;! Ha neuze am eus komprenet en devoa digarez da c&rsquo;hoarzhin, al labous bihan, rak c&rsquo;hoariet en devoa un dro-louarn d&rsquo;e vamm avat.<br \/>\nMai-Jann \u2014 Met petra va Doue &lsquo;ta neuze &lsquo;oa ganta\u00f1 &lsquo;n e zorn&nbsp;? <br \/>\nSoaz \u2014 \u2026 Ar Bilulenn, plac&rsquo;h kaezh&nbsp;! Ar Bilulenn&nbsp;!\u2026<\/p>\n<p>&nbsp;<\/p>\n","protected":false},"excerpt":{"rendered":"<p>Soaz ha Mai-Jann a zeu war al leurenn unan o tont eus pep penn ha gante pep a baner. Soaz \u2014 Sell [&hellip;]<\/p>\n","protected":false},"author":1,"featured_media":0,"parent":0,"menu_order":0,"comment_status":"closed","ping_status":"closed","template":"","meta":{"_acf_changed":false,"ngg_post_thumbnail":0,"footnotes":""},"class_list":["post-2419","page","type-page","status-publish","hentry"],"acf":[],"yoast_head":"<!-- This site is optimized with the Yoast SEO plugin v27.5 - https:\/\/yoast.com\/product\/yoast-seo-wordpress\/ -->\n<title>Danvez ur mailh ! (Bourdarvest evit div blac\u2019h) - Anjela Duval<\/title>\n<meta name=\"robots\" content=\"index, follow, max-snippet:-1, max-image-preview:large, max-video-preview:-1\" \/>\n<link rel=\"canonical\" href=\"https:\/\/www.anjela.org\/oberenn\/bz\/danvez-ur-mailh-bourdarvest-evit-div-blach\/\" \/>\n<meta property=\"og:locale\" content=\"fr_FR\" \/>\n<meta property=\"og:type\" content=\"article\" \/>\n<meta property=\"og:title\" content=\"Danvez ur mailh ! (Bourdarvest evit div blac\u2019h) - Anjela Duval\" \/>\n<meta property=\"og:description\" content=\"Soaz ha Mai-Jann a zeu war al leurenn unan o tont eus pep penn ha gante pep a baner. Soaz \u2014 Sell [&hellip;]\" \/>\n<meta property=\"og:url\" content=\"https:\/\/www.anjela.org\/oberenn\/bz\/danvez-ur-mailh-bourdarvest-evit-div-blach\/\" \/>\n<meta property=\"og:site_name\" content=\"Anjela Duval\" \/>\n<meta property=\"article:modified_time\" content=\"2025-08-13T13:21:59+00:00\" \/>\n<meta name=\"twitter:card\" content=\"summary_large_image\" \/>\n<meta name=\"twitter:label1\" content=\"Dur\u00e9e de lecture estim\u00e9e\" \/>\n\t<meta name=\"twitter:data1\" content=\"2 minutes\" \/>\n<script type=\"application\/ld+json\" class=\"yoast-schema-graph\">{\"@context\":\"https:\\\/\\\/schema.org\",\"@graph\":[{\"@type\":\"WebPage\",\"@id\":\"https:\\\/\\\/www.anjela.org\\\/oberenn\\\/bz\\\/danvez-ur-mailh-bourdarvest-evit-div-blach\\\/\",\"url\":\"https:\\\/\\\/www.anjela.org\\\/oberenn\\\/bz\\\/danvez-ur-mailh-bourdarvest-evit-div-blach\\\/\",\"name\":\"Danvez ur mailh ! (Bourdarvest evit div blac\u2019h) - Anjela Duval\",\"isPartOf\":{\"@id\":\"https:\\\/\\\/www.anjela.org\\\/oberenn\\\/#website\"},\"datePublished\":\"2017-10-15T19:51:11+00:00\",\"dateModified\":\"2025-08-13T13:21:59+00:00\",\"breadcrumb\":{\"@id\":\"https:\\\/\\\/www.anjela.org\\\/oberenn\\\/bz\\\/danvez-ur-mailh-bourdarvest-evit-div-blach\\\/#breadcrumb\"},\"inLanguage\":\"fr-FR\",\"potentialAction\":[{\"@type\":\"ReadAction\",\"target\":[\"https:\\\/\\\/www.anjela.org\\\/oberenn\\\/bz\\\/danvez-ur-mailh-bourdarvest-evit-div-blach\\\/\"]}]},{\"@type\":\"BreadcrumbList\",\"@id\":\"https:\\\/\\\/www.anjela.org\\\/oberenn\\\/bz\\\/danvez-ur-mailh-bourdarvest-evit-div-blach\\\/#breadcrumb\",\"itemListElement\":[{\"@type\":\"ListItem\",\"position\":1,\"name\":\"Accueil\",\"item\":\"https:\\\/\\\/www.anjela.org\\\/oberenn\\\/\"},{\"@type\":\"ListItem\",\"position\":2,\"name\":\"Danvez ur mailh ! (Bourdarvest evit div blac\u2019h)\"}]},{\"@type\":\"WebSite\",\"@id\":\"https:\\\/\\\/www.anjela.org\\\/oberenn\\\/#website\",\"url\":\"https:\\\/\\\/www.anjela.org\\\/oberenn\\\/\",\"name\":\"Anjela Duval\",\"description\":\"\",\"publisher\":{\"@id\":\"https:\\\/\\\/www.anjela.org\\\/oberenn\\\/#organization\"},\"potentialAction\":[{\"@type\":\"SearchAction\",\"target\":{\"@type\":\"EntryPoint\",\"urlTemplate\":\"https:\\\/\\\/www.anjela.org\\\/oberenn\\\/?s={search_term_string}\"},\"query-input\":{\"@type\":\"PropertyValueSpecification\",\"valueRequired\":true,\"valueName\":\"search_term_string\"}}],\"inLanguage\":\"fr-FR\"},{\"@type\":\"Organization\",\"@id\":\"https:\\\/\\\/www.anjela.org\\\/oberenn\\\/#organization\",\"name\":\"Mignoned Anjela\",\"url\":\"https:\\\/\\\/www.anjela.org\\\/oberenn\\\/\",\"logo\":{\"@type\":\"ImageObject\",\"inLanguage\":\"fr-FR\",\"@id\":\"https:\\\/\\\/www.anjela.org\\\/oberenn\\\/#\\\/schema\\\/logo\\\/image\\\/\",\"url\":\"https:\\\/\\\/www.anjela.org\\\/oberenn\\\/wp-content\\\/uploads\\\/2019\\\/11\\\/logo-mignoned-angela.png\",\"contentUrl\":\"https:\\\/\\\/www.anjela.org\\\/oberenn\\\/wp-content\\\/uploads\\\/2019\\\/11\\\/logo-mignoned-angela.png\",\"width\":248,\"height\":147,\"caption\":\"Mignoned Anjela\"},\"image\":{\"@id\":\"https:\\\/\\\/www.anjela.org\\\/oberenn\\\/#\\\/schema\\\/logo\\\/image\\\/\"}}]}<\/script>\n<!-- \/ Yoast SEO plugin. -->","yoast_head_json":{"title":"Danvez ur mailh ! (Bourdarvest evit div blac\u2019h) - Anjela Duval","robots":{"index":"index","follow":"follow","max-snippet":"max-snippet:-1","max-image-preview":"max-image-preview:large","max-video-preview":"max-video-preview:-1"},"canonical":"https:\/\/www.anjela.org\/oberenn\/bz\/danvez-ur-mailh-bourdarvest-evit-div-blach\/","og_locale":"fr_FR","og_type":"article","og_title":"Danvez ur mailh ! (Bourdarvest evit div blac\u2019h) - Anjela Duval","og_description":"Soaz ha Mai-Jann a zeu war al leurenn unan o tont eus pep penn ha gante pep a baner. Soaz \u2014 Sell [&hellip;]","og_url":"https:\/\/www.anjela.org\/oberenn\/bz\/danvez-ur-mailh-bourdarvest-evit-div-blach\/","og_site_name":"Anjela Duval","article_modified_time":"2025-08-13T13:21:59+00:00","twitter_card":"summary_large_image","twitter_misc":{"Dur\u00e9e de lecture estim\u00e9e":"2 minutes"},"schema":{"@context":"https:\/\/schema.org","@graph":[{"@type":"WebPage","@id":"https:\/\/www.anjela.org\/oberenn\/bz\/danvez-ur-mailh-bourdarvest-evit-div-blach\/","url":"https:\/\/www.anjela.org\/oberenn\/bz\/danvez-ur-mailh-bourdarvest-evit-div-blach\/","name":"Danvez ur mailh ! (Bourdarvest evit div blac\u2019h) - Anjela Duval","isPartOf":{"@id":"https:\/\/www.anjela.org\/oberenn\/#website"},"datePublished":"2017-10-15T19:51:11+00:00","dateModified":"2025-08-13T13:21:59+00:00","breadcrumb":{"@id":"https:\/\/www.anjela.org\/oberenn\/bz\/danvez-ur-mailh-bourdarvest-evit-div-blach\/#breadcrumb"},"inLanguage":"fr-FR","potentialAction":[{"@type":"ReadAction","target":["https:\/\/www.anjela.org\/oberenn\/bz\/danvez-ur-mailh-bourdarvest-evit-div-blach\/"]}]},{"@type":"BreadcrumbList","@id":"https:\/\/www.anjela.org\/oberenn\/bz\/danvez-ur-mailh-bourdarvest-evit-div-blach\/#breadcrumb","itemListElement":[{"@type":"ListItem","position":1,"name":"Accueil","item":"https:\/\/www.anjela.org\/oberenn\/"},{"@type":"ListItem","position":2,"name":"Danvez ur mailh ! (Bourdarvest evit div blac\u2019h)"}]},{"@type":"WebSite","@id":"https:\/\/www.anjela.org\/oberenn\/#website","url":"https:\/\/www.anjela.org\/oberenn\/","name":"Anjela Duval","description":"","publisher":{"@id":"https:\/\/www.anjela.org\/oberenn\/#organization"},"potentialAction":[{"@type":"SearchAction","target":{"@type":"EntryPoint","urlTemplate":"https:\/\/www.anjela.org\/oberenn\/?s={search_term_string}"},"query-input":{"@type":"PropertyValueSpecification","valueRequired":true,"valueName":"search_term_string"}}],"inLanguage":"fr-FR"},{"@type":"Organization","@id":"https:\/\/www.anjela.org\/oberenn\/#organization","name":"Mignoned Anjela","url":"https:\/\/www.anjela.org\/oberenn\/","logo":{"@type":"ImageObject","inLanguage":"fr-FR","@id":"https:\/\/www.anjela.org\/oberenn\/#\/schema\/logo\/image\/","url":"https:\/\/www.anjela.org\/oberenn\/wp-content\/uploads\/2019\/11\/logo-mignoned-angela.png","contentUrl":"https:\/\/www.anjela.org\/oberenn\/wp-content\/uploads\/2019\/11\/logo-mignoned-angela.png","width":248,"height":147,"caption":"Mignoned Anjela"},"image":{"@id":"https:\/\/www.anjela.org\/oberenn\/#\/schema\/logo\/image\/"}}]}},"_links":{"self":[{"href":"https:\/\/www.anjela.org\/oberenn\/wp-json\/wp\/v2\/pages\/2419","targetHints":{"allow":["GET"]}}],"collection":[{"href":"https:\/\/www.anjela.org\/oberenn\/wp-json\/wp\/v2\/pages"}],"about":[{"href":"https:\/\/www.anjela.org\/oberenn\/wp-json\/wp\/v2\/types\/page"}],"author":[{"embeddable":true,"href":"https:\/\/www.anjela.org\/oberenn\/wp-json\/wp\/v2\/users\/1"}],"replies":[{"embeddable":true,"href":"https:\/\/www.anjela.org\/oberenn\/wp-json\/wp\/v2\/comments?post=2419"}],"version-history":[{"count":0,"href":"https:\/\/www.anjela.org\/oberenn\/wp-json\/wp\/v2\/pages\/2419\/revisions"}],"wp:attachment":[{"href":"https:\/\/www.anjela.org\/oberenn\/wp-json\/wp\/v2\/media?parent=2419"}],"curies":[{"name":"wp","href":"https:\/\/api.w.org\/{rel}","templated":true}]}}