{"id":2403,"date":"2017-10-15T19:17:05","date_gmt":"2017-10-15T17:17:05","guid":{"rendered":"http:\/\/www.anjela.org\/oberenn\/?page_id=2403"},"modified":"2025-08-13T15:21:59","modified_gmt":"2025-08-13T13:21:59","slug":"chans-ha-droukchans","status":"publish","type":"page","link":"https:\/\/www.anjela.org\/oberenn\/bz\/chans-ha-droukchans\/","title":{"rendered":"Cha\u00f1s ha droukcha\u00f1s"},"content":{"rendered":"<p>\u00ab&nbsp;Sell piv&nbsp;! Jul. Penaos ema\u00f1 ar bed ganit, abaoe an amzer&nbsp;!<br \/>\n\u2013&nbsp;Feiz ! on bet en ospital, paotr paour.<br \/>\n\u2013&nbsp;Pebezh droukcha\u00f1s !<br \/>\n\u2013&nbsp;Pebezh cha\u00f1s, l\u00e2r &lsquo;ta : me zo dimezet gant ar gla\u00f1vdiourez.<br \/>\n\u2013&nbsp;Ha\u00f1 ya ? Pebezh cha\u00f1s.<br \/>\n\u2013&nbsp;L\u00e2r &lsquo;ta pebezh droukcha\u00f1s&nbsp;: honnezh he devoa nav bugel !<br \/>\n\u2013&nbsp;Oi ! Pebezh droukcha\u00f1s neuze &lsquo;vat.<br \/>\n\u2013&nbsp;&lsquo;Oa ket, ur cha\u00f1s eo&nbsp;: honnezh he devoa un ti bras.<br \/>\n\u2013 Pebezh cha\u00f1s sur neuze.<br \/>\n\u2013&nbsp;Cha\u00f1s paotr paour ? An ti a zo devet.<br \/>\n\u2013&nbsp;O pebezh droukcha\u00f1s.<br \/>\n\u2013&nbsp;N&rsquo;eo ket &lsquo;vat, lavar cha\u00f1s, va gwreg zo devet da heul an ti.<br \/>\n\u2013&nbsp;Hag e lavarez cha\u00f1s&nbsp;?<br \/>\n\u2013&nbsp;Ya, ur cha\u00f1s, sur, paotr paour. Honnezh &lsquo;oa un diaoulez a blac&rsquo;h.&nbsp;\u00bb<\/p>\n<p>&nbsp;<\/p>\n<p><em>[1965 ?]<\/em><\/p>\n<p><em>&nbsp;<\/em><\/p>\n<p><em>&nbsp;<\/em><\/p>\n<p><em>&nbsp;<\/em><\/p>\n","protected":false},"excerpt":{"rendered":"<p>\u00ab&nbsp;Sell piv&nbsp;! Jul. Penaos ema\u00f1 ar bed ganit, abaoe an amzer&nbsp;! \u2013&nbsp;Feiz ! on bet en ospital, paotr paour. \u2013&nbsp;Pebezh droukcha\u00f1s ! [&hellip;]<\/p>\n","protected":false},"author":1,"featured_media":0,"parent":0,"menu_order":0,"comment_status":"closed","ping_status":"closed","template":"","meta":{"_acf_changed":false,"ngg_post_thumbnail":0,"footnotes":""},"class_list":["post-2403","page","type-page","status-publish","hentry"],"acf":[],"yoast_head":"<!-- This site is optimized with the Yoast SEO plugin v27.5 - https:\/\/yoast.com\/product\/yoast-seo-wordpress\/ -->\n<title>Cha\u00f1s ha droukcha\u00f1s - Anjela Duval<\/title>\n<meta name=\"robots\" content=\"index, follow, max-snippet:-1, max-image-preview:large, max-video-preview:-1\" \/>\n<link rel=\"canonical\" href=\"https:\/\/www.anjela.org\/oberenn\/bz\/chans-ha-droukchans\/\" \/>\n<meta property=\"og:locale\" content=\"fr_FR\" \/>\n<meta property=\"og:type\" content=\"article\" \/>\n<meta property=\"og:title\" content=\"Cha\u00f1s ha droukcha\u00f1s - Anjela Duval\" \/>\n<meta property=\"og:description\" content=\"\u00ab&nbsp;Sell piv&nbsp;! Jul. Penaos ema\u00f1 ar bed ganit, abaoe an amzer&nbsp;! \u2013&nbsp;Feiz ! on bet en ospital, paotr paour. \u2013&nbsp;Pebezh droukcha\u00f1s ! [&hellip;]\" \/>\n<meta property=\"og:url\" content=\"https:\/\/www.anjela.org\/oberenn\/bz\/chans-ha-droukchans\/\" \/>\n<meta property=\"og:site_name\" content=\"Anjela Duval\" \/>\n<meta property=\"article:modified_time\" content=\"2025-08-13T13:21:59+00:00\" \/>\n<meta name=\"twitter:card\" content=\"summary_large_image\" \/>\n<meta name=\"twitter:label1\" content=\"Dur\u00e9e de lecture estim\u00e9e\" \/>\n\t<meta name=\"twitter:data1\" content=\"1 minute\" \/>\n<script type=\"application\/ld+json\" class=\"yoast-schema-graph\">{\"@context\":\"https:\\\/\\\/schema.org\",\"@graph\":[{\"@type\":\"WebPage\",\"@id\":\"https:\\\/\\\/www.anjela.org\\\/oberenn\\\/bz\\\/chans-ha-droukchans\\\/\",\"url\":\"https:\\\/\\\/www.anjela.org\\\/oberenn\\\/bz\\\/chans-ha-droukchans\\\/\",\"name\":\"Cha\u00f1s ha droukcha\u00f1s - Anjela Duval\",\"isPartOf\":{\"@id\":\"https:\\\/\\\/www.anjela.org\\\/oberenn\\\/#website\"},\"datePublished\":\"2017-10-15T17:17:05+00:00\",\"dateModified\":\"2025-08-13T13:21:59+00:00\",\"breadcrumb\":{\"@id\":\"https:\\\/\\\/www.anjela.org\\\/oberenn\\\/bz\\\/chans-ha-droukchans\\\/#breadcrumb\"},\"inLanguage\":\"fr-FR\",\"potentialAction\":[{\"@type\":\"ReadAction\",\"target\":[\"https:\\\/\\\/www.anjela.org\\\/oberenn\\\/bz\\\/chans-ha-droukchans\\\/\"]}]},{\"@type\":\"BreadcrumbList\",\"@id\":\"https:\\\/\\\/www.anjela.org\\\/oberenn\\\/bz\\\/chans-ha-droukchans\\\/#breadcrumb\",\"itemListElement\":[{\"@type\":\"ListItem\",\"position\":1,\"name\":\"Accueil\",\"item\":\"https:\\\/\\\/www.anjela.org\\\/oberenn\\\/\"},{\"@type\":\"ListItem\",\"position\":2,\"name\":\"Cha\u00f1s ha droukcha\u00f1s\"}]},{\"@type\":\"WebSite\",\"@id\":\"https:\\\/\\\/www.anjela.org\\\/oberenn\\\/#website\",\"url\":\"https:\\\/\\\/www.anjela.org\\\/oberenn\\\/\",\"name\":\"Anjela Duval\",\"description\":\"\",\"publisher\":{\"@id\":\"https:\\\/\\\/www.anjela.org\\\/oberenn\\\/#organization\"},\"potentialAction\":[{\"@type\":\"SearchAction\",\"target\":{\"@type\":\"EntryPoint\",\"urlTemplate\":\"https:\\\/\\\/www.anjela.org\\\/oberenn\\\/?s={search_term_string}\"},\"query-input\":{\"@type\":\"PropertyValueSpecification\",\"valueRequired\":true,\"valueName\":\"search_term_string\"}}],\"inLanguage\":\"fr-FR\"},{\"@type\":\"Organization\",\"@id\":\"https:\\\/\\\/www.anjela.org\\\/oberenn\\\/#organization\",\"name\":\"Mignoned Anjela\",\"url\":\"https:\\\/\\\/www.anjela.org\\\/oberenn\\\/\",\"logo\":{\"@type\":\"ImageObject\",\"inLanguage\":\"fr-FR\",\"@id\":\"https:\\\/\\\/www.anjela.org\\\/oberenn\\\/#\\\/schema\\\/logo\\\/image\\\/\",\"url\":\"https:\\\/\\\/www.anjela.org\\\/oberenn\\\/wp-content\\\/uploads\\\/2019\\\/11\\\/logo-mignoned-angela.png\",\"contentUrl\":\"https:\\\/\\\/www.anjela.org\\\/oberenn\\\/wp-content\\\/uploads\\\/2019\\\/11\\\/logo-mignoned-angela.png\",\"width\":248,\"height\":147,\"caption\":\"Mignoned Anjela\"},\"image\":{\"@id\":\"https:\\\/\\\/www.anjela.org\\\/oberenn\\\/#\\\/schema\\\/logo\\\/image\\\/\"}}]}<\/script>\n<!-- \/ Yoast SEO plugin. -->","yoast_head_json":{"title":"Cha\u00f1s ha droukcha\u00f1s - Anjela Duval","robots":{"index":"index","follow":"follow","max-snippet":"max-snippet:-1","max-image-preview":"max-image-preview:large","max-video-preview":"max-video-preview:-1"},"canonical":"https:\/\/www.anjela.org\/oberenn\/bz\/chans-ha-droukchans\/","og_locale":"fr_FR","og_type":"article","og_title":"Cha\u00f1s ha droukcha\u00f1s - Anjela Duval","og_description":"\u00ab&nbsp;Sell piv&nbsp;! Jul. Penaos ema\u00f1 ar bed ganit, abaoe an amzer&nbsp;! \u2013&nbsp;Feiz ! on bet en ospital, paotr paour. \u2013&nbsp;Pebezh droukcha\u00f1s ! [&hellip;]","og_url":"https:\/\/www.anjela.org\/oberenn\/bz\/chans-ha-droukchans\/","og_site_name":"Anjela Duval","article_modified_time":"2025-08-13T13:21:59+00:00","twitter_card":"summary_large_image","twitter_misc":{"Dur\u00e9e de lecture estim\u00e9e":"1 minute"},"schema":{"@context":"https:\/\/schema.org","@graph":[{"@type":"WebPage","@id":"https:\/\/www.anjela.org\/oberenn\/bz\/chans-ha-droukchans\/","url":"https:\/\/www.anjela.org\/oberenn\/bz\/chans-ha-droukchans\/","name":"Cha\u00f1s ha droukcha\u00f1s - Anjela Duval","isPartOf":{"@id":"https:\/\/www.anjela.org\/oberenn\/#website"},"datePublished":"2017-10-15T17:17:05+00:00","dateModified":"2025-08-13T13:21:59+00:00","breadcrumb":{"@id":"https:\/\/www.anjela.org\/oberenn\/bz\/chans-ha-droukchans\/#breadcrumb"},"inLanguage":"fr-FR","potentialAction":[{"@type":"ReadAction","target":["https:\/\/www.anjela.org\/oberenn\/bz\/chans-ha-droukchans\/"]}]},{"@type":"BreadcrumbList","@id":"https:\/\/www.anjela.org\/oberenn\/bz\/chans-ha-droukchans\/#breadcrumb","itemListElement":[{"@type":"ListItem","position":1,"name":"Accueil","item":"https:\/\/www.anjela.org\/oberenn\/"},{"@type":"ListItem","position":2,"name":"Cha\u00f1s ha droukcha\u00f1s"}]},{"@type":"WebSite","@id":"https:\/\/www.anjela.org\/oberenn\/#website","url":"https:\/\/www.anjela.org\/oberenn\/","name":"Anjela Duval","description":"","publisher":{"@id":"https:\/\/www.anjela.org\/oberenn\/#organization"},"potentialAction":[{"@type":"SearchAction","target":{"@type":"EntryPoint","urlTemplate":"https:\/\/www.anjela.org\/oberenn\/?s={search_term_string}"},"query-input":{"@type":"PropertyValueSpecification","valueRequired":true,"valueName":"search_term_string"}}],"inLanguage":"fr-FR"},{"@type":"Organization","@id":"https:\/\/www.anjela.org\/oberenn\/#organization","name":"Mignoned Anjela","url":"https:\/\/www.anjela.org\/oberenn\/","logo":{"@type":"ImageObject","inLanguage":"fr-FR","@id":"https:\/\/www.anjela.org\/oberenn\/#\/schema\/logo\/image\/","url":"https:\/\/www.anjela.org\/oberenn\/wp-content\/uploads\/2019\/11\/logo-mignoned-angela.png","contentUrl":"https:\/\/www.anjela.org\/oberenn\/wp-content\/uploads\/2019\/11\/logo-mignoned-angela.png","width":248,"height":147,"caption":"Mignoned Anjela"},"image":{"@id":"https:\/\/www.anjela.org\/oberenn\/#\/schema\/logo\/image\/"}}]}},"_links":{"self":[{"href":"https:\/\/www.anjela.org\/oberenn\/wp-json\/wp\/v2\/pages\/2403","targetHints":{"allow":["GET"]}}],"collection":[{"href":"https:\/\/www.anjela.org\/oberenn\/wp-json\/wp\/v2\/pages"}],"about":[{"href":"https:\/\/www.anjela.org\/oberenn\/wp-json\/wp\/v2\/types\/page"}],"author":[{"embeddable":true,"href":"https:\/\/www.anjela.org\/oberenn\/wp-json\/wp\/v2\/users\/1"}],"replies":[{"embeddable":true,"href":"https:\/\/www.anjela.org\/oberenn\/wp-json\/wp\/v2\/comments?post=2403"}],"version-history":[{"count":0,"href":"https:\/\/www.anjela.org\/oberenn\/wp-json\/wp\/v2\/pages\/2403\/revisions"}],"wp:attachment":[{"href":"https:\/\/www.anjela.org\/oberenn\/wp-json\/wp\/v2\/media?parent=2403"}],"curies":[{"name":"wp","href":"https:\/\/api.w.org\/{rel}","templated":true}]}}