{"id":2397,"date":"2017-10-15T19:14:49","date_gmt":"2017-10-15T17:14:49","guid":{"rendered":"http:\/\/www.anjela.org\/oberenn\/?page_id=2397"},"modified":"2025-08-13T15:23:03","modified_gmt":"2025-08-13T13:23:03","slug":"gleskered","status":"publish","type":"page","link":"https:\/\/www.anjela.org\/oberenn\/bz\/gleskered\/","title":{"rendered":"Gleskered"},"content":{"rendered":"<p>Bez&rsquo; &lsquo;oa un deiz daou c&rsquo;hlesker o c&rsquo;hoari lammat, heligenta\u00f1 etrezo piv a lammje an uhela\u00f1 hag ar pella\u00f1.<\/p>\n<p>A lammo\u00f9 &lsquo;n em gavjont e-kichen ur mell bailhad laezh, ha lammat a rejont e- barzh. Ma vije bet ur bailhad dour, sur &lsquo;vijent bet &lsquo;n em gavet en o bleud eno. Met siwazh al laezh n&rsquo;eo ket mat tamm ebet evit yec&rsquo;hed ar gleskered. &lsquo;N em lakaat a rejont eta, kerkent ha merzet ganto o fazi da fringal er bailh gwasha\u00f1 ma c&rsquo;hell- jont da glask &lsquo;n em denn&rsquo; ac&rsquo;hane.<\/p>\n<p>Unan anezho a gollas kalon prim a-walc&rsquo;h o welout, kaer en devoa trei\u00f1 ha distrei\u00f1, na gave ket un diazez da lammat kuit. Kregi\u00f1 &lsquo;reas enna\u00f1 an dispi, &lsquo;n em lezel a reas da vont war lein e gein ha spluja\u00f1 da strad ar bailh e-lec&rsquo;h ma veuzas &nbsp;buan.<\/p>\n<p>Ar glesker all avat a oa kalonekoc&rsquo;h ha pennekoc&rsquo;h ha neuze, &lsquo;micha\u00f1s &lsquo;oa ez- anienel dezha\u00f1 stourm evit e vuhez ! Derc&rsquo;hel a eure &lsquo;ta da neu\u00f1v, da drei\u00f1, da fi\u00f1val er bailh kement ha ken bihan ken ma &lsquo;n em gavas ribotet al laezh dre forzh beza\u00f1 mesket\u2026 Ha setu ur bezhenn amann war c&rsquo;horre, hag ar glesker kalonek goude beza\u00f1 graet un tammig diskuizh war ar menez-se (ha na oa ket ur menez- skorn) a c&rsquo;hellas lammat er-maez ar bailh peogwir en devoa un diazez d&rsquo;e dreid da gemer e la\u00f1s.<\/p>\n<p>N&rsquo;am eus ket ezhomm, bugale, da denna\u00f1 deoc&rsquo;h ur gentel eus an istorig-ma\u00f1. Meizet hoc&rsquo;h eus hoc&rsquo;h-unan. N&rsquo;en deus ket an den ar gwir da zic&rsquo;hoanagi\u00f1 tra m&rsquo;en deus ket graet implij eus e holl nerzh, e holl ijin, e holl ouiziegezh. Kentel veur ar vuhez eo al labour. Labour ar c&rsquo;horf ha labour ar spered ; al labour hepken zo krouer pinvidigezh, pinvidigezh danvezel ha pinvidigezh speredel. Al labour hepken a c&rsquo;hell hon uhelaat. Gwell eo dimp konta\u00f1 da genta\u00f1 warnomp hon-unan eget gortoz ur sikour n&#8217;emeur ket sur tamm ebet outa\u00f1\u2026 \u00ab En em sikour, eme ar c&rsquo;hrennlavar, hag an Ne\u00f1v da sikouro. \u00bb Doue ne nac&rsquo;h ket e sikour d&rsquo;an den met goulenn &lsquo;ra diganta\u00f1 ober da genta\u00f1 ar pezh a zo en e c&rsquo;halloud. Ar barzh alaman Goethe a droe er giz-ma\u00f1 hollgened al labour : \u00ab Doue a ro dimp krao\u00f1 met n&rsquo;eo ket E\u00f1 a dorr anezho. \u00bb<\/p>\n<p>&nbsp;<\/p>\n<p><em>20 Here 1965<\/em><\/p>\n<p><em>&nbsp;<\/em><\/p>\n","protected":false},"excerpt":{"rendered":"<p>Bez&rsquo; &lsquo;oa un deiz daou c&rsquo;hlesker o c&rsquo;hoari lammat, heligenta\u00f1 etrezo piv a lammje an uhela\u00f1 hag ar pella\u00f1. A lammo\u00f9 &lsquo;n [&hellip;]<\/p>\n","protected":false},"author":1,"featured_media":0,"parent":0,"menu_order":0,"comment_status":"closed","ping_status":"closed","template":"","meta":{"_acf_changed":false,"ngg_post_thumbnail":0,"footnotes":""},"class_list":["post-2397","page","type-page","status-publish","hentry"],"acf":[],"yoast_head":"<!-- This site is optimized with the Yoast SEO plugin v27.5 - https:\/\/yoast.com\/product\/yoast-seo-wordpress\/ -->\n<title>Gleskered - Anjela Duval<\/title>\n<meta name=\"robots\" content=\"index, follow, max-snippet:-1, max-image-preview:large, max-video-preview:-1\" \/>\n<link rel=\"canonical\" href=\"https:\/\/www.anjela.org\/oberenn\/bz\/gleskered\/\" \/>\n<meta property=\"og:locale\" content=\"fr_FR\" \/>\n<meta property=\"og:type\" content=\"article\" \/>\n<meta property=\"og:title\" content=\"Gleskered - Anjela Duval\" \/>\n<meta property=\"og:description\" content=\"Bez&rsquo; &lsquo;oa un deiz daou c&rsquo;hlesker o c&rsquo;hoari lammat, heligenta\u00f1 etrezo piv a lammje an uhela\u00f1 hag ar pella\u00f1. A lammo\u00f9 &lsquo;n [&hellip;]\" \/>\n<meta property=\"og:url\" content=\"https:\/\/www.anjela.org\/oberenn\/bz\/gleskered\/\" \/>\n<meta property=\"og:site_name\" content=\"Anjela Duval\" \/>\n<meta property=\"article:modified_time\" content=\"2025-08-13T13:23:03+00:00\" \/>\n<meta name=\"twitter:card\" content=\"summary_large_image\" \/>\n<meta name=\"twitter:label1\" content=\"Dur\u00e9e de lecture estim\u00e9e\" \/>\n\t<meta name=\"twitter:data1\" content=\"2 minutes\" \/>\n<script type=\"application\/ld+json\" class=\"yoast-schema-graph\">{\"@context\":\"https:\\\/\\\/schema.org\",\"@graph\":[{\"@type\":\"WebPage\",\"@id\":\"https:\\\/\\\/www.anjela.org\\\/oberenn\\\/bz\\\/gleskered\\\/\",\"url\":\"https:\\\/\\\/www.anjela.org\\\/oberenn\\\/bz\\\/gleskered\\\/\",\"name\":\"Gleskered - Anjela Duval\",\"isPartOf\":{\"@id\":\"https:\\\/\\\/www.anjela.org\\\/oberenn\\\/#website\"},\"datePublished\":\"2017-10-15T17:14:49+00:00\",\"dateModified\":\"2025-08-13T13:23:03+00:00\",\"breadcrumb\":{\"@id\":\"https:\\\/\\\/www.anjela.org\\\/oberenn\\\/bz\\\/gleskered\\\/#breadcrumb\"},\"inLanguage\":\"fr-FR\",\"potentialAction\":[{\"@type\":\"ReadAction\",\"target\":[\"https:\\\/\\\/www.anjela.org\\\/oberenn\\\/bz\\\/gleskered\\\/\"]}]},{\"@type\":\"BreadcrumbList\",\"@id\":\"https:\\\/\\\/www.anjela.org\\\/oberenn\\\/bz\\\/gleskered\\\/#breadcrumb\",\"itemListElement\":[{\"@type\":\"ListItem\",\"position\":1,\"name\":\"Accueil\",\"item\":\"https:\\\/\\\/www.anjela.org\\\/oberenn\\\/\"},{\"@type\":\"ListItem\",\"position\":2,\"name\":\"Gleskered\"}]},{\"@type\":\"WebSite\",\"@id\":\"https:\\\/\\\/www.anjela.org\\\/oberenn\\\/#website\",\"url\":\"https:\\\/\\\/www.anjela.org\\\/oberenn\\\/\",\"name\":\"Anjela Duval\",\"description\":\"\",\"publisher\":{\"@id\":\"https:\\\/\\\/www.anjela.org\\\/oberenn\\\/#organization\"},\"potentialAction\":[{\"@type\":\"SearchAction\",\"target\":{\"@type\":\"EntryPoint\",\"urlTemplate\":\"https:\\\/\\\/www.anjela.org\\\/oberenn\\\/?s={search_term_string}\"},\"query-input\":{\"@type\":\"PropertyValueSpecification\",\"valueRequired\":true,\"valueName\":\"search_term_string\"}}],\"inLanguage\":\"fr-FR\"},{\"@type\":\"Organization\",\"@id\":\"https:\\\/\\\/www.anjela.org\\\/oberenn\\\/#organization\",\"name\":\"Mignoned Anjela\",\"url\":\"https:\\\/\\\/www.anjela.org\\\/oberenn\\\/\",\"logo\":{\"@type\":\"ImageObject\",\"inLanguage\":\"fr-FR\",\"@id\":\"https:\\\/\\\/www.anjela.org\\\/oberenn\\\/#\\\/schema\\\/logo\\\/image\\\/\",\"url\":\"https:\\\/\\\/www.anjela.org\\\/oberenn\\\/wp-content\\\/uploads\\\/2019\\\/11\\\/logo-mignoned-angela.png\",\"contentUrl\":\"https:\\\/\\\/www.anjela.org\\\/oberenn\\\/wp-content\\\/uploads\\\/2019\\\/11\\\/logo-mignoned-angela.png\",\"width\":248,\"height\":147,\"caption\":\"Mignoned Anjela\"},\"image\":{\"@id\":\"https:\\\/\\\/www.anjela.org\\\/oberenn\\\/#\\\/schema\\\/logo\\\/image\\\/\"}}]}<\/script>\n<!-- \/ Yoast SEO plugin. -->","yoast_head_json":{"title":"Gleskered - Anjela Duval","robots":{"index":"index","follow":"follow","max-snippet":"max-snippet:-1","max-image-preview":"max-image-preview:large","max-video-preview":"max-video-preview:-1"},"canonical":"https:\/\/www.anjela.org\/oberenn\/bz\/gleskered\/","og_locale":"fr_FR","og_type":"article","og_title":"Gleskered - Anjela Duval","og_description":"Bez&rsquo; &lsquo;oa un deiz daou c&rsquo;hlesker o c&rsquo;hoari lammat, heligenta\u00f1 etrezo piv a lammje an uhela\u00f1 hag ar pella\u00f1. A lammo\u00f9 &lsquo;n [&hellip;]","og_url":"https:\/\/www.anjela.org\/oberenn\/bz\/gleskered\/","og_site_name":"Anjela Duval","article_modified_time":"2025-08-13T13:23:03+00:00","twitter_card":"summary_large_image","twitter_misc":{"Dur\u00e9e de lecture estim\u00e9e":"2 minutes"},"schema":{"@context":"https:\/\/schema.org","@graph":[{"@type":"WebPage","@id":"https:\/\/www.anjela.org\/oberenn\/bz\/gleskered\/","url":"https:\/\/www.anjela.org\/oberenn\/bz\/gleskered\/","name":"Gleskered - Anjela Duval","isPartOf":{"@id":"https:\/\/www.anjela.org\/oberenn\/#website"},"datePublished":"2017-10-15T17:14:49+00:00","dateModified":"2025-08-13T13:23:03+00:00","breadcrumb":{"@id":"https:\/\/www.anjela.org\/oberenn\/bz\/gleskered\/#breadcrumb"},"inLanguage":"fr-FR","potentialAction":[{"@type":"ReadAction","target":["https:\/\/www.anjela.org\/oberenn\/bz\/gleskered\/"]}]},{"@type":"BreadcrumbList","@id":"https:\/\/www.anjela.org\/oberenn\/bz\/gleskered\/#breadcrumb","itemListElement":[{"@type":"ListItem","position":1,"name":"Accueil","item":"https:\/\/www.anjela.org\/oberenn\/"},{"@type":"ListItem","position":2,"name":"Gleskered"}]},{"@type":"WebSite","@id":"https:\/\/www.anjela.org\/oberenn\/#website","url":"https:\/\/www.anjela.org\/oberenn\/","name":"Anjela Duval","description":"","publisher":{"@id":"https:\/\/www.anjela.org\/oberenn\/#organization"},"potentialAction":[{"@type":"SearchAction","target":{"@type":"EntryPoint","urlTemplate":"https:\/\/www.anjela.org\/oberenn\/?s={search_term_string}"},"query-input":{"@type":"PropertyValueSpecification","valueRequired":true,"valueName":"search_term_string"}}],"inLanguage":"fr-FR"},{"@type":"Organization","@id":"https:\/\/www.anjela.org\/oberenn\/#organization","name":"Mignoned Anjela","url":"https:\/\/www.anjela.org\/oberenn\/","logo":{"@type":"ImageObject","inLanguage":"fr-FR","@id":"https:\/\/www.anjela.org\/oberenn\/#\/schema\/logo\/image\/","url":"https:\/\/www.anjela.org\/oberenn\/wp-content\/uploads\/2019\/11\/logo-mignoned-angela.png","contentUrl":"https:\/\/www.anjela.org\/oberenn\/wp-content\/uploads\/2019\/11\/logo-mignoned-angela.png","width":248,"height":147,"caption":"Mignoned Anjela"},"image":{"@id":"https:\/\/www.anjela.org\/oberenn\/#\/schema\/logo\/image\/"}}]}},"_links":{"self":[{"href":"https:\/\/www.anjela.org\/oberenn\/wp-json\/wp\/v2\/pages\/2397","targetHints":{"allow":["GET"]}}],"collection":[{"href":"https:\/\/www.anjela.org\/oberenn\/wp-json\/wp\/v2\/pages"}],"about":[{"href":"https:\/\/www.anjela.org\/oberenn\/wp-json\/wp\/v2\/types\/page"}],"author":[{"embeddable":true,"href":"https:\/\/www.anjela.org\/oberenn\/wp-json\/wp\/v2\/users\/1"}],"replies":[{"embeddable":true,"href":"https:\/\/www.anjela.org\/oberenn\/wp-json\/wp\/v2\/comments?post=2397"}],"version-history":[{"count":0,"href":"https:\/\/www.anjela.org\/oberenn\/wp-json\/wp\/v2\/pages\/2397\/revisions"}],"wp:attachment":[{"href":"https:\/\/www.anjela.org\/oberenn\/wp-json\/wp\/v2\/media?parent=2397"}],"curies":[{"name":"wp","href":"https:\/\/api.w.org\/{rel}","templated":true}]}}