{"id":2391,"date":"2017-10-15T19:11:48","date_gmt":"2017-10-15T17:11:48","guid":{"rendered":"http:\/\/www.anjela.org\/oberenn\/?page_id=2391"},"modified":"2025-08-13T15:20:32","modified_gmt":"2025-08-13T13:20:32","slug":"ar-chog-gwenn","status":"publish","type":"page","link":"https:\/\/www.anjela.org\/oberenn\/bz\/ar-chog-gwenn\/","title":{"rendered":"Ar c\u2019hog gwenn"},"content":{"rendered":"<table style=\"height: 314px; width: 100%; border-collapse: collapse;\" border=\"0\">\n<tbody>\n<tr style=\"height: 314px;\">\n<td style=\"width: 50%; height: 314px;\">Nevez &lsquo;oa c&rsquo;hoazh em c&rsquo;horn-bro ar ouenn yer Leghorn. Nevez &lsquo;oa ivez end-eeun ar c&rsquo;hiz da sevel yer a vandennado\u00f9, a borzhiado\u00f9, da lavaret eo en ur stumm dishe\u00f1vel-tre diouzh ar c&rsquo;hiz kozh. Ne veze nemet un dousenn pe div pe deir a yer e pep menaj hervez ment an douar vak en-dro d&rsquo;an ti kentoc&rsquo;h eget hervez ment ar feurm.<\/p>\n<p>Ma, brema\u00f1 &lsquo;ta &lsquo;oa ar c&rsquo;hiz o tont da sevel yer &lsquo;n un doare teknikel ha kenwerzhel. Yer a ouenn c&rsquo;hlan moarvat. Bez&rsquo; &lsquo;oa er bourk ur paotr a-raok, ha daoust dezha\u00f1 kaout ur vicher a baotr-e-bluenn a lakaas en e benn sevel yer. Bez&rsquo; e krogas gant hanter-kant evn a ouenn Leghorn. Ar yer gwenn-kann-se gant ur mell klipenn ruz evel roz-aer, dever enno, mat da skrapat ha mat-kena\u00f1 da dozvi\u00f1.<\/p>\n<p>Evel meur a hini all e c&rsquo;hoantais kaout vio\u00f9 yer gwenn da lakaat da c&rsquo;hori\u00f1. Met holla ! &lsquo;oa ket da\u00f1jer. An aotrou-ma\u00f1 &lsquo;oa ket o klask gwelout niver ar yer o kreski\u00f1, se vije koll ar c&rsquo;ho\u00f1vers. \u00ab N&rsquo;eo ket mat va vio\u00f9, emeza\u00f1, re nebeut a gigi &lsquo;m eus. It da brena\u00f1 evned mar deo kre\u00f1v ho yalc&rsquo;h rak ker int avat ha diaes da sevel\u2026 \u00bb<\/td>\n<td style=\"width: 50%; height: 314px;\">\n<p><img fetchpriority=\"high\" decoding=\"async\" class=\"aligncenter  wp-image-5606\" src=\"http:\/\/www.anjela.org\/oberenn\/wp-content\/uploads\/2018\/11\/white_leg-300x273.jpg\" alt=\"\" data-id=\"5606\" width=\"388\" height=\"353\" srcset=\"https:\/\/www.anjela.org\/oberenn\/wp-content\/uploads\/2018\/11\/white_leg-300x273.jpg 300w, https:\/\/www.anjela.org\/oberenn\/wp-content\/uploads\/2018\/11\/white_leg.jpg 732w\" sizes=\"(max-width: 388px) 100vw, 388px\" \/><\/p>\n<\/td>\n<\/tr>\n<\/tbody>\n<\/table>\n<p>\nMa, pennek on bet a-viskoazh. Yer Leghorn a felle din ha bez&rsquo; am bije pe vije start ar foenn da denna\u00f1. Met bihan &lsquo;oa va arc&rsquo;hant. Ne vern. Dre hanterouriezh migno- ned am boa gallet kaout ur c&rsquo;hog diouzh ti paotr ar yer. \u00ab Na lezit ket ar po\u00f1sin-se re bell er forn, eme an itron da&rsquo;m mignoned, rak hennezh zo tener e gig, maget evel m&rsquo;eo bet. \u00bb Met setu planedenn Yann gog, e-lec&rsquo;h mont d&rsquo;ober anaoudegezh gant ar forn &lsquo;oa deut du-ma\u00f1 d&rsquo;ober un tad-yer. Ha me &lsquo;gomz deoc&rsquo;h eus ur paotr faro ! Gwenn evel an erc&rsquo;h, ur glipenn ruz &lsquo;vel roz-aer, un heuzo\u00f9 melen, hag e\u00f1 sonn war e ello\u00f9 ha krog dija da gana\u00f1, mar plij.<\/p>\n<p>&lsquo;Oa ket bet pell o kouezha\u00f1 e karantez gant va folizi ha prestik am boa vio\u00f9 da lakaat da c&rsquo;hori\u00f1 d&rsquo;ur c&rsquo;hozh sklokerez. Ha setu bastarded Leghorn o tifluka\u00f1, ha lec&rsquo;h en devoa ar c&rsquo;hog gwenn da veza\u00f1 lorc&rsquo;hus ha bez&rsquo; a oa, me &lsquo;lavar, daoust dezha\u00f1 da veza\u00f1 ur paotr ska\u00f1v, bez&rsquo; &lsquo;oa buz ha buhez enna\u00f1 ha balc&rsquo;h ar lamm anezha\u00f1. Kalz a abego\u00f9 en devoa end-eeun da veza\u00f1 balc&rsquo;h. Daoust hag-e\u00f1 n&rsquo;oa ket bet lakaet ar c&rsquo;hog kozh er soubenn d&rsquo;ober plas dezha\u00f1&nbsp;? Daoust hag-e\u00f1 n&rsquo;eo ket e\u00f1 a dihune tud ha loened bep mintin gant e gokoriko skiltrus&nbsp;? Daoust hag-e\u00f1 n&rsquo;eo ket e\u00f1 a rae ar polis war al leur pa groge katailh etre ar sklokerezed hag an dozverezed ? Daoust hag-e\u00f1 n&rsquo;eo ket e vugale al labousedigo\u00f9 koant ha mibin-se o skraba\u00f1 dija ken dilu en-dro d&rsquo;an teil&nbsp;? Daoust hag-e\u00f1 n&rsquo;eo ket e\u00f1 a gave tres eus an tachenno\u00f9 nevez-hadet&nbsp;? Aze avat a fazie a-wecho\u00f9, rak Loulout kozh, ar c&rsquo;hi du iset gant e vestr, a denne dezha\u00f1 pluenno\u00f9 eus e lost. Kement ha ken bihan end-eeun ma kounnaras un deiz ha ma kredas ober tal d&rsquo;ar c&rsquo;hi, ken ma reas dezha\u00f1 tec&rsquo;hout.<\/p>\n<p>Adalek an deiz-se e kredas da Yann gog beza\u00f1 deut da vestr bras. Trec&rsquo;hi\u00f1 &lsquo;reas al lorc&rsquo;h warna\u00f1 ha fellout &lsquo;reas dezha\u00f1 suja\u00f1 ivez an dud. Pa wele tud estren d&rsquo;an ti oc&rsquo;h antren er porzh &lsquo;n em lakae da gana\u00f1 gant ur stumm drouk sonn war e ello\u00f9 hag o flapa\u00f1 e zivaskell ken ma krene gant ar gounnar. Iskis eo pegen speredek &lsquo;oa al loen plu\u00f1v-se. &lsquo;Oa ket &lsquo;vit gouza\u00f1v ar c&rsquo;hlakenno\u00f9. Ma veze aet war e glud e teue raktal en trao\u00f1 adalek ma kleve mouezh ur glakenn bennak, lammat a rae war ar voger vihan hag ac&rsquo;hane war o choug. Ar vugale o dije aon bras outa\u00f1. Un da\u00f1jer &lsquo;oa en gwirionez. Ma lavaras va zad un deiz : \u00ab&nbsp;Feiz, ret vo lakaat ar c&rsquo;hog gwenn er soubenn pe savo trouz diwar e benn.&nbsp;\u00bb Barnet &lsquo;oa eta d&rsquo;ar marv, ha kavet un deiz evit an aberzh&nbsp;: mont a raje d&rsquo;ober friko an dorna\u00f1. Unan eus an amezeien, ur paotr ampart war ar vicher kiger a deuas d&rsquo;ober e stal d&rsquo;ar c&rsquo;hog gwenn asambles gant ur yar all, pe ziv&nbsp;? &lsquo;m eus ket so\u00f1j kaer.<\/p>\n<p>Evit diblu\u00f1va\u00f1 aesoc&rsquo;h va loened am boa bervet ur bodezad vat a zour.<br \/>\n\u00ab Marv int, Marsel ?<br \/>\n\u2014 Ya, ya, deuit hardizh, na fi\u00f1v hini &lsquo;bet ken.&nbsp;\u00bb<br \/>\nN&rsquo;on ket &lsquo;vit gouza\u00f1v gwelout loened o vervel\u2026 Boenn\u2026 Marv mat &lsquo;oant ha dour bervet warno er bodez. \u00ab&nbsp;Oi ! Gwa&nbsp;! Va Doue ivez &lsquo;ta&nbsp;!\u2026&nbsp;\u00bb Ganin o vl\u00eajal diwar va spont &lsquo;oa diredet Marsel eus an ti a-greiz eva\u00f1 ur chopinad sistr.<br \/>\n\u00ab Petra zo ? En em boazhet oc&rsquo;h ?<br \/>\n\u2014 O va Doue ivez &lsquo;ta. Ar c&rsquo;hog. &lsquo;Oa ket marv. Nijet eo kuit ha stribilhet dour bervet din &lsquo;leizh va dremm. O&nbsp;! al loen-se zo eus perzh an diaoul &lsquo;velkent.<br \/>\n\u2014 Biskoazh kemend-all ! Hag ema\u00f1 pelec&rsquo;h&nbsp;? Fidambie me zo &lsquo;vont da lemel ar c&rsquo;hoant nijal diganta\u00f1. Gortoz.&nbsp;\u00bb<\/p>\n<p>Tapet &lsquo;oa ar c&rsquo;hog dindan ar vodenn-veuz, hag an dro-se n&rsquo;eo ket gant e gontell &lsquo;oa aet Marsel dezha\u00f1 avat. Met gant ar falz war ar pigos da drailha\u00f1 keuneud en devoa distaget e benn diouta\u00f1 lip. Ur flapadenn bennak a glevis anezha\u00f1 oc&rsquo;h ober d&rsquo;e zivaskell, hag echu\u2026 Ma feiz, un tamm disfiz am boa c&rsquo;hoazh pa soubis anezha\u00f1 evit an eil gwech er bodezad dour berv. Met an dro-ma\u00f1 &lsquo;oa marv-mat.<br \/>\n<em><br \/>\nHa kennebeut n&rsquo;en doa kanet ouzh ar ber <\/em><br \/>\n<em>Da lavaret d&rsquo;ar justis na raent ket o dever,<\/em><\/p>\n<p>evel ma veze kanet er gwerzio\u00f9 kozh gwechall. Goude graet ganta\u00f1 un tamm tro er pod-soubenn &lsquo;voe graet ur gefalennad yer ha piz bihan da baotred an dorna\u00f1. Ha ma na&rsquo;m c&rsquo;hredit ket n&rsquo;hoc&rsquo;h eus nemet mont da c&rsquo;houlenn diganto.<\/p>\n<p><em>9 a viz Mae 1965<\/em><\/p>\n","protected":false},"excerpt":{"rendered":"<p>Nevez &lsquo;oa c&rsquo;hoazh em c&rsquo;horn-bro ar ouenn yer Leghorn. Nevez &lsquo;oa ivez end-eeun ar c&rsquo;hiz da sevel yer a vandennado\u00f9, a borzhiado\u00f9, [&hellip;]<\/p>\n","protected":false},"author":1,"featured_media":0,"parent":0,"menu_order":0,"comment_status":"closed","ping_status":"closed","template":"","meta":{"_acf_changed":false,"ngg_post_thumbnail":0,"footnotes":""},"class_list":["post-2391","page","type-page","status-publish","hentry"],"acf":[],"yoast_head":"<!-- This site is optimized with the Yoast SEO plugin v27.5 - https:\/\/yoast.com\/product\/yoast-seo-wordpress\/ -->\n<title>Ar c\u2019hog gwenn - Anjela Duval<\/title>\n<meta name=\"robots\" content=\"index, follow, max-snippet:-1, max-image-preview:large, max-video-preview:-1\" \/>\n<link rel=\"canonical\" href=\"https:\/\/www.anjela.org\/oberenn\/bz\/ar-chog-gwenn\/\" \/>\n<meta property=\"og:locale\" content=\"fr_FR\" \/>\n<meta property=\"og:type\" content=\"article\" \/>\n<meta property=\"og:title\" content=\"Ar c\u2019hog gwenn - Anjela Duval\" \/>\n<meta property=\"og:description\" content=\"Nevez &lsquo;oa c&rsquo;hoazh em c&rsquo;horn-bro ar ouenn yer Leghorn. Nevez &lsquo;oa ivez end-eeun ar c&rsquo;hiz da sevel yer a vandennado\u00f9, a borzhiado\u00f9, [&hellip;]\" \/>\n<meta property=\"og:url\" content=\"https:\/\/www.anjela.org\/oberenn\/bz\/ar-chog-gwenn\/\" \/>\n<meta property=\"og:site_name\" content=\"Anjela Duval\" \/>\n<meta property=\"article:modified_time\" content=\"2025-08-13T13:20:32+00:00\" \/>\n<meta property=\"og:image\" content=\"https:\/\/www.anjela.org\/oberenn\/wp-content\/uploads\/2018\/11\/white_leg.jpg\" \/>\n\t<meta property=\"og:image:width\" content=\"732\" \/>\n\t<meta property=\"og:image:height\" content=\"665\" \/>\n\t<meta property=\"og:image:type\" content=\"image\/jpeg\" \/>\n<meta name=\"twitter:card\" content=\"summary_large_image\" \/>\n<meta name=\"twitter:label1\" content=\"Dur\u00e9e de lecture estim\u00e9e\" \/>\n\t<meta name=\"twitter:data1\" content=\"5 minutes\" \/>\n<script type=\"application\/ld+json\" class=\"yoast-schema-graph\">{\"@context\":\"https:\\\/\\\/schema.org\",\"@graph\":[{\"@type\":\"WebPage\",\"@id\":\"https:\\\/\\\/www.anjela.org\\\/oberenn\\\/bz\\\/ar-chog-gwenn\\\/\",\"url\":\"https:\\\/\\\/www.anjela.org\\\/oberenn\\\/bz\\\/ar-chog-gwenn\\\/\",\"name\":\"Ar c\u2019hog gwenn - Anjela Duval\",\"isPartOf\":{\"@id\":\"https:\\\/\\\/www.anjela.org\\\/oberenn\\\/#website\"},\"primaryImageOfPage\":{\"@id\":\"https:\\\/\\\/www.anjela.org\\\/oberenn\\\/bz\\\/ar-chog-gwenn\\\/#primaryimage\"},\"image\":{\"@id\":\"https:\\\/\\\/www.anjela.org\\\/oberenn\\\/bz\\\/ar-chog-gwenn\\\/#primaryimage\"},\"thumbnailUrl\":\"http:\\\/\\\/www.anjela.org\\\/oberenn\\\/wp-content\\\/uploads\\\/2018\\\/11\\\/white_leg-300x273.jpg\",\"datePublished\":\"2017-10-15T17:11:48+00:00\",\"dateModified\":\"2025-08-13T13:20:32+00:00\",\"breadcrumb\":{\"@id\":\"https:\\\/\\\/www.anjela.org\\\/oberenn\\\/bz\\\/ar-chog-gwenn\\\/#breadcrumb\"},\"inLanguage\":\"fr-FR\",\"potentialAction\":[{\"@type\":\"ReadAction\",\"target\":[\"https:\\\/\\\/www.anjela.org\\\/oberenn\\\/bz\\\/ar-chog-gwenn\\\/\"]}]},{\"@type\":\"ImageObject\",\"inLanguage\":\"fr-FR\",\"@id\":\"https:\\\/\\\/www.anjela.org\\\/oberenn\\\/bz\\\/ar-chog-gwenn\\\/#primaryimage\",\"url\":\"https:\\\/\\\/www.anjela.org\\\/oberenn\\\/wp-content\\\/uploads\\\/2018\\\/11\\\/white_leg.jpg\",\"contentUrl\":\"https:\\\/\\\/www.anjela.org\\\/oberenn\\\/wp-content\\\/uploads\\\/2018\\\/11\\\/white_leg.jpg\",\"width\":732,\"height\":665},{\"@type\":\"BreadcrumbList\",\"@id\":\"https:\\\/\\\/www.anjela.org\\\/oberenn\\\/bz\\\/ar-chog-gwenn\\\/#breadcrumb\",\"itemListElement\":[{\"@type\":\"ListItem\",\"position\":1,\"name\":\"Accueil\",\"item\":\"https:\\\/\\\/www.anjela.org\\\/oberenn\\\/\"},{\"@type\":\"ListItem\",\"position\":2,\"name\":\"Ar c\u2019hog gwenn\"}]},{\"@type\":\"WebSite\",\"@id\":\"https:\\\/\\\/www.anjela.org\\\/oberenn\\\/#website\",\"url\":\"https:\\\/\\\/www.anjela.org\\\/oberenn\\\/\",\"name\":\"Anjela Duval\",\"description\":\"\",\"publisher\":{\"@id\":\"https:\\\/\\\/www.anjela.org\\\/oberenn\\\/#organization\"},\"potentialAction\":[{\"@type\":\"SearchAction\",\"target\":{\"@type\":\"EntryPoint\",\"urlTemplate\":\"https:\\\/\\\/www.anjela.org\\\/oberenn\\\/?s={search_term_string}\"},\"query-input\":{\"@type\":\"PropertyValueSpecification\",\"valueRequired\":true,\"valueName\":\"search_term_string\"}}],\"inLanguage\":\"fr-FR\"},{\"@type\":\"Organization\",\"@id\":\"https:\\\/\\\/www.anjela.org\\\/oberenn\\\/#organization\",\"name\":\"Mignoned Anjela\",\"url\":\"https:\\\/\\\/www.anjela.org\\\/oberenn\\\/\",\"logo\":{\"@type\":\"ImageObject\",\"inLanguage\":\"fr-FR\",\"@id\":\"https:\\\/\\\/www.anjela.org\\\/oberenn\\\/#\\\/schema\\\/logo\\\/image\\\/\",\"url\":\"https:\\\/\\\/www.anjela.org\\\/oberenn\\\/wp-content\\\/uploads\\\/2019\\\/11\\\/logo-mignoned-angela.png\",\"contentUrl\":\"https:\\\/\\\/www.anjela.org\\\/oberenn\\\/wp-content\\\/uploads\\\/2019\\\/11\\\/logo-mignoned-angela.png\",\"width\":248,\"height\":147,\"caption\":\"Mignoned Anjela\"},\"image\":{\"@id\":\"https:\\\/\\\/www.anjela.org\\\/oberenn\\\/#\\\/schema\\\/logo\\\/image\\\/\"}}]}<\/script>\n<!-- \/ Yoast SEO plugin. -->","yoast_head_json":{"title":"Ar c\u2019hog gwenn - Anjela Duval","robots":{"index":"index","follow":"follow","max-snippet":"max-snippet:-1","max-image-preview":"max-image-preview:large","max-video-preview":"max-video-preview:-1"},"canonical":"https:\/\/www.anjela.org\/oberenn\/bz\/ar-chog-gwenn\/","og_locale":"fr_FR","og_type":"article","og_title":"Ar c\u2019hog gwenn - Anjela Duval","og_description":"Nevez &lsquo;oa c&rsquo;hoazh em c&rsquo;horn-bro ar ouenn yer Leghorn. Nevez &lsquo;oa ivez end-eeun ar c&rsquo;hiz da sevel yer a vandennado\u00f9, a borzhiado\u00f9, [&hellip;]","og_url":"https:\/\/www.anjela.org\/oberenn\/bz\/ar-chog-gwenn\/","og_site_name":"Anjela Duval","article_modified_time":"2025-08-13T13:20:32+00:00","og_image":[{"width":732,"height":665,"url":"https:\/\/www.anjela.org\/oberenn\/wp-content\/uploads\/2018\/11\/white_leg.jpg","type":"image\/jpeg"}],"twitter_card":"summary_large_image","twitter_misc":{"Dur\u00e9e de lecture estim\u00e9e":"5 minutes"},"schema":{"@context":"https:\/\/schema.org","@graph":[{"@type":"WebPage","@id":"https:\/\/www.anjela.org\/oberenn\/bz\/ar-chog-gwenn\/","url":"https:\/\/www.anjela.org\/oberenn\/bz\/ar-chog-gwenn\/","name":"Ar c\u2019hog gwenn - Anjela Duval","isPartOf":{"@id":"https:\/\/www.anjela.org\/oberenn\/#website"},"primaryImageOfPage":{"@id":"https:\/\/www.anjela.org\/oberenn\/bz\/ar-chog-gwenn\/#primaryimage"},"image":{"@id":"https:\/\/www.anjela.org\/oberenn\/bz\/ar-chog-gwenn\/#primaryimage"},"thumbnailUrl":"http:\/\/www.anjela.org\/oberenn\/wp-content\/uploads\/2018\/11\/white_leg-300x273.jpg","datePublished":"2017-10-15T17:11:48+00:00","dateModified":"2025-08-13T13:20:32+00:00","breadcrumb":{"@id":"https:\/\/www.anjela.org\/oberenn\/bz\/ar-chog-gwenn\/#breadcrumb"},"inLanguage":"fr-FR","potentialAction":[{"@type":"ReadAction","target":["https:\/\/www.anjela.org\/oberenn\/bz\/ar-chog-gwenn\/"]}]},{"@type":"ImageObject","inLanguage":"fr-FR","@id":"https:\/\/www.anjela.org\/oberenn\/bz\/ar-chog-gwenn\/#primaryimage","url":"https:\/\/www.anjela.org\/oberenn\/wp-content\/uploads\/2018\/11\/white_leg.jpg","contentUrl":"https:\/\/www.anjela.org\/oberenn\/wp-content\/uploads\/2018\/11\/white_leg.jpg","width":732,"height":665},{"@type":"BreadcrumbList","@id":"https:\/\/www.anjela.org\/oberenn\/bz\/ar-chog-gwenn\/#breadcrumb","itemListElement":[{"@type":"ListItem","position":1,"name":"Accueil","item":"https:\/\/www.anjela.org\/oberenn\/"},{"@type":"ListItem","position":2,"name":"Ar c\u2019hog gwenn"}]},{"@type":"WebSite","@id":"https:\/\/www.anjela.org\/oberenn\/#website","url":"https:\/\/www.anjela.org\/oberenn\/","name":"Anjela Duval","description":"","publisher":{"@id":"https:\/\/www.anjela.org\/oberenn\/#organization"},"potentialAction":[{"@type":"SearchAction","target":{"@type":"EntryPoint","urlTemplate":"https:\/\/www.anjela.org\/oberenn\/?s={search_term_string}"},"query-input":{"@type":"PropertyValueSpecification","valueRequired":true,"valueName":"search_term_string"}}],"inLanguage":"fr-FR"},{"@type":"Organization","@id":"https:\/\/www.anjela.org\/oberenn\/#organization","name":"Mignoned Anjela","url":"https:\/\/www.anjela.org\/oberenn\/","logo":{"@type":"ImageObject","inLanguage":"fr-FR","@id":"https:\/\/www.anjela.org\/oberenn\/#\/schema\/logo\/image\/","url":"https:\/\/www.anjela.org\/oberenn\/wp-content\/uploads\/2019\/11\/logo-mignoned-angela.png","contentUrl":"https:\/\/www.anjela.org\/oberenn\/wp-content\/uploads\/2019\/11\/logo-mignoned-angela.png","width":248,"height":147,"caption":"Mignoned Anjela"},"image":{"@id":"https:\/\/www.anjela.org\/oberenn\/#\/schema\/logo\/image\/"}}]}},"_links":{"self":[{"href":"https:\/\/www.anjela.org\/oberenn\/wp-json\/wp\/v2\/pages\/2391","targetHints":{"allow":["GET"]}}],"collection":[{"href":"https:\/\/www.anjela.org\/oberenn\/wp-json\/wp\/v2\/pages"}],"about":[{"href":"https:\/\/www.anjela.org\/oberenn\/wp-json\/wp\/v2\/types\/page"}],"author":[{"embeddable":true,"href":"https:\/\/www.anjela.org\/oberenn\/wp-json\/wp\/v2\/users\/1"}],"replies":[{"embeddable":true,"href":"https:\/\/www.anjela.org\/oberenn\/wp-json\/wp\/v2\/comments?post=2391"}],"version-history":[{"count":0,"href":"https:\/\/www.anjela.org\/oberenn\/wp-json\/wp\/v2\/pages\/2391\/revisions"}],"wp:attachment":[{"href":"https:\/\/www.anjela.org\/oberenn\/wp-json\/wp\/v2\/media?parent=2391"}],"curies":[{"name":"wp","href":"https:\/\/api.w.org\/{rel}","templated":true}]}}