{"id":2387,"date":"2017-10-15T19:10:15","date_gmt":"2017-10-15T17:10:15","guid":{"rendered":"http:\/\/www.anjela.org\/oberenn\/?page_id=2387"},"modified":"2025-08-13T15:24:45","modified_gmt":"2025-08-13T13:24:45","slug":"skrivan","status":"publish","type":"page","link":"https:\/\/www.anjela.org\/oberenn\/bz\/skrivan\/","title":{"rendered":"Skriva\u00f1"},"content":{"rendered":"<p>Merc&rsquo;hed er Sened-Meur\u2026 Un nevezenti. Ha souezhus emicha\u00f1s evit kalz. Un neve- zenti eo ivez, a gredan gwelout rener ur gelaouenn vrezhonek o sevel ur pennad- skrid a-zivout ar merc&rsquo;hed e Breizh. Daoust ma n&rsquo;en deus ket gortozet Emsav Breizh skouer ar Sened-Meur da rei\u00f1 renk d&rsquo;ar merc&rsquo;hed a volontez vat d&rsquo;ober o lodennig war an dachenn.<\/p>\n<p>Met fentus eo klevout Ao. Rener <em>Barr Heol <\/em>o c&rsquo;houlenn : perak ez eus ken nebeut a verc&rsquo;hed e Breizh o skriva\u00f1 en o yezh ? Fentus endeo, dre ma lavar e-unan, teir linenn izeloc&rsquo;h : e Breizh evel e lec&rsquo;h all, peogwir eo gwelloc&rsquo;h latennet ar merc&rsquo;hed eget ar baotred e vez lavaret an tri-c&rsquo;hard eus ar brezhoneg gant ar merc&rsquo;hed. Ac&rsquo;hanta ! sede dres ar respont eno d&rsquo;ar perag. Mar komz ar merc&rsquo;hed an tri c&rsquo;hard eus ar yezh, ne van nemet ar c&rsquo;hard gant ar baotred. Neuze evel-just, evit tapout ar c&rsquo;hempouez (peogwir eo renet ar bed gant lezenno\u00f9 ar c&rsquo;hempouez) eo ret mat dezho lakaat dre skrid an tri c&rsquo;hard all se n&rsquo;o devez ket bet lec&rsquo;h da lavarout dre gomz. Ha bepred, dre efed lezenn ar c&rsquo;hempouez, ar merc&rsquo;hed na chom ganto nemet ur c&rsquo;hard da skriva\u00f1. Sklaer eo.<\/p>\n<p>Brema\u00f1, a-raok tamall netra dezho, e vefe ret gouzout dre sur, ha skriva\u00f1 a reont&nbsp; e gwirionez ar c&rsquo;hard eus pezh a vrezhoneg a vez skrivet en holl ? Marteze a-walc&rsquo;h ne dapont ket ar gont. Neuze avat, &lsquo;vo ret dezho tro\u00f1sa\u00f1 o milgino\u00f9, tufa\u00f1 e palv&nbsp; o dorn ha kregi\u00f1 &lsquo;n o benveg skriva\u00f1\u2026 C&rsquo;hoazh eo ret gouzout war betore tachenn e tleont dougen o striv.<\/p>\n<p>Lavarout a ra c&rsquo;hoazh an Ao. Rener : e pep kelaouenn evit ar bobl, ez eus ur c&rsquo;horn miret evit ar merc&rsquo;hed. Sed aze kaozio\u00f9 drol avat ! Ur c&rsquo;horn ? Ur c&rsquo;horn ! Met petore korn &lsquo;vo hennezh e kelaouenno\u00f9 an Emsav ? Ar c&rsquo;horn ma vez lakaet ar vugale e pinijenn ? Pe ar c&rsquo;horn-se eus ar porzh ma vez savet e-barzh ur siklud evit ar yer, dezho da ragachat ha da c&rsquo;hragailhat etrezo, evel ma intentont ? Pe marte- ze &lsquo;velkent (ya, kentoc&rsquo;h) ar c&rsquo;horn-se eus ar park nesa\u00f1 d&rsquo;an ti a vez miret a- ratozh evit ober ul liorzh. Ul liorzhig koant e-lec&rsquo;h ma teuer da ziskuizha\u00f1, da guntuilh bleu\u00f1v ha da brederia\u00f1 un nebeud (dreist-holl ma &lsquo;z eus e-barzh ur bra- tellig gant un azezenn).<\/p>\n<p>Ha piv a vo al liorzhourez ? Ha petore louzaouenno\u00f9 gonit e-barzh ? Petore bleu\u00f1v ? Mat eo kaout, sur, sekredo\u00f9 keginerezh, doareo\u00f9 aoza\u00f1 boued. Gant avat ma ne vo ket trao\u00f9 re goustus d&rsquo;an amzer ha d&rsquo;ar yalc&rsquo;h. Meuzio\u00f9 tu d&rsquo;ober anezho ar muia\u00f1 ma c&rsquo;heller gant trao\u00f9 ar vro : frouezh an douar hag ar mor, amanenn ha laezhaj. Arabat komz dimp eus re a ora\u00f1jez ha bananez ha margarin ha planta ha me &lsquo;oar. Se zo isa\u00f1 an dud da gas o arc&rsquo;hant er-maez eus ar vro ; hogen n&rsquo;omp ket re binvi- dik en holl\u2026 Evit pezh a sell ouzh labourio\u00f9-dorn : broderezh, dantelezh, stamme- rezh, rouedo\u00f9 hag all, ret &lsquo;vefe kaout tresadenno\u00f9 da heul evit beza\u00f1 komprenus, ha re vihan eo ar plas.<\/p>\n<p>&nbsp;<\/p>\n<p>Betek ama\u00f1, n&rsquo;am eus komzet nemet eus trao\u00f9 danvezel. Ha koulskoude karout a rafen gwelout al lodenn vrasa\u00f1 eus hol liorzh gouestlet d&rsquo;ar speredel. Pennado\u00f9 e- giz ma ra lod eus ar c&rsquo;helaouenno\u00f9 gallek katolik, evel da skouer, re Genevi\u00e8ve Lain\u00e9, pe Marie-Louise Liselotte gwechall. Pennadigo\u00f9 pe \u00ab bilhedo\u00f9 \u00bb skrivet buhe- zek ha kentelius. Sur on, pe dost, ez eus ouzhpenn unan eus skrivagnerezed an Emsav barrek da voueta lennerion pe lennerezed ar c&rsquo;helaouenno\u00f9 brezhonek gant magadurezh nerzhus d&rsquo;ar spered, barrek da zeski\u00f1 dimp an tu da gemer ar vuhez dre he zu gwella\u00f1, ha lakaat donezono\u00f9 pep hini da dalvezout evit mad ar vro : koulz danvezel &lsquo;vel speredel.<\/p>\n<p>En diavaez eus Kudenn ar Merc&rsquo;hed e kemeran aotre da gomz eus un dra hag a garfen gwelout alies &lsquo;n ur gelaouenn vrezhonek : ur pennad bennak a vezegiezh. A- viskoazh on bet dedennet gant an arz-se, hogen morse ne gavan pennad ebet a- zivout yec&rsquo;hedouriezh, en tu all d&rsquo;an alkoolegezh. Bez&rsquo; ez eus koulskoude &lsquo;micha\u00f1s mezeged vrudet en Emsav. Neuze *\u2026 Ma vije bet un nebeud muioc&rsquo;h a gouerion o lenn ar c&rsquo;helaouenno\u00f9 brezhonek, am bije goulennet ivez pennado\u00f9 war al labour- douar. Siwazh ! Ar c&rsquo;hoad, a gredan, a zo o vont da gemer kalz a lec&rsquo;h e Breizh, dre ma ranker dilezel mui-ouzh-mui an douaro\u00f9-labour re grin, re arblaen, re ziaes da labourat gant mekaniko\u00f9. Tonket eo ar seurt douaro\u00f9 da veza\u00f1 lakaet dindan goad. Prizius e vefe eta kaout studiadenno\u00f9 diwar-benn a bep seurt plant-koada\u00f1. Ur Remont Jestin bennak marteze &lsquo;vefe barrek war an dachenn-se ?<\/p>\n<p>Ret eo ober gant hor yezh war gement tachenn zo. Re bell amzer eo bet lezet a- gostez. Poent eo he divergla\u00f1.<\/p>\n<p>&nbsp;<\/p>\n<p><em>23 a viz Genver 1965<\/em><\/p>\n<p><em>&nbsp;<\/em>* Bennozh da Anjela evit ar mennad-se. Goulennet ez eus bet dija seurt pennado\u00f9 gant rener <em>B.H. <\/em>digant medesined akuit war o micher ha war ar yezh, met betek-henn n&rsquo;en deus ket tizhet kaout e vennad.<\/p>\n","protected":false},"excerpt":{"rendered":"<p>Merc&rsquo;hed er Sened-Meur\u2026 Un nevezenti. Ha souezhus emicha\u00f1s evit kalz. Un neve- zenti eo ivez, a gredan gwelout rener ur gelaouenn vrezhonek [&hellip;]<\/p>\n","protected":false},"author":1,"featured_media":0,"parent":0,"menu_order":0,"comment_status":"closed","ping_status":"closed","template":"","meta":{"_acf_changed":false,"ngg_post_thumbnail":0,"footnotes":""},"class_list":["post-2387","page","type-page","status-publish","hentry"],"acf":[],"yoast_head":"<!-- This site is optimized with the Yoast SEO plugin v27.4 - https:\/\/yoast.com\/product\/yoast-seo-wordpress\/ -->\n<title>Skriva\u00f1 - Anjela Duval<\/title>\n<meta name=\"robots\" content=\"index, follow, max-snippet:-1, max-image-preview:large, max-video-preview:-1\" \/>\n<link rel=\"canonical\" href=\"https:\/\/www.anjela.org\/oberenn\/bz\/skrivan\/\" \/>\n<meta property=\"og:locale\" content=\"fr_FR\" \/>\n<meta property=\"og:type\" content=\"article\" \/>\n<meta property=\"og:title\" content=\"Skriva\u00f1 - Anjela Duval\" \/>\n<meta property=\"og:description\" content=\"Merc&rsquo;hed er Sened-Meur\u2026 Un nevezenti. Ha souezhus emicha\u00f1s evit kalz. Un neve- zenti eo ivez, a gredan gwelout rener ur gelaouenn vrezhonek [&hellip;]\" \/>\n<meta property=\"og:url\" content=\"https:\/\/www.anjela.org\/oberenn\/bz\/skrivan\/\" \/>\n<meta property=\"og:site_name\" content=\"Anjela Duval\" \/>\n<meta property=\"article:modified_time\" content=\"2025-08-13T13:24:45+00:00\" \/>\n<meta name=\"twitter:card\" content=\"summary_large_image\" \/>\n<meta name=\"twitter:label1\" content=\"Dur\u00e9e de lecture estim\u00e9e\" \/>\n\t<meta name=\"twitter:data1\" content=\"4 minutes\" \/>\n<script type=\"application\/ld+json\" class=\"yoast-schema-graph\">{\"@context\":\"https:\\\/\\\/schema.org\",\"@graph\":[{\"@type\":\"WebPage\",\"@id\":\"https:\\\/\\\/www.anjela.org\\\/oberenn\\\/bz\\\/skrivan\\\/\",\"url\":\"https:\\\/\\\/www.anjela.org\\\/oberenn\\\/bz\\\/skrivan\\\/\",\"name\":\"Skriva\u00f1 - Anjela Duval\",\"isPartOf\":{\"@id\":\"https:\\\/\\\/www.anjela.org\\\/oberenn\\\/#website\"},\"datePublished\":\"2017-10-15T17:10:15+00:00\",\"dateModified\":\"2025-08-13T13:24:45+00:00\",\"breadcrumb\":{\"@id\":\"https:\\\/\\\/www.anjela.org\\\/oberenn\\\/bz\\\/skrivan\\\/#breadcrumb\"},\"inLanguage\":\"fr-FR\",\"potentialAction\":[{\"@type\":\"ReadAction\",\"target\":[\"https:\\\/\\\/www.anjela.org\\\/oberenn\\\/bz\\\/skrivan\\\/\"]}]},{\"@type\":\"BreadcrumbList\",\"@id\":\"https:\\\/\\\/www.anjela.org\\\/oberenn\\\/bz\\\/skrivan\\\/#breadcrumb\",\"itemListElement\":[{\"@type\":\"ListItem\",\"position\":1,\"name\":\"Accueil\",\"item\":\"https:\\\/\\\/www.anjela.org\\\/oberenn\\\/\"},{\"@type\":\"ListItem\",\"position\":2,\"name\":\"Skriva\u00f1\"}]},{\"@type\":\"WebSite\",\"@id\":\"https:\\\/\\\/www.anjela.org\\\/oberenn\\\/#website\",\"url\":\"https:\\\/\\\/www.anjela.org\\\/oberenn\\\/\",\"name\":\"Anjela Duval\",\"description\":\"\",\"publisher\":{\"@id\":\"https:\\\/\\\/www.anjela.org\\\/oberenn\\\/#organization\"},\"potentialAction\":[{\"@type\":\"SearchAction\",\"target\":{\"@type\":\"EntryPoint\",\"urlTemplate\":\"https:\\\/\\\/www.anjela.org\\\/oberenn\\\/?s={search_term_string}\"},\"query-input\":{\"@type\":\"PropertyValueSpecification\",\"valueRequired\":true,\"valueName\":\"search_term_string\"}}],\"inLanguage\":\"fr-FR\"},{\"@type\":\"Organization\",\"@id\":\"https:\\\/\\\/www.anjela.org\\\/oberenn\\\/#organization\",\"name\":\"Mignoned Anjela\",\"url\":\"https:\\\/\\\/www.anjela.org\\\/oberenn\\\/\",\"logo\":{\"@type\":\"ImageObject\",\"inLanguage\":\"fr-FR\",\"@id\":\"https:\\\/\\\/www.anjela.org\\\/oberenn\\\/#\\\/schema\\\/logo\\\/image\\\/\",\"url\":\"https:\\\/\\\/www.anjela.org\\\/oberenn\\\/wp-content\\\/uploads\\\/2019\\\/11\\\/logo-mignoned-angela.png\",\"contentUrl\":\"https:\\\/\\\/www.anjela.org\\\/oberenn\\\/wp-content\\\/uploads\\\/2019\\\/11\\\/logo-mignoned-angela.png\",\"width\":248,\"height\":147,\"caption\":\"Mignoned Anjela\"},\"image\":{\"@id\":\"https:\\\/\\\/www.anjela.org\\\/oberenn\\\/#\\\/schema\\\/logo\\\/image\\\/\"}}]}<\/script>\n<!-- \/ Yoast SEO plugin. -->","yoast_head_json":{"title":"Skriva\u00f1 - Anjela Duval","robots":{"index":"index","follow":"follow","max-snippet":"max-snippet:-1","max-image-preview":"max-image-preview:large","max-video-preview":"max-video-preview:-1"},"canonical":"https:\/\/www.anjela.org\/oberenn\/bz\/skrivan\/","og_locale":"fr_FR","og_type":"article","og_title":"Skriva\u00f1 - Anjela Duval","og_description":"Merc&rsquo;hed er Sened-Meur\u2026 Un nevezenti. Ha souezhus emicha\u00f1s evit kalz. Un neve- zenti eo ivez, a gredan gwelout rener ur gelaouenn vrezhonek [&hellip;]","og_url":"https:\/\/www.anjela.org\/oberenn\/bz\/skrivan\/","og_site_name":"Anjela Duval","article_modified_time":"2025-08-13T13:24:45+00:00","twitter_card":"summary_large_image","twitter_misc":{"Dur\u00e9e de lecture estim\u00e9e":"4 minutes"},"schema":{"@context":"https:\/\/schema.org","@graph":[{"@type":"WebPage","@id":"https:\/\/www.anjela.org\/oberenn\/bz\/skrivan\/","url":"https:\/\/www.anjela.org\/oberenn\/bz\/skrivan\/","name":"Skriva\u00f1 - Anjela Duval","isPartOf":{"@id":"https:\/\/www.anjela.org\/oberenn\/#website"},"datePublished":"2017-10-15T17:10:15+00:00","dateModified":"2025-08-13T13:24:45+00:00","breadcrumb":{"@id":"https:\/\/www.anjela.org\/oberenn\/bz\/skrivan\/#breadcrumb"},"inLanguage":"fr-FR","potentialAction":[{"@type":"ReadAction","target":["https:\/\/www.anjela.org\/oberenn\/bz\/skrivan\/"]}]},{"@type":"BreadcrumbList","@id":"https:\/\/www.anjela.org\/oberenn\/bz\/skrivan\/#breadcrumb","itemListElement":[{"@type":"ListItem","position":1,"name":"Accueil","item":"https:\/\/www.anjela.org\/oberenn\/"},{"@type":"ListItem","position":2,"name":"Skriva\u00f1"}]},{"@type":"WebSite","@id":"https:\/\/www.anjela.org\/oberenn\/#website","url":"https:\/\/www.anjela.org\/oberenn\/","name":"Anjela Duval","description":"","publisher":{"@id":"https:\/\/www.anjela.org\/oberenn\/#organization"},"potentialAction":[{"@type":"SearchAction","target":{"@type":"EntryPoint","urlTemplate":"https:\/\/www.anjela.org\/oberenn\/?s={search_term_string}"},"query-input":{"@type":"PropertyValueSpecification","valueRequired":true,"valueName":"search_term_string"}}],"inLanguage":"fr-FR"},{"@type":"Organization","@id":"https:\/\/www.anjela.org\/oberenn\/#organization","name":"Mignoned Anjela","url":"https:\/\/www.anjela.org\/oberenn\/","logo":{"@type":"ImageObject","inLanguage":"fr-FR","@id":"https:\/\/www.anjela.org\/oberenn\/#\/schema\/logo\/image\/","url":"https:\/\/www.anjela.org\/oberenn\/wp-content\/uploads\/2019\/11\/logo-mignoned-angela.png","contentUrl":"https:\/\/www.anjela.org\/oberenn\/wp-content\/uploads\/2019\/11\/logo-mignoned-angela.png","width":248,"height":147,"caption":"Mignoned Anjela"},"image":{"@id":"https:\/\/www.anjela.org\/oberenn\/#\/schema\/logo\/image\/"}}]}},"_links":{"self":[{"href":"https:\/\/www.anjela.org\/oberenn\/wp-json\/wp\/v2\/pages\/2387","targetHints":{"allow":["GET"]}}],"collection":[{"href":"https:\/\/www.anjela.org\/oberenn\/wp-json\/wp\/v2\/pages"}],"about":[{"href":"https:\/\/www.anjela.org\/oberenn\/wp-json\/wp\/v2\/types\/page"}],"author":[{"embeddable":true,"href":"https:\/\/www.anjela.org\/oberenn\/wp-json\/wp\/v2\/users\/1"}],"replies":[{"embeddable":true,"href":"https:\/\/www.anjela.org\/oberenn\/wp-json\/wp\/v2\/comments?post=2387"}],"version-history":[{"count":0,"href":"https:\/\/www.anjela.org\/oberenn\/wp-json\/wp\/v2\/pages\/2387\/revisions"}],"wp:attachment":[{"href":"https:\/\/www.anjela.org\/oberenn\/wp-json\/wp\/v2\/media?parent=2387"}],"curies":[{"name":"wp","href":"https:\/\/api.w.org\/{rel}","templated":true}]}}