{"id":2385,"date":"2017-10-15T19:08:39","date_gmt":"2017-10-15T17:08:39","guid":{"rendered":"http:\/\/www.anjela.org\/oberenn\/?page_id=2385"},"modified":"2025-08-13T15:22:47","modified_gmt":"2025-08-13T13:22:47","slug":"fousou-va-chi-du","status":"publish","type":"page","link":"https:\/\/www.anjela.org\/oberenn\/bz\/fousou-va-chi-du\/","title":{"rendered":"Fousou, va c\u2019hi du"},"content":{"rendered":"<p>N&rsquo;eo ket ul loen kaer. Koantik koulskoude gant e vlevad du gwagennek, e vruchedig gwenn, e daoudroad a-raok gwenn, hag un netraig gwenn e beg e lost. A be ouenn eo ? N&rsquo;eo ket hilverket. N&rsquo;eo ket a uhelwad. N&rsquo;eo na ki jiboez, na ki mesaer, na ki gward, na ki difenn. Hogen ober a ra un tamm &lsquo;bep seurt : ur c&rsquo;hi \u00ab toudara \u00bb (tout a ra).<\/p>\n<p>Bez&rsquo; en deus un tammig tres war ar plu\u00f1v ha war ar blev. Da lavarout eo ober a ra ur pennad ambroug d&rsquo;ar c&rsquo;had pe d&rsquo;ar c&rsquo;honikl, pe zoken da Alanig ma ticha\u00f1s dezha\u00f1 dont da c&rsquo;hwesha re dost da glud ar yer. Mont a ra ivez da gregi\u00f1 e lost ar saout pa vez gourc&rsquo;hemennet dezha\u00f1 mont d&rsquo;o diarbenn. Harzhal &lsquo;ra pa glev trouz ha dirandoni\u00f1 end-eeun pa wel tud pe loened dizanvez. Ha me &lsquo;gred e sailhfe gant forzh piv ma vefe e vestrez e riskl he buhez.<\/p>\n<p>Kontet eo koulskoude evel ur c&rsquo;hi nul, ur c&rsquo;hi boued, ur bastard ki. Ul loenig feal avat, ha bemdez e vez d&rsquo;am heul er park. E vrasa\u00f1 evurusted eo kousket war va chupenn e kostez ar c&rsquo;hleuz. Pa gav hir an amzer a ra un tamm tro dre ar park, o klask ur bern douar gozed fresk bennak. Chom a ra da spia\u00f1 gant kalz a basianted, ha tapout a ra meur a c&rsquo;hoz ha meur a neizh morzigelled. Gant ar gwi\u00f1vered avat&nbsp; e tap un tomm. Kaer en deve todioni\u00f1 ha redek dre ar c&rsquo;hleuz eus an eil gwezenn d&rsquo;eben, ar gwi\u00f1ver mistr ha gwiv a lamm eus an eil skourr d&rsquo;egile en ur zibuna\u00f1 kunujenno\u00f9 d&rsquo;ar paotr du. Ha, ma feiz, pa vez skuizh e retorn da gousket war va chupenn.<\/p>\n<p>Gwell egedon, avat, e oar va c&rsquo;hi eus an eur. Me &lsquo;gred en deus un horolaj en e empenn, nemet bez &lsquo;vefe en e gof ; pa gav dezha\u00f1 e vez deut koulz ar pred e tosta din en ur ficha\u00f1 e lost. Pa vez erru er porzh e krog raktal da c&rsquo;hwesha an douar, da welout ha bet e ve tud ouzh va c&rsquo;hlask. Souezhus eo ur c&rsquo;hi evelkent\u2026 ha n&rsquo;heller ket chom hep en em staga\u00f1 ouzh ul loen ken feal.<\/p>\n<p>&nbsp;<\/p>\n<p><em>[1964 ?]<\/em><\/p>\n","protected":false},"excerpt":{"rendered":"<p>N&rsquo;eo ket ul loen kaer. Koantik koulskoude gant e vlevad du gwagennek, e vruchedig gwenn, e daoudroad a-raok gwenn, hag un netraig [&hellip;]<\/p>\n","protected":false},"author":1,"featured_media":0,"parent":0,"menu_order":0,"comment_status":"closed","ping_status":"closed","template":"","meta":{"_acf_changed":false,"ngg_post_thumbnail":0,"footnotes":""},"class_list":["post-2385","page","type-page","status-publish","hentry"],"acf":[],"yoast_head":"<!-- This site is optimized with the Yoast SEO plugin v27.4 - https:\/\/yoast.com\/product\/yoast-seo-wordpress\/ -->\n<title>Fousou, va c\u2019hi du - Anjela Duval<\/title>\n<meta name=\"robots\" content=\"index, follow, max-snippet:-1, max-image-preview:large, max-video-preview:-1\" \/>\n<link rel=\"canonical\" href=\"https:\/\/www.anjela.org\/oberenn\/bz\/fousou-va-chi-du\/\" \/>\n<meta property=\"og:locale\" content=\"fr_FR\" \/>\n<meta property=\"og:type\" content=\"article\" \/>\n<meta property=\"og:title\" content=\"Fousou, va c\u2019hi du - Anjela Duval\" \/>\n<meta property=\"og:description\" content=\"N&rsquo;eo ket ul loen kaer. Koantik koulskoude gant e vlevad du gwagennek, e vruchedig gwenn, e daoudroad a-raok gwenn, hag un netraig [&hellip;]\" \/>\n<meta property=\"og:url\" content=\"https:\/\/www.anjela.org\/oberenn\/bz\/fousou-va-chi-du\/\" \/>\n<meta property=\"og:site_name\" content=\"Anjela Duval\" \/>\n<meta property=\"article:modified_time\" content=\"2025-08-13T13:22:47+00:00\" \/>\n<meta name=\"twitter:card\" content=\"summary_large_image\" \/>\n<meta name=\"twitter:label1\" content=\"Dur\u00e9e de lecture estim\u00e9e\" \/>\n\t<meta name=\"twitter:data1\" content=\"2 minutes\" \/>\n<script type=\"application\/ld+json\" class=\"yoast-schema-graph\">{\"@context\":\"https:\\\/\\\/schema.org\",\"@graph\":[{\"@type\":\"WebPage\",\"@id\":\"https:\\\/\\\/www.anjela.org\\\/oberenn\\\/bz\\\/fousou-va-chi-du\\\/\",\"url\":\"https:\\\/\\\/www.anjela.org\\\/oberenn\\\/bz\\\/fousou-va-chi-du\\\/\",\"name\":\"Fousou, va c\u2019hi du - Anjela Duval\",\"isPartOf\":{\"@id\":\"https:\\\/\\\/www.anjela.org\\\/oberenn\\\/#website\"},\"datePublished\":\"2017-10-15T17:08:39+00:00\",\"dateModified\":\"2025-08-13T13:22:47+00:00\",\"breadcrumb\":{\"@id\":\"https:\\\/\\\/www.anjela.org\\\/oberenn\\\/bz\\\/fousou-va-chi-du\\\/#breadcrumb\"},\"inLanguage\":\"fr-FR\",\"potentialAction\":[{\"@type\":\"ReadAction\",\"target\":[\"https:\\\/\\\/www.anjela.org\\\/oberenn\\\/bz\\\/fousou-va-chi-du\\\/\"]}]},{\"@type\":\"BreadcrumbList\",\"@id\":\"https:\\\/\\\/www.anjela.org\\\/oberenn\\\/bz\\\/fousou-va-chi-du\\\/#breadcrumb\",\"itemListElement\":[{\"@type\":\"ListItem\",\"position\":1,\"name\":\"Accueil\",\"item\":\"https:\\\/\\\/www.anjela.org\\\/oberenn\\\/\"},{\"@type\":\"ListItem\",\"position\":2,\"name\":\"Fousou, va c\u2019hi du\"}]},{\"@type\":\"WebSite\",\"@id\":\"https:\\\/\\\/www.anjela.org\\\/oberenn\\\/#website\",\"url\":\"https:\\\/\\\/www.anjela.org\\\/oberenn\\\/\",\"name\":\"Anjela Duval\",\"description\":\"\",\"publisher\":{\"@id\":\"https:\\\/\\\/www.anjela.org\\\/oberenn\\\/#organization\"},\"potentialAction\":[{\"@type\":\"SearchAction\",\"target\":{\"@type\":\"EntryPoint\",\"urlTemplate\":\"https:\\\/\\\/www.anjela.org\\\/oberenn\\\/?s={search_term_string}\"},\"query-input\":{\"@type\":\"PropertyValueSpecification\",\"valueRequired\":true,\"valueName\":\"search_term_string\"}}],\"inLanguage\":\"fr-FR\"},{\"@type\":\"Organization\",\"@id\":\"https:\\\/\\\/www.anjela.org\\\/oberenn\\\/#organization\",\"name\":\"Mignoned Anjela\",\"url\":\"https:\\\/\\\/www.anjela.org\\\/oberenn\\\/\",\"logo\":{\"@type\":\"ImageObject\",\"inLanguage\":\"fr-FR\",\"@id\":\"https:\\\/\\\/www.anjela.org\\\/oberenn\\\/#\\\/schema\\\/logo\\\/image\\\/\",\"url\":\"https:\\\/\\\/www.anjela.org\\\/oberenn\\\/wp-content\\\/uploads\\\/2019\\\/11\\\/logo-mignoned-angela.png\",\"contentUrl\":\"https:\\\/\\\/www.anjela.org\\\/oberenn\\\/wp-content\\\/uploads\\\/2019\\\/11\\\/logo-mignoned-angela.png\",\"width\":248,\"height\":147,\"caption\":\"Mignoned Anjela\"},\"image\":{\"@id\":\"https:\\\/\\\/www.anjela.org\\\/oberenn\\\/#\\\/schema\\\/logo\\\/image\\\/\"}}]}<\/script>\n<!-- \/ Yoast SEO plugin. -->","yoast_head_json":{"title":"Fousou, va c\u2019hi du - Anjela Duval","robots":{"index":"index","follow":"follow","max-snippet":"max-snippet:-1","max-image-preview":"max-image-preview:large","max-video-preview":"max-video-preview:-1"},"canonical":"https:\/\/www.anjela.org\/oberenn\/bz\/fousou-va-chi-du\/","og_locale":"fr_FR","og_type":"article","og_title":"Fousou, va c\u2019hi du - Anjela Duval","og_description":"N&rsquo;eo ket ul loen kaer. Koantik koulskoude gant e vlevad du gwagennek, e vruchedig gwenn, e daoudroad a-raok gwenn, hag un netraig [&hellip;]","og_url":"https:\/\/www.anjela.org\/oberenn\/bz\/fousou-va-chi-du\/","og_site_name":"Anjela Duval","article_modified_time":"2025-08-13T13:22:47+00:00","twitter_card":"summary_large_image","twitter_misc":{"Dur\u00e9e de lecture estim\u00e9e":"2 minutes"},"schema":{"@context":"https:\/\/schema.org","@graph":[{"@type":"WebPage","@id":"https:\/\/www.anjela.org\/oberenn\/bz\/fousou-va-chi-du\/","url":"https:\/\/www.anjela.org\/oberenn\/bz\/fousou-va-chi-du\/","name":"Fousou, va c\u2019hi du - Anjela Duval","isPartOf":{"@id":"https:\/\/www.anjela.org\/oberenn\/#website"},"datePublished":"2017-10-15T17:08:39+00:00","dateModified":"2025-08-13T13:22:47+00:00","breadcrumb":{"@id":"https:\/\/www.anjela.org\/oberenn\/bz\/fousou-va-chi-du\/#breadcrumb"},"inLanguage":"fr-FR","potentialAction":[{"@type":"ReadAction","target":["https:\/\/www.anjela.org\/oberenn\/bz\/fousou-va-chi-du\/"]}]},{"@type":"BreadcrumbList","@id":"https:\/\/www.anjela.org\/oberenn\/bz\/fousou-va-chi-du\/#breadcrumb","itemListElement":[{"@type":"ListItem","position":1,"name":"Accueil","item":"https:\/\/www.anjela.org\/oberenn\/"},{"@type":"ListItem","position":2,"name":"Fousou, va c\u2019hi du"}]},{"@type":"WebSite","@id":"https:\/\/www.anjela.org\/oberenn\/#website","url":"https:\/\/www.anjela.org\/oberenn\/","name":"Anjela Duval","description":"","publisher":{"@id":"https:\/\/www.anjela.org\/oberenn\/#organization"},"potentialAction":[{"@type":"SearchAction","target":{"@type":"EntryPoint","urlTemplate":"https:\/\/www.anjela.org\/oberenn\/?s={search_term_string}"},"query-input":{"@type":"PropertyValueSpecification","valueRequired":true,"valueName":"search_term_string"}}],"inLanguage":"fr-FR"},{"@type":"Organization","@id":"https:\/\/www.anjela.org\/oberenn\/#organization","name":"Mignoned Anjela","url":"https:\/\/www.anjela.org\/oberenn\/","logo":{"@type":"ImageObject","inLanguage":"fr-FR","@id":"https:\/\/www.anjela.org\/oberenn\/#\/schema\/logo\/image\/","url":"https:\/\/www.anjela.org\/oberenn\/wp-content\/uploads\/2019\/11\/logo-mignoned-angela.png","contentUrl":"https:\/\/www.anjela.org\/oberenn\/wp-content\/uploads\/2019\/11\/logo-mignoned-angela.png","width":248,"height":147,"caption":"Mignoned Anjela"},"image":{"@id":"https:\/\/www.anjela.org\/oberenn\/#\/schema\/logo\/image\/"}}]}},"_links":{"self":[{"href":"https:\/\/www.anjela.org\/oberenn\/wp-json\/wp\/v2\/pages\/2385","targetHints":{"allow":["GET"]}}],"collection":[{"href":"https:\/\/www.anjela.org\/oberenn\/wp-json\/wp\/v2\/pages"}],"about":[{"href":"https:\/\/www.anjela.org\/oberenn\/wp-json\/wp\/v2\/types\/page"}],"author":[{"embeddable":true,"href":"https:\/\/www.anjela.org\/oberenn\/wp-json\/wp\/v2\/users\/1"}],"replies":[{"embeddable":true,"href":"https:\/\/www.anjela.org\/oberenn\/wp-json\/wp\/v2\/comments?post=2385"}],"version-history":[{"count":0,"href":"https:\/\/www.anjela.org\/oberenn\/wp-json\/wp\/v2\/pages\/2385\/revisions"}],"wp:attachment":[{"href":"https:\/\/www.anjela.org\/oberenn\/wp-json\/wp\/v2\/media?parent=2385"}],"curies":[{"name":"wp","href":"https:\/\/api.w.org\/{rel}","templated":true}]}}