{"id":2342,"date":"2017-10-13T20:02:23","date_gmt":"2017-10-13T18:02:23","guid":{"rendered":"http:\/\/www.anjela.org\/oberenn\/?page_id=2342"},"modified":"2025-08-13T15:25:46","modified_gmt":"2025-08-13T13:25:46","slug":"va-cheneil-bihan","status":"publish","type":"page","link":"https:\/\/www.anjela.org\/oberenn\/bz\/va-cheneil-bihan\/","title":{"rendered":"Va c\u2019heneil bihan"},"content":{"rendered":"<p>Pegen marv an ti. Pegen marv an oaled abaoe eo tavet va c&rsquo;haner. Boazet edon d&rsquo;e glevout bemnoz o kana\u00f1 a bouez e benn er siminal. Da veure e laoske ivez e gri-kri div pe deir gwech. Kerkent ha ma wele enaou ar goulo\u00f9.<br \/>\nA-belec&rsquo;h &lsquo;oa deut d&rsquo;an ti ? Me &lsquo;so\u00f1j da heul ur c&rsquo;hef lann pe valan sec&rsquo;h eus al lanneg. Rak ne gredan ket &lsquo;oa ur skrilh moger. N&rsquo;eo ket bet hir e vuhez en ti, un nebeud sizhunvezhio\u00f9. N&rsquo;ouzon ket pe gant an enoe pe gant an naon eo marvet. &lsquo;Ouien ket gant petra e vaga\u00f1. Un deiz e teuas din so\u00f1j da lakat dezha\u00f1 krampouezh e toull e san. Tri deiz edo bet hep kana\u00f1. Me &lsquo;so\u00f1je &lsquo;oa marv. Re gofad krampouezh en doa graet micha\u00f1s ha bet &lsquo;oa kla\u00f1v tri deiz. Kuilh &lsquo;oa deut. Marteze eo aet e korf ar c&rsquo;hazh !<br \/>\nKeuz am eus avat da&rsquo;m skrilh. Ken brav ha ken seder e save e gan er siminal. Ha diougan eurvad ha prespolite, a lavare ar re gozh, &lsquo;oa kaout skrilhed en oaled.<br \/>\nVa zad, emeza\u00f1, &lsquo;oa aet un deiz da glask skrilhed da zegas d&rsquo;an ti. Ur c&rsquo;hamalad dezha\u00f1 &lsquo;oa d&rsquo;e heul. Hema\u00f1 en doa ur portemonae bihan ha lakaet &lsquo;oa ar skrilhed e-barzh. Erru er g\u00ear &lsquo;oa gwallet ar c&rsquo;hodell greiz gant ar skrilh, &lsquo;oa ket bet gwell cha\u00f1sus o chase, avat, ar paotr Yann &lsquo;oa debret godell greiz e bortemonae gant ar skrilh.<br \/>\nIskis eo pegen goullo e kavan an ti pa eo tavet ar skrilh. O na trist e vije an douar ma dije Doue diso\u00f1jet kroui\u00f1 ar skrilhed, ar skrilhed a gan e san ar mogerio\u00f9 kozh, er c&rsquo;hleuzio\u00f9, er brugo\u00f9 hag el lannegi.<\/p>\n<p>[1964 ?]<\/p>\n","protected":false},"excerpt":{"rendered":"<p>Pegen marv an ti. Pegen marv an oaled abaoe eo tavet va c&rsquo;haner. Boazet edon d&rsquo;e glevout bemnoz o kana\u00f1 a bouez [&hellip;]<\/p>\n","protected":false},"author":1,"featured_media":0,"parent":0,"menu_order":0,"comment_status":"closed","ping_status":"closed","template":"","meta":{"_acf_changed":false,"ngg_post_thumbnail":0,"footnotes":""},"class_list":["post-2342","page","type-page","status-publish","hentry"],"acf":[],"yoast_head":"<!-- This site is optimized with the Yoast SEO plugin v27.5 - https:\/\/yoast.com\/product\/yoast-seo-wordpress\/ -->\n<title>Va c\u2019heneil bihan - Anjela Duval<\/title>\n<meta name=\"robots\" content=\"index, follow, max-snippet:-1, max-image-preview:large, max-video-preview:-1\" \/>\n<link rel=\"canonical\" href=\"https:\/\/www.anjela.org\/oberenn\/bz\/va-cheneil-bihan\/\" \/>\n<meta property=\"og:locale\" content=\"fr_FR\" \/>\n<meta property=\"og:type\" content=\"article\" \/>\n<meta property=\"og:title\" content=\"Va c\u2019heneil bihan - Anjela Duval\" \/>\n<meta property=\"og:description\" content=\"Pegen marv an ti. Pegen marv an oaled abaoe eo tavet va c&rsquo;haner. Boazet edon d&rsquo;e glevout bemnoz o kana\u00f1 a bouez [&hellip;]\" \/>\n<meta property=\"og:url\" content=\"https:\/\/www.anjela.org\/oberenn\/bz\/va-cheneil-bihan\/\" \/>\n<meta property=\"og:site_name\" content=\"Anjela Duval\" \/>\n<meta property=\"article:modified_time\" content=\"2025-08-13T13:25:46+00:00\" \/>\n<meta name=\"twitter:card\" content=\"summary_large_image\" \/>\n<meta name=\"twitter:label1\" content=\"Dur\u00e9e de lecture estim\u00e9e\" \/>\n\t<meta name=\"twitter:data1\" content=\"1 minute\" \/>\n<script type=\"application\/ld+json\" class=\"yoast-schema-graph\">{\"@context\":\"https:\\\/\\\/schema.org\",\"@graph\":[{\"@type\":\"WebPage\",\"@id\":\"https:\\\/\\\/www.anjela.org\\\/oberenn\\\/bz\\\/va-cheneil-bihan\\\/\",\"url\":\"https:\\\/\\\/www.anjela.org\\\/oberenn\\\/bz\\\/va-cheneil-bihan\\\/\",\"name\":\"Va c\u2019heneil bihan - Anjela Duval\",\"isPartOf\":{\"@id\":\"https:\\\/\\\/www.anjela.org\\\/oberenn\\\/#website\"},\"datePublished\":\"2017-10-13T18:02:23+00:00\",\"dateModified\":\"2025-08-13T13:25:46+00:00\",\"breadcrumb\":{\"@id\":\"https:\\\/\\\/www.anjela.org\\\/oberenn\\\/bz\\\/va-cheneil-bihan\\\/#breadcrumb\"},\"inLanguage\":\"fr-FR\",\"potentialAction\":[{\"@type\":\"ReadAction\",\"target\":[\"https:\\\/\\\/www.anjela.org\\\/oberenn\\\/bz\\\/va-cheneil-bihan\\\/\"]}]},{\"@type\":\"BreadcrumbList\",\"@id\":\"https:\\\/\\\/www.anjela.org\\\/oberenn\\\/bz\\\/va-cheneil-bihan\\\/#breadcrumb\",\"itemListElement\":[{\"@type\":\"ListItem\",\"position\":1,\"name\":\"Accueil\",\"item\":\"https:\\\/\\\/www.anjela.org\\\/oberenn\\\/\"},{\"@type\":\"ListItem\",\"position\":2,\"name\":\"Va c\u2019heneil bihan\"}]},{\"@type\":\"WebSite\",\"@id\":\"https:\\\/\\\/www.anjela.org\\\/oberenn\\\/#website\",\"url\":\"https:\\\/\\\/www.anjela.org\\\/oberenn\\\/\",\"name\":\"Anjela Duval\",\"description\":\"\",\"publisher\":{\"@id\":\"https:\\\/\\\/www.anjela.org\\\/oberenn\\\/#organization\"},\"potentialAction\":[{\"@type\":\"SearchAction\",\"target\":{\"@type\":\"EntryPoint\",\"urlTemplate\":\"https:\\\/\\\/www.anjela.org\\\/oberenn\\\/?s={search_term_string}\"},\"query-input\":{\"@type\":\"PropertyValueSpecification\",\"valueRequired\":true,\"valueName\":\"search_term_string\"}}],\"inLanguage\":\"fr-FR\"},{\"@type\":\"Organization\",\"@id\":\"https:\\\/\\\/www.anjela.org\\\/oberenn\\\/#organization\",\"name\":\"Mignoned Anjela\",\"url\":\"https:\\\/\\\/www.anjela.org\\\/oberenn\\\/\",\"logo\":{\"@type\":\"ImageObject\",\"inLanguage\":\"fr-FR\",\"@id\":\"https:\\\/\\\/www.anjela.org\\\/oberenn\\\/#\\\/schema\\\/logo\\\/image\\\/\",\"url\":\"https:\\\/\\\/www.anjela.org\\\/oberenn\\\/wp-content\\\/uploads\\\/2019\\\/11\\\/logo-mignoned-angela.png\",\"contentUrl\":\"https:\\\/\\\/www.anjela.org\\\/oberenn\\\/wp-content\\\/uploads\\\/2019\\\/11\\\/logo-mignoned-angela.png\",\"width\":248,\"height\":147,\"caption\":\"Mignoned Anjela\"},\"image\":{\"@id\":\"https:\\\/\\\/www.anjela.org\\\/oberenn\\\/#\\\/schema\\\/logo\\\/image\\\/\"}}]}<\/script>\n<!-- \/ Yoast SEO plugin. -->","yoast_head_json":{"title":"Va c\u2019heneil bihan - Anjela Duval","robots":{"index":"index","follow":"follow","max-snippet":"max-snippet:-1","max-image-preview":"max-image-preview:large","max-video-preview":"max-video-preview:-1"},"canonical":"https:\/\/www.anjela.org\/oberenn\/bz\/va-cheneil-bihan\/","og_locale":"fr_FR","og_type":"article","og_title":"Va c\u2019heneil bihan - Anjela Duval","og_description":"Pegen marv an ti. Pegen marv an oaled abaoe eo tavet va c&rsquo;haner. Boazet edon d&rsquo;e glevout bemnoz o kana\u00f1 a bouez [&hellip;]","og_url":"https:\/\/www.anjela.org\/oberenn\/bz\/va-cheneil-bihan\/","og_site_name":"Anjela Duval","article_modified_time":"2025-08-13T13:25:46+00:00","twitter_card":"summary_large_image","twitter_misc":{"Dur\u00e9e de lecture estim\u00e9e":"1 minute"},"schema":{"@context":"https:\/\/schema.org","@graph":[{"@type":"WebPage","@id":"https:\/\/www.anjela.org\/oberenn\/bz\/va-cheneil-bihan\/","url":"https:\/\/www.anjela.org\/oberenn\/bz\/va-cheneil-bihan\/","name":"Va c\u2019heneil bihan - Anjela Duval","isPartOf":{"@id":"https:\/\/www.anjela.org\/oberenn\/#website"},"datePublished":"2017-10-13T18:02:23+00:00","dateModified":"2025-08-13T13:25:46+00:00","breadcrumb":{"@id":"https:\/\/www.anjela.org\/oberenn\/bz\/va-cheneil-bihan\/#breadcrumb"},"inLanguage":"fr-FR","potentialAction":[{"@type":"ReadAction","target":["https:\/\/www.anjela.org\/oberenn\/bz\/va-cheneil-bihan\/"]}]},{"@type":"BreadcrumbList","@id":"https:\/\/www.anjela.org\/oberenn\/bz\/va-cheneil-bihan\/#breadcrumb","itemListElement":[{"@type":"ListItem","position":1,"name":"Accueil","item":"https:\/\/www.anjela.org\/oberenn\/"},{"@type":"ListItem","position":2,"name":"Va c\u2019heneil bihan"}]},{"@type":"WebSite","@id":"https:\/\/www.anjela.org\/oberenn\/#website","url":"https:\/\/www.anjela.org\/oberenn\/","name":"Anjela Duval","description":"","publisher":{"@id":"https:\/\/www.anjela.org\/oberenn\/#organization"},"potentialAction":[{"@type":"SearchAction","target":{"@type":"EntryPoint","urlTemplate":"https:\/\/www.anjela.org\/oberenn\/?s={search_term_string}"},"query-input":{"@type":"PropertyValueSpecification","valueRequired":true,"valueName":"search_term_string"}}],"inLanguage":"fr-FR"},{"@type":"Organization","@id":"https:\/\/www.anjela.org\/oberenn\/#organization","name":"Mignoned Anjela","url":"https:\/\/www.anjela.org\/oberenn\/","logo":{"@type":"ImageObject","inLanguage":"fr-FR","@id":"https:\/\/www.anjela.org\/oberenn\/#\/schema\/logo\/image\/","url":"https:\/\/www.anjela.org\/oberenn\/wp-content\/uploads\/2019\/11\/logo-mignoned-angela.png","contentUrl":"https:\/\/www.anjela.org\/oberenn\/wp-content\/uploads\/2019\/11\/logo-mignoned-angela.png","width":248,"height":147,"caption":"Mignoned Anjela"},"image":{"@id":"https:\/\/www.anjela.org\/oberenn\/#\/schema\/logo\/image\/"}}]}},"_links":{"self":[{"href":"https:\/\/www.anjela.org\/oberenn\/wp-json\/wp\/v2\/pages\/2342","targetHints":{"allow":["GET"]}}],"collection":[{"href":"https:\/\/www.anjela.org\/oberenn\/wp-json\/wp\/v2\/pages"}],"about":[{"href":"https:\/\/www.anjela.org\/oberenn\/wp-json\/wp\/v2\/types\/page"}],"author":[{"embeddable":true,"href":"https:\/\/www.anjela.org\/oberenn\/wp-json\/wp\/v2\/users\/1"}],"replies":[{"embeddable":true,"href":"https:\/\/www.anjela.org\/oberenn\/wp-json\/wp\/v2\/comments?post=2342"}],"version-history":[{"count":0,"href":"https:\/\/www.anjela.org\/oberenn\/wp-json\/wp\/v2\/pages\/2342\/revisions"}],"wp:attachment":[{"href":"https:\/\/www.anjela.org\/oberenn\/wp-json\/wp\/v2\/media?parent=2342"}],"curies":[{"name":"wp","href":"https:\/\/api.w.org\/{rel}","templated":true}]}}