{"id":2340,"date":"2017-10-13T20:01:36","date_gmt":"2017-10-13T18:01:36","guid":{"rendered":"http:\/\/www.anjela.org\/oberenn\/?page_id=2340"},"modified":"2025-08-13T15:23:51","modified_gmt":"2025-08-13T13:23:51","slug":"oberenn-ar-chwechvet-deiz","status":"publish","type":"page","link":"https:\/\/www.anjela.org\/oberenn\/bz\/oberenn-ar-chwechvet-deiz\/","title":{"rendered":"Oberenn ar c\u2019hwec\u2019hvet deiz"},"content":{"rendered":"<p>Kontet gant Ki-Stop d&rsquo;e vreudeur vihan<\/p>\n<p>Raktal evel m&rsquo;edo bet krouet ar c&rsquo;hi a lipas e zorn d&rsquo;an Aotrou Doue hag an Aotrou Doue a flouras dezha\u00f1 e benn.<br \/>\n\u00ab Petra &lsquo;fell dit, Ki ?<br \/>\n\u2014\tAotrou Doue mat, c&rsquo;hoant am eus da vont da loja\u00f1 du-se en Ne\u00f1v, war dorchenn an treuzo\u00f9 dirak an nor.<br \/>\n\u2014\tVa feiz sur ne deui ket ! eme an Aotrou Doue. N&rsquo;am eus ezhomm ki ebet, peogwir n&rsquo;am eus ket krouet c&rsquo;hoazh al laeron.<br \/>\n\u2014\tHa pegoulz o c&rsquo;hroui, Aotrou ?<br \/>\n\u2014\tBiken. Skuizh on. Sell, pemp deiz zo emaon o labourat. Poent eo din diskuizha\u00f1. Setu te graet ki, va gwella\u00f1 krouadur, va fennoberenn. Gwelloc&rsquo;h eo din paouez dre aze. N&rsquo;eo ket mat d&rsquo;un arzour en em regas, hag esaat mont dreist e Awen. Ma talc&rsquo;hfen da groui\u00f1 on barrek da c&rsquo;hwita\u00f1 war va zaol, pe d&rsquo;ober labour fall\u2026 Kerzh, Ki ! Kae buan da chom war an douar. Kae ha bez evurus. \u00bb<br \/>\nAr c&rsquo;hi a laoskas un huanadenn hir.<br \/>\n\u00ab Petra &lsquo;rin war an douar, Aotrou ?<br \/>\n\u2014\tDebri\u00f1 &lsquo;ri, eva\u00f1 &lsquo;ri, kreski\u00f1 &lsquo;ri, ha sevel a ri chas bihan. \u00bb<br \/>\nAr c&rsquo;hi a huanadas c&rsquo;hoazh tristoc&rsquo;h.<br \/>\n\u00ab Petra &lsquo;fell dit ouzhpenn ?<br \/>\n\u2014\tTe, Aotrou, va Mestr, ne c&rsquo;hellfes ket, te ivez, dont da chom war an douar ?<br \/>\n\u2014\tNann, eme an Aotrou Doue, nann, Ki ! Ne c&rsquo;hellan ket sur mont da chom war an douar da zerc&rsquo;hel kompagnunezh ganit. Sell an holl drao\u00f9 am eus ama\u00f1 war va c&rsquo;hont : an Ne\u00f1v, an Aelez, ar Stered, me &lsquo;lavar dit, se zo un tregas. \u00bb<br \/>\nNeuze ar c&rsquo;hi a blegas e benn hag a grogas gant e hent. Met bez&rsquo; e retornas.<br \/>\n\u00ab A ! da vihana\u00f1, Aotrou Doue mat, da vihana\u00f1 ma vije bet du-hont un doare mestr he\u00f1vel ouzhit.<br \/>\n\u2014\tN&rsquo;eus ket, eme an Aotrou Doue, nann, n&rsquo;eus ket. \u00bb<br \/>\nAr c&rsquo;hi en em reas bihan-bihan, izel-izel, hag a erbedas en ur dostaat c&rsquo;hoazh siou- lik :<br \/>\n\u00ab Ma karfes, Aotrou Doue mat, bez&rsquo; e c&rsquo;hellfes bepred ober un esa.<br \/>\n\u2014\tDibosupl, eme an Aotrou Doue, ar pezh am eus graet am eus graet. Va oberenn a zo echu. Biken ne grouin ur boud gwelloc&rsquo;h egedout. Ma kroufen unan all hiziv, en santout a ran e-barzh va dorn dehou, hennezh a vefe graet fall.<br \/>\n\u2014\tO ! Aotrou Doue mat, eme ar c&rsquo;hi, se ne ra mann ebet hag e vefe c&rsquo;hwitet, graet fall, gant ma c&rsquo;hellin mont d&rsquo;e heul pa&rsquo;z ay da vale, ha kousket e-harz e dreid pa chomo da ziskuizha\u00f1. \u00bb<br \/>\nNeuze an Aotrou Doue a voe estlammet o welout en devoa krouet ur c&rsquo;hrouadur ken mat ha ken kizidik. Hag e lavaras d&rsquo;ar c&rsquo;hi :<br \/>\n\u00ab Kae, Ki ! Graet e vezo hervez da c&rsquo;hoant. Sevenet e vezo da vennad. \u00bb Ha distroet d&rsquo;e labouradeg, e krouas an Den.<br \/>\nN.B. \u2014 An Den a zo graet fall, evel-just. Lavaret mat en devoa, an Aotrou Doue. Met ar c&rsquo;hi avat a voe evurus-meurbet.<\/p>\n<p>(Diwar Marie-No\u00ebl)<br \/>\n[1964 ?]<\/p>\n","protected":false},"excerpt":{"rendered":"<p>Kontet gant Ki-Stop d&rsquo;e vreudeur vihan Raktal evel m&rsquo;edo bet krouet ar c&rsquo;hi a lipas e zorn d&rsquo;an Aotrou Doue hag an [&hellip;]<\/p>\n","protected":false},"author":1,"featured_media":0,"parent":0,"menu_order":0,"comment_status":"closed","ping_status":"closed","template":"","meta":{"_acf_changed":false,"ngg_post_thumbnail":0,"footnotes":""},"class_list":["post-2340","page","type-page","status-publish","hentry"],"acf":[],"yoast_head":"<!-- This site is optimized with the Yoast SEO plugin v27.5 - https:\/\/yoast.com\/product\/yoast-seo-wordpress\/ -->\n<title>Oberenn ar c\u2019hwec\u2019hvet deiz - Anjela Duval<\/title>\n<meta name=\"robots\" content=\"index, follow, max-snippet:-1, max-image-preview:large, max-video-preview:-1\" \/>\n<link rel=\"canonical\" href=\"https:\/\/www.anjela.org\/oberenn\/bz\/oberenn-ar-chwechvet-deiz\/\" \/>\n<meta property=\"og:locale\" content=\"fr_FR\" \/>\n<meta property=\"og:type\" content=\"article\" \/>\n<meta property=\"og:title\" content=\"Oberenn ar c\u2019hwec\u2019hvet deiz - Anjela Duval\" \/>\n<meta property=\"og:description\" content=\"Kontet gant Ki-Stop d&rsquo;e vreudeur vihan Raktal evel m&rsquo;edo bet krouet ar c&rsquo;hi a lipas e zorn d&rsquo;an Aotrou Doue hag an [&hellip;]\" \/>\n<meta property=\"og:url\" content=\"https:\/\/www.anjela.org\/oberenn\/bz\/oberenn-ar-chwechvet-deiz\/\" \/>\n<meta property=\"og:site_name\" content=\"Anjela Duval\" \/>\n<meta property=\"article:modified_time\" content=\"2025-08-13T13:23:51+00:00\" \/>\n<meta name=\"twitter:card\" content=\"summary_large_image\" \/>\n<meta name=\"twitter:label1\" content=\"Dur\u00e9e de lecture estim\u00e9e\" \/>\n\t<meta name=\"twitter:data1\" content=\"2 minutes\" \/>\n<script type=\"application\/ld+json\" class=\"yoast-schema-graph\">{\"@context\":\"https:\\\/\\\/schema.org\",\"@graph\":[{\"@type\":\"WebPage\",\"@id\":\"https:\\\/\\\/www.anjela.org\\\/oberenn\\\/bz\\\/oberenn-ar-chwechvet-deiz\\\/\",\"url\":\"https:\\\/\\\/www.anjela.org\\\/oberenn\\\/bz\\\/oberenn-ar-chwechvet-deiz\\\/\",\"name\":\"Oberenn ar c\u2019hwec\u2019hvet deiz - Anjela Duval\",\"isPartOf\":{\"@id\":\"https:\\\/\\\/www.anjela.org\\\/oberenn\\\/#website\"},\"datePublished\":\"2017-10-13T18:01:36+00:00\",\"dateModified\":\"2025-08-13T13:23:51+00:00\",\"breadcrumb\":{\"@id\":\"https:\\\/\\\/www.anjela.org\\\/oberenn\\\/bz\\\/oberenn-ar-chwechvet-deiz\\\/#breadcrumb\"},\"inLanguage\":\"fr-FR\",\"potentialAction\":[{\"@type\":\"ReadAction\",\"target\":[\"https:\\\/\\\/www.anjela.org\\\/oberenn\\\/bz\\\/oberenn-ar-chwechvet-deiz\\\/\"]}]},{\"@type\":\"BreadcrumbList\",\"@id\":\"https:\\\/\\\/www.anjela.org\\\/oberenn\\\/bz\\\/oberenn-ar-chwechvet-deiz\\\/#breadcrumb\",\"itemListElement\":[{\"@type\":\"ListItem\",\"position\":1,\"name\":\"Accueil\",\"item\":\"https:\\\/\\\/www.anjela.org\\\/oberenn\\\/\"},{\"@type\":\"ListItem\",\"position\":2,\"name\":\"Oberenn ar c\u2019hwec\u2019hvet deiz\"}]},{\"@type\":\"WebSite\",\"@id\":\"https:\\\/\\\/www.anjela.org\\\/oberenn\\\/#website\",\"url\":\"https:\\\/\\\/www.anjela.org\\\/oberenn\\\/\",\"name\":\"Anjela Duval\",\"description\":\"\",\"publisher\":{\"@id\":\"https:\\\/\\\/www.anjela.org\\\/oberenn\\\/#organization\"},\"potentialAction\":[{\"@type\":\"SearchAction\",\"target\":{\"@type\":\"EntryPoint\",\"urlTemplate\":\"https:\\\/\\\/www.anjela.org\\\/oberenn\\\/?s={search_term_string}\"},\"query-input\":{\"@type\":\"PropertyValueSpecification\",\"valueRequired\":true,\"valueName\":\"search_term_string\"}}],\"inLanguage\":\"fr-FR\"},{\"@type\":\"Organization\",\"@id\":\"https:\\\/\\\/www.anjela.org\\\/oberenn\\\/#organization\",\"name\":\"Mignoned Anjela\",\"url\":\"https:\\\/\\\/www.anjela.org\\\/oberenn\\\/\",\"logo\":{\"@type\":\"ImageObject\",\"inLanguage\":\"fr-FR\",\"@id\":\"https:\\\/\\\/www.anjela.org\\\/oberenn\\\/#\\\/schema\\\/logo\\\/image\\\/\",\"url\":\"https:\\\/\\\/www.anjela.org\\\/oberenn\\\/wp-content\\\/uploads\\\/2019\\\/11\\\/logo-mignoned-angela.png\",\"contentUrl\":\"https:\\\/\\\/www.anjela.org\\\/oberenn\\\/wp-content\\\/uploads\\\/2019\\\/11\\\/logo-mignoned-angela.png\",\"width\":248,\"height\":147,\"caption\":\"Mignoned Anjela\"},\"image\":{\"@id\":\"https:\\\/\\\/www.anjela.org\\\/oberenn\\\/#\\\/schema\\\/logo\\\/image\\\/\"}}]}<\/script>\n<!-- \/ Yoast SEO plugin. -->","yoast_head_json":{"title":"Oberenn ar c\u2019hwec\u2019hvet deiz - Anjela Duval","robots":{"index":"index","follow":"follow","max-snippet":"max-snippet:-1","max-image-preview":"max-image-preview:large","max-video-preview":"max-video-preview:-1"},"canonical":"https:\/\/www.anjela.org\/oberenn\/bz\/oberenn-ar-chwechvet-deiz\/","og_locale":"fr_FR","og_type":"article","og_title":"Oberenn ar c\u2019hwec\u2019hvet deiz - Anjela Duval","og_description":"Kontet gant Ki-Stop d&rsquo;e vreudeur vihan Raktal evel m&rsquo;edo bet krouet ar c&rsquo;hi a lipas e zorn d&rsquo;an Aotrou Doue hag an [&hellip;]","og_url":"https:\/\/www.anjela.org\/oberenn\/bz\/oberenn-ar-chwechvet-deiz\/","og_site_name":"Anjela Duval","article_modified_time":"2025-08-13T13:23:51+00:00","twitter_card":"summary_large_image","twitter_misc":{"Dur\u00e9e de lecture estim\u00e9e":"2 minutes"},"schema":{"@context":"https:\/\/schema.org","@graph":[{"@type":"WebPage","@id":"https:\/\/www.anjela.org\/oberenn\/bz\/oberenn-ar-chwechvet-deiz\/","url":"https:\/\/www.anjela.org\/oberenn\/bz\/oberenn-ar-chwechvet-deiz\/","name":"Oberenn ar c\u2019hwec\u2019hvet deiz - Anjela Duval","isPartOf":{"@id":"https:\/\/www.anjela.org\/oberenn\/#website"},"datePublished":"2017-10-13T18:01:36+00:00","dateModified":"2025-08-13T13:23:51+00:00","breadcrumb":{"@id":"https:\/\/www.anjela.org\/oberenn\/bz\/oberenn-ar-chwechvet-deiz\/#breadcrumb"},"inLanguage":"fr-FR","potentialAction":[{"@type":"ReadAction","target":["https:\/\/www.anjela.org\/oberenn\/bz\/oberenn-ar-chwechvet-deiz\/"]}]},{"@type":"BreadcrumbList","@id":"https:\/\/www.anjela.org\/oberenn\/bz\/oberenn-ar-chwechvet-deiz\/#breadcrumb","itemListElement":[{"@type":"ListItem","position":1,"name":"Accueil","item":"https:\/\/www.anjela.org\/oberenn\/"},{"@type":"ListItem","position":2,"name":"Oberenn ar c\u2019hwec\u2019hvet deiz"}]},{"@type":"WebSite","@id":"https:\/\/www.anjela.org\/oberenn\/#website","url":"https:\/\/www.anjela.org\/oberenn\/","name":"Anjela Duval","description":"","publisher":{"@id":"https:\/\/www.anjela.org\/oberenn\/#organization"},"potentialAction":[{"@type":"SearchAction","target":{"@type":"EntryPoint","urlTemplate":"https:\/\/www.anjela.org\/oberenn\/?s={search_term_string}"},"query-input":{"@type":"PropertyValueSpecification","valueRequired":true,"valueName":"search_term_string"}}],"inLanguage":"fr-FR"},{"@type":"Organization","@id":"https:\/\/www.anjela.org\/oberenn\/#organization","name":"Mignoned Anjela","url":"https:\/\/www.anjela.org\/oberenn\/","logo":{"@type":"ImageObject","inLanguage":"fr-FR","@id":"https:\/\/www.anjela.org\/oberenn\/#\/schema\/logo\/image\/","url":"https:\/\/www.anjela.org\/oberenn\/wp-content\/uploads\/2019\/11\/logo-mignoned-angela.png","contentUrl":"https:\/\/www.anjela.org\/oberenn\/wp-content\/uploads\/2019\/11\/logo-mignoned-angela.png","width":248,"height":147,"caption":"Mignoned Anjela"},"image":{"@id":"https:\/\/www.anjela.org\/oberenn\/#\/schema\/logo\/image\/"}}]}},"_links":{"self":[{"href":"https:\/\/www.anjela.org\/oberenn\/wp-json\/wp\/v2\/pages\/2340","targetHints":{"allow":["GET"]}}],"collection":[{"href":"https:\/\/www.anjela.org\/oberenn\/wp-json\/wp\/v2\/pages"}],"about":[{"href":"https:\/\/www.anjela.org\/oberenn\/wp-json\/wp\/v2\/types\/page"}],"author":[{"embeddable":true,"href":"https:\/\/www.anjela.org\/oberenn\/wp-json\/wp\/v2\/users\/1"}],"replies":[{"embeddable":true,"href":"https:\/\/www.anjela.org\/oberenn\/wp-json\/wp\/v2\/comments?post=2340"}],"version-history":[{"count":0,"href":"https:\/\/www.anjela.org\/oberenn\/wp-json\/wp\/v2\/pages\/2340\/revisions"}],"wp:attachment":[{"href":"https:\/\/www.anjela.org\/oberenn\/wp-json\/wp\/v2\/media?parent=2340"}],"curies":[{"name":"wp","href":"https:\/\/api.w.org\/{rel}","templated":true}]}}