{"id":2329,"date":"2017-10-13T19:56:40","date_gmt":"2017-10-13T17:56:40","guid":{"rendered":"http:\/\/www.anjela.org\/oberenn\/?page_id=2329"},"modified":"2025-08-13T15:20:32","modified_gmt":"2025-08-13T13:20:32","slug":"ar-mesaer-bihan","status":"publish","type":"page","link":"https:\/\/www.anjela.org\/oberenn\/bz\/ar-mesaer-bihan\/","title":{"rendered":"Ar mesaer bihan"},"content":{"rendered":"<p>Sede m&rsquo;eo kouezhet va daoulagad war anv an Ao. M\u2026, kannad SFIO, ha deuet eo war c&rsquo;horre va spered an darvoudig fentus c&rsquo;hoarvezet ganta\u00f1 er Pont-Kozh. Un toullad brav a vloavezhio\u00f9 zo abaoe. Emicha\u00f1s &lsquo;oa tost d&rsquo;ur votadeg, hag an danvez kannad &lsquo;oa deuet da welout maer ar barrez, hag a oa eus ar memes kostezenn ganta\u00f1 hag unan zoken eus e wella\u00f1 harperien.<\/p>\n<p>Goude o lein &lsquo;oa deuet an aotro\u00f9 maer hag an aotro\u00f9 M. da aveli\u00f1 o fenn d&rsquo;ar Pont-Kozh war zigarez ober ur barti besketa. Ar paotrig A. &lsquo;oa o vesa e saout en un hent kozh dilezet pell-pell &lsquo;oa, un hent roman. Lavaret en doa e dad dezha\u00f1&nbsp;:<br \/>\n\u00ab&nbsp;Diwall bepred ez afe da saout ken er prad, rak, emeza\u00f1, &lsquo;m eus aon int bet o laerezh, gwelout a ran eo mac&rsquo;het ar geot er prad.<br \/>\n\u2014 O ! eme ar paotrig, n&rsquo;eo ket ar saout a vac&rsquo;h ar geot, ya ar besketaerien&nbsp;!<br \/>\n\u2014 Ma, eme an tad, mar gwelez pesketaerien er prad, lavar dezho o devo afer ganin-me. Ur wech krog miz Mae &lsquo;n &lsquo;eus mui ar besketaerien aotre da vont er prado\u00f9.&nbsp;\u00bb<\/p>\n<p>Ar paotrig A. &lsquo;oa o c&rsquo;hoari en-dro d&rsquo;ar pont pa welas ur wetur gaer o tiskenn grav an Eizh Erv, o plega\u00f1 e korn an hent kozh, hag o &lsquo;n em renka\u00f1 e bord an hent.<br \/>\nDaou aotro\u00f9 a ziflukas outi, an aotro\u00f9 maer hag un aotro\u00f9 bras all. Goude beza\u00f1 lakaet an tan war e vutun ha stignet e walenn besketa, an aotro\u00f9 maer a dreuzas ar pont da gemer hent-karr ar vilin. An aotro\u00f9 all, hag a oa M. an danvez kannad, &lsquo;oa o vont war-eeun er prad, prad ar paotrig A. E oa dija un troad dezha\u00f1 war an treuz-kleuz pa huchas ar paotrig warna\u00f1&nbsp;:<br \/>\n\u00ab Hep&nbsp;! Da belec&rsquo;h ez it aze&nbsp;?<br \/>\n\u2014 Da besketa, emeza\u00f1.<br \/>\n\u2014 Na welit ket zo foenn er prad&nbsp;? N&#8217;ema\u00f1 ket ken ar c&rsquo;houlz da vont er prado\u00f9 Aotro\u00f9&nbsp;! \u00bb<\/p>\n<p>An Ao. M. ne rae ket kalz van evit klevout ar mic&rsquo;hieg bihan-ma\u00f1, fent moarvat en doa ganta\u00f1. \u00ab&nbsp;Me &lsquo;lavaro d&rsquo;am zad&nbsp;!&nbsp;\u00bb eme A.<br \/>\nAn Ao. M., den seven pe marteze den a benn, a so\u00f1jas &lsquo;oa gwell dezha\u00f1 koll un dluzh \u2014&nbsp;lakaomp en dije tapet unan&nbsp;\u2014 evit na oa riskla\u00f1 da goll ur vouezh en ur zisplijout da dad ar mousig-ma\u00f1. Kila\u00f1 &lsquo;reas. A. bihan avat &lsquo;ouie ket d&rsquo;ar mare piv oa an aotro\u00f9-se. Met &lsquo;oa ket manket da gonta\u00f1 d&rsquo;e dad d&rsquo;an abardaez en devoa kaset war ar c&rsquo;herzhed ur pesketaer a oa o klask mont en e brad. Un aotro\u00f9 bras, emeza\u00f1, dezha\u00f1 ur bouk barv hir war e c&rsquo;hro\u00f1j. An aotro\u00f9 maer &lsquo;oa ganta\u00f1, eme A., en e wetur \u2014&nbsp;ur wetur gaer-gaer&nbsp;\u2014 &lsquo;oa ket ar sifern ganti&nbsp;! \u00ab&nbsp;O&nbsp;! eme an tad, hennezh eo sur an aotro\u00f9 M., e welet em eus o rodeal dre ar bourk gant ar maer, un tamm a-raok lein aze p&rsquo;edon bet er c&rsquo;hovel. Ma&nbsp;! Bez&rsquo; out-te ur c&rsquo;hwil bihan memestra ! Chabous un depute&nbsp;!&nbsp;\u00bb An aotro\u00f9 M. a zlee so\u00f1jal moarvat e oa startoc&rsquo;h antren en ur prad, a-wecho\u00f9, eget antren er Palais-Bourbon&nbsp;!\u2026<\/p>\n<p><em>9 a viz Du 1963<\/em><\/p>\n","protected":false},"excerpt":{"rendered":"<p>Sede m&rsquo;eo kouezhet va daoulagad war anv an Ao. M\u2026, kannad SFIO, ha deuet eo war c&rsquo;horre va spered an darvoudig fentus [&hellip;]<\/p>\n","protected":false},"author":1,"featured_media":0,"parent":0,"menu_order":0,"comment_status":"closed","ping_status":"closed","template":"","meta":{"_acf_changed":false,"ngg_post_thumbnail":0,"footnotes":""},"class_list":["post-2329","page","type-page","status-publish","hentry"],"acf":[],"yoast_head":"<!-- This site is optimized with the Yoast SEO plugin v27.5 - https:\/\/yoast.com\/product\/yoast-seo-wordpress\/ -->\n<title>Ar mesaer bihan - Anjela Duval<\/title>\n<meta name=\"robots\" content=\"index, follow, max-snippet:-1, max-image-preview:large, max-video-preview:-1\" \/>\n<link rel=\"canonical\" href=\"https:\/\/www.anjela.org\/oberenn\/bz\/ar-mesaer-bihan\/\" \/>\n<meta property=\"og:locale\" content=\"fr_FR\" \/>\n<meta property=\"og:type\" content=\"article\" \/>\n<meta property=\"og:title\" content=\"Ar mesaer bihan - Anjela Duval\" \/>\n<meta property=\"og:description\" content=\"Sede m&rsquo;eo kouezhet va daoulagad war anv an Ao. M\u2026, kannad SFIO, ha deuet eo war c&rsquo;horre va spered an darvoudig fentus [&hellip;]\" \/>\n<meta property=\"og:url\" content=\"https:\/\/www.anjela.org\/oberenn\/bz\/ar-mesaer-bihan\/\" \/>\n<meta property=\"og:site_name\" content=\"Anjela Duval\" \/>\n<meta property=\"article:modified_time\" content=\"2025-08-13T13:20:32+00:00\" \/>\n<meta name=\"twitter:card\" content=\"summary_large_image\" \/>\n<meta name=\"twitter:label1\" content=\"Dur\u00e9e de lecture estim\u00e9e\" \/>\n\t<meta name=\"twitter:data1\" content=\"3 minutes\" \/>\n<script type=\"application\/ld+json\" class=\"yoast-schema-graph\">{\"@context\":\"https:\\\/\\\/schema.org\",\"@graph\":[{\"@type\":\"WebPage\",\"@id\":\"https:\\\/\\\/www.anjela.org\\\/oberenn\\\/bz\\\/ar-mesaer-bihan\\\/\",\"url\":\"https:\\\/\\\/www.anjela.org\\\/oberenn\\\/bz\\\/ar-mesaer-bihan\\\/\",\"name\":\"Ar mesaer bihan - Anjela Duval\",\"isPartOf\":{\"@id\":\"https:\\\/\\\/www.anjela.org\\\/oberenn\\\/#website\"},\"datePublished\":\"2017-10-13T17:56:40+00:00\",\"dateModified\":\"2025-08-13T13:20:32+00:00\",\"breadcrumb\":{\"@id\":\"https:\\\/\\\/www.anjela.org\\\/oberenn\\\/bz\\\/ar-mesaer-bihan\\\/#breadcrumb\"},\"inLanguage\":\"fr-FR\",\"potentialAction\":[{\"@type\":\"ReadAction\",\"target\":[\"https:\\\/\\\/www.anjela.org\\\/oberenn\\\/bz\\\/ar-mesaer-bihan\\\/\"]}]},{\"@type\":\"BreadcrumbList\",\"@id\":\"https:\\\/\\\/www.anjela.org\\\/oberenn\\\/bz\\\/ar-mesaer-bihan\\\/#breadcrumb\",\"itemListElement\":[{\"@type\":\"ListItem\",\"position\":1,\"name\":\"Accueil\",\"item\":\"https:\\\/\\\/www.anjela.org\\\/oberenn\\\/\"},{\"@type\":\"ListItem\",\"position\":2,\"name\":\"Ar mesaer bihan\"}]},{\"@type\":\"WebSite\",\"@id\":\"https:\\\/\\\/www.anjela.org\\\/oberenn\\\/#website\",\"url\":\"https:\\\/\\\/www.anjela.org\\\/oberenn\\\/\",\"name\":\"Anjela Duval\",\"description\":\"\",\"publisher\":{\"@id\":\"https:\\\/\\\/www.anjela.org\\\/oberenn\\\/#organization\"},\"potentialAction\":[{\"@type\":\"SearchAction\",\"target\":{\"@type\":\"EntryPoint\",\"urlTemplate\":\"https:\\\/\\\/www.anjela.org\\\/oberenn\\\/?s={search_term_string}\"},\"query-input\":{\"@type\":\"PropertyValueSpecification\",\"valueRequired\":true,\"valueName\":\"search_term_string\"}}],\"inLanguage\":\"fr-FR\"},{\"@type\":\"Organization\",\"@id\":\"https:\\\/\\\/www.anjela.org\\\/oberenn\\\/#organization\",\"name\":\"Mignoned Anjela\",\"url\":\"https:\\\/\\\/www.anjela.org\\\/oberenn\\\/\",\"logo\":{\"@type\":\"ImageObject\",\"inLanguage\":\"fr-FR\",\"@id\":\"https:\\\/\\\/www.anjela.org\\\/oberenn\\\/#\\\/schema\\\/logo\\\/image\\\/\",\"url\":\"https:\\\/\\\/www.anjela.org\\\/oberenn\\\/wp-content\\\/uploads\\\/2019\\\/11\\\/logo-mignoned-angela.png\",\"contentUrl\":\"https:\\\/\\\/www.anjela.org\\\/oberenn\\\/wp-content\\\/uploads\\\/2019\\\/11\\\/logo-mignoned-angela.png\",\"width\":248,\"height\":147,\"caption\":\"Mignoned Anjela\"},\"image\":{\"@id\":\"https:\\\/\\\/www.anjela.org\\\/oberenn\\\/#\\\/schema\\\/logo\\\/image\\\/\"}}]}<\/script>\n<!-- \/ Yoast SEO plugin. -->","yoast_head_json":{"title":"Ar mesaer bihan - Anjela Duval","robots":{"index":"index","follow":"follow","max-snippet":"max-snippet:-1","max-image-preview":"max-image-preview:large","max-video-preview":"max-video-preview:-1"},"canonical":"https:\/\/www.anjela.org\/oberenn\/bz\/ar-mesaer-bihan\/","og_locale":"fr_FR","og_type":"article","og_title":"Ar mesaer bihan - Anjela Duval","og_description":"Sede m&rsquo;eo kouezhet va daoulagad war anv an Ao. M\u2026, kannad SFIO, ha deuet eo war c&rsquo;horre va spered an darvoudig fentus [&hellip;]","og_url":"https:\/\/www.anjela.org\/oberenn\/bz\/ar-mesaer-bihan\/","og_site_name":"Anjela Duval","article_modified_time":"2025-08-13T13:20:32+00:00","twitter_card":"summary_large_image","twitter_misc":{"Dur\u00e9e de lecture estim\u00e9e":"3 minutes"},"schema":{"@context":"https:\/\/schema.org","@graph":[{"@type":"WebPage","@id":"https:\/\/www.anjela.org\/oberenn\/bz\/ar-mesaer-bihan\/","url":"https:\/\/www.anjela.org\/oberenn\/bz\/ar-mesaer-bihan\/","name":"Ar mesaer bihan - Anjela Duval","isPartOf":{"@id":"https:\/\/www.anjela.org\/oberenn\/#website"},"datePublished":"2017-10-13T17:56:40+00:00","dateModified":"2025-08-13T13:20:32+00:00","breadcrumb":{"@id":"https:\/\/www.anjela.org\/oberenn\/bz\/ar-mesaer-bihan\/#breadcrumb"},"inLanguage":"fr-FR","potentialAction":[{"@type":"ReadAction","target":["https:\/\/www.anjela.org\/oberenn\/bz\/ar-mesaer-bihan\/"]}]},{"@type":"BreadcrumbList","@id":"https:\/\/www.anjela.org\/oberenn\/bz\/ar-mesaer-bihan\/#breadcrumb","itemListElement":[{"@type":"ListItem","position":1,"name":"Accueil","item":"https:\/\/www.anjela.org\/oberenn\/"},{"@type":"ListItem","position":2,"name":"Ar mesaer bihan"}]},{"@type":"WebSite","@id":"https:\/\/www.anjela.org\/oberenn\/#website","url":"https:\/\/www.anjela.org\/oberenn\/","name":"Anjela Duval","description":"","publisher":{"@id":"https:\/\/www.anjela.org\/oberenn\/#organization"},"potentialAction":[{"@type":"SearchAction","target":{"@type":"EntryPoint","urlTemplate":"https:\/\/www.anjela.org\/oberenn\/?s={search_term_string}"},"query-input":{"@type":"PropertyValueSpecification","valueRequired":true,"valueName":"search_term_string"}}],"inLanguage":"fr-FR"},{"@type":"Organization","@id":"https:\/\/www.anjela.org\/oberenn\/#organization","name":"Mignoned Anjela","url":"https:\/\/www.anjela.org\/oberenn\/","logo":{"@type":"ImageObject","inLanguage":"fr-FR","@id":"https:\/\/www.anjela.org\/oberenn\/#\/schema\/logo\/image\/","url":"https:\/\/www.anjela.org\/oberenn\/wp-content\/uploads\/2019\/11\/logo-mignoned-angela.png","contentUrl":"https:\/\/www.anjela.org\/oberenn\/wp-content\/uploads\/2019\/11\/logo-mignoned-angela.png","width":248,"height":147,"caption":"Mignoned Anjela"},"image":{"@id":"https:\/\/www.anjela.org\/oberenn\/#\/schema\/logo\/image\/"}}]}},"_links":{"self":[{"href":"https:\/\/www.anjela.org\/oberenn\/wp-json\/wp\/v2\/pages\/2329","targetHints":{"allow":["GET"]}}],"collection":[{"href":"https:\/\/www.anjela.org\/oberenn\/wp-json\/wp\/v2\/pages"}],"about":[{"href":"https:\/\/www.anjela.org\/oberenn\/wp-json\/wp\/v2\/types\/page"}],"author":[{"embeddable":true,"href":"https:\/\/www.anjela.org\/oberenn\/wp-json\/wp\/v2\/users\/1"}],"replies":[{"embeddable":true,"href":"https:\/\/www.anjela.org\/oberenn\/wp-json\/wp\/v2\/comments?post=2329"}],"version-history":[{"count":0,"href":"https:\/\/www.anjela.org\/oberenn\/wp-json\/wp\/v2\/pages\/2329\/revisions"}],"wp:attachment":[{"href":"https:\/\/www.anjela.org\/oberenn\/wp-json\/wp\/v2\/media?parent=2329"}],"curies":[{"name":"wp","href":"https:\/\/api.w.org\/{rel}","templated":true}]}}