{"id":2325,"date":"2017-10-13T19:55:11","date_gmt":"2017-10-13T17:55:11","guid":{"rendered":"http:\/\/www.anjela.org\/oberenn\/?page_id=2325"},"modified":"2025-08-13T15:21:13","modified_gmt":"2025-08-13T13:21:13","slug":"beure-mezheven","status":"publish","type":"page","link":"https:\/\/www.anjela.org\/oberenn\/bz\/beure-mezheven\/","title":{"rendered":"Beure Mezheven"},"content":{"rendered":"<p style=\"text-align: justify;\">Kana\u00f1 &lsquo;ra &lsquo;r c&rsquo;hog. Sklaer eo ar prenestr. O Doue&nbsp;! poent eo sevel &lsquo;micha\u00f1s. Me &lsquo;werzhfe ar c&rsquo;hog daonet-se a-walc&rsquo;h. Kalz re abred e sach hennezh war an deiz avat&nbsp;!\u2026 Nag on-me brevet, va Jezuz\u2026<\/p>\n<p>Eur ebet ne glevan. Ankouaet am boa adarre sevel e bouezio\u00f9 d&rsquo;an orolaj. Tren ebet kennebeut. Daoust ha bez&rsquo; e vefe harz-labour c&rsquo;hoazh ur wech all gant paotred an hent-houarn&nbsp;? Kloc&rsquo;h ebet ne glevan ivez&nbsp;? Biskoazh kemend-all\u2026<\/p>\n<p>Sed an dro-ma\u00f1 va dihunerez-veure, Kubel\u00ea o pavatat. Dav er-maez. Ur bedennig verr ha kalonek. Ha va devezh a grog. Pep a damm d&rsquo;al loened da genta\u00f1. Ha neuze war-zu ar velchoneg evel bep beure. Va falc&rsquo;h war va skoaz, va maen-lemma\u00f1 em dorn, ez an er mintin sioul&nbsp;! Ken sioul&nbsp;! Delienn ebet ne fi\u00f1v. Memes er buplienn ken krenus n&rsquo;eus ket an distera\u00f1 sarac&rsquo;h. Ar vrumenn veure ska\u00f1v a zo dous d&rsquo;am jod ha c&rsquo;hoant am eus da gana\u00f1. Met pec&rsquo;hed e vefe strafuilha\u00f1 peoc&rsquo;h ar mintin gant ur vouezh ken divalav\u2026<\/p>\n<p>Mont &lsquo;ran dre an hent don, va c&rsquo;hi du war va seulio\u00f9. Ur berlezenn arc&rsquo;hant gleb a gouezh war va zal eus beg un delienn o tivera\u00f1 he glizh-noz. Un durzhunell a c&rsquo;hrougous abaf en iliav un torgos. Evned a richan du-ma\u00f1 du-hont skeltr o mouezh er beure. Notenn bur un eostig a glevan pelloc&rsquo;h &lsquo;us d&rsquo;an draonienn goadek.<\/p>\n<p>E sikamorenn ar Roz Lostek ur big a c&rsquo;hragailh&nbsp;: al louarn a rank beza\u00f1 war-wel, bet oc&rsquo;h ober e dro-veure. Kaer en deus an Diouriz bras dinoda\u00f1 lern bihan bep nevez-amzer n&rsquo;a ket ar ouenn da get.<\/p>\n<p>War skramm an oabl e kousk c&rsquo;hoazh bourkig koant Tregrom a-grap tosenn Krec&rsquo;h Komenn. Tamolodet er vougenn e diez bihan dilorc&rsquo;h bodet en-dro d&rsquo;an iliz kozh, &lsquo;vel ur c&rsquo;hlodad evned en-dro d&rsquo;ur vamm-yer evezhiant. Ur vogedenn a sav tev ha fonnus eus siminal an ti-forn. Daoust ha so\u00f1jal a ra ar baraer eo karget, ouzhpenn e vicher, da leunia\u00f1 an oabl a goumoul&nbsp;?<\/p>\n<p>Un titirin e kroashent Penn-ar-G\u00ear. Ema\u00f1 Leon en e c&rsquo;hovel. Hennezh, &lsquo;on sur, zo o kana\u00f1. Grozmolat a ra an dud en-dro dezha\u00f1. O dihuni\u00f1 a ra re abred. Met ne bad ket en e wele gant ar sec&rsquo;hed.<\/p>\n<p>\u2014 O ! An A\u00f1jeluz\u2026 Pegen sklintin ha pegen drant e kas ar c&rsquo;hloc&rsquo;h bihan gwagenno\u00f9 e son douget &lsquo;us d&rsquo;an draonienn gant heklev al Leger, a ra un hanter kelc&rsquo;h en-dro d&rsquo;ar barrez.<\/p>\n<p>Na koanta\u00f1 taolenn brema\u00f1 el lanneg ! Ha bez&rsquo; ez eus ul livour er bed gouest da liva\u00f1 ur seurt marzh&nbsp;? Mil lestrig o lintra\u00f1 gant ar glizh-veure, gant rouedo\u00f9 neud-arc&rsquo;hant da ouelio\u00f9 ha stignet aze, er bodo\u00f9-lann &lsquo;vel ken lies a antell. L\u00e2ret &lsquo;vefe &lsquo;vije bet en noz-ma\u00f1 ur genstrivadeg gant holl wiaderezed Breizh-Izel&nbsp;: gwiaderezed gwiad-kevnid&nbsp;!\u2026 Ur c&rsquo;honikl a zifluk eus ur vodenn-lann, a dreuz prim an hent-karr. Fousou a ra dezha\u00f1 ur pennad ambroug hag a retorn da c&rsquo;hwesha e-touez al lann.<\/p>\n<p>Setu me er velchoneg. Na frondus eo an aer ama\u00f1&nbsp;!\u2026 Ya, warlene e lavare Georgette din, he dour c&rsquo;hwezh-vat <em>La Fleur de tr\u00e8fle<\/em> emezi. Ma&nbsp;! pell &lsquo;oa deus c&rsquo;hwezh va melchon ruz avat.<\/p>\n<p>Ha brema\u00f1 pegen plijus d&rsquo;am skouarn trouz va higolenn war dremm dir va falc&rsquo;h. Tregerni\u00f1 &lsquo;ra an draonienn gant va lemm&nbsp;!\u2026 Ur c&rsquo;hrogad am eus hiziv, ret din troc&rsquo;ha\u00f1 un doublenn, arc&rsquo;hoazh &lsquo;ma\u00f1 ar Sul. Ur mell karrad &lsquo;rankan da droc&rsquo;ha\u00f1 evit daou zevezh. Me &lsquo;gred am eus gonezet va dijuni\u00f1. Hag e so\u00f1jan en engroez-tud-se a zo d&rsquo;an eur-ma\u00f1 er c&rsquo;h\u00eario\u00f9 o redek d&rsquo;o labour sklav\u2026<\/p>\n<p style=\"text-align: justify;\"><em>28 a viz Mezheven 1963<\/em><\/p>\n","protected":false},"excerpt":{"rendered":"<p>Kana\u00f1 &lsquo;ra &lsquo;r c&rsquo;hog. Sklaer eo ar prenestr. O Doue&nbsp;! poent eo sevel &lsquo;micha\u00f1s. Me &lsquo;werzhfe ar c&rsquo;hog daonet-se a-walc&rsquo;h. Kalz re [&hellip;]<\/p>\n","protected":false},"author":1,"featured_media":0,"parent":0,"menu_order":0,"comment_status":"closed","ping_status":"closed","template":"","meta":{"_acf_changed":false,"ngg_post_thumbnail":0,"footnotes":""},"class_list":["post-2325","page","type-page","status-publish","hentry"],"acf":[],"yoast_head":"<!-- This site is optimized with the Yoast SEO plugin v27.5 - https:\/\/yoast.com\/product\/yoast-seo-wordpress\/ -->\n<title>Beure Mezheven - Anjela Duval<\/title>\n<meta name=\"robots\" content=\"index, follow, max-snippet:-1, max-image-preview:large, max-video-preview:-1\" \/>\n<link rel=\"canonical\" href=\"https:\/\/www.anjela.org\/oberenn\/bz\/beure-mezheven\/\" \/>\n<meta property=\"og:locale\" content=\"fr_FR\" \/>\n<meta property=\"og:type\" content=\"article\" \/>\n<meta property=\"og:title\" content=\"Beure Mezheven - Anjela Duval\" \/>\n<meta property=\"og:description\" content=\"Kana\u00f1 &lsquo;ra &lsquo;r c&rsquo;hog. Sklaer eo ar prenestr. O Doue&nbsp;! poent eo sevel &lsquo;micha\u00f1s. Me &lsquo;werzhfe ar c&rsquo;hog daonet-se a-walc&rsquo;h. Kalz re [&hellip;]\" \/>\n<meta property=\"og:url\" content=\"https:\/\/www.anjela.org\/oberenn\/bz\/beure-mezheven\/\" \/>\n<meta property=\"og:site_name\" content=\"Anjela Duval\" \/>\n<meta property=\"article:modified_time\" content=\"2025-08-13T13:21:13+00:00\" \/>\n<meta name=\"twitter:card\" content=\"summary_large_image\" \/>\n<meta name=\"twitter:label1\" content=\"Dur\u00e9e de lecture estim\u00e9e\" \/>\n\t<meta name=\"twitter:data1\" content=\"3 minutes\" \/>\n<script type=\"application\/ld+json\" class=\"yoast-schema-graph\">{\"@context\":\"https:\\\/\\\/schema.org\",\"@graph\":[{\"@type\":\"WebPage\",\"@id\":\"https:\\\/\\\/www.anjela.org\\\/oberenn\\\/bz\\\/beure-mezheven\\\/\",\"url\":\"https:\\\/\\\/www.anjela.org\\\/oberenn\\\/bz\\\/beure-mezheven\\\/\",\"name\":\"Beure Mezheven - Anjela Duval\",\"isPartOf\":{\"@id\":\"https:\\\/\\\/www.anjela.org\\\/oberenn\\\/#website\"},\"datePublished\":\"2017-10-13T17:55:11+00:00\",\"dateModified\":\"2025-08-13T13:21:13+00:00\",\"breadcrumb\":{\"@id\":\"https:\\\/\\\/www.anjela.org\\\/oberenn\\\/bz\\\/beure-mezheven\\\/#breadcrumb\"},\"inLanguage\":\"fr-FR\",\"potentialAction\":[{\"@type\":\"ReadAction\",\"target\":[\"https:\\\/\\\/www.anjela.org\\\/oberenn\\\/bz\\\/beure-mezheven\\\/\"]}]},{\"@type\":\"BreadcrumbList\",\"@id\":\"https:\\\/\\\/www.anjela.org\\\/oberenn\\\/bz\\\/beure-mezheven\\\/#breadcrumb\",\"itemListElement\":[{\"@type\":\"ListItem\",\"position\":1,\"name\":\"Accueil\",\"item\":\"https:\\\/\\\/www.anjela.org\\\/oberenn\\\/\"},{\"@type\":\"ListItem\",\"position\":2,\"name\":\"Beure Mezheven\"}]},{\"@type\":\"WebSite\",\"@id\":\"https:\\\/\\\/www.anjela.org\\\/oberenn\\\/#website\",\"url\":\"https:\\\/\\\/www.anjela.org\\\/oberenn\\\/\",\"name\":\"Anjela Duval\",\"description\":\"\",\"publisher\":{\"@id\":\"https:\\\/\\\/www.anjela.org\\\/oberenn\\\/#organization\"},\"potentialAction\":[{\"@type\":\"SearchAction\",\"target\":{\"@type\":\"EntryPoint\",\"urlTemplate\":\"https:\\\/\\\/www.anjela.org\\\/oberenn\\\/?s={search_term_string}\"},\"query-input\":{\"@type\":\"PropertyValueSpecification\",\"valueRequired\":true,\"valueName\":\"search_term_string\"}}],\"inLanguage\":\"fr-FR\"},{\"@type\":\"Organization\",\"@id\":\"https:\\\/\\\/www.anjela.org\\\/oberenn\\\/#organization\",\"name\":\"Mignoned Anjela\",\"url\":\"https:\\\/\\\/www.anjela.org\\\/oberenn\\\/\",\"logo\":{\"@type\":\"ImageObject\",\"inLanguage\":\"fr-FR\",\"@id\":\"https:\\\/\\\/www.anjela.org\\\/oberenn\\\/#\\\/schema\\\/logo\\\/image\\\/\",\"url\":\"https:\\\/\\\/www.anjela.org\\\/oberenn\\\/wp-content\\\/uploads\\\/2019\\\/11\\\/logo-mignoned-angela.png\",\"contentUrl\":\"https:\\\/\\\/www.anjela.org\\\/oberenn\\\/wp-content\\\/uploads\\\/2019\\\/11\\\/logo-mignoned-angela.png\",\"width\":248,\"height\":147,\"caption\":\"Mignoned Anjela\"},\"image\":{\"@id\":\"https:\\\/\\\/www.anjela.org\\\/oberenn\\\/#\\\/schema\\\/logo\\\/image\\\/\"}}]}<\/script>\n<!-- \/ Yoast SEO plugin. -->","yoast_head_json":{"title":"Beure Mezheven - Anjela Duval","robots":{"index":"index","follow":"follow","max-snippet":"max-snippet:-1","max-image-preview":"max-image-preview:large","max-video-preview":"max-video-preview:-1"},"canonical":"https:\/\/www.anjela.org\/oberenn\/bz\/beure-mezheven\/","og_locale":"fr_FR","og_type":"article","og_title":"Beure Mezheven - Anjela Duval","og_description":"Kana\u00f1 &lsquo;ra &lsquo;r c&rsquo;hog. Sklaer eo ar prenestr. O Doue&nbsp;! poent eo sevel &lsquo;micha\u00f1s. Me &lsquo;werzhfe ar c&rsquo;hog daonet-se a-walc&rsquo;h. Kalz re [&hellip;]","og_url":"https:\/\/www.anjela.org\/oberenn\/bz\/beure-mezheven\/","og_site_name":"Anjela Duval","article_modified_time":"2025-08-13T13:21:13+00:00","twitter_card":"summary_large_image","twitter_misc":{"Dur\u00e9e de lecture estim\u00e9e":"3 minutes"},"schema":{"@context":"https:\/\/schema.org","@graph":[{"@type":"WebPage","@id":"https:\/\/www.anjela.org\/oberenn\/bz\/beure-mezheven\/","url":"https:\/\/www.anjela.org\/oberenn\/bz\/beure-mezheven\/","name":"Beure Mezheven - Anjela Duval","isPartOf":{"@id":"https:\/\/www.anjela.org\/oberenn\/#website"},"datePublished":"2017-10-13T17:55:11+00:00","dateModified":"2025-08-13T13:21:13+00:00","breadcrumb":{"@id":"https:\/\/www.anjela.org\/oberenn\/bz\/beure-mezheven\/#breadcrumb"},"inLanguage":"fr-FR","potentialAction":[{"@type":"ReadAction","target":["https:\/\/www.anjela.org\/oberenn\/bz\/beure-mezheven\/"]}]},{"@type":"BreadcrumbList","@id":"https:\/\/www.anjela.org\/oberenn\/bz\/beure-mezheven\/#breadcrumb","itemListElement":[{"@type":"ListItem","position":1,"name":"Accueil","item":"https:\/\/www.anjela.org\/oberenn\/"},{"@type":"ListItem","position":2,"name":"Beure Mezheven"}]},{"@type":"WebSite","@id":"https:\/\/www.anjela.org\/oberenn\/#website","url":"https:\/\/www.anjela.org\/oberenn\/","name":"Anjela Duval","description":"","publisher":{"@id":"https:\/\/www.anjela.org\/oberenn\/#organization"},"potentialAction":[{"@type":"SearchAction","target":{"@type":"EntryPoint","urlTemplate":"https:\/\/www.anjela.org\/oberenn\/?s={search_term_string}"},"query-input":{"@type":"PropertyValueSpecification","valueRequired":true,"valueName":"search_term_string"}}],"inLanguage":"fr-FR"},{"@type":"Organization","@id":"https:\/\/www.anjela.org\/oberenn\/#organization","name":"Mignoned Anjela","url":"https:\/\/www.anjela.org\/oberenn\/","logo":{"@type":"ImageObject","inLanguage":"fr-FR","@id":"https:\/\/www.anjela.org\/oberenn\/#\/schema\/logo\/image\/","url":"https:\/\/www.anjela.org\/oberenn\/wp-content\/uploads\/2019\/11\/logo-mignoned-angela.png","contentUrl":"https:\/\/www.anjela.org\/oberenn\/wp-content\/uploads\/2019\/11\/logo-mignoned-angela.png","width":248,"height":147,"caption":"Mignoned Anjela"},"image":{"@id":"https:\/\/www.anjela.org\/oberenn\/#\/schema\/logo\/image\/"}}]}},"_links":{"self":[{"href":"https:\/\/www.anjela.org\/oberenn\/wp-json\/wp\/v2\/pages\/2325","targetHints":{"allow":["GET"]}}],"collection":[{"href":"https:\/\/www.anjela.org\/oberenn\/wp-json\/wp\/v2\/pages"}],"about":[{"href":"https:\/\/www.anjela.org\/oberenn\/wp-json\/wp\/v2\/types\/page"}],"author":[{"embeddable":true,"href":"https:\/\/www.anjela.org\/oberenn\/wp-json\/wp\/v2\/users\/1"}],"replies":[{"embeddable":true,"href":"https:\/\/www.anjela.org\/oberenn\/wp-json\/wp\/v2\/comments?post=2325"}],"version-history":[{"count":0,"href":"https:\/\/www.anjela.org\/oberenn\/wp-json\/wp\/v2\/pages\/2325\/revisions"}],"wp:attachment":[{"href":"https:\/\/www.anjela.org\/oberenn\/wp-json\/wp\/v2\/media?parent=2325"}],"curies":[{"name":"wp","href":"https:\/\/api.w.org\/{rel}","templated":true}]}}