{"id":2281,"date":"2017-10-13T18:47:06","date_gmt":"2017-10-13T16:47:06","guid":{"rendered":"http:\/\/www.anjela.org\/oberenn\/?page_id=2281"},"modified":"2025-08-13T15:22:47","modified_gmt":"2025-08-13T13:22:47","slug":"fench-ha-mai-louiz","status":"publish","type":"page","link":"https:\/\/www.anjela.org\/oberenn\/bz\/fench-ha-mai-louiz\/","title":{"rendered":"Fe\u00f1ch ha Mai-Louiz"},"content":{"rendered":"<p>Pa dimezas Fe\u00f1ch da Vai-Louiz ne oa ket bet kalz a didamper, nann, yod a oa bet  da lein deiz an eured &lsquo;vel an devejo\u00f9 all, rak en desped d&rsquo;e dud &lsquo;oa dimezet Fe\u00f1ch, ur mab a di. Mai-Louiz &lsquo;oa merc&rsquo;h ur gwiader ha perc&rsquo;henn netra, met ur plac&rsquo;h dilu ha dir war he fas.<br \/>\nEn amzer ma l\u00e2ran dac&rsquo;h e oa peurvuia\u00f1 an ozhac&rsquo;h a vije mestr en ti. Nemet Mai- Louiz na intente ket an trao\u00f9 er stumm-se. Divizet he devoa eus Fe\u00f1ch penaos pep hini a lakaje eus e gostez ha na vije ket ar memes hini a raje an holl blegenno\u00f9 ; mat &lsquo;oa se da Fe\u00f1ch, hag an intent a badas ur c&rsquo;hrogad.<br \/>\nSavet gante un tamm ostaliri war ar maez hag un ti-forn, a damm da damm e sav- jont ur stal darempredet mat ; met Fe\u00f1ch a blije dezha\u00f1 ta\u00f1va ar boutailho\u00f9 ha zoken dirouda\u00f1 hinienno\u00f9 da regali\u00f1 e gamaladed. Mai-Louiz a groze, a stourme, ha trouz ha bec&rsquo;h ha chao e-barzh al loch.<br \/>\nA-benn ar fin ha Mai-Louiz kuit !\u2026 Pa na oa ket, emezi, a voaien da zont a-benn eus Fe\u00f1ch. Lakat a reas un toullad dilhad &lsquo;n ur sac&rsquo;h war he chouk ha \u00ab tius \u00bb hag en hencho\u00f9 !\u2026 &lsquo;n ur ober &lsquo;bep seurt so\u00f1jo\u00f9. Pevar bugel &lsquo;oa dija. Na ouie ket kaer etrezek pelec&rsquo;h mont. Ur gintervez he devoa &lsquo;kostez Bear, nemet na oa ket o c&rsquo;hor- toz Mai-Louiz d&rsquo;arruout er stumm-se war he c&rsquo;hein, pell ac&rsquo;hane !<br \/>\nOber &lsquo;r\u00ea tammo\u00f9 diskuizhadenno\u00f9 gant he sac&rsquo;had du-ma\u00f1 du-hont, pa gave un ti bihan bennak war ribl an hent ha peurvuia\u00f1 ti ur baourez kozh bennak, hag a gonte he zammig doare.<br \/>\nGwech &lsquo;vije roet ton de&rsquo;i : \u00ab Feiz &lsquo;vat neuze sur, mar boa kont evel-se, &lsquo;peus graet mat o karzha\u00f1, me am bije graet eveldoc&rsquo;h ivez &lsquo;vat, brema\u00f1 &lsquo;welo !\u2026 \u00bb<br \/>\nGwecho\u00f9 all &lsquo;vije dizaliet ha roet neubeut a don d&rsquo;he c&rsquo;haoz : \u00ab O ma na oa ken &lsquo;met se &lsquo;vat !\u2026 Me am eus tremenet gwashoc&rsquo;h piko\u00f9 &lsquo;vit se ha n&rsquo;am beus biskoazh so\u00f1jet karzha\u00f1 kuit. \u00bb \u00ab Petra ? Mont er giz-se diwar-dro ho pugale hag ho loened ? Propoc&rsquo;h &lsquo;vefe deoc&rsquo;h retorn sur ! \u00bb<br \/>\nAr gaoz-se na blije ket kaer da Vai-Louiz rak he c&rsquo;halon &lsquo;oa chomet er g\u00ear ha bis- koazh na devoa graet he c&rsquo;hont da dremen hep retorn, c&rsquo;hoant hepken de&rsquo;i da rei\u00f1 ur gentel da Fe\u00f1ch.<br \/>\nDa serr-noz e tigouezhas e ti he c&rsquo;henitervez, ha da gonta\u00f1 he c&rsquo;haoz adarre. &lsquo;Seblante ket houma\u00f1 &lsquo;vat roi\u00f1 kalz a don da Vai-Louiz. Bepred &lsquo;oa lojet ; nemet abred &lsquo;oa diskwelet dei &lsquo;oar skuizh ganti.<br \/>\nHa Fe\u00f1ch n&rsquo;arrue ket d&rsquo;he c&rsquo;hlask, moarvat en devoa klasket da genta\u00f1 e ti he c&rsquo;ha-maradezed war-dro !\u2026<br \/>\nMai-Louiz, mall ganti da retorn d&rsquo;ar g\u00ear, na c&rsquo;houlenne ket plega\u00f1 koulskoude, peo- tramant, gouez de&rsquo;i, eo achu ganin dont a-benn eus Fe\u00f1ch. Ret eo din leuskel ane- zha\u00f1 da heugi\u00f1 ur pennad gant e streuvell, hag ar gomerezed a renko da gaout d&rsquo;en zikour.<br \/>\nUn devezh\u2026 daou devezh\u2026 a dremenas evel-se en daoust hag en gortoz ; gant he bugale ne oa ket ken nec&rsquo;het-se rak Fe\u00f1ch &lsquo;oa un tad mat. Met daou dra &lsquo;oa war he spered : ur vamm-wiz da gloda\u00f1 hag he mouchouer stamm nevez-flamm &lsquo;devoa ankouezet e-pign eus penn he gwele-kloz. An trede deiz Fe\u00f1ch n&rsquo;arrue ket bepred\u2026 Ma, &lsquo;me Vai-Soaz, sur a-walc&rsquo;h n&rsquo;eo ket deut da gompren dezha\u00f1 etrezek pelec&rsquo;h on deut\u2026<br \/>\nRet eo din rei\u00f1 da c&rsquo;houzout dezha\u00f1. Ma lakafen skriva\u00f1 dezha\u00f1 ha &lsquo;m eus kavet labour da ganna\u00f1 e kouent Bear. Degas din daou vugel, ar daou vrasa\u00f1, a vezo bevet ha skolaet war varc&rsquo;had ma labour, ha me &lsquo;vezo paeet eizh real bemdez. Evel-se bepred e ouvezo pelec&rsquo;h e ran ma demeura\u00f1s.<br \/>\nGraet &lsquo;oa an taol raktal. Ha kerkent ha resevet he lizher gant Fe\u00f1ch, hag e\u00f1 o tapout hent Bear evel-just, nemet ne oa ket da gas ar vugale da Vai-Louiz, a c&rsquo;hel- lit kredi\u00f1, d&rsquo;he fedi\u00f1 da retorn, ya !\u2026 Stad vras &lsquo;oa e kalon Mai-Louiz o welout Fe\u00f1ch oc&rsquo;h arruet, met ret &lsquo;oa de&rsquo;i ober un tamm bihan a \u00ab gomedi \u00bb, pe ne vije talvezet netra he zec&rsquo;hadenn.<br \/>\nPedi\u00f1 &lsquo;reas Fe\u00f1ch e wreg da zont d&rsquo;ar g\u00ear ganta\u00f1.<br \/>\n\u00ab Petra ? D&rsquo;ar g\u00ear ? eme Vai-Louiz, n&rsquo;in ket laouen ! Me &lsquo;m eus kavet labour ama\u00f1. Degas din un hanter eus ar vugale\u2026 rak te, sakrebie lonker, n&rsquo;eus ket a voaien da zerc&rsquo;hel bara ganit.<br \/>\n\u2014\tO Mai-Louiz ! Ma fried santel, retorn d&rsquo;ar g\u00ear ha me &lsquo;che\u00f1cho.<br \/>\n\u2014\tBiken ken war da dro, eme Vai-Louiz, pa n&rsquo;eus kont ebet d&rsquo;ober ganit !\u2026<br \/>\n\u2014\tO Mai-Louiz kaezh ! En anv Doue ! Abalamour d&rsquo;ar vugale !\u2026<br \/>\n\u2014\tTeneraat a rez ma c&rsquo;halon, Fe\u00f1ch, pa gomzez en anv Doue, nemet un dra a divi- zan kent retorn : ret-mat e vezo dit senti\u00f1 dalc&rsquo;hmat !<br \/>\n\u2014\tHag e rin, me &lsquo;raio an holl blegenno\u00f9, met deus d&rsquo;ar g\u00ear ganin. \u00bb<br \/>\nHa feiz ! setu int kontant o-daou\u2026 An dro-ma\u00f1 &lsquo;vat &lsquo;oa Fe\u00f1ch a dougas ar sac&rsquo;had war hent an distro. Ar genitervez eus he c&rsquo;hostez &lsquo;oa stad enni ivez o tisfoara\u00f1 eus Mai-Louiz. Hag ar vugaligo\u00f9 a grias gant al levenez &lsquo;n ur lammat da bokat d&rsquo;o mamm hag a oa ivez daero\u00f9 en he daoulagad, &lsquo;c&rsquo;hellit kredi\u00f1.<br \/>\nMai-Louiz moarvat he devoa bet a bep seurt soubenno\u00f9 goude c&rsquo;hoazh, rak Fe\u00f1ch &lsquo;oa pell eus beza\u00f1 ur sant. Hag a-benn he devoa savet seizh bugel diwar o foan hag o labour (d&rsquo;ar mare-se ne vije ket a sikourio\u00f9 evit sevel bugale) &lsquo;oa bet tenn an trao\u00f9 alies. Met ar sorc&rsquo;henn mont kuit &lsquo;oa bet distoket diouti, daoust penaos &lsquo;vije kont gant an doa- reo\u00f9, rak gwelet &lsquo;devoa sklaer &lsquo;oa c&rsquo;hoazh gwelloc&rsquo;h ar g\u00ear evit an \u00ab ti kuit \u00bb.<br \/>\n[1961 ?]<\/p>\n","protected":false},"excerpt":{"rendered":"<p>Pa dimezas Fe\u00f1ch da Vai-Louiz ne oa ket bet kalz a didamper, nann, yod a oa bet da lein deiz an eured [&hellip;]<\/p>\n","protected":false},"author":1,"featured_media":0,"parent":0,"menu_order":0,"comment_status":"closed","ping_status":"closed","template":"","meta":{"_acf_changed":false,"ngg_post_thumbnail":0,"footnotes":""},"class_list":["post-2281","page","type-page","status-publish","hentry"],"acf":[],"yoast_head":"<!-- This site is optimized with the Yoast SEO plugin v27.5 - https:\/\/yoast.com\/product\/yoast-seo-wordpress\/ -->\n<title>Fe\u00f1ch ha Mai-Louiz - Anjela Duval<\/title>\n<meta name=\"robots\" content=\"index, follow, max-snippet:-1, max-image-preview:large, max-video-preview:-1\" \/>\n<link rel=\"canonical\" href=\"https:\/\/www.anjela.org\/oberenn\/bz\/fench-ha-mai-louiz\/\" \/>\n<meta property=\"og:locale\" content=\"fr_FR\" \/>\n<meta property=\"og:type\" content=\"article\" \/>\n<meta property=\"og:title\" content=\"Fe\u00f1ch ha Mai-Louiz - Anjela Duval\" \/>\n<meta property=\"og:description\" content=\"Pa dimezas Fe\u00f1ch da Vai-Louiz ne oa ket bet kalz a didamper, nann, yod a oa bet da lein deiz an eured [&hellip;]\" \/>\n<meta property=\"og:url\" content=\"https:\/\/www.anjela.org\/oberenn\/bz\/fench-ha-mai-louiz\/\" \/>\n<meta property=\"og:site_name\" content=\"Anjela Duval\" \/>\n<meta property=\"article:modified_time\" content=\"2025-08-13T13:22:47+00:00\" \/>\n<meta name=\"twitter:card\" content=\"summary_large_image\" \/>\n<meta name=\"twitter:label1\" content=\"Dur\u00e9e de lecture estim\u00e9e\" \/>\n\t<meta name=\"twitter:data1\" content=\"5 minutes\" \/>\n<script type=\"application\/ld+json\" class=\"yoast-schema-graph\">{\"@context\":\"https:\\\/\\\/schema.org\",\"@graph\":[{\"@type\":\"WebPage\",\"@id\":\"https:\\\/\\\/www.anjela.org\\\/oberenn\\\/bz\\\/fench-ha-mai-louiz\\\/\",\"url\":\"https:\\\/\\\/www.anjela.org\\\/oberenn\\\/bz\\\/fench-ha-mai-louiz\\\/\",\"name\":\"Fe\u00f1ch ha Mai-Louiz - Anjela Duval\",\"isPartOf\":{\"@id\":\"https:\\\/\\\/www.anjela.org\\\/oberenn\\\/#website\"},\"datePublished\":\"2017-10-13T16:47:06+00:00\",\"dateModified\":\"2025-08-13T13:22:47+00:00\",\"breadcrumb\":{\"@id\":\"https:\\\/\\\/www.anjela.org\\\/oberenn\\\/bz\\\/fench-ha-mai-louiz\\\/#breadcrumb\"},\"inLanguage\":\"fr-FR\",\"potentialAction\":[{\"@type\":\"ReadAction\",\"target\":[\"https:\\\/\\\/www.anjela.org\\\/oberenn\\\/bz\\\/fench-ha-mai-louiz\\\/\"]}]},{\"@type\":\"BreadcrumbList\",\"@id\":\"https:\\\/\\\/www.anjela.org\\\/oberenn\\\/bz\\\/fench-ha-mai-louiz\\\/#breadcrumb\",\"itemListElement\":[{\"@type\":\"ListItem\",\"position\":1,\"name\":\"Accueil\",\"item\":\"https:\\\/\\\/www.anjela.org\\\/oberenn\\\/\"},{\"@type\":\"ListItem\",\"position\":2,\"name\":\"Fe\u00f1ch ha Mai-Louiz\"}]},{\"@type\":\"WebSite\",\"@id\":\"https:\\\/\\\/www.anjela.org\\\/oberenn\\\/#website\",\"url\":\"https:\\\/\\\/www.anjela.org\\\/oberenn\\\/\",\"name\":\"Anjela Duval\",\"description\":\"\",\"publisher\":{\"@id\":\"https:\\\/\\\/www.anjela.org\\\/oberenn\\\/#organization\"},\"potentialAction\":[{\"@type\":\"SearchAction\",\"target\":{\"@type\":\"EntryPoint\",\"urlTemplate\":\"https:\\\/\\\/www.anjela.org\\\/oberenn\\\/?s={search_term_string}\"},\"query-input\":{\"@type\":\"PropertyValueSpecification\",\"valueRequired\":true,\"valueName\":\"search_term_string\"}}],\"inLanguage\":\"fr-FR\"},{\"@type\":\"Organization\",\"@id\":\"https:\\\/\\\/www.anjela.org\\\/oberenn\\\/#organization\",\"name\":\"Mignoned Anjela\",\"url\":\"https:\\\/\\\/www.anjela.org\\\/oberenn\\\/\",\"logo\":{\"@type\":\"ImageObject\",\"inLanguage\":\"fr-FR\",\"@id\":\"https:\\\/\\\/www.anjela.org\\\/oberenn\\\/#\\\/schema\\\/logo\\\/image\\\/\",\"url\":\"https:\\\/\\\/www.anjela.org\\\/oberenn\\\/wp-content\\\/uploads\\\/2019\\\/11\\\/logo-mignoned-angela.png\",\"contentUrl\":\"https:\\\/\\\/www.anjela.org\\\/oberenn\\\/wp-content\\\/uploads\\\/2019\\\/11\\\/logo-mignoned-angela.png\",\"width\":248,\"height\":147,\"caption\":\"Mignoned Anjela\"},\"image\":{\"@id\":\"https:\\\/\\\/www.anjela.org\\\/oberenn\\\/#\\\/schema\\\/logo\\\/image\\\/\"}}]}<\/script>\n<!-- \/ Yoast SEO plugin. -->","yoast_head_json":{"title":"Fe\u00f1ch ha Mai-Louiz - Anjela Duval","robots":{"index":"index","follow":"follow","max-snippet":"max-snippet:-1","max-image-preview":"max-image-preview:large","max-video-preview":"max-video-preview:-1"},"canonical":"https:\/\/www.anjela.org\/oberenn\/bz\/fench-ha-mai-louiz\/","og_locale":"fr_FR","og_type":"article","og_title":"Fe\u00f1ch ha Mai-Louiz - Anjela Duval","og_description":"Pa dimezas Fe\u00f1ch da Vai-Louiz ne oa ket bet kalz a didamper, nann, yod a oa bet da lein deiz an eured [&hellip;]","og_url":"https:\/\/www.anjela.org\/oberenn\/bz\/fench-ha-mai-louiz\/","og_site_name":"Anjela Duval","article_modified_time":"2025-08-13T13:22:47+00:00","twitter_card":"summary_large_image","twitter_misc":{"Dur\u00e9e de lecture estim\u00e9e":"5 minutes"},"schema":{"@context":"https:\/\/schema.org","@graph":[{"@type":"WebPage","@id":"https:\/\/www.anjela.org\/oberenn\/bz\/fench-ha-mai-louiz\/","url":"https:\/\/www.anjela.org\/oberenn\/bz\/fench-ha-mai-louiz\/","name":"Fe\u00f1ch ha Mai-Louiz - Anjela Duval","isPartOf":{"@id":"https:\/\/www.anjela.org\/oberenn\/#website"},"datePublished":"2017-10-13T16:47:06+00:00","dateModified":"2025-08-13T13:22:47+00:00","breadcrumb":{"@id":"https:\/\/www.anjela.org\/oberenn\/bz\/fench-ha-mai-louiz\/#breadcrumb"},"inLanguage":"fr-FR","potentialAction":[{"@type":"ReadAction","target":["https:\/\/www.anjela.org\/oberenn\/bz\/fench-ha-mai-louiz\/"]}]},{"@type":"BreadcrumbList","@id":"https:\/\/www.anjela.org\/oberenn\/bz\/fench-ha-mai-louiz\/#breadcrumb","itemListElement":[{"@type":"ListItem","position":1,"name":"Accueil","item":"https:\/\/www.anjela.org\/oberenn\/"},{"@type":"ListItem","position":2,"name":"Fe\u00f1ch ha Mai-Louiz"}]},{"@type":"WebSite","@id":"https:\/\/www.anjela.org\/oberenn\/#website","url":"https:\/\/www.anjela.org\/oberenn\/","name":"Anjela Duval","description":"","publisher":{"@id":"https:\/\/www.anjela.org\/oberenn\/#organization"},"potentialAction":[{"@type":"SearchAction","target":{"@type":"EntryPoint","urlTemplate":"https:\/\/www.anjela.org\/oberenn\/?s={search_term_string}"},"query-input":{"@type":"PropertyValueSpecification","valueRequired":true,"valueName":"search_term_string"}}],"inLanguage":"fr-FR"},{"@type":"Organization","@id":"https:\/\/www.anjela.org\/oberenn\/#organization","name":"Mignoned Anjela","url":"https:\/\/www.anjela.org\/oberenn\/","logo":{"@type":"ImageObject","inLanguage":"fr-FR","@id":"https:\/\/www.anjela.org\/oberenn\/#\/schema\/logo\/image\/","url":"https:\/\/www.anjela.org\/oberenn\/wp-content\/uploads\/2019\/11\/logo-mignoned-angela.png","contentUrl":"https:\/\/www.anjela.org\/oberenn\/wp-content\/uploads\/2019\/11\/logo-mignoned-angela.png","width":248,"height":147,"caption":"Mignoned Anjela"},"image":{"@id":"https:\/\/www.anjela.org\/oberenn\/#\/schema\/logo\/image\/"}}]}},"_links":{"self":[{"href":"https:\/\/www.anjela.org\/oberenn\/wp-json\/wp\/v2\/pages\/2281","targetHints":{"allow":["GET"]}}],"collection":[{"href":"https:\/\/www.anjela.org\/oberenn\/wp-json\/wp\/v2\/pages"}],"about":[{"href":"https:\/\/www.anjela.org\/oberenn\/wp-json\/wp\/v2\/types\/page"}],"author":[{"embeddable":true,"href":"https:\/\/www.anjela.org\/oberenn\/wp-json\/wp\/v2\/users\/1"}],"replies":[{"embeddable":true,"href":"https:\/\/www.anjela.org\/oberenn\/wp-json\/wp\/v2\/comments?post=2281"}],"version-history":[{"count":0,"href":"https:\/\/www.anjela.org\/oberenn\/wp-json\/wp\/v2\/pages\/2281\/revisions"}],"wp:attachment":[{"href":"https:\/\/www.anjela.org\/oberenn\/wp-json\/wp\/v2\/media?parent=2281"}],"curies":[{"name":"wp","href":"https:\/\/api.w.org\/{rel}","templated":true}]}}