{"id":2277,"date":"2017-10-13T18:45:11","date_gmt":"2017-10-13T16:45:11","guid":{"rendered":"http:\/\/www.anjela.org\/oberenn\/?page_id=2277"},"modified":"2025-08-13T15:23:51","modified_gmt":"2025-08-13T13:23:51","slug":"merched-al-loaiouer","status":"publish","type":"page","link":"https:\/\/www.anjela.org\/oberenn\/bz\/merched-al-loaiouer\/","title":{"rendered":"Merc\u2019hed al loaiouer"},"content":{"rendered":"<p>Etre Koad-an-Noz ha Koad-an-Ne\u00f1v, war ribl hent Lokenvel hag a zisparti an daou goad, e veve, brema\u00f1 zo un hanter-kant vloaz pe war-dro, un inta\u00f1v kozh hag e ziv verc&rsquo;h, e-barzh un tamm ti bihan plouz.<br \/>\nAr c&rsquo;hozhiad &lsquo;oa bet a-hed e amzer \u00ab loaiouer \u00bb, ur vicher aet da fall un tamm zo adarre. Pa oa erru re gropet e zaouarn ha re izel e weled a renkas paouez d&rsquo;ober loaio\u00f9.<br \/>\nE ziv verc&rsquo;h na oent tamm ebet ruz war al labour ; hini an\u00ea na chome da c&rsquo;hounit : setu ma oent en em laket da stammerezed. O ! &lsquo;oa ket diaes &lsquo;vat derc&rsquo;hel labour d\u00ea war ar stern, rak pell &lsquo;vijent oc&rsquo;h ober kalz ; ha dienez &lsquo;oa en ti.<br \/>\nAr paotr kozh a glaske keuneud d&rsquo;ober tan, ha tan a vije ken a nije ar ful dre veg ar siminal.<br \/>\nDa noz &lsquo;kerzh ar goa\u00f1v &lsquo;raent un dommadenn o-zri &lsquo;raok mont da gousket, pep hini war e damm skabell, ha ret &lsquo;vije d&rsquo;ar merc&rsquo;hed souza\u00f1 a-dre\u00f1v e berr amzer, pe &lsquo;vijent rostet &lsquo;vel ur penn yer eus ar ber pa groge ar paotr kozh d&rsquo;ober tan.<br \/>\nUn dro bennak a varvas an tad ha kerse &lsquo;oa gant ar merc&rsquo;hed rak hini an\u00ea na devoa kouraj da glask danvez-tan nag aez da brena\u00f1 kennebeut.<br \/>\nChom a raent bepred evel kustum da luduenni\u00f1 dirak an nebeud glaouenno\u00f9 a chome en oaled goude koan, met brema\u00f1 &lsquo;vat n&rsquo;eo ket souza\u00f1 &lsquo;raent : derc&rsquo;hel da dostaat, ya, hep aon da rosta\u00f1.<br \/>\nUr wech bennak bepred e tremenas a-rez an nor ur brakonier o vont d&rsquo;ober un tamm tro d&rsquo;ar c&rsquo;hoad. Tremen &lsquo;rae sioulik hag a glevas an eil o l\u00e2ret d&rsquo;eben : \u00ab Ma ! Pa oa bev hon zad a yaemp bemdez war a-dre\u00f1v, met brema\u00f1 &lsquo;vat yamp war a- raok ! \u00bb<br \/>\nAr pezh a sinifie a renkent souza\u00f1 pa vijent &lsquo;tal an tan ha brema\u00f1 a renkent tos- taat. Nemet ar brakonier a gomprene penaos moarvat a oa gwellaet ar stal gante. Hag aet ar gaoz &lsquo;oa erru pinv\u00eek merc&rsquo;hed al loaiouer, ha savet pres warne, ha graet gante &lsquo;benn ar fin pep a damm fortun-vat &lsquo;vel ma vez l\u00e2ret, a-greiz n&rsquo;houle den dioute. Ken didalvez ha ma oant.<br \/>\nNe ouzon ket petore menaj o devoa graet, met evit danvez div wreg vat a baour a oent bepred.<\/p>\n<p>[1961 ?]<\/p>\n","protected":false},"excerpt":{"rendered":"<p>Etre Koad-an-Noz ha Koad-an-Ne\u00f1v, war ribl hent Lokenvel hag a zisparti an daou goad, e veve, brema\u00f1 zo un hanter-kant vloaz pe [&hellip;]<\/p>\n","protected":false},"author":1,"featured_media":0,"parent":0,"menu_order":0,"comment_status":"closed","ping_status":"closed","template":"","meta":{"_acf_changed":false,"ngg_post_thumbnail":0,"footnotes":""},"class_list":["post-2277","page","type-page","status-publish","hentry"],"acf":[],"yoast_head":"<!-- This site is optimized with the Yoast SEO plugin v27.5 - https:\/\/yoast.com\/product\/yoast-seo-wordpress\/ -->\n<title>Merc\u2019hed al loaiouer - Anjela Duval<\/title>\n<meta name=\"robots\" content=\"index, follow, max-snippet:-1, max-image-preview:large, max-video-preview:-1\" \/>\n<link rel=\"canonical\" href=\"https:\/\/www.anjela.org\/oberenn\/bz\/merched-al-loaiouer\/\" \/>\n<meta property=\"og:locale\" content=\"fr_FR\" \/>\n<meta property=\"og:type\" content=\"article\" \/>\n<meta property=\"og:title\" content=\"Merc\u2019hed al loaiouer - Anjela Duval\" \/>\n<meta property=\"og:description\" content=\"Etre Koad-an-Noz ha Koad-an-Ne\u00f1v, war ribl hent Lokenvel hag a zisparti an daou goad, e veve, brema\u00f1 zo un hanter-kant vloaz pe [&hellip;]\" \/>\n<meta property=\"og:url\" content=\"https:\/\/www.anjela.org\/oberenn\/bz\/merched-al-loaiouer\/\" \/>\n<meta property=\"og:site_name\" content=\"Anjela Duval\" \/>\n<meta property=\"article:modified_time\" content=\"2025-08-13T13:23:51+00:00\" \/>\n<meta name=\"twitter:card\" content=\"summary_large_image\" \/>\n<meta name=\"twitter:label1\" content=\"Dur\u00e9e de lecture estim\u00e9e\" \/>\n\t<meta name=\"twitter:data1\" content=\"2 minutes\" \/>\n<script type=\"application\/ld+json\" class=\"yoast-schema-graph\">{\"@context\":\"https:\\\/\\\/schema.org\",\"@graph\":[{\"@type\":\"WebPage\",\"@id\":\"https:\\\/\\\/www.anjela.org\\\/oberenn\\\/bz\\\/merched-al-loaiouer\\\/\",\"url\":\"https:\\\/\\\/www.anjela.org\\\/oberenn\\\/bz\\\/merched-al-loaiouer\\\/\",\"name\":\"Merc\u2019hed al loaiouer - Anjela Duval\",\"isPartOf\":{\"@id\":\"https:\\\/\\\/www.anjela.org\\\/oberenn\\\/#website\"},\"datePublished\":\"2017-10-13T16:45:11+00:00\",\"dateModified\":\"2025-08-13T13:23:51+00:00\",\"breadcrumb\":{\"@id\":\"https:\\\/\\\/www.anjela.org\\\/oberenn\\\/bz\\\/merched-al-loaiouer\\\/#breadcrumb\"},\"inLanguage\":\"fr-FR\",\"potentialAction\":[{\"@type\":\"ReadAction\",\"target\":[\"https:\\\/\\\/www.anjela.org\\\/oberenn\\\/bz\\\/merched-al-loaiouer\\\/\"]}]},{\"@type\":\"BreadcrumbList\",\"@id\":\"https:\\\/\\\/www.anjela.org\\\/oberenn\\\/bz\\\/merched-al-loaiouer\\\/#breadcrumb\",\"itemListElement\":[{\"@type\":\"ListItem\",\"position\":1,\"name\":\"Accueil\",\"item\":\"https:\\\/\\\/www.anjela.org\\\/oberenn\\\/\"},{\"@type\":\"ListItem\",\"position\":2,\"name\":\"Merc\u2019hed al loaiouer\"}]},{\"@type\":\"WebSite\",\"@id\":\"https:\\\/\\\/www.anjela.org\\\/oberenn\\\/#website\",\"url\":\"https:\\\/\\\/www.anjela.org\\\/oberenn\\\/\",\"name\":\"Anjela Duval\",\"description\":\"\",\"publisher\":{\"@id\":\"https:\\\/\\\/www.anjela.org\\\/oberenn\\\/#organization\"},\"potentialAction\":[{\"@type\":\"SearchAction\",\"target\":{\"@type\":\"EntryPoint\",\"urlTemplate\":\"https:\\\/\\\/www.anjela.org\\\/oberenn\\\/?s={search_term_string}\"},\"query-input\":{\"@type\":\"PropertyValueSpecification\",\"valueRequired\":true,\"valueName\":\"search_term_string\"}}],\"inLanguage\":\"fr-FR\"},{\"@type\":\"Organization\",\"@id\":\"https:\\\/\\\/www.anjela.org\\\/oberenn\\\/#organization\",\"name\":\"Mignoned Anjela\",\"url\":\"https:\\\/\\\/www.anjela.org\\\/oberenn\\\/\",\"logo\":{\"@type\":\"ImageObject\",\"inLanguage\":\"fr-FR\",\"@id\":\"https:\\\/\\\/www.anjela.org\\\/oberenn\\\/#\\\/schema\\\/logo\\\/image\\\/\",\"url\":\"https:\\\/\\\/www.anjela.org\\\/oberenn\\\/wp-content\\\/uploads\\\/2019\\\/11\\\/logo-mignoned-angela.png\",\"contentUrl\":\"https:\\\/\\\/www.anjela.org\\\/oberenn\\\/wp-content\\\/uploads\\\/2019\\\/11\\\/logo-mignoned-angela.png\",\"width\":248,\"height\":147,\"caption\":\"Mignoned Anjela\"},\"image\":{\"@id\":\"https:\\\/\\\/www.anjela.org\\\/oberenn\\\/#\\\/schema\\\/logo\\\/image\\\/\"}}]}<\/script>\n<!-- \/ Yoast SEO plugin. -->","yoast_head_json":{"title":"Merc\u2019hed al loaiouer - Anjela Duval","robots":{"index":"index","follow":"follow","max-snippet":"max-snippet:-1","max-image-preview":"max-image-preview:large","max-video-preview":"max-video-preview:-1"},"canonical":"https:\/\/www.anjela.org\/oberenn\/bz\/merched-al-loaiouer\/","og_locale":"fr_FR","og_type":"article","og_title":"Merc\u2019hed al loaiouer - Anjela Duval","og_description":"Etre Koad-an-Noz ha Koad-an-Ne\u00f1v, war ribl hent Lokenvel hag a zisparti an daou goad, e veve, brema\u00f1 zo un hanter-kant vloaz pe [&hellip;]","og_url":"https:\/\/www.anjela.org\/oberenn\/bz\/merched-al-loaiouer\/","og_site_name":"Anjela Duval","article_modified_time":"2025-08-13T13:23:51+00:00","twitter_card":"summary_large_image","twitter_misc":{"Dur\u00e9e de lecture estim\u00e9e":"2 minutes"},"schema":{"@context":"https:\/\/schema.org","@graph":[{"@type":"WebPage","@id":"https:\/\/www.anjela.org\/oberenn\/bz\/merched-al-loaiouer\/","url":"https:\/\/www.anjela.org\/oberenn\/bz\/merched-al-loaiouer\/","name":"Merc\u2019hed al loaiouer - Anjela Duval","isPartOf":{"@id":"https:\/\/www.anjela.org\/oberenn\/#website"},"datePublished":"2017-10-13T16:45:11+00:00","dateModified":"2025-08-13T13:23:51+00:00","breadcrumb":{"@id":"https:\/\/www.anjela.org\/oberenn\/bz\/merched-al-loaiouer\/#breadcrumb"},"inLanguage":"fr-FR","potentialAction":[{"@type":"ReadAction","target":["https:\/\/www.anjela.org\/oberenn\/bz\/merched-al-loaiouer\/"]}]},{"@type":"BreadcrumbList","@id":"https:\/\/www.anjela.org\/oberenn\/bz\/merched-al-loaiouer\/#breadcrumb","itemListElement":[{"@type":"ListItem","position":1,"name":"Accueil","item":"https:\/\/www.anjela.org\/oberenn\/"},{"@type":"ListItem","position":2,"name":"Merc\u2019hed al loaiouer"}]},{"@type":"WebSite","@id":"https:\/\/www.anjela.org\/oberenn\/#website","url":"https:\/\/www.anjela.org\/oberenn\/","name":"Anjela Duval","description":"","publisher":{"@id":"https:\/\/www.anjela.org\/oberenn\/#organization"},"potentialAction":[{"@type":"SearchAction","target":{"@type":"EntryPoint","urlTemplate":"https:\/\/www.anjela.org\/oberenn\/?s={search_term_string}"},"query-input":{"@type":"PropertyValueSpecification","valueRequired":true,"valueName":"search_term_string"}}],"inLanguage":"fr-FR"},{"@type":"Organization","@id":"https:\/\/www.anjela.org\/oberenn\/#organization","name":"Mignoned Anjela","url":"https:\/\/www.anjela.org\/oberenn\/","logo":{"@type":"ImageObject","inLanguage":"fr-FR","@id":"https:\/\/www.anjela.org\/oberenn\/#\/schema\/logo\/image\/","url":"https:\/\/www.anjela.org\/oberenn\/wp-content\/uploads\/2019\/11\/logo-mignoned-angela.png","contentUrl":"https:\/\/www.anjela.org\/oberenn\/wp-content\/uploads\/2019\/11\/logo-mignoned-angela.png","width":248,"height":147,"caption":"Mignoned Anjela"},"image":{"@id":"https:\/\/www.anjela.org\/oberenn\/#\/schema\/logo\/image\/"}}]}},"_links":{"self":[{"href":"https:\/\/www.anjela.org\/oberenn\/wp-json\/wp\/v2\/pages\/2277","targetHints":{"allow":["GET"]}}],"collection":[{"href":"https:\/\/www.anjela.org\/oberenn\/wp-json\/wp\/v2\/pages"}],"about":[{"href":"https:\/\/www.anjela.org\/oberenn\/wp-json\/wp\/v2\/types\/page"}],"author":[{"embeddable":true,"href":"https:\/\/www.anjela.org\/oberenn\/wp-json\/wp\/v2\/users\/1"}],"replies":[{"embeddable":true,"href":"https:\/\/www.anjela.org\/oberenn\/wp-json\/wp\/v2\/comments?post=2277"}],"version-history":[{"count":0,"href":"https:\/\/www.anjela.org\/oberenn\/wp-json\/wp\/v2\/pages\/2277\/revisions"}],"wp:attachment":[{"href":"https:\/\/www.anjela.org\/oberenn\/wp-json\/wp\/v2\/media?parent=2277"}],"curies":[{"name":"wp","href":"https:\/\/api.w.org\/{rel}","templated":true}]}}