{"id":2273,"date":"2017-10-13T18:41:36","date_gmt":"2017-10-13T16:41:36","guid":{"rendered":"http:\/\/www.anjela.org\/oberenn\/?page_id=2273"},"modified":"2025-08-13T15:23:25","modified_gmt":"2025-08-13T13:23:25","slug":"krouidigezhiou","status":"publish","type":"page","link":"https:\/\/www.anjela.org\/oberenn\/bz\/krouidigezhiou\/","title":{"rendered":"Krouidigezhio\u00f9"},"content":{"rendered":"<p><strong><a class=\"row-title\" href=\"http:\/\/www.anjela.org\/oberenn\/ar-gazeg-dianket\/?lang=bz\">Ar gazeg dianket<\/a><\/strong><\/p>\n<p><strong><a href=\"http:\/\/www.anjela.org\/oberenn\/merched-al-loaiouer\/?lang=bz\">Merc&rsquo;hed al loaiouer<\/a><\/strong><\/p>\n<p><strong><a href=\"http:\/\/www.anjela.org\/oberenn\/al-lennerez-planedennou\/?lang=bz\">Al lennerez planedenno\u00f9<\/a><\/strong><\/p>\n<p><strong><a href=\"http:\/\/www.anjela.org\/oberenn\/fench-ha-mai-louiz\/?lang=bz\">&nbsp;Fe\u00f1ch ha Mai-Louiz<\/a><\/strong><\/p>\n<p><strong><a href=\"http:\/\/www.anjela.org\/oberenn\/paotr-ar-chig-sall\/?lang=bz\">Paotr ar c&rsquo;hig-sall<\/a><\/strong><\/p>\n<p><strong><a href=\"http:\/\/www.anjela.org\/oberenn\/kofesion-ar-vuoch-du\/?lang=bz\">Kofesion ar vuoc&rsquo;h du<\/a><\/strong><\/p>\n<p><strong><a href=\"http:\/\/www.anjela.org\/oberenn\/glav-kaouled\/?lang=bz\">Glav kaouled<\/a><\/strong><\/p>\n<p><strong><a href=\"http:\/\/www.anjela.org\/oberenn\/pesk-ebrel\/?lang=bz\">Pesk-Ebrel<\/a><\/strong><\/p>\n<p><strong><a href=\"http:\/\/www.anjela.org\/oberenn\/ar-chi-hag-ar-chazh\/?lang=bz\">Ar c&rsquo;hi hag ar c&rsquo;hazh<\/a><\/strong><\/p>\n<p><strong><a href=\"http:\/\/www.anjela.org\/oberenn\/ar-butuner-bihan\/?lang=bz\">Ar butuner bihan<\/a><\/strong><\/p>\n<p><strong><a href=\"http:\/\/www.anjela.org\/oberenn\/katig-ha-matig\/?lang=bz\">Katig ha Matig<\/a><\/strong><\/p>\n<p><strong><a href=\"http:\/\/www.anjela.org\/oberenn\/foar-vikael-lannuon\/?lang=bz\">Foar Vikael Lannuon<\/a><\/strong><\/p>\n<p><strong><a href=\"http:\/\/www.anjela.org\/oberenn\/ar-seblant\/?lang=bz\">Ar seblant<\/a><\/strong><\/p>\n<p><strong><a href=\"http:\/\/www.anjela.org\/oberenn\/pardon-sant-erwan\/?lang=bz\">Pardon sant Erwan<\/a><\/strong><\/p>\n<p><strong><a href=\"http:\/\/www.anjela.org\/oberenn\/an-esorch\/?lang=bz\">An esorc&rsquo;h<\/a><\/strong><\/p>\n<p><strong><a href=\"http:\/\/www.anjela.org\/oberenn\/ar-pevar-mennig\/?lang=bz\">Ar pevar mennig<\/a><\/strong><\/p>\n<p><strong><a href=\"http:\/\/www.anjela.org\/oberenn\/kerniel-an-diaoul\/?lang=bz\">Kerniel an diaoul<\/a><\/strong><\/p>\n<p><strong><a href=\"http:\/\/www.anjela.org\/oberenn\/breur-ar-miliner\/?lang=bz\">Breur ar miliner<\/a><\/strong><\/p>\n<p><strong><a href=\"http:\/\/www.anjela.org\/oberenn\/beilhadeg-er-chozh-varchad-9-a-viz-chwevrer-1963\/?lang=bz\">Beilhadeg er C&rsquo;hozh-Varc&rsquo;had 9 a viz C&rsquo;hwevrer 1963<\/a><\/strong><\/p>\n<p><strong><a href=\"http:\/\/www.anjela.org\/oberenn\/beure-mezheven\/?lang=bz\">Beure Mezheven<\/a><\/strong><\/p>\n<p><strong><a href=\"http:\/\/www.anjela.org\/oberenn\/ur-pennad-kaoz-diwar-benn-ar-yezhou\/?lang=bz\">Ur pennad-kaoz diwar-benn ar yezho\u00f9<\/a><\/strong><\/p>\n<p><strong><a href=\"http:\/\/www.anjela.org\/oberenn\/ar-mesaer-bihan\/?lang=bz\">Ar mesaer bihan<\/a><\/strong><\/p>\n<p><strong><a href=\"http:\/\/www.anjela.org\/oberenn\/lizig\/?lang=bz\">Lizig<\/a><\/strong><\/p>\n<p><strong><a href=\"http:\/\/www.anjela.org\/oberenn\/breuriezh-sant-erwan\/?lang=bz\">Breuriezh Sant Erwan<\/a><\/strong><\/p>\n<p><strong><a href=\"http:\/\/www.anjela.org\/oberenn\/yezh-ar-bobl\/?lang=bz\">Yezh ar bobl<\/a><\/strong><\/p>\n<p><strong><a href=\"http:\/\/www.anjela.org\/oberenn\/lizher-digor-dan-aotrou-sant-erwan\/?lang=bz\">Lizher digor d&rsquo;an Aotrou Sant Erwan<\/a><\/strong><\/p>\n<p><strong><a href=\"http:\/\/www.anjela.org\/oberenn\/oberenn-ar-chwechvet-deiz\/?lang=bz\">Oberenn ar c&rsquo;hwec&rsquo;hvet deiz<\/a><\/strong><\/p>\n<p><strong><a href=\"http:\/\/www.anjela.org\/oberenn\/va-cheneil-bihan\/?lang=bz\">Va c&rsquo;heneil bihan<\/a><\/strong><\/p>\n<p><strong><a href=\"http:\/\/www.anjela.org\/oberenn\/va-chorn-bro-eus-1905-da-1963\/?lang=bz\">Va c&rsquo;horn-bro eus 1905 da 1963<\/a><\/strong><\/p>\n<p><strong><a href=\"http:\/\/www.anjela.org\/oberenn\/aotrou-ha-kenvroad-enorus\/?lang=bz\">Aotrou ha kenvroad enorus<\/a><\/strong><\/p>\n<p><strong><a href=\"http:\/\/www.anjela.org\/oberenn\/ur-pennad-kaoz\/?lang=bz\">Ur pennad-kaoz<\/a><\/strong><\/p>\n<p><strong><a href=\"http:\/\/www.anjela.org\/oberenn\/fousou-va-chi-du\/?lang=bz\">Fousou, va c&rsquo;hi du<\/a><\/strong><\/p>\n<p><strong><a href=\"http:\/\/www.anjela.org\/oberenn\/skrivan\/?lang=bz\">Skriva\u00f1<\/a><\/strong><\/p>\n<p><strong><a href=\"http:\/\/www.anjela.org\/oberenn\/emzivaded\/?lang=bz\">Emzivaded<\/a><\/strong><\/p>\n<p><strong><a href=\"http:\/\/www.anjela.org\/oberenn\/ar-chog-gwenn\/?lang=bz\">Ar c&rsquo;hog gwenn<\/a><\/strong><\/p>\n<p><strong><a href=\"http:\/\/www.anjela.org\/oberenn\/tantad-yann\/?lang=bz\">Tantad Yann<\/a><\/strong><\/p>\n<p><strong><a href=\"http:\/\/www.anjela.org\/oberenn\/ar-choulinig-du\/?lang=bz\">Ar c&rsquo;houlinig du<\/a><\/strong><\/p>\n<p><strong><a href=\"http:\/\/www.anjela.org\/oberenn\/gleskered\/?lang=bz\">Gleskered<\/a><\/strong><\/p>\n<p><strong><a href=\"http:\/\/www.anjela.org\/oberenn\/kloch-ar-sanctus\/?lang=bz\">Kloc&rsquo;h ar Sanctus<\/a><\/strong><\/p>\n<p><strong><a href=\"http:\/\/www.anjela.org\/oberenn\/ar-chef-hag-ar-chraou\/?lang=bz\">Ar c&rsquo;hef hag ar c&rsquo;hraou<\/a><\/strong><\/p>\n<p><strong><a href=\"http:\/\/www.anjela.org\/oberenn\/chans-ha-droukchans\/?lang=bz\">Cha\u00f1s ha droukcha\u00f1s<\/a><\/strong><\/p>\n<p><strong><a href=\"http:\/\/www.anjela.org\/oberenn\/kefeleg-job-kozh\/?lang=bz\">Kefeleg Job Kozh<\/a><\/strong><\/p>\n<p><strong><a href=\"http:\/\/www.anjela.org\/oberenn\/un-azen-etre-daou\/?lang=bz\">Un azen etre daou<\/a><\/strong><\/p>\n<p><strong><a href=\"http:\/\/www.anjela.org\/oberenn\/danvez-ur-mailh-bourdarvest-evit-div-blach\/?lang=bz\">Danvez ur mailh ! (Bourdarvest evit div blac&rsquo;h)<\/a><\/strong><\/p>\n<p><strong><a href=\"http:\/\/www.anjela.org\/oberenn\/bravo-da-gervreizh\/?lang=bz\">Bravo da Gervreizh !<\/a><\/strong><\/p>\n<p><strong><a href=\"http:\/\/www.anjela.org\/oberenn\/ar-moyo\/?lang=bz\">Ar \u00ab moyo \u00bb<\/a><\/strong><\/p>\n<p><strong><a href=\"http:\/\/www.anjela.org\/oberenn\/an-emsav-e-kanv\/?lang=bz\">An emsav e ka\u00f1v<\/a><\/strong><\/p>\n<p><strong><a href=\"http:\/\/www.anjela.org\/oberenn\/ar-balan\/?lang=bz\">Ar balan<\/a><\/strong><\/p>\n<p><strong><a href=\"http:\/\/www.anjela.org\/oberenn\/vandalerezh\/?lang=bz\">Vandalerezh<\/a><\/strong><\/p>\n<p><strong><a href=\"http:\/\/www.anjela.org\/oberenn\/imboudan\/?lang=bz\">Imbouda\u00f1<\/a><\/strong><\/p>\n<p><strong><a href=\"http:\/\/www.anjela.org\/oberenn\/leve-ar-paour\/?lang=bz\">Leve ar paour<\/a><\/strong><\/p>\n<p><strong><a href=\"http:\/\/www.anjela.org\/oberenn\/al-leger\/?lang=bz\">Al Leger<\/a><\/strong><\/p>\n<p><strong><a href=\"http:\/\/www.anjela.org\/oberenn\/an-aviz\/?lang=bz\">An aviz<\/a><\/strong><\/p>\n<p><strong><a href=\"http:\/\/www.anjela.org\/oberenn\/an-tri-breur-marvailh\/?lang=bz\">An tri breur (Marvailh)<\/a><\/strong><\/p>\n<p><strong><a href=\"http:\/\/www.anjela.org\/oberenn\/yannig-ha-janedig\/?lang=bz\">Yannig ha Janedig<\/a><\/strong><\/p>\n<p><strong><a href=\"http:\/\/www.anjela.org\/oberenn\/2512-2\/?lang=bz\">Tad-kozh Roperz-Huon<\/a><\/strong><\/p>\n<p>&nbsp;<\/p>\n","protected":false},"excerpt":{"rendered":"<p>Ar gazeg dianket Merc&rsquo;hed al loaiouer Al lennerez planedenno\u00f9 &nbsp;Fe\u00f1ch ha Mai-Louiz Paotr ar c&rsquo;hig-sall Kofesion ar vuoc&rsquo;h du Glav kaouled Pesk-Ebrel [&hellip;]<\/p>\n","protected":false},"author":1,"featured_media":0,"parent":0,"menu_order":0,"comment_status":"closed","ping_status":"closed","template":"","meta":{"_acf_changed":false,"ngg_post_thumbnail":0,"footnotes":""},"class_list":["post-2273","page","type-page","status-publish","hentry"],"acf":[],"yoast_head":"<!-- This site is optimized with the Yoast SEO plugin v27.5 - https:\/\/yoast.com\/product\/yoast-seo-wordpress\/ -->\n<title>Krouidigezhio\u00f9 - Anjela Duval<\/title>\n<meta name=\"robots\" content=\"index, follow, max-snippet:-1, max-image-preview:large, max-video-preview:-1\" \/>\n<link rel=\"canonical\" href=\"https:\/\/www.anjela.org\/oberenn\/bz\/krouidigezhiou\/\" \/>\n<meta property=\"og:locale\" content=\"fr_FR\" \/>\n<meta property=\"og:type\" content=\"article\" \/>\n<meta property=\"og:title\" content=\"Krouidigezhio\u00f9 - Anjela Duval\" \/>\n<meta property=\"og:description\" content=\"Ar gazeg dianket Merc&rsquo;hed al loaiouer Al lennerez planedenno\u00f9 &nbsp;Fe\u00f1ch ha Mai-Louiz Paotr ar c&rsquo;hig-sall Kofesion ar vuoc&rsquo;h du Glav kaouled Pesk-Ebrel [&hellip;]\" \/>\n<meta property=\"og:url\" content=\"https:\/\/www.anjela.org\/oberenn\/bz\/krouidigezhiou\/\" \/>\n<meta property=\"og:site_name\" content=\"Anjela Duval\" \/>\n<meta property=\"article:modified_time\" content=\"2025-08-13T13:23:25+00:00\" \/>\n<meta name=\"twitter:card\" content=\"summary_large_image\" \/>\n<meta name=\"twitter:label1\" content=\"Dur\u00e9e de lecture estim\u00e9e\" \/>\n\t<meta name=\"twitter:data1\" content=\"1 minute\" \/>\n<script type=\"application\/ld+json\" class=\"yoast-schema-graph\">{\"@context\":\"https:\\\/\\\/schema.org\",\"@graph\":[{\"@type\":\"WebPage\",\"@id\":\"https:\\\/\\\/www.anjela.org\\\/oberenn\\\/bz\\\/krouidigezhiou\\\/\",\"url\":\"https:\\\/\\\/www.anjela.org\\\/oberenn\\\/bz\\\/krouidigezhiou\\\/\",\"name\":\"Krouidigezhio\u00f9 - Anjela Duval\",\"isPartOf\":{\"@id\":\"https:\\\/\\\/www.anjela.org\\\/oberenn\\\/#website\"},\"datePublished\":\"2017-10-13T16:41:36+00:00\",\"dateModified\":\"2025-08-13T13:23:25+00:00\",\"breadcrumb\":{\"@id\":\"https:\\\/\\\/www.anjela.org\\\/oberenn\\\/bz\\\/krouidigezhiou\\\/#breadcrumb\"},\"inLanguage\":\"fr-FR\",\"potentialAction\":[{\"@type\":\"ReadAction\",\"target\":[\"https:\\\/\\\/www.anjela.org\\\/oberenn\\\/bz\\\/krouidigezhiou\\\/\"]}]},{\"@type\":\"BreadcrumbList\",\"@id\":\"https:\\\/\\\/www.anjela.org\\\/oberenn\\\/bz\\\/krouidigezhiou\\\/#breadcrumb\",\"itemListElement\":[{\"@type\":\"ListItem\",\"position\":1,\"name\":\"Accueil\",\"item\":\"https:\\\/\\\/www.anjela.org\\\/oberenn\\\/\"},{\"@type\":\"ListItem\",\"position\":2,\"name\":\"Krouidigezhio\u00f9\"}]},{\"@type\":\"WebSite\",\"@id\":\"https:\\\/\\\/www.anjela.org\\\/oberenn\\\/#website\",\"url\":\"https:\\\/\\\/www.anjela.org\\\/oberenn\\\/\",\"name\":\"Anjela Duval\",\"description\":\"\",\"publisher\":{\"@id\":\"https:\\\/\\\/www.anjela.org\\\/oberenn\\\/#organization\"},\"potentialAction\":[{\"@type\":\"SearchAction\",\"target\":{\"@type\":\"EntryPoint\",\"urlTemplate\":\"https:\\\/\\\/www.anjela.org\\\/oberenn\\\/?s={search_term_string}\"},\"query-input\":{\"@type\":\"PropertyValueSpecification\",\"valueRequired\":true,\"valueName\":\"search_term_string\"}}],\"inLanguage\":\"fr-FR\"},{\"@type\":\"Organization\",\"@id\":\"https:\\\/\\\/www.anjela.org\\\/oberenn\\\/#organization\",\"name\":\"Mignoned Anjela\",\"url\":\"https:\\\/\\\/www.anjela.org\\\/oberenn\\\/\",\"logo\":{\"@type\":\"ImageObject\",\"inLanguage\":\"fr-FR\",\"@id\":\"https:\\\/\\\/www.anjela.org\\\/oberenn\\\/#\\\/schema\\\/logo\\\/image\\\/\",\"url\":\"https:\\\/\\\/www.anjela.org\\\/oberenn\\\/wp-content\\\/uploads\\\/2019\\\/11\\\/logo-mignoned-angela.png\",\"contentUrl\":\"https:\\\/\\\/www.anjela.org\\\/oberenn\\\/wp-content\\\/uploads\\\/2019\\\/11\\\/logo-mignoned-angela.png\",\"width\":248,\"height\":147,\"caption\":\"Mignoned Anjela\"},\"image\":{\"@id\":\"https:\\\/\\\/www.anjela.org\\\/oberenn\\\/#\\\/schema\\\/logo\\\/image\\\/\"}}]}<\/script>\n<!-- \/ Yoast SEO plugin. -->","yoast_head_json":{"title":"Krouidigezhio\u00f9 - Anjela Duval","robots":{"index":"index","follow":"follow","max-snippet":"max-snippet:-1","max-image-preview":"max-image-preview:large","max-video-preview":"max-video-preview:-1"},"canonical":"https:\/\/www.anjela.org\/oberenn\/bz\/krouidigezhiou\/","og_locale":"fr_FR","og_type":"article","og_title":"Krouidigezhio\u00f9 - Anjela Duval","og_description":"Ar gazeg dianket Merc&rsquo;hed al loaiouer Al lennerez planedenno\u00f9 &nbsp;Fe\u00f1ch ha Mai-Louiz Paotr ar c&rsquo;hig-sall Kofesion ar vuoc&rsquo;h du Glav kaouled Pesk-Ebrel [&hellip;]","og_url":"https:\/\/www.anjela.org\/oberenn\/bz\/krouidigezhiou\/","og_site_name":"Anjela Duval","article_modified_time":"2025-08-13T13:23:25+00:00","twitter_card":"summary_large_image","twitter_misc":{"Dur\u00e9e de lecture estim\u00e9e":"1 minute"},"schema":{"@context":"https:\/\/schema.org","@graph":[{"@type":"WebPage","@id":"https:\/\/www.anjela.org\/oberenn\/bz\/krouidigezhiou\/","url":"https:\/\/www.anjela.org\/oberenn\/bz\/krouidigezhiou\/","name":"Krouidigezhio\u00f9 - Anjela Duval","isPartOf":{"@id":"https:\/\/www.anjela.org\/oberenn\/#website"},"datePublished":"2017-10-13T16:41:36+00:00","dateModified":"2025-08-13T13:23:25+00:00","breadcrumb":{"@id":"https:\/\/www.anjela.org\/oberenn\/bz\/krouidigezhiou\/#breadcrumb"},"inLanguage":"fr-FR","potentialAction":[{"@type":"ReadAction","target":["https:\/\/www.anjela.org\/oberenn\/bz\/krouidigezhiou\/"]}]},{"@type":"BreadcrumbList","@id":"https:\/\/www.anjela.org\/oberenn\/bz\/krouidigezhiou\/#breadcrumb","itemListElement":[{"@type":"ListItem","position":1,"name":"Accueil","item":"https:\/\/www.anjela.org\/oberenn\/"},{"@type":"ListItem","position":2,"name":"Krouidigezhio\u00f9"}]},{"@type":"WebSite","@id":"https:\/\/www.anjela.org\/oberenn\/#website","url":"https:\/\/www.anjela.org\/oberenn\/","name":"Anjela Duval","description":"","publisher":{"@id":"https:\/\/www.anjela.org\/oberenn\/#organization"},"potentialAction":[{"@type":"SearchAction","target":{"@type":"EntryPoint","urlTemplate":"https:\/\/www.anjela.org\/oberenn\/?s={search_term_string}"},"query-input":{"@type":"PropertyValueSpecification","valueRequired":true,"valueName":"search_term_string"}}],"inLanguage":"fr-FR"},{"@type":"Organization","@id":"https:\/\/www.anjela.org\/oberenn\/#organization","name":"Mignoned Anjela","url":"https:\/\/www.anjela.org\/oberenn\/","logo":{"@type":"ImageObject","inLanguage":"fr-FR","@id":"https:\/\/www.anjela.org\/oberenn\/#\/schema\/logo\/image\/","url":"https:\/\/www.anjela.org\/oberenn\/wp-content\/uploads\/2019\/11\/logo-mignoned-angela.png","contentUrl":"https:\/\/www.anjela.org\/oberenn\/wp-content\/uploads\/2019\/11\/logo-mignoned-angela.png","width":248,"height":147,"caption":"Mignoned Anjela"},"image":{"@id":"https:\/\/www.anjela.org\/oberenn\/#\/schema\/logo\/image\/"}}]}},"_links":{"self":[{"href":"https:\/\/www.anjela.org\/oberenn\/wp-json\/wp\/v2\/pages\/2273","targetHints":{"allow":["GET"]}}],"collection":[{"href":"https:\/\/www.anjela.org\/oberenn\/wp-json\/wp\/v2\/pages"}],"about":[{"href":"https:\/\/www.anjela.org\/oberenn\/wp-json\/wp\/v2\/types\/page"}],"author":[{"embeddable":true,"href":"https:\/\/www.anjela.org\/oberenn\/wp-json\/wp\/v2\/users\/1"}],"replies":[{"embeddable":true,"href":"https:\/\/www.anjela.org\/oberenn\/wp-json\/wp\/v2\/comments?post=2273"}],"version-history":[{"count":0,"href":"https:\/\/www.anjela.org\/oberenn\/wp-json\/wp\/v2\/pages\/2273\/revisions"}],"wp:attachment":[{"href":"https:\/\/www.anjela.org\/oberenn\/wp-json\/wp\/v2\/media?parent=2273"}],"curies":[{"name":"wp","href":"https:\/\/api.w.org\/{rel}","templated":true}]}}