{"id":227,"date":"2017-03-11T15:31:33","date_gmt":"2017-03-11T14:31:33","guid":{"rendered":"http:\/\/www.anjela.org\/oberenn\/?page_id=227"},"modified":"2025-08-13T15:23:25","modified_gmt":"2025-08-13T13:23:25","slug":"komz-plaen","status":"publish","type":"page","link":"https:\/\/www.anjela.org\/oberenn\/bz\/komz-plaen\/","title":{"rendered":"Komz plaen"},"content":{"rendered":"<p>Daou seurt \u00ab komz-plaen \u00bb dishe\u00f1vel &lsquo;vo kavet ama\u00f1 : da genta\u00f1, pennado\u00f9 bet savet gant Anjela Duval diwar hec&rsquo;h ijin (ur beder-pempvedenn bennak eus an holl destenno\u00f9-ma\u00f1) ha d&rsquo;an eil, hengounio\u00f9 pobl ha \u00ab bitrako\u00f9 \u00bb bet dastumet ganti.<\/p>\n<p>&nbsp;<\/p>\n<p><span style=\"font-size: 14pt;\"><strong><a href=\"http:\/\/www.anjela.org\/oberenn\/bz\/krouidigezhiou\/\">Krouidigezhio\u00f9<\/a><\/strong><\/span><\/p>\n<p>&nbsp;<\/p>\n<p><span style=\"font-size: 14pt;\"><strong><a href=\"http:\/\/www.anjela.org\/oberenn\/bz\/lostennad-bitrakou\/\">Lostennad bitrako\u00f9<\/a><\/strong><\/span><\/p>\n<h5 class=\"entry-title\" style=\"padding-left: 30px;\">Krennlavario\u00f9 hag evezhiadenno\u00f9&nbsp;<\/h5>\n<ul style=\"list-style-type: circle;\">\n<li><a href=\"http:\/\/www.anjela.org\/oberenn\/bz\/krennlavariou-hag-evezhiadennou-an-natur\/\">An natur <\/a><\/li>\n<li><a href=\"http:\/\/www.anjela.org\/oberenn\/bz\/krennlavariou-hag-evezhiadennou-meteo-ar-beizanted-kozh\/\">\u00ab Meteo \u00bb ar beizanted kozh <\/a><\/li>\n<li><a href=\"http:\/\/www.anjela.org\/oberenn\/bz\/krennlavariou-hag-evezhiadennou-an-dud\/\">An dud <\/a><\/li>\n<li><a href=\"http:\/\/www.anjela.org\/oberenn\/bz\/krennlavariou-hag-evezhiadennou-krouidigezhiou\/\">Krouidigezhio\u00f9 <\/a><\/li>\n<\/ul>\n<h5 class=\"entry-title\" style=\"padding-left: 30px;\">Gerio\u00f9 ha troio\u00f9-lavar<\/h5>\n<ul style=\"list-style-type: circle;\">\n<li><a href=\"http:\/\/www.anjela.org\/oberenn\/bz\/geriou-ha-troiou-lavar-geriaouegou\/\">Geriaouego\u00f9<\/a><\/li>\n<li><a href=\"http:\/\/www.anjela.org\/oberenn\/bz\/geriou-ha-troiou-lavar-troiou-lavar\/\">Troio\u00f9-lavar<\/a><\/li>\n<\/ul>\n<h5 class=\"entry-title\" style=\"padding-left: 30px;\">Rimostallo\u00f9 ha kanaouenno\u00f9<\/h5>\n<ul style=\"list-style-type: circle;\">\n<li><a href=\"http:\/\/www.anjela.org\/oberenn\/bz\/rimostellou-ha-kanaouennou-rimostellou\/\">Rimostello\u00f9 <\/a><\/li>\n<li><a href=\"http:\/\/www.anjela.org\/oberenn\/bz\/rimostellou-ha-kanaouennou-kanaouennou\/\">Kanaouenno\u00f9<\/a><\/li>\n<\/ul>\n","protected":false},"excerpt":{"rendered":"<p>Daou seurt \u00ab komz-plaen \u00bb dishe\u00f1vel &lsquo;vo kavet ama\u00f1 : da genta\u00f1, pennado\u00f9 bet savet gant Anjela Duval diwar hec&rsquo;h ijin (ur [&hellip;]<\/p>\n","protected":false},"author":1,"featured_media":0,"parent":0,"menu_order":0,"comment_status":"closed","ping_status":"closed","template":"","meta":{"_acf_changed":false,"ngg_post_thumbnail":0,"footnotes":""},"class_list":["post-227","page","type-page","status-publish","hentry"],"acf":[],"yoast_head":"<!-- This site is optimized with the Yoast SEO plugin v27.5 - https:\/\/yoast.com\/product\/yoast-seo-wordpress\/ -->\n<title>Komz plaen - Anjela Duval<\/title>\n<meta name=\"robots\" content=\"index, follow, max-snippet:-1, max-image-preview:large, max-video-preview:-1\" \/>\n<link rel=\"canonical\" href=\"https:\/\/www.anjela.org\/oberenn\/bz\/komz-plaen\/\" \/>\n<meta property=\"og:locale\" content=\"fr_FR\" \/>\n<meta property=\"og:type\" content=\"article\" \/>\n<meta property=\"og:title\" content=\"Komz plaen - Anjela Duval\" \/>\n<meta property=\"og:description\" content=\"Daou seurt \u00ab komz-plaen \u00bb dishe\u00f1vel &lsquo;vo kavet ama\u00f1 : da genta\u00f1, pennado\u00f9 bet savet gant Anjela Duval diwar hec&rsquo;h ijin (ur [&hellip;]\" \/>\n<meta property=\"og:url\" content=\"https:\/\/www.anjela.org\/oberenn\/bz\/komz-plaen\/\" \/>\n<meta property=\"og:site_name\" content=\"Anjela Duval\" \/>\n<meta property=\"article:modified_time\" content=\"2025-08-13T13:23:25+00:00\" \/>\n<meta name=\"twitter:card\" content=\"summary_large_image\" \/>\n<script type=\"application\/ld+json\" class=\"yoast-schema-graph\">{\"@context\":\"https:\\\/\\\/schema.org\",\"@graph\":[{\"@type\":\"WebPage\",\"@id\":\"https:\\\/\\\/www.anjela.org\\\/oberenn\\\/bz\\\/komz-plaen\\\/\",\"url\":\"https:\\\/\\\/www.anjela.org\\\/oberenn\\\/bz\\\/komz-plaen\\\/\",\"name\":\"Komz plaen - Anjela Duval\",\"isPartOf\":{\"@id\":\"https:\\\/\\\/www.anjela.org\\\/oberenn\\\/#website\"},\"datePublished\":\"2017-03-11T14:31:33+00:00\",\"dateModified\":\"2025-08-13T13:23:25+00:00\",\"breadcrumb\":{\"@id\":\"https:\\\/\\\/www.anjela.org\\\/oberenn\\\/bz\\\/komz-plaen\\\/#breadcrumb\"},\"inLanguage\":\"fr-FR\",\"potentialAction\":[{\"@type\":\"ReadAction\",\"target\":[\"https:\\\/\\\/www.anjela.org\\\/oberenn\\\/bz\\\/komz-plaen\\\/\"]}]},{\"@type\":\"BreadcrumbList\",\"@id\":\"https:\\\/\\\/www.anjela.org\\\/oberenn\\\/bz\\\/komz-plaen\\\/#breadcrumb\",\"itemListElement\":[{\"@type\":\"ListItem\",\"position\":1,\"name\":\"Accueil\",\"item\":\"https:\\\/\\\/www.anjela.org\\\/oberenn\\\/\"},{\"@type\":\"ListItem\",\"position\":2,\"name\":\"Komz plaen\"}]},{\"@type\":\"WebSite\",\"@id\":\"https:\\\/\\\/www.anjela.org\\\/oberenn\\\/#website\",\"url\":\"https:\\\/\\\/www.anjela.org\\\/oberenn\\\/\",\"name\":\"Anjela Duval\",\"description\":\"\",\"publisher\":{\"@id\":\"https:\\\/\\\/www.anjela.org\\\/oberenn\\\/#organization\"},\"potentialAction\":[{\"@type\":\"SearchAction\",\"target\":{\"@type\":\"EntryPoint\",\"urlTemplate\":\"https:\\\/\\\/www.anjela.org\\\/oberenn\\\/?s={search_term_string}\"},\"query-input\":{\"@type\":\"PropertyValueSpecification\",\"valueRequired\":true,\"valueName\":\"search_term_string\"}}],\"inLanguage\":\"fr-FR\"},{\"@type\":\"Organization\",\"@id\":\"https:\\\/\\\/www.anjela.org\\\/oberenn\\\/#organization\",\"name\":\"Mignoned Anjela\",\"url\":\"https:\\\/\\\/www.anjela.org\\\/oberenn\\\/\",\"logo\":{\"@type\":\"ImageObject\",\"inLanguage\":\"fr-FR\",\"@id\":\"https:\\\/\\\/www.anjela.org\\\/oberenn\\\/#\\\/schema\\\/logo\\\/image\\\/\",\"url\":\"https:\\\/\\\/www.anjela.org\\\/oberenn\\\/wp-content\\\/uploads\\\/2019\\\/11\\\/logo-mignoned-angela.png\",\"contentUrl\":\"https:\\\/\\\/www.anjela.org\\\/oberenn\\\/wp-content\\\/uploads\\\/2019\\\/11\\\/logo-mignoned-angela.png\",\"width\":248,\"height\":147,\"caption\":\"Mignoned Anjela\"},\"image\":{\"@id\":\"https:\\\/\\\/www.anjela.org\\\/oberenn\\\/#\\\/schema\\\/logo\\\/image\\\/\"}}]}<\/script>\n<!-- \/ Yoast SEO plugin. -->","yoast_head_json":{"title":"Komz plaen - Anjela Duval","robots":{"index":"index","follow":"follow","max-snippet":"max-snippet:-1","max-image-preview":"max-image-preview:large","max-video-preview":"max-video-preview:-1"},"canonical":"https:\/\/www.anjela.org\/oberenn\/bz\/komz-plaen\/","og_locale":"fr_FR","og_type":"article","og_title":"Komz plaen - Anjela Duval","og_description":"Daou seurt \u00ab komz-plaen \u00bb dishe\u00f1vel &lsquo;vo kavet ama\u00f1 : da genta\u00f1, pennado\u00f9 bet savet gant Anjela Duval diwar hec&rsquo;h ijin (ur [&hellip;]","og_url":"https:\/\/www.anjela.org\/oberenn\/bz\/komz-plaen\/","og_site_name":"Anjela Duval","article_modified_time":"2025-08-13T13:23:25+00:00","twitter_card":"summary_large_image","schema":{"@context":"https:\/\/schema.org","@graph":[{"@type":"WebPage","@id":"https:\/\/www.anjela.org\/oberenn\/bz\/komz-plaen\/","url":"https:\/\/www.anjela.org\/oberenn\/bz\/komz-plaen\/","name":"Komz plaen - Anjela Duval","isPartOf":{"@id":"https:\/\/www.anjela.org\/oberenn\/#website"},"datePublished":"2017-03-11T14:31:33+00:00","dateModified":"2025-08-13T13:23:25+00:00","breadcrumb":{"@id":"https:\/\/www.anjela.org\/oberenn\/bz\/komz-plaen\/#breadcrumb"},"inLanguage":"fr-FR","potentialAction":[{"@type":"ReadAction","target":["https:\/\/www.anjela.org\/oberenn\/bz\/komz-plaen\/"]}]},{"@type":"BreadcrumbList","@id":"https:\/\/www.anjela.org\/oberenn\/bz\/komz-plaen\/#breadcrumb","itemListElement":[{"@type":"ListItem","position":1,"name":"Accueil","item":"https:\/\/www.anjela.org\/oberenn\/"},{"@type":"ListItem","position":2,"name":"Komz plaen"}]},{"@type":"WebSite","@id":"https:\/\/www.anjela.org\/oberenn\/#website","url":"https:\/\/www.anjela.org\/oberenn\/","name":"Anjela Duval","description":"","publisher":{"@id":"https:\/\/www.anjela.org\/oberenn\/#organization"},"potentialAction":[{"@type":"SearchAction","target":{"@type":"EntryPoint","urlTemplate":"https:\/\/www.anjela.org\/oberenn\/?s={search_term_string}"},"query-input":{"@type":"PropertyValueSpecification","valueRequired":true,"valueName":"search_term_string"}}],"inLanguage":"fr-FR"},{"@type":"Organization","@id":"https:\/\/www.anjela.org\/oberenn\/#organization","name":"Mignoned Anjela","url":"https:\/\/www.anjela.org\/oberenn\/","logo":{"@type":"ImageObject","inLanguage":"fr-FR","@id":"https:\/\/www.anjela.org\/oberenn\/#\/schema\/logo\/image\/","url":"https:\/\/www.anjela.org\/oberenn\/wp-content\/uploads\/2019\/11\/logo-mignoned-angela.png","contentUrl":"https:\/\/www.anjela.org\/oberenn\/wp-content\/uploads\/2019\/11\/logo-mignoned-angela.png","width":248,"height":147,"caption":"Mignoned Anjela"},"image":{"@id":"https:\/\/www.anjela.org\/oberenn\/#\/schema\/logo\/image\/"}}]}},"_links":{"self":[{"href":"https:\/\/www.anjela.org\/oberenn\/wp-json\/wp\/v2\/pages\/227","targetHints":{"allow":["GET"]}}],"collection":[{"href":"https:\/\/www.anjela.org\/oberenn\/wp-json\/wp\/v2\/pages"}],"about":[{"href":"https:\/\/www.anjela.org\/oberenn\/wp-json\/wp\/v2\/types\/page"}],"author":[{"embeddable":true,"href":"https:\/\/www.anjela.org\/oberenn\/wp-json\/wp\/v2\/users\/1"}],"replies":[{"embeddable":true,"href":"https:\/\/www.anjela.org\/oberenn\/wp-json\/wp\/v2\/comments?post=227"}],"version-history":[{"count":0,"href":"https:\/\/www.anjela.org\/oberenn\/wp-json\/wp\/v2\/pages\/227\/revisions"}],"wp:attachment":[{"href":"https:\/\/www.anjela.org\/oberenn\/wp-json\/wp\/v2\/media?parent=227"}],"curies":[{"name":"wp","href":"https:\/\/api.w.org\/{rel}","templated":true}]}}