{"id":2174,"date":"2017-10-12T23:04:04","date_gmt":"2017-10-12T21:04:04","guid":{"rendered":"http:\/\/www.anjela.org\/oberenn\/?page_id=2174"},"modified":"2025-08-13T15:23:51","modified_gmt":"2025-08-13T13:23:51","slug":"notennou-ouzh-ar-barzhonegou-troet-gant-anjela-duval","status":"publish","type":"page","link":"https:\/\/www.anjela.org\/oberenn\/bz\/notennou-ouzh-ar-barzhonegou-troet-gant-anjela-duval\/","title":{"rendered":"Notenno\u00f9 ouzh ar barzhonego\u00f9 troet gant Anjela Duval"},"content":{"rendered":"<h2>&nbsp;<\/h2>\n<p><em>Ar Bed Keltiek: ABK , Al Liamm : AL, BarrHeol : BH, Hor Yezh : HY, Trao\u00f1 an Dour : TaD, Kan an Douar : KaD.<\/em><\/p>\n<p><strong>Priedo\u00f9<\/strong><\/p>\n<p>Kavet e vez an destenn c&rsquo;hallek war ar memes pajenn hag an droidigezh. Er c&rsquo;haier 30 e kaver an orin : un tamm paper journal didroc&rsquo;het diwar <em>Bretagne Dimanche.<\/em><\/p>\n<p><strong>Kalon artichaod<\/strong><\/p>\n<p>Ur follenn distag zo er c&rsquo;haier, ar barzhoneg e galleg warni, skrivet ha sinet gant P. Simona, gant ar meneg \u00ab 2\/9\/63. Pour Anjele Duval. \u00bb<\/p>\n<p>Ul lizher gant P. Simona zo er c&rsquo;haier 11, skrivet d&rsquo;an 3\/3\/65, e-lec&rsquo;h ma tispleg da Anjela an trubuilho\u00f9 yec&rsquo;hed en doa bet. Ober a ra \u00ab arzour \u00bb diouta\u00f1 e-unan. Gant al lizher-ma\u00f1 &lsquo;c&rsquo;haller kompren e oa tresour-dilhad, o klask labourat evit tiez-dilhad bras Pariz. Echui\u00f1 a rae e lizher gant \u00ab Je vous embrasse comme votre fils adoptif. \u00bb<\/p>\n<p><strong>D&rsquo;un da\u00f1serez du<\/strong><\/p>\n<p>\u00ab Diwar ar barzhoneg \u201cNedje\u201d gant Camille Roussan, <em>Le Bateau Ivre<\/em>, Meurzh 1963 \u00bb (meneg gant Anjela Duval).<\/p>\n<p>Ar barzhoneg-ma\u00f1 a gaver etre \u00ab Kalon artichaod \u00bb skrivet &nbsp;d&rsquo;an &nbsp;3.9.63, &nbsp;hag &nbsp;\u00ab Here \u00bb &nbsp;savet &nbsp;d&rsquo;ar&nbsp;25.9.63. Setu e c&rsquo;heller so\u00f1jal e oa bet troet a-raok dibenn miz Gwengolo 1963.<\/p>\n<p><strong>Da Frederika : bugel bloaz<\/strong><\/p>\n<p>Tennet eus <em>Le Bateau Ivre<\/em>.<\/p>\n<p>Nevesoc&rsquo;h ha kempennoc&rsquo;h eo ar stumm (lakaet ama\u00f1) a gaver er c&rsquo;haier 16 moarvat eget hini ar c&rsquo;haier 10. N&rsquo;eus deiziad ebet gant hini ebet eus peder zestenn ar c&rsquo;haier 16, nemet gant an hini diwezha\u00f1 (\u00ab Mintin \u00bb, troet d&rsquo;an 30.10.65). Er c&rsquo;haier 10 e kaver ar barzhoneg-ma\u00f1 goude \u00ab Au Bateau Ivre \u00bb, barzhoneg galleg hag a zeu tre&nbsp;goude \u00ab Darbodo\u00f9 \u00bb. E c&rsquo;heller so\u00f1jal e oa bet troet er bloavezh 1963.<\/p>\n<p>\u00ab A&nbsp; diguilho&nbsp; diouzhit&nbsp; ar&nbsp; gwrizienno\u00f9&nbsp; kozh \u00bb : \u00ab gwrizio\u00f9 \u00bb er c&rsquo;haier 10.<br \/>\n \u00ab Evit ma vevi eus e wrez \u00bb : \u00ab e dommder \u00bb er c&rsquo;haier 10.<br \/>\n \u00ab Da holl-viken \u00bb : \u00ab da viken \u00bb er c&rsquo;haier 10.<\/p>\n<p><strong>Frankiz<\/strong><\/p>\n<p>\u00ab Tennet eus <em>V\u00e9rit\u00e9<\/em>, kannad parrez Goussainville \u00bb (meneg gant Anjela Duval).<\/p>\n<p>Skrivet e oa bet war ur baperenn-gas gant <em>AL <\/em>siellet gant ar post d&rsquo;an 12.11.64. Adal ar mare-se neuze e c&rsquo;hell ar barzhoneg-ma\u00f1 beza\u00f1 bet savet.<\/p>\n<p><strong>An Oaled paour<\/strong><\/p>\n<p>\u00ab Ramon Soley Ceto (catalan) \u00bb (meneg gant Anjela Duval).<\/p>\n<p><strong>Mintin<\/strong><\/p>\n<p>Diwar \u00ab Aube \u00bb gant Louis Mercier.<\/p>\n<p><strong>Dindan ar C&rsquo;houmoul<\/strong><\/p>\n<p>\u00ab Ha mar dlean beva\u00f1 va buhez \u00bb : \u00ab tlean \u00bb er c&rsquo;haier.<\/p>\n<p>\u00ab Maurice Kon\u00e9. Barzh eus Aod-an-Olifant \u00bb (meneg gant Anjela Duval).<\/p>\n<p><strong>Ar vuhez ?<\/strong><\/p>\n<p><strong>\u00ab <\/strong>Troet diwar \u201cMourir d&rsquo;Espagne\u201d embannet gant Grand \u00c9cart, gant aotre ar Renerezh \u00bb (meneg gant Anjela Duval).<\/p>\n<p><strong>Ar fouet, Ar beure kenta\u00f1, An hent kozh <\/strong>Deiziad ebet er c&rsquo;haier. Kavet e vezont o-zri skrivet etre \u00ab Digomprenusted \u00bb (13.6.68) hag \u00ab Ul labousig \u00bb (30.8.68) en ur c&rsquo;haier n&rsquo;eus enna\u00f1 nemet skrido\u00f9 eus ar bloavezh 1968. Bez&rsquo; e c&rsquo;hellfe an tri skrid gant L. Loarer beza\u00f1 bet troet d&rsquo;ar mare-se neuze.<\/p>\n<p><strong>Son ar wreg yaouank<\/strong><\/p>\n<p>\u00ab Adaozet diwar \u201cLa Chanson de la mari\u00e9e\u201d (folklor gallo) \u00bb : notenn er c&rsquo;haier.<\/p>\n<p><strong>Kanenn Bobl a Vro Gambodj (1)<\/strong><\/p>\n<p>Baldoon Dinghra an aozer hervez <em>AL <\/em>132, Genver-C&rsquo;hwevrer 1969.<\/p>\n<p><strong>Bro-Indez ! pe Bro-Vreizh ?<\/strong><\/p>\n<p>\u00ab Indez pe Vreizh ? \u00bb an titl war <em>ABK.<\/em><\/p>\n<p>\u00ab Hec&rsquo;h Ene dieubet a bep doan \u00bb : \u00ab poan \u00bb war&nbsp;<em>ABK.<\/em><\/p>\n<p>\u00ab E Frankiz an anaoudegezh \u00bb : \u00ab ar ouiziegezh \u00bb war <em>ABK.<\/em><\/p>\n<p>\u00ab Ur Bed m&rsquo;eo enna\u00f1 ar c&rsquo;homzo\u00f9 gwirionez \u00bb war <em>ABK.<\/em><\/p>\n<p><strong>Barzhoneg eus Bro-Indez<\/strong><\/p>\n<p>N&rsquo;eus meneget maread ebet er c&rsquo;haier. Kavet e vez ar barzhoneg-ma\u00f1 etre \u00ab Me n&rsquo;on ket a-du \u00bb (hep deiziad, skrivet da heul \u00ab Heto\u00f9 evit an Emsav \u00bb (09.01.69)) ha \u00ab Barzhoneg eus Bro- Bers \u00bb (hep deiziad, skrivet a-raok \u00ab An heskenno\u00f9 dre dan \u00bb (27.01.69)).<\/p>\n<p>\u00ab Barzhoniezh Bro-Indez \u00bb an titl war <em>AL<\/em>. Baldoon Dinghra an aozer hervez <em>AL <\/em>132, Genver- C&rsquo;hwevrer 1969.<\/p>\n<p><strong>Barzhoneg eus Bro-Bers<\/strong><\/p>\n<p>N&rsquo;eus meneget maread ebet er c&rsquo;haier. Kavet e vez ar barzhoneg-ma\u00f1 etre \u00ab Barzhoneg eus Bro- Indez \u00bb (goude \u00ab Me n&rsquo;on ket a-du \u00bb, hep deiziad, skrivet da heul \u00ab Heto\u00f9 evit an Emsav \u00bb, 09.01.69, hag \u00ab An heskenno\u00f9 dre dan \u00bb, 27.01.69).<\/p>\n<p><strong>Doue hag an Den<\/strong><\/p>\n<p>N&rsquo;eus meneget maread ebet er c&rsquo;haier. Kavet e vez ar barzhoneg-ma\u00f1 etre \u00ab Don Karlos Maros \u00bb (29.01.69) ha \u00ab Pedenn ouzh skeud ar c&rsquo;hleuzeur \u00bb (hep deiziad, skrivet a-raok \u00ab Furnez an Tibet \u00bb, hep deiziad, skrivet a-raok&nbsp;\u00ab Mimimadobero\u00f9 \u00bb, 02.69).<\/p>\n<p><strong>Pedenn ouzh sked ar c&rsquo;hleuzeur<\/strong><\/p>\n<p>N&rsquo;eus meneget maread ebet er c&rsquo;haier. Kavet e vez ar barzhoneg-ma\u00f1 etre \u00ab Doue hag an Den \u00bb (hep deiziad, goude \u00ab Don Karlos Maros \u00bb, 29.01.69) ha \u00ab Furnez an Tibet \u00bb, hep deiziad, skrivet a-raok \u00ab Mimimadobero\u00f9 \u00bb (02.69).<\/p>\n<p>\u00ab Pri\u00e8re \u00e0 la lampe (Arti) \u00bb, istitl er c&rsquo;haier.<\/p>\n<p>\u00ab Eo ar gwir \u201carti\u201d \u00bb : \u00ab Eo ar gwir \u201carti\u201d (azeulerezh ouzh sked ar c&rsquo;hleuzeurio\u00f9) \u00bb er c&rsquo;haier.<\/p>\n<p>&nbsp;<\/p>\n<p><strong>Barzhoneg evit ur vamm<\/strong><\/p>\n<p>An dedia\u00f1s a gaver war <em>AL <\/em>ha n&#8217;ema\u00f1 ket er c&rsquo;haier. Dindan an titl e kaver an notenn \u00ab Troet diwar Labour ar Barzh Katalan Ramonsolez&nbsp; Ceto \u00bb er c&rsquo;haier.<\/p>\n<p>\u00ab Bez&rsquo; int evel kozhidi gouza\u00f1vet ganto re\u2026 \u00bb : \u00ab kozhni \u00bb war <em>AL.<\/em><\/p>\n<p><strong>Izabel<\/strong><\/p>\n<p>\u00ab Jean Bluteau, \u201cLa chanson d&rsquo;Isabelle\u201d \u00bb (meneg gant Anjela Duval).<\/p>\n<p><strong>Da glask a ran Aotrou !<\/strong><\/p>\n<p>Deiziad ebet er c&rsquo;haier. Kavet e vez ar barzhoneg-ma\u00f1 etre \u00ab Bac&rsquo;ha\u00f1 \u00bb (02.03.71) ha \u00ab Itron Varia Vae \u00bb&nbsp;&nbsp;&nbsp; (hep deiziad,&nbsp; skrivet a-raok&nbsp;\u00ab Sonedenn \u00bb, troet 21.05.71).<\/p>\n<p><strong>Itron Varia Vae<\/strong><\/p>\n<p>Deiziad ebet er c&rsquo;haier. Kavet e vez ar barzhoneg etre \u00ab Da glask a ran Aotrou ! \u00bb (hep deiziad, skrivet goude \u00ab Bac&rsquo;ha\u00f1 \u00bb, 02.03.71) ha \u00ab Sonedenn \u00bb, troet 21.05.71.<\/p>\n<p><strong>Pedenn an nijlammer<\/strong><\/p>\n<p>\u00ab Marvet war an dachenn a vrezel, 1942 \u00bb (meneg gant Anjela Duval).<\/p>\n<p>Deiziad ebet er c&rsquo;haier. Kavet e vez ar barzhoneg-ma\u00f1 etre \u00ab Sonedenn \u00bb (troet 21.05.70) ha \u00ab Kounnar ruz \u00bb (24.08.70).<\/p>\n<p><strong>Aspedenn ar wezenn<\/strong><\/p>\n<p>\u00ab Testenn gozh an den fur eus Indez-Sina \u00bb (meneg gant Anjela Duval).<\/p>\n<p>Gant an ti-moulla\u00f1 \u00ab La Vague \u00bb e veneg Anjela Duval e oa bet moullet ar skritell orin.<\/p>\n<p>\u00ab Me eo ar Wir Binvidigezh er stad \u00bb : \u00ab gwir Binvidigezh ar Stad \u00bb war <em>TaD.<\/em><\/p>\n<p><strong>Peizant<\/strong><\/p>\n<p>\u00ab Paysan \u00bb (meneg gant Anjela Duval).<\/p>\n<p><strong>Hegarated<\/strong><\/p>\n<p>\u00ab Adaozet diwar \u201cBienveillance\u201d gant P. Etienne, breur eus Taiz\u00e9 \u00bb (meneg gant Anjela Duval).<\/p>\n<p><strong>Levenez<\/strong><\/p>\n<p>Anv aozer ebet er c&rsquo;haier. Kavet e vez ar barzhoneg etre \u00ab Hegarated \u00bb ha \u00ab Furnez \u00bb troet diwar breur Etienne eus Taiz\u00e9. Moarvat eo bet troet hema\u00f1 ivez diwar ar memes levr.<\/p>\n<p>&nbsp;<\/p>\n<p><strong>Furnez<\/strong><\/p>\n<p>\u00ab Diwar \u201cLes sentiers du monde\u201d gant P. Etienne \u00bb (meneg gant Anjela Duval).<\/p>\n<p>Deiziad ebet er c&rsquo;haier. Tost-tre eo danvez ar barzhoneg-ma\u00f1 eus \u00ab Hegarated \u00bb ha \u00ab Furnez \u00bb. Moarvat e voe troet er memes mare, da l\u00e2ret eo fin miz Here 1973.<\/p>\n<p><strong>Ar vaouez kenedus<\/strong><\/p>\n<p>\u00ab Viet-Nam \u00bb (meneg gant Anjela Duval).<\/p>\n<p>Deiziad ebet er c&rsquo;haier. Kavet e vez ar barzhoneg etre \u00ab Bloaz zo \u00bb (fin miz Kerzu 72 d&rsquo;an abreta\u00f1) ha \u00ab Santad Bugel \u00bb (Gouere 1974), ha hema\u00f1 diwezha\u00f1 skrivet a-raok \u00ab Marv va c&rsquo;hi kozh \u00bb (25.03.73).<\/p>\n<p><strong>Beva\u00f1<\/strong><\/p>\n<p>\u00ab L&rsquo;Ossuaire de sable \u00bb (meneg gant Anjela Duval).<\/p>\n<p>Deiziad ebet er c&rsquo;haier gant ar barzhoneg-ma\u00f1 a gaver etre \u00ab War&nbsp; hent an distro \u00bb (18.05.74)&nbsp; ha&nbsp;\u00ab Er-maez \u00bb (03.08.74).<\/p>\n<p><strong>Ar Pre\u00f1v hag ar Valafenn<\/strong><\/p>\n<p>An adstumm a gaver er c&rsquo;haier 21, hag e\u00f1 deiziataet 27.01.69, an hini eo zo bet embannet war <em>Stourm a ran war bep tachenn. <\/em>Er c&rsquo;haier 35 e kaver ar stumm kinniget ama\u00f1, dindan \u00ab Diwar glevet pe lennet ? \u00bb na seblant ket beza\u00f1 un titl.<\/p>\n<p>\u00ab Ur&nbsp; pre\u00f1v-paper o komz d&rsquo;ur valafenn-noz \u00bb : \u00ab pre\u00f1v debrer paper \u00bb, \u00ab d&rsquo;ar \u00bb er c&rsquo;haier 21.<\/p>\n<p>\u00ab kalz eus dornskrid Farabi \u00bb : \u00ab meur a hini eus dornskrido\u00f9 \u00bb er c&rsquo;haier 21.<\/p>\n<p>\u00ab N&#8217;em eus ket kavet ar skl\u00earijenn \u00bb : \u00ab a skl\u00earijenn \u00bb er c&rsquo;haier 21.<\/p>\n<p>\u00ab Ar birvilh eo a ra bevoc&rsquo;h ar Vuhez \u00bb : \u00ab gred \u00bb er c&rsquo;haier 21.<\/p>\n<p>\u00ab Ar birvilh hepken eo a ra dezhi divaskell \u00bb : \u00ab Ar gred hepken a ro\u2026 \u00bb er c&rsquo;haier 21.<\/p>\n<p><strong><em>Digorit ho krez<\/em><\/strong><\/p>\n<p>\u00ab L&rsquo;Ossuaire de sable \u00bb (meneg gant Anjela Duval).<\/p>\n<p><strong>Me a gan hiziv<\/strong><\/p>\n<p>\u00ab Diwar ar gelaouenn <em>Pr\u00e9sence savoisienne <\/em>: \u201cJe chante aujourd&rsquo;hui\u201d, gant Marguerite B\u00e9temps,&nbsp;St.-Christophe-d&rsquo;Aoste \u00bb (meneg gant Anjela Duval). Da heul ar barzhoneg he doa Anjela Duval skrivet er c&rsquo;haier \u00ab Notenn : hevelep planedenn eo hini Breizh ! ha hini ar Val d&rsquo;Aoste pe gwashoc&rsquo;h. \u00bb<\/p>\n<p><strong>Ma kouezhan em zremenvan\u2026<\/strong><\/p>\n<p>Embannet e voe ar barzhoneg-ma\u00f1 war <em>AL <\/em>181, Meurzh-Ebrel 1977, gant ar meneg \u00ab Brezhoneg gant Anjela Duval \u00bb. N&#8217;ema\u00f1 e kaier ebet a-hend-all.<\/p>\n<p><strong>An douar ponner<\/strong><\/p>\n<p>Deiziad ebet er c&rsquo;haier. Kavet e vez ar barzhoneg etre \u00ab Peizanted Breizh ! Selaouit\u2026 \u00bb (16.02.77) ha \u00ab Frankiz \u00bb (hep deiziad, a-raok \u00ab Tantado\u00f9 \u00bb, hep deiziad, a-raok \u00ab Dallentez \u00bb, 22.10.77).<\/p>\n<p><strong>Tantado\u00f9<\/strong><\/p>\n<p>Deiziad ebet er c&rsquo;haier. Kavet e vez ar barzhoneg etre \u00ab Frankiz \u00bb (hep deiziad, goude \u00ab An douar ponner \u00bb, hep deiziad, goude \u00ab Peizanted Breizh ! Selaouit\u2026 \u00bb, 16.02.77) ha \u00ab Dallentez \u00bb (22.10.77).<\/p>\n<p><strong>Ene ar roz<\/strong><\/p>\n<p>Bouddha ha Baffa.<br \/>\n Kavet e vez an daou skridig-ma\u00f1 lerc&rsquo;h-ouzh-lerc&rsquo;h war ur baperenn er c&rsquo;haier 36. Ne oant ket adskrivet e kaier ebet. Moarvat int troidigezhio\u00f9.<\/p>\n<p><strong>Pedenn Soljenitsin<\/strong><\/p>\n<p>\u00ab Galleg gant Mucher, <em>\u00c9cole et Vie Rurale, <\/em>n\u00b0 20 \u00bb (meneg gant Anjela Duval).<\/p>\n<p><strong>E\u00f1 hag e oa dleet\u2026<\/strong><\/p>\n<p>\u00ab Yvonne Mignot, \u201cLes Heures glan\u00e9es\u201d, <em>Paysan biologique, <\/em>n\u00b0 31, Kerzu 79 \u00bb (meneg gant Anjela Duval).<\/p>\n<p><strong><em>Karantez<\/em><\/strong><\/p>\n<p>Kavet e vez ar barzhoneg-ma\u00f1 war ur golo lizher hep deiziad ebet. Diwar \u00ab Corbeille de fruits \u00bb e galleg e voe troet (n\u00b0 63, p. 214 eus embannadur <em>Po\u00e9sie,<\/em> Gallimard, troidigezh H\u00e9l\u00e8ne du Pasquier).<\/p>\n","protected":false},"excerpt":{"rendered":"<p>&nbsp; Ar Bed Keltiek: ABK , Al Liamm : AL, BarrHeol : BH, Hor Yezh : HY, Trao\u00f1 an Dour : TaD, [&hellip;]<\/p>\n","protected":false},"author":1,"featured_media":0,"parent":0,"menu_order":0,"comment_status":"closed","ping_status":"closed","template":"","meta":{"_acf_changed":false,"ngg_post_thumbnail":0,"footnotes":""},"class_list":["post-2174","page","type-page","status-publish","hentry"],"acf":[],"yoast_head":"<!-- This site is optimized with the Yoast SEO plugin v27.4 - https:\/\/yoast.com\/product\/yoast-seo-wordpress\/ -->\n<title>Notenno\u00f9 ouzh ar barzhonego\u00f9 troet gant Anjela Duval - Anjela Duval<\/title>\n<meta name=\"robots\" content=\"index, follow, max-snippet:-1, max-image-preview:large, max-video-preview:-1\" \/>\n<link rel=\"canonical\" href=\"https:\/\/www.anjela.org\/oberenn\/bz\/notennou-ouzh-ar-barzhonegou-troet-gant-anjela-duval\/\" \/>\n<meta property=\"og:locale\" content=\"fr_FR\" \/>\n<meta property=\"og:type\" content=\"article\" \/>\n<meta property=\"og:title\" content=\"Notenno\u00f9 ouzh ar barzhonego\u00f9 troet gant Anjela Duval - Anjela Duval\" \/>\n<meta property=\"og:description\" content=\"&nbsp; Ar Bed Keltiek: ABK , Al Liamm : AL, BarrHeol : BH, Hor Yezh : HY, Trao\u00f1 an Dour : TaD, [&hellip;]\" \/>\n<meta property=\"og:url\" content=\"https:\/\/www.anjela.org\/oberenn\/bz\/notennou-ouzh-ar-barzhonegou-troet-gant-anjela-duval\/\" \/>\n<meta property=\"og:site_name\" content=\"Anjela Duval\" \/>\n<meta property=\"article:modified_time\" content=\"2025-08-13T13:23:51+00:00\" \/>\n<meta name=\"twitter:card\" content=\"summary_large_image\" \/>\n<meta name=\"twitter:label1\" content=\"Dur\u00e9e de lecture estim\u00e9e\" \/>\n\t<meta name=\"twitter:data1\" content=\"7 minutes\" \/>\n<script type=\"application\/ld+json\" class=\"yoast-schema-graph\">{\"@context\":\"https:\\\/\\\/schema.org\",\"@graph\":[{\"@type\":\"WebPage\",\"@id\":\"https:\\\/\\\/www.anjela.org\\\/oberenn\\\/bz\\\/notennou-ouzh-ar-barzhonegou-troet-gant-anjela-duval\\\/\",\"url\":\"https:\\\/\\\/www.anjela.org\\\/oberenn\\\/bz\\\/notennou-ouzh-ar-barzhonegou-troet-gant-anjela-duval\\\/\",\"name\":\"Notenno\u00f9 ouzh ar barzhonego\u00f9 troet gant Anjela Duval - Anjela Duval\",\"isPartOf\":{\"@id\":\"https:\\\/\\\/www.anjela.org\\\/oberenn\\\/#website\"},\"datePublished\":\"2017-10-12T21:04:04+00:00\",\"dateModified\":\"2025-08-13T13:23:51+00:00\",\"breadcrumb\":{\"@id\":\"https:\\\/\\\/www.anjela.org\\\/oberenn\\\/bz\\\/notennou-ouzh-ar-barzhonegou-troet-gant-anjela-duval\\\/#breadcrumb\"},\"inLanguage\":\"fr-FR\",\"potentialAction\":[{\"@type\":\"ReadAction\",\"target\":[\"https:\\\/\\\/www.anjela.org\\\/oberenn\\\/bz\\\/notennou-ouzh-ar-barzhonegou-troet-gant-anjela-duval\\\/\"]}]},{\"@type\":\"BreadcrumbList\",\"@id\":\"https:\\\/\\\/www.anjela.org\\\/oberenn\\\/bz\\\/notennou-ouzh-ar-barzhonegou-troet-gant-anjela-duval\\\/#breadcrumb\",\"itemListElement\":[{\"@type\":\"ListItem\",\"position\":1,\"name\":\"Accueil\",\"item\":\"https:\\\/\\\/www.anjela.org\\\/oberenn\\\/\"},{\"@type\":\"ListItem\",\"position\":2,\"name\":\"Notenno\u00f9 ouzh ar barzhonego\u00f9 troet gant Anjela Duval\"}]},{\"@type\":\"WebSite\",\"@id\":\"https:\\\/\\\/www.anjela.org\\\/oberenn\\\/#website\",\"url\":\"https:\\\/\\\/www.anjela.org\\\/oberenn\\\/\",\"name\":\"Anjela Duval\",\"description\":\"\",\"publisher\":{\"@id\":\"https:\\\/\\\/www.anjela.org\\\/oberenn\\\/#organization\"},\"potentialAction\":[{\"@type\":\"SearchAction\",\"target\":{\"@type\":\"EntryPoint\",\"urlTemplate\":\"https:\\\/\\\/www.anjela.org\\\/oberenn\\\/?s={search_term_string}\"},\"query-input\":{\"@type\":\"PropertyValueSpecification\",\"valueRequired\":true,\"valueName\":\"search_term_string\"}}],\"inLanguage\":\"fr-FR\"},{\"@type\":\"Organization\",\"@id\":\"https:\\\/\\\/www.anjela.org\\\/oberenn\\\/#organization\",\"name\":\"Mignoned Anjela\",\"url\":\"https:\\\/\\\/www.anjela.org\\\/oberenn\\\/\",\"logo\":{\"@type\":\"ImageObject\",\"inLanguage\":\"fr-FR\",\"@id\":\"https:\\\/\\\/www.anjela.org\\\/oberenn\\\/#\\\/schema\\\/logo\\\/image\\\/\",\"url\":\"https:\\\/\\\/www.anjela.org\\\/oberenn\\\/wp-content\\\/uploads\\\/2019\\\/11\\\/logo-mignoned-angela.png\",\"contentUrl\":\"https:\\\/\\\/www.anjela.org\\\/oberenn\\\/wp-content\\\/uploads\\\/2019\\\/11\\\/logo-mignoned-angela.png\",\"width\":248,\"height\":147,\"caption\":\"Mignoned Anjela\"},\"image\":{\"@id\":\"https:\\\/\\\/www.anjela.org\\\/oberenn\\\/#\\\/schema\\\/logo\\\/image\\\/\"}}]}<\/script>\n<!-- \/ Yoast SEO plugin. -->","yoast_head_json":{"title":"Notenno\u00f9 ouzh ar barzhonego\u00f9 troet gant Anjela Duval - Anjela Duval","robots":{"index":"index","follow":"follow","max-snippet":"max-snippet:-1","max-image-preview":"max-image-preview:large","max-video-preview":"max-video-preview:-1"},"canonical":"https:\/\/www.anjela.org\/oberenn\/bz\/notennou-ouzh-ar-barzhonegou-troet-gant-anjela-duval\/","og_locale":"fr_FR","og_type":"article","og_title":"Notenno\u00f9 ouzh ar barzhonego\u00f9 troet gant Anjela Duval - Anjela Duval","og_description":"&nbsp; Ar Bed Keltiek: ABK , Al Liamm : AL, BarrHeol : BH, Hor Yezh : HY, Trao\u00f1 an Dour : TaD, [&hellip;]","og_url":"https:\/\/www.anjela.org\/oberenn\/bz\/notennou-ouzh-ar-barzhonegou-troet-gant-anjela-duval\/","og_site_name":"Anjela Duval","article_modified_time":"2025-08-13T13:23:51+00:00","twitter_card":"summary_large_image","twitter_misc":{"Dur\u00e9e de lecture estim\u00e9e":"7 minutes"},"schema":{"@context":"https:\/\/schema.org","@graph":[{"@type":"WebPage","@id":"https:\/\/www.anjela.org\/oberenn\/bz\/notennou-ouzh-ar-barzhonegou-troet-gant-anjela-duval\/","url":"https:\/\/www.anjela.org\/oberenn\/bz\/notennou-ouzh-ar-barzhonegou-troet-gant-anjela-duval\/","name":"Notenno\u00f9 ouzh ar barzhonego\u00f9 troet gant Anjela Duval - Anjela Duval","isPartOf":{"@id":"https:\/\/www.anjela.org\/oberenn\/#website"},"datePublished":"2017-10-12T21:04:04+00:00","dateModified":"2025-08-13T13:23:51+00:00","breadcrumb":{"@id":"https:\/\/www.anjela.org\/oberenn\/bz\/notennou-ouzh-ar-barzhonegou-troet-gant-anjela-duval\/#breadcrumb"},"inLanguage":"fr-FR","potentialAction":[{"@type":"ReadAction","target":["https:\/\/www.anjela.org\/oberenn\/bz\/notennou-ouzh-ar-barzhonegou-troet-gant-anjela-duval\/"]}]},{"@type":"BreadcrumbList","@id":"https:\/\/www.anjela.org\/oberenn\/bz\/notennou-ouzh-ar-barzhonegou-troet-gant-anjela-duval\/#breadcrumb","itemListElement":[{"@type":"ListItem","position":1,"name":"Accueil","item":"https:\/\/www.anjela.org\/oberenn\/"},{"@type":"ListItem","position":2,"name":"Notenno\u00f9 ouzh ar barzhonego\u00f9 troet gant Anjela Duval"}]},{"@type":"WebSite","@id":"https:\/\/www.anjela.org\/oberenn\/#website","url":"https:\/\/www.anjela.org\/oberenn\/","name":"Anjela Duval","description":"","publisher":{"@id":"https:\/\/www.anjela.org\/oberenn\/#organization"},"potentialAction":[{"@type":"SearchAction","target":{"@type":"EntryPoint","urlTemplate":"https:\/\/www.anjela.org\/oberenn\/?s={search_term_string}"},"query-input":{"@type":"PropertyValueSpecification","valueRequired":true,"valueName":"search_term_string"}}],"inLanguage":"fr-FR"},{"@type":"Organization","@id":"https:\/\/www.anjela.org\/oberenn\/#organization","name":"Mignoned Anjela","url":"https:\/\/www.anjela.org\/oberenn\/","logo":{"@type":"ImageObject","inLanguage":"fr-FR","@id":"https:\/\/www.anjela.org\/oberenn\/#\/schema\/logo\/image\/","url":"https:\/\/www.anjela.org\/oberenn\/wp-content\/uploads\/2019\/11\/logo-mignoned-angela.png","contentUrl":"https:\/\/www.anjela.org\/oberenn\/wp-content\/uploads\/2019\/11\/logo-mignoned-angela.png","width":248,"height":147,"caption":"Mignoned Anjela"},"image":{"@id":"https:\/\/www.anjela.org\/oberenn\/#\/schema\/logo\/image\/"}}]}},"_links":{"self":[{"href":"https:\/\/www.anjela.org\/oberenn\/wp-json\/wp\/v2\/pages\/2174","targetHints":{"allow":["GET"]}}],"collection":[{"href":"https:\/\/www.anjela.org\/oberenn\/wp-json\/wp\/v2\/pages"}],"about":[{"href":"https:\/\/www.anjela.org\/oberenn\/wp-json\/wp\/v2\/types\/page"}],"author":[{"embeddable":true,"href":"https:\/\/www.anjela.org\/oberenn\/wp-json\/wp\/v2\/users\/1"}],"replies":[{"embeddable":true,"href":"https:\/\/www.anjela.org\/oberenn\/wp-json\/wp\/v2\/comments?post=2174"}],"version-history":[{"count":0,"href":"https:\/\/www.anjela.org\/oberenn\/wp-json\/wp\/v2\/pages\/2174\/revisions"}],"wp:attachment":[{"href":"https:\/\/www.anjela.org\/oberenn\/wp-json\/wp\/v2\/media?parent=2174"}],"curies":[{"name":"wp","href":"https:\/\/api.w.org\/{rel}","templated":true}]}}