{"id":20487,"date":"2025-08-13T16:29:16","date_gmt":"2025-08-13T14:29:16","guid":{"rendered":"https:\/\/www.anjela.org\/oberenn\/?page_id=20487"},"modified":"2025-08-13T16:32:30","modified_gmt":"2025-08-13T14:32:30","slug":"degemer-mat","status":"publish","type":"page","link":"https:\/\/www.anjela.org\/oberenn\/bz\/degemer-mat\/","title":{"rendered":"Degemer mat!"},"content":{"rendered":"\t\t<div data-elementor-type=\"wp-page\" data-elementor-id=\"20487\" class=\"elementor elementor-20487\">\n\t\t\t\t\t\t<section class=\"elementor-section elementor-top-section elementor-element elementor-element-77cb6798 elementor-section-full_width elementor-section-height-default elementor-section-height-default\" data-id=\"77cb6798\" data-element_type=\"section\" data-e-type=\"section\">\n\t\t\t\t\t\t<div class=\"elementor-container elementor-column-gap-default\">\n\t\t\t\t\t<div class=\"elementor-column elementor-col-100 elementor-top-column elementor-element elementor-element-20461dd6\" data-id=\"20461dd6\" data-element_type=\"column\" data-e-type=\"column\">\n\t\t\t<div class=\"elementor-widget-wrap elementor-element-populated\">\n\t\t\t\t\t\t<div class=\"elementor-element elementor-element-5805ee83 elementor-widget elementor-widget-text-editor\" data-id=\"5805ee83\" data-element_type=\"widget\" data-e-type=\"widget\" data-widget_type=\"text-editor.default\">\n\t\t\t\t<div class=\"elementor-widget-container\">\n\t\t\t\t\t\t\t\t\t<p><img fetchpriority=\"high\" decoding=\"async\" class=\"size-medium wp-image-4733 alignleft\" src=\"http:\/\/www.anjela.org\/oberenn\/wp-content\/uploads\/2017\/01\/E036-300x287.jpg\" alt=\"Anjela Duval\" width=\"300\" height=\"287\" srcset=\"https:\/\/www.anjela.org\/oberenn\/wp-content\/uploads\/2017\/01\/E036-300x287.jpg 300w, https:\/\/www.anjela.org\/oberenn\/wp-content\/uploads\/2017\/01\/E036.jpg 600w\" sizes=\"(max-width: 300px) 100vw, 300px\" \/><\/p>\n<p>Anjela Duval eo ar plac\u2019h-se a laboure douar he feurm vihan \u2013 Trao\u00f1-an-Dour \u2013 diouzh an deiz hag a gemere he c\u2019haiero\u00f9 diouzh an noz evit skriva\u00f1 barzhonego\u00f9 deuet da veza\u00f1 e-mesk ar re muian-karet e brezhoneg. He yezh pemdez \u2018oa ar brezhoneg ha desket he doa ar yezh lennegel, he doa pinvidikaet gant he gerio\u00f9, he c\u2019hizidigezh. Diskouez a ra he barzhonego\u00f9 he c\u2019harantez spiswel evit an natur, he c\u2019hounnar a-enep da ziskar ar brezhoneg, hec\u2019h ankenio\u00f9, he fent\u2026<\/p>\t\t\t\t\t\t\t\t<\/div>\n\t\t\t\t<\/div>\n\t\t\t\t\t<\/div>\n\t\t<\/div>\n\t\t\t\t\t<\/div>\n\t\t<\/section>\n\t\t\t\t<section class=\"elementor-section elementor-top-section elementor-element elementor-element-b40db05 elementor-section-boxed elementor-section-height-default elementor-section-height-default\" data-id=\"b40db05\" data-element_type=\"section\" data-e-type=\"section\">\n\t\t\t\t\t\t<div class=\"elementor-container elementor-column-gap-default\">\n\t\t\t\t\t<div class=\"elementor-column elementor-col-100 elementor-top-column elementor-element elementor-element-02885b8\" data-id=\"02885b8\" data-element_type=\"column\" data-e-type=\"column\">\n\t\t\t<div class=\"elementor-widget-wrap elementor-element-populated\">\n\t\t\t\t\t\t<div class=\"elementor-element elementor-element-2542e3c elementor-widget elementor-widget-image\" data-id=\"2542e3c\" data-element_type=\"widget\" data-e-type=\"widget\" data-widget_type=\"image.default\">\n\t\t\t\t<div class=\"elementor-widget-container\">\n\t\t\t\t\t\t\t\t\t\t\t\t\t\t\t\t<a href=\"https:\/\/www.anjela.org\/oberenn\/wp-content\/uploads\/2021\/04\/mediaouegLannuon2.jpeg\" data-elementor-open-lightbox=\"yes\" data-elementor-lightbox-title=\"Fonds Anjela Duval \u00e0 Lannion\" data-e-action-hash=\"#elementor-action%3Aaction%3Dlightbox%26settings%3DeyJpZCI6MTI1MjgsInVybCI6Imh0dHBzOlwvXC93d3cuYW5qZWxhLm9yZ1wvb2JlcmVublwvd3AtY29udGVudFwvdXBsb2Fkc1wvMjAyMVwvMDRcL21lZGlhb3VlZ0xhbm51b24yLmpwZWcifQ%3D%3D\" rel=\"lightbox-0\">\n\t\t\t\t\t\t\t<img decoding=\"async\" width=\"709\" height=\"531\" src=\"https:\/\/www.anjela.org\/oberenn\/wp-content\/uploads\/2021\/04\/mediaouegLannuon2.jpeg\" class=\"attachment-large size-large wp-image-12528\" alt=\"Fonds Anjela Duval \u00e0 Lannion\" srcset=\"https:\/\/www.anjela.org\/oberenn\/wp-content\/uploads\/2021\/04\/mediaouegLannuon2.jpeg 709w, https:\/\/www.anjela.org\/oberenn\/wp-content\/uploads\/2021\/04\/mediaouegLannuon2-300x225.jpeg 300w, https:\/\/www.anjela.org\/oberenn\/wp-content\/uploads\/2021\/04\/mediaouegLannuon2-700x524.jpeg 700w, https:\/\/www.anjela.org\/oberenn\/wp-content\/uploads\/2021\/04\/mediaouegLannuon2-520x389.jpeg 520w, https:\/\/www.anjela.org\/oberenn\/wp-content\/uploads\/2021\/04\/mediaouegLannuon2-360x270.jpeg 360w, https:\/\/www.anjela.org\/oberenn\/wp-content\/uploads\/2021\/04\/mediaouegLannuon2-250x187.jpeg 250w, https:\/\/www.anjela.org\/oberenn\/wp-content\/uploads\/2021\/04\/mediaouegLannuon2-100x75.jpeg 100w\" sizes=\"(max-width: 709px) 100vw, 709px\" \/>\t\t\t\t\t\t\t\t<\/a>\n\t\t\t\t\t\t\t\t\t\t\t\t\t\t\t<\/div>\n\t\t\t\t<\/div>\n\t\t\t\t\t<\/div>\n\t\t<\/div>\n\t\t\t\t\t<\/div>\n\t\t<\/section>\n\t\t\t\t<\/div>\n\t\t","protected":false},"excerpt":{"rendered":"","protected":false},"author":3,"featured_media":0,"parent":0,"menu_order":0,"comment_status":"closed","ping_status":"open","template":"","meta":{"_acf_changed":false,"ngg_post_thumbnail":0,"footnotes":""},"class_list":["post-20487","page","type-page","status-publish","hentry"],"acf":[],"yoast_head":"<!-- This site is optimized with the Yoast SEO plugin v27.5 - https:\/\/yoast.com\/product\/yoast-seo-wordpress\/ -->\n<title>Anjela Duval - Mignoned Anjela - Degemer<\/title>\n<meta name=\"description\" content=\"\ufeffOberenn glok Anjela Duval, barzhez-labourerez Trao\u00f1-an-Dour (Treger), ha pennado\u00f9-skrid gant ispisialourien, poltriji, videoio\u00f9\u2026\" \/>\n<meta name=\"robots\" content=\"index, follow, max-snippet:-1, max-image-preview:large, max-video-preview:-1\" \/>\n<link rel=\"canonical\" href=\"https:\/\/www.anjela.org\/oberenn\/bz\/degemer-mat\/\" \/>\n<meta property=\"og:locale\" content=\"fr_FR\" \/>\n<meta property=\"og:type\" content=\"article\" \/>\n<meta property=\"og:title\" content=\"Anjela Duval - Mignoned Anjela - Degemer\" \/>\n<meta property=\"og:description\" content=\"\ufeffOberenn glok Anjela Duval, barzhez-labourerez Trao\u00f1-an-Dour (Treger), ha pennado\u00f9-skrid gant ispisialourien, poltriji, videoio\u00f9\u2026\" \/>\n<meta property=\"og:url\" content=\"https:\/\/www.anjela.org\/oberenn\/bz\/degemer-mat\/\" \/>\n<meta property=\"og:site_name\" content=\"Anjela Duval\" \/>\n<meta property=\"article:modified_time\" content=\"2025-08-13T14:32:30+00:00\" \/>\n<meta name=\"twitter:card\" content=\"summary_large_image\" \/>\n<script type=\"application\/ld+json\" class=\"yoast-schema-graph\">{\"@context\":\"https:\\\/\\\/schema.org\",\"@graph\":[{\"@type\":\"WebPage\",\"@id\":\"https:\\\/\\\/www.anjela.org\\\/oberenn\\\/bz\\\/degemer-mat\\\/\",\"url\":\"https:\\\/\\\/www.anjela.org\\\/oberenn\\\/bz\\\/degemer-mat\\\/\",\"name\":\"Anjela Duval - Mignoned Anjela - Degemer\",\"isPartOf\":{\"@id\":\"https:\\\/\\\/www.anjela.org\\\/oberenn\\\/#website\"},\"datePublished\":\"2025-08-13T14:29:16+00:00\",\"dateModified\":\"2025-08-13T14:32:30+00:00\",\"description\":\"\ufeffOberenn glok Anjela Duval, barzhez-labourerez Trao\u00f1-an-Dour (Treger), ha pennado\u00f9-skrid gant ispisialourien, poltriji, videoio\u00f9\u2026\",\"breadcrumb\":{\"@id\":\"https:\\\/\\\/www.anjela.org\\\/oberenn\\\/bz\\\/degemer-mat\\\/#breadcrumb\"},\"inLanguage\":\"fr-FR\",\"potentialAction\":[{\"@type\":\"ReadAction\",\"target\":[\"https:\\\/\\\/www.anjela.org\\\/oberenn\\\/bz\\\/degemer-mat\\\/\"]}]},{\"@type\":\"BreadcrumbList\",\"@id\":\"https:\\\/\\\/www.anjela.org\\\/oberenn\\\/bz\\\/degemer-mat\\\/#breadcrumb\",\"itemListElement\":[{\"@type\":\"ListItem\",\"position\":1,\"name\":\"Accueil\",\"item\":\"https:\\\/\\\/www.anjela.org\\\/oberenn\\\/\"},{\"@type\":\"ListItem\",\"position\":2,\"name\":\"Degemer mat!\"}]},{\"@type\":\"WebSite\",\"@id\":\"https:\\\/\\\/www.anjela.org\\\/oberenn\\\/#website\",\"url\":\"https:\\\/\\\/www.anjela.org\\\/oberenn\\\/\",\"name\":\"Anjela Duval\",\"description\":\"\",\"publisher\":{\"@id\":\"https:\\\/\\\/www.anjela.org\\\/oberenn\\\/#organization\"},\"potentialAction\":[{\"@type\":\"SearchAction\",\"target\":{\"@type\":\"EntryPoint\",\"urlTemplate\":\"https:\\\/\\\/www.anjela.org\\\/oberenn\\\/?s={search_term_string}\"},\"query-input\":{\"@type\":\"PropertyValueSpecification\",\"valueRequired\":true,\"valueName\":\"search_term_string\"}}],\"inLanguage\":\"fr-FR\"},{\"@type\":\"Organization\",\"@id\":\"https:\\\/\\\/www.anjela.org\\\/oberenn\\\/#organization\",\"name\":\"Mignoned Anjela\",\"url\":\"https:\\\/\\\/www.anjela.org\\\/oberenn\\\/\",\"logo\":{\"@type\":\"ImageObject\",\"inLanguage\":\"fr-FR\",\"@id\":\"https:\\\/\\\/www.anjela.org\\\/oberenn\\\/#\\\/schema\\\/logo\\\/image\\\/\",\"url\":\"https:\\\/\\\/www.anjela.org\\\/oberenn\\\/wp-content\\\/uploads\\\/2019\\\/11\\\/logo-mignoned-angela.png\",\"contentUrl\":\"https:\\\/\\\/www.anjela.org\\\/oberenn\\\/wp-content\\\/uploads\\\/2019\\\/11\\\/logo-mignoned-angela.png\",\"width\":248,\"height\":147,\"caption\":\"Mignoned Anjela\"},\"image\":{\"@id\":\"https:\\\/\\\/www.anjela.org\\\/oberenn\\\/#\\\/schema\\\/logo\\\/image\\\/\"}}]}<\/script>\n<!-- \/ Yoast SEO plugin. -->","yoast_head_json":{"title":"Anjela Duval - Mignoned Anjela - Degemer","description":"\ufeffOberenn glok Anjela Duval, barzhez-labourerez Trao\u00f1-an-Dour (Treger), ha pennado\u00f9-skrid gant ispisialourien, poltriji, videoio\u00f9\u2026","robots":{"index":"index","follow":"follow","max-snippet":"max-snippet:-1","max-image-preview":"max-image-preview:large","max-video-preview":"max-video-preview:-1"},"canonical":"https:\/\/www.anjela.org\/oberenn\/bz\/degemer-mat\/","og_locale":"fr_FR","og_type":"article","og_title":"Anjela Duval - Mignoned Anjela - Degemer","og_description":"\ufeffOberenn glok Anjela Duval, barzhez-labourerez Trao\u00f1-an-Dour (Treger), ha pennado\u00f9-skrid gant ispisialourien, poltriji, videoio\u00f9\u2026","og_url":"https:\/\/www.anjela.org\/oberenn\/bz\/degemer-mat\/","og_site_name":"Anjela Duval","article_modified_time":"2025-08-13T14:32:30+00:00","twitter_card":"summary_large_image","schema":{"@context":"https:\/\/schema.org","@graph":[{"@type":"WebPage","@id":"https:\/\/www.anjela.org\/oberenn\/bz\/degemer-mat\/","url":"https:\/\/www.anjela.org\/oberenn\/bz\/degemer-mat\/","name":"Anjela Duval - Mignoned Anjela - Degemer","isPartOf":{"@id":"https:\/\/www.anjela.org\/oberenn\/#website"},"datePublished":"2025-08-13T14:29:16+00:00","dateModified":"2025-08-13T14:32:30+00:00","description":"\ufeffOberenn glok Anjela Duval, barzhez-labourerez Trao\u00f1-an-Dour (Treger), ha pennado\u00f9-skrid gant ispisialourien, poltriji, videoio\u00f9\u2026","breadcrumb":{"@id":"https:\/\/www.anjela.org\/oberenn\/bz\/degemer-mat\/#breadcrumb"},"inLanguage":"fr-FR","potentialAction":[{"@type":"ReadAction","target":["https:\/\/www.anjela.org\/oberenn\/bz\/degemer-mat\/"]}]},{"@type":"BreadcrumbList","@id":"https:\/\/www.anjela.org\/oberenn\/bz\/degemer-mat\/#breadcrumb","itemListElement":[{"@type":"ListItem","position":1,"name":"Accueil","item":"https:\/\/www.anjela.org\/oberenn\/"},{"@type":"ListItem","position":2,"name":"Degemer mat!"}]},{"@type":"WebSite","@id":"https:\/\/www.anjela.org\/oberenn\/#website","url":"https:\/\/www.anjela.org\/oberenn\/","name":"Anjela Duval","description":"","publisher":{"@id":"https:\/\/www.anjela.org\/oberenn\/#organization"},"potentialAction":[{"@type":"SearchAction","target":{"@type":"EntryPoint","urlTemplate":"https:\/\/www.anjela.org\/oberenn\/?s={search_term_string}"},"query-input":{"@type":"PropertyValueSpecification","valueRequired":true,"valueName":"search_term_string"}}],"inLanguage":"fr-FR"},{"@type":"Organization","@id":"https:\/\/www.anjela.org\/oberenn\/#organization","name":"Mignoned Anjela","url":"https:\/\/www.anjela.org\/oberenn\/","logo":{"@type":"ImageObject","inLanguage":"fr-FR","@id":"https:\/\/www.anjela.org\/oberenn\/#\/schema\/logo\/image\/","url":"https:\/\/www.anjela.org\/oberenn\/wp-content\/uploads\/2019\/11\/logo-mignoned-angela.png","contentUrl":"https:\/\/www.anjela.org\/oberenn\/wp-content\/uploads\/2019\/11\/logo-mignoned-angela.png","width":248,"height":147,"caption":"Mignoned Anjela"},"image":{"@id":"https:\/\/www.anjela.org\/oberenn\/#\/schema\/logo\/image\/"}}]}},"_links":{"self":[{"href":"https:\/\/www.anjela.org\/oberenn\/wp-json\/wp\/v2\/pages\/20487","targetHints":{"allow":["GET"]}}],"collection":[{"href":"https:\/\/www.anjela.org\/oberenn\/wp-json\/wp\/v2\/pages"}],"about":[{"href":"https:\/\/www.anjela.org\/oberenn\/wp-json\/wp\/v2\/types\/page"}],"author":[{"embeddable":true,"href":"https:\/\/www.anjela.org\/oberenn\/wp-json\/wp\/v2\/users\/3"}],"replies":[{"embeddable":true,"href":"https:\/\/www.anjela.org\/oberenn\/wp-json\/wp\/v2\/comments?post=20487"}],"version-history":[{"count":0,"href":"https:\/\/www.anjela.org\/oberenn\/wp-json\/wp\/v2\/pages\/20487\/revisions"}],"wp:attachment":[{"href":"https:\/\/www.anjela.org\/oberenn\/wp-json\/wp\/v2\/media?parent=20487"}],"curies":[{"name":"wp","href":"https:\/\/api.w.org\/{rel}","templated":true}]}}