{"id":2,"date":"2017-01-12T16:13:38","date_gmt":"2017-01-12T15:13:38","guid":{"rendered":"http:\/\/www.anjela.org\/oberenn\/?page_id=2"},"modified":"2025-08-13T16:19:31","modified_gmt":"2025-08-13T14:19:31","slug":"degemer","status":"publish","type":"page","link":"https:\/\/www.anjela.org\/oberenn\/","title":{"rendered":"Bienvenue !"},"content":{"rendered":"\t\t<div data-elementor-type=\"wp-page\" data-elementor-id=\"2\" class=\"elementor elementor-2\">\n\t\t\t\t\t\t<section class=\"elementor-section elementor-top-section elementor-element elementor-element-77cb6798 elementor-section-full_width elementor-section-height-default elementor-section-height-default\" data-id=\"77cb6798\" data-element_type=\"section\" data-e-type=\"section\">\n\t\t\t\t\t\t<div class=\"elementor-container elementor-column-gap-default\">\n\t\t\t\t\t<div class=\"elementor-column elementor-col-100 elementor-top-column elementor-element elementor-element-20461dd6\" data-id=\"20461dd6\" data-element_type=\"column\" data-e-type=\"column\">\n\t\t\t<div class=\"elementor-widget-wrap elementor-element-populated\">\n\t\t\t\t\t\t<div class=\"elementor-element elementor-element-5805ee83 elementor-widget elementor-widget-text-editor\" data-id=\"5805ee83\" data-element_type=\"widget\" data-e-type=\"widget\" data-widget_type=\"text-editor.default\">\n\t\t\t\t<div class=\"elementor-widget-container\">\n\t\t\t\t\t\t\t\t\t<p><img fetchpriority=\"high\" decoding=\"async\" class=\"size-medium wp-image-4733 alignleft\" src=\"http:\/\/www.anjela.org\/oberenn\/wp-content\/uploads\/2017\/01\/E036-300x287.jpg\" alt=\"Anjela Duval\" width=\"300\" height=\"287\" srcset=\"https:\/\/www.anjela.org\/oberenn\/wp-content\/uploads\/2017\/01\/E036-300x287.jpg 300w, https:\/\/www.anjela.org\/oberenn\/wp-content\/uploads\/2017\/01\/E036.jpg 600w\" sizes=\"(max-width: 300px) 100vw, 300px\" \/><\/p>\n<p>Anjela Duval est cette femme qui, pendant le jour, cultive la terre de sa petite ferme, Trao\u00f1-an-Dour, et qui, le soir, sort ses cahiers et \u00e9crit des po\u00e8mes, devenus parmi les plus aim\u00e9s de la langue bretonne. Le breton est sa langue de tous les jours, et elle a appris la langue litt\u00e9raire qu&rsquo;elle enrichit de ses mots, de sa sensibilit\u00e9. Ses po\u00e8mes r\u00e9v\u00e8lent son amour lucide de la nature, sa rage contre le d\u00e9clin organis\u00e9 du breton, ses angoisses, son humour\u2026<\/p>\t\t\t\t\t\t\t\t<\/div>\n\t\t\t\t<\/div>\n\t\t\t\t\t<\/div>\n\t\t<\/div>\n\t\t\t\t\t<\/div>\n\t\t<\/section>\n\t\t\t\t<section class=\"elementor-section elementor-top-section elementor-element elementor-element-b40db05 elementor-section-boxed elementor-section-height-default elementor-section-height-default\" data-id=\"b40db05\" data-element_type=\"section\" data-e-type=\"section\">\n\t\t\t\t\t\t<div class=\"elementor-container elementor-column-gap-default\">\n\t\t\t\t\t<div class=\"elementor-column elementor-col-100 elementor-top-column elementor-element elementor-element-02885b8\" data-id=\"02885b8\" data-element_type=\"column\" data-e-type=\"column\">\n\t\t\t<div class=\"elementor-widget-wrap elementor-element-populated\">\n\t\t\t\t\t\t<div class=\"elementor-element elementor-element-2542e3c elementor-widget elementor-widget-image\" data-id=\"2542e3c\" data-element_type=\"widget\" data-e-type=\"widget\" data-widget_type=\"image.default\">\n\t\t\t\t<div class=\"elementor-widget-container\">\n\t\t\t\t\t\t\t\t\t\t\t\t\t\t\t\t<a href=\"https:\/\/www.anjela.org\/oberenn\/wp-content\/uploads\/2021\/04\/mediaouegLannuon2.jpeg\" data-elementor-open-lightbox=\"yes\" data-elementor-lightbox-title=\"Fonds Anjela Duval \u00e0 Lannion\" data-e-action-hash=\"#elementor-action%3Aaction%3Dlightbox%26settings%3DeyJpZCI6MTI1MjgsInVybCI6Imh0dHBzOlwvXC93d3cuYW5qZWxhLm9yZ1wvb2JlcmVublwvd3AtY29udGVudFwvdXBsb2Fkc1wvMjAyMVwvMDRcL21lZGlhb3VlZ0xhbm51b24yLmpwZWcifQ%3D%3D\" rel=\"lightbox-0\">\n\t\t\t\t\t\t\t<img decoding=\"async\" width=\"709\" height=\"531\" src=\"https:\/\/www.anjela.org\/oberenn\/wp-content\/uploads\/2021\/04\/mediaouegLannuon2.jpeg\" class=\"attachment-large size-large wp-image-12528\" alt=\"Fonds Anjela Duval \u00e0 Lannion\" srcset=\"https:\/\/www.anjela.org\/oberenn\/wp-content\/uploads\/2021\/04\/mediaouegLannuon2.jpeg 709w, https:\/\/www.anjela.org\/oberenn\/wp-content\/uploads\/2021\/04\/mediaouegLannuon2-300x225.jpeg 300w, https:\/\/www.anjela.org\/oberenn\/wp-content\/uploads\/2021\/04\/mediaouegLannuon2-700x524.jpeg 700w, https:\/\/www.anjela.org\/oberenn\/wp-content\/uploads\/2021\/04\/mediaouegLannuon2-520x389.jpeg 520w, https:\/\/www.anjela.org\/oberenn\/wp-content\/uploads\/2021\/04\/mediaouegLannuon2-360x270.jpeg 360w, https:\/\/www.anjela.org\/oberenn\/wp-content\/uploads\/2021\/04\/mediaouegLannuon2-250x187.jpeg 250w, https:\/\/www.anjela.org\/oberenn\/wp-content\/uploads\/2021\/04\/mediaouegLannuon2-100x75.jpeg 100w\" sizes=\"(max-width: 709px) 100vw, 709px\" \/>\t\t\t\t\t\t\t\t<\/a>\n\t\t\t\t\t\t\t\t\t\t\t\t\t\t\t<\/div>\n\t\t\t\t<\/div>\n\t\t\t\t\t<\/div>\n\t\t<\/div>\n\t\t\t\t\t<\/div>\n\t\t<\/section>\n\t\t\t\t<\/div>\n\t\t","protected":false},"excerpt":{"rendered":"<p>Anjela Duval est cette femme qui, pendant le jour, cultive la terre de sa petite ferme, Trao\u00f1-an-Dour, et qui, le soir, sort [&hellip;]<\/p>\n","protected":false},"author":1,"featured_media":0,"parent":0,"menu_order":0,"comment_status":"closed","ping_status":"open","template":"","meta":{"_acf_changed":false,"ngg_post_thumbnail":0,"footnotes":""},"class_list":["post-2","page","type-page","status-publish","hentry"],"acf":[],"yoast_head":"<!-- This site is optimized with the Yoast SEO plugin v27.6 - https:\/\/yoast.com\/product\/yoast-seo-wordpress\/ -->\n<title>Anjela Duval<\/title>\n<meta name=\"description\" content=\"L&#039;\u0153uvre compl\u00e8te d&#039;Anjela Duval, po\u00e9tesse-paysanne du Tr\u00e9gor (Bretagne), en fran\u00e7ais, breton et anglais, des articles de sp\u00e9cialistes, des vid\u00e9os\u2026\" \/>\n<meta name=\"robots\" content=\"index, follow, max-snippet:-1, max-image-preview:large, max-video-preview:-1\" \/>\n<link rel=\"canonical\" href=\"https:\/\/www.anjela.org\/oberenn\/\" \/>\n<meta property=\"og:locale\" content=\"fr_FR\" \/>\n<meta property=\"og:type\" content=\"article\" \/>\n<meta property=\"og:title\" content=\"Anjela Duval\" \/>\n<meta property=\"og:description\" content=\"L&#039;\u0153uvre compl\u00e8te d&#039;Anjela Duval, po\u00e9tesse-paysanne du Tr\u00e9gor (Bretagne), en fran\u00e7ais, breton et anglais, des articles de sp\u00e9cialistes, des vid\u00e9os\u2026\" \/>\n<meta property=\"og:url\" content=\"https:\/\/www.anjela.org\/oberenn\/\" \/>\n<meta property=\"og:site_name\" content=\"Anjela Duval\" \/>\n<meta property=\"article:modified_time\" content=\"2025-08-13T14:19:31+00:00\" \/>\n<meta property=\"og:image\" content=\"https:\/\/www.anjela.org\/oberenn\/wp-content\/uploads\/2017\/01\/E036.jpg\" \/>\n\t<meta property=\"og:image:width\" content=\"600\" \/>\n\t<meta property=\"og:image:height\" content=\"573\" \/>\n\t<meta property=\"og:image:type\" content=\"image\/jpeg\" \/>\n<meta name=\"twitter:card\" content=\"summary_large_image\" \/>\n<meta name=\"twitter:label1\" content=\"Dur\u00e9e de lecture estim\u00e9e\" \/>\n\t<meta name=\"twitter:data1\" content=\"1 minute\" \/>\n<script type=\"application\/ld+json\" class=\"yoast-schema-graph\">{\"@context\":\"https:\\\/\\\/schema.org\",\"@graph\":[{\"@type\":\"WebPage\",\"@id\":\"https:\\\/\\\/www.anjela.org\\\/oberenn\\\/\",\"url\":\"https:\\\/\\\/www.anjela.org\\\/oberenn\\\/\",\"name\":\"Anjela Duval\",\"isPartOf\":{\"@id\":\"https:\\\/\\\/www.anjela.org\\\/oberenn\\\/#website\"},\"primaryImageOfPage\":{\"@id\":\"https:\\\/\\\/www.anjela.org\\\/oberenn\\\/#primaryimage\"},\"image\":{\"@id\":\"https:\\\/\\\/www.anjela.org\\\/oberenn\\\/#primaryimage\"},\"thumbnailUrl\":\"http:\\\/\\\/www.anjela.org\\\/oberenn\\\/wp-content\\\/uploads\\\/2017\\\/01\\\/E036-300x287.jpg\",\"datePublished\":\"2017-01-12T15:13:38+00:00\",\"dateModified\":\"2025-08-13T14:19:31+00:00\",\"description\":\"L'\u0153uvre compl\u00e8te d'Anjela Duval, po\u00e9tesse-paysanne du Tr\u00e9gor (Bretagne), en fran\u00e7ais, breton et anglais, des articles de sp\u00e9cialistes, des vid\u00e9os\u2026\",\"breadcrumb\":{\"@id\":\"https:\\\/\\\/www.anjela.org\\\/oberenn\\\/#breadcrumb\"},\"inLanguage\":\"fr-FR\",\"potentialAction\":[{\"@type\":\"ReadAction\",\"target\":[\"https:\\\/\\\/www.anjela.org\\\/oberenn\\\/\"]}]},{\"@type\":\"ImageObject\",\"inLanguage\":\"fr-FR\",\"@id\":\"https:\\\/\\\/www.anjela.org\\\/oberenn\\\/#primaryimage\",\"url\":\"https:\\\/\\\/www.anjela.org\\\/oberenn\\\/wp-content\\\/uploads\\\/2017\\\/01\\\/E036.jpg\",\"contentUrl\":\"https:\\\/\\\/www.anjela.org\\\/oberenn\\\/wp-content\\\/uploads\\\/2017\\\/01\\\/E036.jpg\",\"width\":600,\"height\":573,\"caption\":\"Anjela Duval\"},{\"@type\":\"BreadcrumbList\",\"@id\":\"https:\\\/\\\/www.anjela.org\\\/oberenn\\\/#breadcrumb\",\"itemListElement\":[{\"@type\":\"ListItem\",\"position\":1,\"name\":\"Accueil\",\"item\":\"https:\\\/\\\/www.anjela.org\\\/oberenn\\\/\"},{\"@type\":\"ListItem\",\"position\":2,\"name\":\"Bienvenue !\"}]},{\"@type\":\"WebSite\",\"@id\":\"https:\\\/\\\/www.anjela.org\\\/oberenn\\\/#website\",\"url\":\"https:\\\/\\\/www.anjela.org\\\/oberenn\\\/\",\"name\":\"Anjela Duval\",\"description\":\"\",\"publisher\":{\"@id\":\"https:\\\/\\\/www.anjela.org\\\/oberenn\\\/#organization\"},\"potentialAction\":[{\"@type\":\"SearchAction\",\"target\":{\"@type\":\"EntryPoint\",\"urlTemplate\":\"https:\\\/\\\/www.anjela.org\\\/oberenn\\\/?s={search_term_string}\"},\"query-input\":{\"@type\":\"PropertyValueSpecification\",\"valueRequired\":true,\"valueName\":\"search_term_string\"}}],\"inLanguage\":\"fr-FR\"},{\"@type\":\"Organization\",\"@id\":\"https:\\\/\\\/www.anjela.org\\\/oberenn\\\/#organization\",\"name\":\"Mignoned Anjela\",\"url\":\"https:\\\/\\\/www.anjela.org\\\/oberenn\\\/\",\"logo\":{\"@type\":\"ImageObject\",\"inLanguage\":\"fr-FR\",\"@id\":\"https:\\\/\\\/www.anjela.org\\\/oberenn\\\/#\\\/schema\\\/logo\\\/image\\\/\",\"url\":\"https:\\\/\\\/www.anjela.org\\\/oberenn\\\/wp-content\\\/uploads\\\/2019\\\/11\\\/logo-mignoned-angela.png\",\"contentUrl\":\"https:\\\/\\\/www.anjela.org\\\/oberenn\\\/wp-content\\\/uploads\\\/2019\\\/11\\\/logo-mignoned-angela.png\",\"width\":248,\"height\":147,\"caption\":\"Mignoned Anjela\"},\"image\":{\"@id\":\"https:\\\/\\\/www.anjela.org\\\/oberenn\\\/#\\\/schema\\\/logo\\\/image\\\/\"}}]}<\/script>\n<!-- \/ Yoast SEO plugin. -->","yoast_head_json":{"title":"Anjela Duval","description":"L'\u0153uvre compl\u00e8te d'Anjela Duval, po\u00e9tesse-paysanne du Tr\u00e9gor (Bretagne), en fran\u00e7ais, breton et anglais, des articles de sp\u00e9cialistes, des vid\u00e9os\u2026","robots":{"index":"index","follow":"follow","max-snippet":"max-snippet:-1","max-image-preview":"max-image-preview:large","max-video-preview":"max-video-preview:-1"},"canonical":"https:\/\/www.anjela.org\/oberenn\/","og_locale":"fr_FR","og_type":"article","og_title":"Anjela Duval","og_description":"L'\u0153uvre compl\u00e8te d'Anjela Duval, po\u00e9tesse-paysanne du Tr\u00e9gor (Bretagne), en fran\u00e7ais, breton et anglais, des articles de sp\u00e9cialistes, des vid\u00e9os\u2026","og_url":"https:\/\/www.anjela.org\/oberenn\/","og_site_name":"Anjela Duval","article_modified_time":"2025-08-13T14:19:31+00:00","og_image":[{"width":600,"height":573,"url":"https:\/\/www.anjela.org\/oberenn\/wp-content\/uploads\/2017\/01\/E036.jpg","type":"image\/jpeg"}],"twitter_card":"summary_large_image","twitter_misc":{"Dur\u00e9e de lecture estim\u00e9e":"1 minute"},"schema":{"@context":"https:\/\/schema.org","@graph":[{"@type":"WebPage","@id":"https:\/\/www.anjela.org\/oberenn\/","url":"https:\/\/www.anjela.org\/oberenn\/","name":"Anjela Duval","isPartOf":{"@id":"https:\/\/www.anjela.org\/oberenn\/#website"},"primaryImageOfPage":{"@id":"https:\/\/www.anjela.org\/oberenn\/#primaryimage"},"image":{"@id":"https:\/\/www.anjela.org\/oberenn\/#primaryimage"},"thumbnailUrl":"http:\/\/www.anjela.org\/oberenn\/wp-content\/uploads\/2017\/01\/E036-300x287.jpg","datePublished":"2017-01-12T15:13:38+00:00","dateModified":"2025-08-13T14:19:31+00:00","description":"L'\u0153uvre compl\u00e8te d'Anjela Duval, po\u00e9tesse-paysanne du Tr\u00e9gor (Bretagne), en fran\u00e7ais, breton et anglais, des articles de sp\u00e9cialistes, des vid\u00e9os\u2026","breadcrumb":{"@id":"https:\/\/www.anjela.org\/oberenn\/#breadcrumb"},"inLanguage":"fr-FR","potentialAction":[{"@type":"ReadAction","target":["https:\/\/www.anjela.org\/oberenn\/"]}]},{"@type":"ImageObject","inLanguage":"fr-FR","@id":"https:\/\/www.anjela.org\/oberenn\/#primaryimage","url":"https:\/\/www.anjela.org\/oberenn\/wp-content\/uploads\/2017\/01\/E036.jpg","contentUrl":"https:\/\/www.anjela.org\/oberenn\/wp-content\/uploads\/2017\/01\/E036.jpg","width":600,"height":573,"caption":"Anjela Duval"},{"@type":"BreadcrumbList","@id":"https:\/\/www.anjela.org\/oberenn\/#breadcrumb","itemListElement":[{"@type":"ListItem","position":1,"name":"Accueil","item":"https:\/\/www.anjela.org\/oberenn\/"},{"@type":"ListItem","position":2,"name":"Bienvenue !"}]},{"@type":"WebSite","@id":"https:\/\/www.anjela.org\/oberenn\/#website","url":"https:\/\/www.anjela.org\/oberenn\/","name":"Anjela Duval","description":"","publisher":{"@id":"https:\/\/www.anjela.org\/oberenn\/#organization"},"potentialAction":[{"@type":"SearchAction","target":{"@type":"EntryPoint","urlTemplate":"https:\/\/www.anjela.org\/oberenn\/?s={search_term_string}"},"query-input":{"@type":"PropertyValueSpecification","valueRequired":true,"valueName":"search_term_string"}}],"inLanguage":"fr-FR"},{"@type":"Organization","@id":"https:\/\/www.anjela.org\/oberenn\/#organization","name":"Mignoned Anjela","url":"https:\/\/www.anjela.org\/oberenn\/","logo":{"@type":"ImageObject","inLanguage":"fr-FR","@id":"https:\/\/www.anjela.org\/oberenn\/#\/schema\/logo\/image\/","url":"https:\/\/www.anjela.org\/oberenn\/wp-content\/uploads\/2019\/11\/logo-mignoned-angela.png","contentUrl":"https:\/\/www.anjela.org\/oberenn\/wp-content\/uploads\/2019\/11\/logo-mignoned-angela.png","width":248,"height":147,"caption":"Mignoned Anjela"},"image":{"@id":"https:\/\/www.anjela.org\/oberenn\/#\/schema\/logo\/image\/"}}]}},"_links":{"self":[{"href":"https:\/\/www.anjela.org\/oberenn\/wp-json\/wp\/v2\/pages\/2","targetHints":{"allow":["GET"]}}],"collection":[{"href":"https:\/\/www.anjela.org\/oberenn\/wp-json\/wp\/v2\/pages"}],"about":[{"href":"https:\/\/www.anjela.org\/oberenn\/wp-json\/wp\/v2\/types\/page"}],"author":[{"embeddable":true,"href":"https:\/\/www.anjela.org\/oberenn\/wp-json\/wp\/v2\/users\/1"}],"replies":[{"embeddable":true,"href":"https:\/\/www.anjela.org\/oberenn\/wp-json\/wp\/v2\/comments?post=2"}],"version-history":[{"count":0,"href":"https:\/\/www.anjela.org\/oberenn\/wp-json\/wp\/v2\/pages\/2\/revisions"}],"wp:attachment":[{"href":"https:\/\/www.anjela.org\/oberenn\/wp-json\/wp\/v2\/media?parent=2"}],"curies":[{"name":"wp","href":"https:\/\/api.w.org\/{rel}","templated":true}]}}